{"id":327,"date":"2018-04-24T19:57:05","date_gmt":"2018-04-24T22:57:05","guid":{"rendered":"http:\/\/nossacasa.net\/nossosriachos\/bioconhecer\/?page_id=327"},"modified":"2018-04-24T20:39:21","modified_gmt":"2018-04-24T23:39:21","slug":"turma-jp-2014","status":"publish","type":"page","link":"http:\/\/nossacasa.net\/nossosriachos\/bioconhecer\/turma-jp-2014\/","title":{"rendered":"JP 2014 Turma"},"content":{"rendered":"<div style=\"text-align: justify;\">\n<table>\n<tbody>\n<tr>\n<td><a href=\"http:\/\/nossacasa.net\/nossosriachos\/bioconhecer\/jp-2014\/\">capa<\/a><\/td>\n<td><a href=\"http:\/\/nossacasa.net\/nossosriachos\/bioconhecer\/projeto-jp-2014\/\">projeto<\/a><\/td>\n<td><a href=\"http:\/\/nossacasa.net\/nossosriachos\/bioconhecer\/turma-jp-2014\/\">turma<\/a><\/td>\n<td><a href=\"http:\/\/nossacasa.net\/nossosriachos\/bioconhecer\/encontros-jp-2014\">encontros<\/a><\/td>\n<td><a href=\"http:\/\/nossacasa.net\/nossosriachos\/bioconhecer\/parcerias-jp-2014\/\">parcerias<\/a><\/td>\n<\/tr>\n<\/tbody>\n<\/table>\n<table width=\"100%\">\n<caption align=\"center\"><b>RESPONS\u00c1VEIS<\/b><\/caption>\n<tbody>\n<tr>\n<td align=\"center\"><img loading=\"lazy\" decoding=\"async\" class=\"aligncenter size-full wp-image-130\" src=\"http:\/\/nossacasa.net\/nossosriachos\/bioconhecer\/wp-content\/uploads\/sites\/10\/2018\/04\/luisa.jpg\" alt=\"\" width=\"80\" height=\"75\" \/><\/td>\n<td align=\"center\"><img loading=\"lazy\" decoding=\"async\" class=\"aligncenter size-full wp-image-140\" src=\"http:\/\/nossacasa.net\/nossosriachos\/bioconhecer\/wp-content\/uploads\/sites\/10\/2018\/04\/ronaldo.jpg\" alt=\"\" width=\"80\" height=\"75\" \/><\/td>\n<\/tr>\n<tr>\n<td style=\"text-align: center;\">Luisa Maria Sarmento-Soares<\/td>\n<td style=\"text-align: center;\">Ronaldo Fernando Martins-Pinheiro<\/td>\n<\/tr>\n<\/tbody>\n<\/table>\n<table width=\"100%\">\n<caption align=\"center\"><b>COORDENA\u00c7\u00c3O<\/b><\/caption\n\n\n<tr>\n<td align=\"center\"><img loading=\"lazy\" decoding=\"async\" src=\"http:\/\/nossacasa.net\/nossosriachos\/bioconhecer\/wp-content\/uploads\/sites\/10\/2018\/04\/juliana-1.jpg\" alt=\"\" width=\"80\" height=\"75\" class=\"aligncenter size-full wp-image-264\" \/><\/td>\n<td align=\"center\"><img loading=\"lazy\" decoding=\"async\" class=\"aligncenter size-full wp-image-134\" src=\"http:\/\/nossacasa.net\/nossosriachos\/bioconhecer\/wp-content\/uploads\/sites\/10\/2018\/04\/margareth.jpg\" alt=\"\" width=\"80\" height=\"75\" \/><\/td>\n<td align=\"center\"><img loading=\"lazy\" decoding=\"async\" src=\"http:\/\/nossacasa.net\/nossosriachos\/bioconhecer\/wp-content\/uploads\/sites\/10\/2018\/04\/lorena.jpg\" alt=\"\" width=\"80\" height=\"75\" class=\"aligncenter size-full wp-image-265\" \/><\/td>\n<\/tr>\n<tr>\n<td style=\"text-align: center;\">Juliana da Silva<\/td>\n<td style=\"text-align: center;\">Margareth Roldi<\/td>\n<td style=\"text-align: center;\">Lorena Tonini<\/td>\n<\/tr>\n<\/tbody>\n<\/table>\n<table width=\"100%\">\n<caption align=\"center\"><b>MONITORES<\/b><\/caption>\n<tbody>\n<tr>\n<td align=\"center\"><img loading=\"lazy\" decoding=\"async\" src=\"http:\/\/nossacasa.net\/nossosriachos\/bioconhecer\/wp-content\/uploads\/sites\/10\/2018\/04\/renan.jpg\" alt=\"\" width=\"80\" height=\"75\" class=\"aligncenter size-full wp-image-334\" \/><\/td>\n<td align=\"center\"><img loading=\"lazy\" decoding=\"async\" src=\"http:\/\/nossacasa.net\/nossosriachos\/bioconhecer\/wp-content\/uploads\/sites\/10\/2018\/04\/francieli.jpg\" alt=\"\" width=\"80\" height=\"75\" class=\"aligncenter size-full wp-image-333\" \/><\/td>\n<td align=\"center\"><img loading=\"lazy\" decoding=\"async\" src=\"http:\/\/nossacasa.net\/nossosriachos\/bioconhecer\/wp-content\/uploads\/sites\/10\/2018\/04\/marcelo.jpg\" alt=\"\" width=\"80\" height=\"75\" class=\"aligncenter size-full wp-image-261\" \/><\/td>\n<\/tr>\n<tr>\n<td style=\"text-align: center;\">Renan Betizel<\/td>\n<td style=\"text-align: center;\">Francieli Pugnal<\/td>\n<td style=\"text-align: center;\">Marcelo Kister<\/td>\n<\/tr>\n<\/tbody>\n<\/table>\n<table width=\"100%\">\n<caption align=\"center\"><b>PALESTRANTES<\/b><\/caption>\n<tbody>\n<tr>\n<td align=\"center\"><img loading=\"lazy\" decoding=\"async\" src=\"http:\/\/nossacasa.net\/nossosriachos\/bioconhecer\/wp-content\/uploads\/sites\/10\/2018\/04\/anderson.jpg\" alt=\"\" width=\"90\" height=\"75\" class=\"aligncenter size-full wp-image-339\" \/><\/td>\n<td align=\"center\"><img loading=\"lazy\" decoding=\"async\" src=\"http:\/\/nossacasa.net\/nossosriachos\/bioconhecer\/wp-content\/uploads\/sites\/10\/2018\/04\/leticia.jpg\" alt=\"\" width=\"80\" height=\"75\" class=\"aligncenter size-full wp-image-341\" \/><\/td>\n<td align=\"center\"><img loading=\"lazy\" decoding=\"async\" src=\"http:\/\/nossacasa.net\/nossosriachos\/bioconhecer\/wp-content\/uploads\/sites\/10\/2018\/04\/alexandre.jpg\" alt=\"\" width=\"80\" height=\"75\" class=\"aligncenter size-full wp-image-199\" \/><\/td>\n<td align=\"center\"><img loading=\"lazy\" decoding=\"async\" src=\"http:\/\/nossacasa.net\/nossosriachos\/bioconhecer\/wp-content\/uploads\/sites\/10\/2018\/04\/nilton-1.jpg\" alt=\"\" width=\"80\" height=\"75\" class=\"aligncenter size-full wp-image-340\" \/><\/td>\n<\/tr>\n<tr>\n<td style=\"text-align: center;\">Anderson Gouveia<br \/>Aves<\/td>\n<td style=\"text-align: center;\">Leticia Bissoli<br \/>Aves<\/td>\n<td style=\"text-align: center;\">Alexander M\u00f4nico<br \/>Anf\u00edbios<\/td>\n<td style=\"text-align: center;\">Nilton Broseghini<br \/>Reflorestamento<\/td>\n<\/tr>\n<tr>\n<td align=\"center\"><img loading=\"lazy\" decoding=\"async\" src=\"http:\/\/nossacasa.net\/nossosriachos\/bioconhecer\/wp-content\/uploads\/sites\/10\/2018\/04\/luisa.jpg\" alt=\"\" width=\"80\" height=\"75\" class=\"aligncenter size-full wp-image-130\" \/><\/td>\n<td align=\"center\"><img loading=\"lazy\" decoding=\"async\" src=\"http:\/\/nossacasa.net\/nossosriachos\/bioconhecer\/wp-content\/uploads\/sites\/10\/2018\/04\/manoel.jpg\" alt=\"\" width=\"71\" height=\"75\" class=\"aligncenter size-full wp-image-132\" \/><\/td>\n<td align=\"center\"><img loading=\"lazy\" decoding=\"async\" src=\"http:\/\/nossacasa.net\/nossosriachos\/bioconhecer\/wp-content\/uploads\/sites\/10\/2018\/04\/joelcio.jpg\" alt=\"\" width=\"80\" height=\"75\" class=\"aligncenter size-full wp-image-267\" \/><\/td>\n<td align=\"center\"><img loading=\"lazy\" decoding=\"async\" src=\"http:\/\/nossacasa.net\/nossosriachos\/bioconhecer\/wp-content\/uploads\/sites\/10\/2018\/04\/julia.jpg\" alt=\"\" width=\"80\" height=\"75\" class=\"aligncenter size-full wp-image-346\" \/><\/td>\n<\/tr>\n<tr>\n<td style=\"text-align: center;\">Luisa Soares<br \/>Peixes<\/td>\n<td style=\"text-align: center;\">Manoel dos Santos<br \/>Flores<\/td>\n<td style=\"text-align: center;\">Joelcio Freitas<br \/>Bot\u00e2nica<\/td>\n<td style=\"text-align: center;\">Julia Mer\u00e7on<br \/>Fotografia<\/td>\n<\/tr>\n<tr>\n<td align=\"center\"><img loading=\"lazy\" decoding=\"async\" src=\"http:\/\/nossacasa.net\/nossosriachos\/bioconhecer\/wp-content\/uploads\/sites\/10\/2018\/04\/leonardo.jpg\" alt=\"\" width=\"80\" height=\"75\" class=\"aligncenter size-full wp-image-348\" \/><\/td>\n<td align=\"center\"><img loading=\"lazy\" decoding=\"async\" src=\"http:\/\/nossacasa.net\/nossosriachos\/bioconhecer\/wp-content\/uploads\/sites\/10\/2018\/04\/rosemberg.jpg\" alt=\"\" width=\"80\" height=\"75\" class=\"aligncenter size-full wp-image-350\" \/><\/td>\n<td align=\"center\"><img loading=\"lazy\" decoding=\"async\" src=\"http:\/\/nossacasa.net\/nossosriachos\/bioconhecer\/wp-content\/uploads\/sites\/10\/2018\/04\/alyne.png\" alt=\"\" width=\"67\" height=\"80\" class=\"aligncenter size-full wp-image-347\" \/><\/td>\n<td align=\"center\"><img loading=\"lazy\" decoding=\"async\" src=\"http:\/\/nossacasa.net\/nossosriachos\/bioconhecer\/wp-content\/uploads\/sites\/10\/2018\/04\/isabel.jpg\" alt=\"\" width=\"80\" height=\"60\" class=\"aligncenter size-full wp-image-351\" \/><\/td>\n<\/tr>\n<tr>\n<td style=\"text-align: center;\">Leonardo Mer\u00e7on<br \/>Fotografia<\/td>\n<td style=\"text-align: center;\">Rosemberg Martins<br \/>Fotografia<\/td>\n<td style=\"text-align: center;\">Alyne Gon\u00e7alvez<br \/>Hist\u00f3ria<\/td>\n<td style=\"text-align: center;\">Isabel Aleencar<br \/>Insetos<\/td>\n<\/tr>\n<tr>\n<td align=\"center\"><img loading=\"lazy\" decoding=\"async\" src=\"http:\/\/nossacasa.net\/nossosriachos\/bioconhecer\/wp-content\/uploads\/sites\/10\/2018\/04\/renato.png\" alt=\"\" width=\"75\" height=\"76\" class=\"aligncenter size-full wp-image-349\" srcset=\"http:\/\/nossacasa.net\/nossosriachos\/bioconhecer\/wp-content\/uploads\/sites\/10\/2018\/04\/renato.png 75w, http:\/\/nossacasa.net\/nossosriachos\/bioconhecer\/wp-content\/uploads\/sites\/10\/2018\/04\/renato-50x50.png 50w\" sizes=\"auto, (max-width: 75px) 100vw, 75px\" \/><\/td>\n<\/tr>\n<tr>\n<td style=\"text-align: center;\">Renato B\u00e9rnils<br \/>R\u00e9pteis<\/td>\n<\/tr>\n<\/tbody>\n<\/table>\n<table width=\"100%\">\n<caption align=\"center\"><b>ALUNOS<\/b><\/caption>\n<tbody>\n<tr>\n<td align=\"center\"><img loading=\"lazy\" decoding=\"async\" src=\"http:\/\/nossacasa.net\/nossosriachos\/bioconhecer\/wp-content\/uploads\/sites\/10\/2018\/04\/alice-1.jpg\" alt=\"\" width=\"80\" height=\"75\" class=\"aligncenter size-full wp-image-353\" \/><\/td>\n<td align=\"center\"><img loading=\"lazy\" decoding=\"async\" src=\"http:\/\/nossacasa.net\/nossosriachos\/bioconhecer\/wp-content\/uploads\/sites\/10\/2018\/04\/amaly.jpg\" alt=\"\" width=\"80\" height=\"75\" class=\"aligncenter size-full wp-image-354\" \/><\/td>\n<td align=\"center\"><img loading=\"lazy\" decoding=\"async\" src=\"http:\/\/nossacasa.net\/nossosriachos\/bioconhecer\/wp-content\/uploads\/sites\/10\/2018\/04\/amanda-1.jpg\" alt=\"\" width=\"80\" height=\"85\" class=\"aligncenter size-full wp-image-355\" \/><\/td>\n<td align=\"center\"><img loading=\"lazy\" decoding=\"async\" src=\"http:\/\/nossacasa.net\/nossosriachos\/bioconhecer\/wp-content\/uploads\/sites\/10\/2018\/04\/bruno.jpg\" alt=\"\" width=\"80\" height=\"75\" class=\"aligncenter size-full wp-image-357\" \/><\/td>\n<\/tr>\n<tr>\n<td style=\"text-align: center;\">Alice Hoffmann<\/td>\n<td style=\"text-align: center;\">Amaly Yuk<\/td>\n<td style=\"text-align: center;\">Amanda Osim\u00e3o<\/td>\n<td style=\"text-align: center;\">Bruno Subtil<\/td>\n<\/tr>\n<tr>\n<td align=\"center\"><img loading=\"lazy\" decoding=\"async\" src=\"http:\/\/nossacasa.net\/nossosriachos\/bioconhecer\/wp-content\/uploads\/sites\/10\/2018\/04\/hevilla.jpg\" alt=\"\" width=\"80\" height=\"75\" class=\"aligncenter size-full wp-image-358\" \/><\/td>\n<td align=\"center\"><img loading=\"lazy\" decoding=\"async\" src=\"http:\/\/nossacasa.net\/nossosriachos\/bioconhecer\/wp-content\/uploads\/sites\/10\/2018\/04\/isabela.jpg\" alt=\"\" width=\"80\" height=\"75\" class=\"aligncenter size-full wp-image-359\" \/><\/td>\n<td align=\"center\"><img loading=\"lazy\" decoding=\"async\" src=\"http:\/\/nossacasa.net\/nossosriachos\/bioconhecer\/wp-content\/uploads\/sites\/10\/2018\/04\/angeli.jpg\" alt=\"\" width=\"80\" height=\"75\" class=\"aligncenter size-full wp-image-356\" \/><\/td>\n<td align=\"center\"><img loading=\"lazy\" decoding=\"async\" src=\"http:\/\/nossacasa.net\/nossosriachos\/bioconhecer\/wp-content\/uploads\/sites\/10\/2018\/04\/meyli.jpg\" alt=\"\" width=\"80\" height=\"75\" class=\"aligncenter size-full wp-image-360\" \/><\/td>\n<\/tr>\n<tr>\n<td style=\"text-align: center;\">Hevilla Souza<\/td>\n<td style=\"text-align: center;\">Isabela<\/td>\n<td style=\"text-align: center;\">Angeli<\/td>\n<td style=\"text-align: center;\">Meyli Tranhago<\/td>\n<\/tr>\n<tr>\n<td align=\"center\"><img loading=\"lazy\" decoding=\"async\" src=\"http:\/\/nossacasa.net\/nossosriachos\/bioconhecer\/wp-content\/uploads\/sites\/10\/2018\/04\/mileni.jpg\" alt=\"\" width=\"80\" height=\"75\" class=\"aligncenter size-full wp-image-361\" \/><\/td>\n<td align=\"center\"><img loading=\"lazy\" decoding=\"async\" src=\"http:\/\/nossacasa.net\/nossosriachos\/bioconhecer\/wp-content\/uploads\/sites\/10\/2018\/04\/odara.jpg\" alt=\"\" width=\"80\" height=\"75\" class=\"aligncenter size-full wp-image-362\" \/><\/td>\n<td align=\"center\"><img loading=\"lazy\" decoding=\"async\" src=\"http:\/\/nossacasa.net\/nossosriachos\/bioconhecer\/wp-content\/uploads\/sites\/10\/2018\/04\/oriana.jpg\" alt=\"\" width=\"80\" height=\"75\" class=\"aligncenter size-full wp-image-363\" \/><\/td>\n<td align=\"center\"><img loading=\"lazy\" decoding=\"async\" src=\"http:\/\/nossacasa.net\/nossosriachos\/bioconhecer\/wp-content\/uploads\/sites\/10\/2018\/04\/zanoni.jpg\" alt=\"\" width=\"80\" height=\"75\" class=\"aligncenter size-full wp-image-366\" \/><\/td>\n<\/tr>\n<tr>\n<td style=\"text-align: center;\">Mileni Neves<\/td>\n<td style=\"text-align: center;\">Odara Alves<\/td>\n<td style=\"text-align: center;\">Oriana Carla<\/td>\n<td style=\"text-align: center;\">Pedro Zanoni<\/td>\n<\/tr>\n<tr>\n<td align=\"center\"><img loading=\"lazy\" decoding=\"async\" src=\"http:\/\/nossacasa.net\/nossosriachos\/bioconhecer\/wp-content\/uploads\/sites\/10\/2018\/04\/pedro.jpg\" alt=\"\" width=\"80\" height=\"75\" class=\"aligncenter size-full wp-image-283\" \/><\/td>\n<td align=\"center\"><img loading=\"lazy\" decoding=\"async\" src=\"http:\/\/nossacasa.net\/nossosriachos\/bioconhecer\/wp-content\/uploads\/sites\/10\/2018\/04\/samira.jpg\" alt=\"\" width=\"80\" height=\"75\" class=\"aligncenter size-full wp-image-364\" \/><\/td>\n<td align=\"center\"><img loading=\"lazy\" decoding=\"async\" src=\"http:\/\/nossacasa.net\/nossosriachos\/bioconhecer\/wp-content\/uploads\/sites\/10\/2018\/04\/yasmim.jpg\" alt=\"\" width=\"80\" height=\"75\" class=\"aligncenter size-full wp-image-365\" \/><\/td>\n<\/tr>\n<tr>\n<td style=\"text-align: center;\">Pedro<\/td>\n<td style=\"text-align: center;\">Samira Sarmento<\/td>\n<td style=\"text-align: center;\">Yasmim Schaeffer<\/td>\n<\/tr>\n<\/tbody>\n<\/table>\n<\/div>\n","protected":false},"excerpt":{"rendered":"<p>capa projeto turma encontros parcerias RESPONS\u00c1VEIS Luisa Maria Sarmento-Soares Ronaldo Fernando Martins-Pinheiro COORDENA\u00c7\u00c3O<\/p>\n","protected":false},"author":1,"featured_media":322,"parent":0,"menu_order":0,"comment_status":"closed","ping_status":"closed","template":"","meta":{"footnotes":""},"class_list":["post-327","page","type-page","status-publish","has-post-thumbnail","hentry"],"_links":{"self":[{"href":"http:\/\/nossacasa.net\/nossosriachos\/bioconhecer\/wp-json\/wp\/v2\/pages\/327","targetHints":{"allow":["GET"]}}],"collection":[{"href":"http:\/\/nossacasa.net\/nossosriachos\/bioconhecer\/wp-json\/wp\/v2\/pages"}],"about":[{"href":"http:\/\/nossacasa.net\/nossosriachos\/bioconhecer\/wp-json\/wp\/v2\/types\/page"}],"author":[{"embeddable":true,"href":"http:\/\/nossacasa.net\/nossosriachos\/bioconhecer\/wp-json\/wp\/v2\/users\/1"}],"replies":[{"embeddable":true,"href":"http:\/\/nossacasa.net\/nossosriachos\/bioconhecer\/wp-json\/wp\/v2\/comments?post=327"}],"version-history":[{"count":15,"href":"http:\/\/nossacasa.net\/nossosriachos\/bioconhecer\/wp-json\/wp\/v2\/pages\/327\/revisions"}],"predecessor-version":[{"id":367,"href":"http:\/\/nossacasa.net\/nossosriachos\/bioconhecer\/wp-json\/wp\/v2\/pages\/327\/revisions\/367"}],"wp:featuredmedia":[{"embeddable":true,"href":"http:\/\/nossacasa.net\/nossosriachos\/bioconhecer\/wp-json\/wp\/v2\/media\/322"}],"wp:attachment":[{"href":"http:\/\/nossacasa.net\/nossosriachos\/bioconhecer\/wp-json\/wp\/v2\/media?parent=327"}],"curies":[{"name":"wp","href":"https:\/\/api.w.org\/{rel}","templated":true}]}}