{"id":396,"date":"2018-04-25T07:40:31","date_gmt":"2018-04-25T10:40:31","guid":{"rendered":"http:\/\/nossacasa.net\/nossosriachos\/bioconhecer\/?page_id=396"},"modified":"2018-04-25T07:43:12","modified_gmt":"2018-04-25T10:43:12","slug":"projeto-jp-2015","status":"publish","type":"page","link":"http:\/\/nossacasa.net\/nossosriachos\/bioconhecer\/projeto-jp-2015\/","title":{"rendered":"JP 2015 Projeto"},"content":{"rendered":"<div style=\"text-align: justify;\">\n<img loading=\"lazy\" decoding=\"async\" src=\"http:\/\/nossacasa.net\/nossosriachos\/bioconhecer\/wp-content\/uploads\/sites\/10\/2018\/04\/logo-projeto_2015.jpg\" alt=\"\" width=\"650\" height=\"123\" class=\"aligncenter size-full wp-image-388\" srcset=\"http:\/\/nossacasa.net\/nossosriachos\/bioconhecer\/wp-content\/uploads\/sites\/10\/2018\/04\/logo-projeto_2015.jpg 650w, http:\/\/nossacasa.net\/nossosriachos\/bioconhecer\/wp-content\/uploads\/sites\/10\/2018\/04\/logo-projeto_2015-300x57.jpg 300w, http:\/\/nossacasa.net\/nossosriachos\/bioconhecer\/wp-content\/uploads\/sites\/10\/2018\/04\/logo-projeto_2015-500x95.jpg 500w\" sizes=\"auto, (max-width: 650px) 100vw, 650px\" \/><\/p>\n<table border=\"0\" width=\"600px\" cellspacing=\"0\" cellpadding=\"0\" align=\"center\">\n<tbody>\n<tr>\n<td><a href=\"http:\/\/nossacasa.net\/nossosriachos\/bioconhecer\/jp-2015\/\">capa<\/a><\/td>\n<td><a href=\"http:\/\/nossacasa.net\/nossosriachos\/bioconhecer\/projeto-jp-2015\/\">projeto<\/a><\/td>\n<td><a href=\"&quot;http:\/\/nossacasa.net\/nossosriachos\/bioconhecer\/turma-jp-2015\/\">turma<\/a><\/td>\n<td><a href=\"&quot;http:\/\/nossacasa.net\/nossosriachos\/bioconhecer\/encontros-jp-2015\">encontros<\/a><\/td>\n<td><a href=\"http:\/\/nossacasa.net\/nossosriachos\/bioconhecer\/parcerias-jp-2015\/\">parcerias<\/a><\/td>\n<\/tr>\n<\/tbody>\n<\/table>\n<p><strong>TEMA:<\/strong> A educa\u00e7\u00e3o cientifica como ferramenta para o aprendizado sobra a Biodiversidade da Mata Atl\u00e2ntica,<\/p>\n<p><strong>Proposta:<\/strong><br \/>\nTrabalhar com os alunos do 9\u00ba Ano do Ensino Fundamental das Escolas Santa Catarina e Ethevaldo Damazio. (hoje na 8a S\u00e9rie).<br \/>\nEncontros quinzenais com um m\u00e1ximo de 15 a 20 alunos<br \/>\nDura\u00e7\u00e3o de um ano (aproximadamente 8 encontros)<\/p>\n<p><strong>Objetivo:<\/strong><br \/>\nOrganizar grupos de estudantes do ensino b\u00e1sico onde, acompanhados por monitores universit\u00e1rios e orientados por pesquisadores, possam conhecer de perto os trabalhos de pesquisa biol\u00f3gica.<\/p>\n<p><strong>Local dos encontros:<\/strong><br \/>\nAudit\u00f3rio e no patio do MBML<\/p>\n<p><strong>Pr\u00e1ticas de campo<\/strong> :<br \/>\n1. Encontro voltado para a tem\u00e1tica &#8220;O MBML como espa\u00e7o de ci\u00eancia, cultura e educa\u00e7\u00e3o&#8221;.<br \/>\n2. Encontro voltado para a tem\u00e1tica &#8220;Biologia dos Vegetais Avasculares&#8221;.<br \/>\n3. Encontro voltado para a tem\u00e1tica &#8220;Biologia das Plantas Ep\u00edfitas&#8221;.<br \/>\n4. Encontro voltado para a tem\u00e1tica de Peixes.<br \/>\n5. Encontro voltado para a tem\u00e1tica de Peixes (pr\u00e1tica)&#8221;.<br \/>\n6. Encontro voltado para a tem\u00e1tica de R\u00e9pteis.<br \/>\n7. Encontro voltado para a tem\u00e1tica de Anf\u00edbios.<br \/>\n8. Encontro voltado para a tem\u00e1tica &#8220;Rodada de Leitura: a ci\u00eancia e o papel do cientista&#8221;.<br \/>\n9. Encontro voltado para a tem\u00e1tica &#8220;visita ao projeto TAMAR&#8221;.<br \/>\n10. Encontro voltado para a tem\u00e1tica de Aves.<br \/>\n11. Encontro voltado para a tem\u00e1tica de Mam\u00edferos.<br \/>\n12. Encontro voltado para a tem\u00e1tica de Artr\u00f3podes.<br \/>\n13. Encontro voltado para a tem\u00e1tica &#8220;Biologia dos Animais Invertebrados: visita \u00e0 EBSL (t\u00e9cnicas de coleta).<br \/>\n14. Encontro voltado para a tem\u00e1tica &#8220;Educa\u00e7\u00e3o Ambiental: visita ao Centro de Desenvolvimento Sustent\u00e1vel Gua\u00e7\u00fa-Vir\u00e1.<br \/>\n15. Encontro voltado para a tem\u00e1tica &#8220;A problem\u00e1tica da extin\u00e7\u00e3o da biodiversidade.<\/p>\n<p><strong>CALEND\u00c1RIO<\/strong><\/p>\n<p><strong>MAR\u00c7O<\/strong><br \/>\nEncontro do dia 06\/03\/2015 esteve voltado para a tem\u00e1tica &#8220;O MBML como espa\u00e7o de ci\u00eancia, cultura e educa\u00e7\u00e3o&#8221; ministrada pelos monitores: Diego Vinicius Braun, Francieli Loss Pugnal e Mileidy da Silva Caldonho. Neste dia os alunos aprenderam um pouco mais sobre o museu como espa\u00e7o de pesquisa e educa\u00e7\u00e3o ambiental e foi tbm mostrado o projeto aos estudantes.<br \/>\nEncontro do dia 27\/03\/2015 teve sua tem\u00e1tica voltada para a Biologia dos Vegetais Avasculares. Sob orienta\u00e7\u00e3o do Adriano Goldner e Marcelo Kister de Pietre, os alunos puderam aprender um pouco mais sobre a biologia dos Vegetais Avasculares, os m\u00e9todos de coleta e tamb\u00e9m conhecer as depend\u00eancias dos IFES Campus Santa Teresa.<\/p>\n<p><strong>ABRIL<\/strong><br \/>\nEncontro do dia 17\/04\/2015 teve sua tem\u00e1tica Biologia das Plantas Ep\u00edfitas ministrada pelo Manoel Santos. Neste encontro os alunos puderam aprender um pouco mais sobre a biologia das plantas ep\u00edfitas, m\u00e9todos de coleta, reprodu\u00e7\u00e3o e tamb\u00e9m puderam conhecer a casa das ep\u00edfitas.<\/p>\n<p><strong>MAIO<\/strong><br \/>\nEncontro do dia 08\/05\/2015 teve sua tem\u00e1tica Bot\u00e2nica, sob orienta\u00e7\u00e3o do Mestrando Joelcio Freitas do CEUNES\/UFES. Os alunos puderam aprender de forma clara um pouco mais sobre a biologia dos vegetais vascularesos. Tamb\u00e9m puderam conhecer as cole\u00e7\u00f5es bot\u00e2nicas do MBML e aprender a import\u00e2ncia dessas cole\u00e7\u00f5es para a ci\u00eancia e para o conhecimento da flora de uma localidade.<\/p>\n<p><strong>JUNHO<\/strong><br \/>\nEncontro do dia 03\/06\/2015 esteve voltado para a tem\u00e1tica Peixes ministrada pelo Dra. Luisa Maria Sarmento Soares. Neste dia os alunos aprenderam um pouco mais sobre a biologia dos peixes marinhos e de \u00e1gua doce.<br \/>\nEncontro do dia 12\/06\/2015 teve sua tem\u00e1tica para a pr\u00e1tica, ou seja, uma aula mostrando como s\u00e3o coletados os peixes de riachos. Sob orienta\u00e7\u00e3o da Dra. Luisa Maria Sarmento Soares, e com ajuda dos bolsistas do INMA e os estagi\u00e1rios da SAMBIO: Diego, Francieli e Mileidy. O trecho escolhido foi um Rio em Alto Santo Ant\u00f4nio. Os jovens aprenderam sobre os tipos de materiais mais utilizados em coleta de peixes e como \u00e9 realizado o apanhado de dados para o preenchimento da ficha de campo.<\/p>\n<p><strong>JULHO<\/strong><\/p>\n<p><strong>AGOSTO<\/strong><\/p>\n<p><strong>SETEMBRO<\/strong><\/p>\n<p><strong>OUTUBRO<\/strong><\/p>\n<p><strong>NOVEMBRO<\/strong><\/p>\n<\/div>\n","protected":false},"excerpt":{"rendered":"<p>capa projeto turma encontros parcerias TEMA: A educa\u00e7\u00e3o cientifica como ferramenta para o aprendizado sobra a Biodiversidade da Mata Atl\u00e2ntica, Proposta: Trabalhar com os alunos do 9\u00ba Ano do Ensino Fundamental das Escolas Santa Catarina e Ethevaldo Damazio. (hoje na &hellip; <a href=\"http:\/\/nossacasa.net\/nossosriachos\/bioconhecer\/projeto-jp-2015\/\">Continue lendo <span class=\"meta-nav\">&rarr;<\/span><\/a><\/p>\n","protected":false},"author":1,"featured_media":388,"parent":0,"menu_order":0,"comment_status":"closed","ping_status":"closed","template":"","meta":{"footnotes":""},"class_list":["post-396","page","type-page","status-publish","has-post-thumbnail","hentry"],"_links":{"self":[{"href":"http:\/\/nossacasa.net\/nossosriachos\/bioconhecer\/wp-json\/wp\/v2\/pages\/396","targetHints":{"allow":["GET"]}}],"collection":[{"href":"http:\/\/nossacasa.net\/nossosriachos\/bioconhecer\/wp-json\/wp\/v2\/pages"}],"about":[{"href":"http:\/\/nossacasa.net\/nossosriachos\/bioconhecer\/wp-json\/wp\/v2\/types\/page"}],"author":[{"embeddable":true,"href":"http:\/\/nossacasa.net\/nossosriachos\/bioconhecer\/wp-json\/wp\/v2\/users\/1"}],"replies":[{"embeddable":true,"href":"http:\/\/nossacasa.net\/nossosriachos\/bioconhecer\/wp-json\/wp\/v2\/comments?post=396"}],"version-history":[{"count":3,"href":"http:\/\/nossacasa.net\/nossosriachos\/bioconhecer\/wp-json\/wp\/v2\/pages\/396\/revisions"}],"predecessor-version":[{"id":399,"href":"http:\/\/nossacasa.net\/nossosriachos\/bioconhecer\/wp-json\/wp\/v2\/pages\/396\/revisions\/399"}],"wp:featuredmedia":[{"embeddable":true,"href":"http:\/\/nossacasa.net\/nossosriachos\/bioconhecer\/wp-json\/wp\/v2\/media\/388"}],"wp:attachment":[{"href":"http:\/\/nossacasa.net\/nossosriachos\/bioconhecer\/wp-json\/wp\/v2\/media?parent=396"}],"curies":[{"name":"wp","href":"https:\/\/api.w.org\/{rel}","templated":true}]}}