{"id":400,"date":"2018-04-25T07:44:43","date_gmt":"2018-04-25T10:44:43","guid":{"rendered":"http:\/\/nossacasa.net\/nossosriachos\/bioconhecer\/?page_id=400"},"modified":"2018-04-25T07:46:15","modified_gmt":"2018-04-25T10:46:15","slug":"projeto-jp-2016","status":"publish","type":"page","link":"http:\/\/nossacasa.net\/nossosriachos\/bioconhecer\/projeto-jp-2016\/","title":{"rendered":"JP 2016 Projeto"},"content":{"rendered":"<div style=\"text-align: justify;\">\n<img loading=\"lazy\" decoding=\"async\" src=\"http:\/\/nossacasa.net\/nossosriachos\/bioconhecer\/wp-content\/uploads\/sites\/10\/2018\/04\/logo-projeto_2016.jpg\" alt=\"\" width=\"650\" height=\"123\" class=\"aligncenter size-full wp-image-388\" \/><\/p>\n<table border=\"0\" width=\"600px\" cellspacing=\"0\" cellpadding=\"0\" align=\"center\">\n<tbody>\n<tr>\n<td><a href=\"http:\/\/nossacasa.net\/nossosriachos\/bioconhecer\/jp-2016\/\">capa<\/a><\/td>\n<td><a href=\"http:\/\/nossacasa.net\/nossosriachos\/bioconhecer\/projeto-jp-2016\/\">projeto<\/a><\/td>\n<td><a href=\"&quot;http:\/\/nossacasa.net\/nossosriachos\/bioconhecer\/turma-jp-2016\/\">turma<\/a><\/td>\n<td><a href=\"&quot;http:\/\/nossacasa.net\/nossosriachos\/bioconhecer\/encontros-jp-2016\">encontros<\/a><\/td>\n<td><a href=\"http:\/\/nossacasa.net\/nossosriachos\/bioconhecer\/parcerias-jp-2016\/\">parcerias<\/a><\/td>\n<\/tr>\n<\/tbody>\n<\/table>\n<p><strong>TEMA:<\/strong> A educa\u00e7\u00e3o cientifica como ferramenta para o aprendizado sobre a Biodiversidade da Mata Atl\u00e2ntica<\/p>\n<p><strong>Proposta:<\/strong><br \/>\nTrabalhar com os alunos do 9\u00ba Ano do Ensino Fundamental e 1\u00ba s\u00e9rie do Ensino M\u00e9dio da Escola Jos\u00e9 Pinto Coelho.<br \/>\nEncontros quinzenais com um m\u00e1ximo de 15 a 20 alunos<br \/>\nDura\u00e7\u00e3o de um ano (aproximadamente 18 (dezoito) encontros)<\/p>\n<p><strong>Objetivo:<\/strong><br \/>\nOrganizar grupos de estudantes do ensino b\u00e1sico onde, acompanhados por monitores universit\u00e1rios e orientados por pesquisadores, possam conhecer de perto os trabalhos de pesquisa biol\u00f3gica.<\/p>\n<p><strong>Local dos encontros: <\/strong><br \/>\nInstituto Nacional da Mata Alt\u00e2ntica &#8211; INMAno espa\u00e7o f\u00edsico do Museu de Biol\u00f3gia Mello Leit\u00e3o &#8211; MBML<\/p>\n<p><strong>Encontros: <\/strong><br \/>\n01. O INMA como espa\u00e7o de ci\u00eancia, cultura e educa\u00e7\u00e3o.<br \/>\n02. Ecologia.<br \/>\n03. Deixando Rastros.<br \/>\n04. Sarau do JP &#8211; Apresenta\u00e7\u00e3o dos livros.<br \/>\n05. Biologia das Plantas Ep\u00edfitas.<br \/>\n06. Biologia dos Vegetais Vasculares.<br \/>\n07. Biologia dos Animais Invertebrados: Artr\u00f3podes.<br \/>\n08. Cine clube.<br \/>\n09. Biologia dos Animais Vertebrados: Peixes.<br \/>\n10. Evolu\u00e7\u00e3o humana.<br \/>\n11. Biologia dos Animais Vertebrados: R\u00e9pteis.<br \/>\n12. Rodada de Leitura: a ci\u00eancia e o papel do cientista.<br \/>\n13. Biologia dos Animais Vertebrados: Aves.<br \/>\n14. Biologia dos Animais Vertebrados: Mam\u00edferos.<br \/>\n15. Biologia dos Animais Vertebrados: Anf\u00edbios.<br \/>\n16. Educa\u00e7\u00e3o Ambiental: Cachoeira &#8211; trilha Sitio Cana\u00e3.<br \/>\n17. Encontro de prepara\u00e7\u00e3o para o encerramento.<br \/>\n18. Cerim\u00f4nia de encerramento.<\/p>\n<\/div>\n","protected":false},"excerpt":{"rendered":"<p>capa projeto turma encontros parcerias TEMA: A educa\u00e7\u00e3o cientifica como ferramenta para o aprendizado sobre a Biodiversidade da Mata Atl\u00e2ntica Proposta: Trabalhar com os alunos do 9\u00ba Ano do Ensino Fundamental e 1\u00ba s\u00e9rie do Ensino M\u00e9dio da Escola Jos\u00e9 &hellip; <a href=\"http:\/\/nossacasa.net\/nossosriachos\/bioconhecer\/projeto-jp-2016\/\">Continue lendo <span class=\"meta-nav\">&rarr;<\/span><\/a><\/p>\n","protected":false},"author":1,"featured_media":389,"parent":0,"menu_order":0,"comment_status":"closed","ping_status":"closed","template":"","meta":{"footnotes":""},"class_list":["post-400","page","type-page","status-publish","has-post-thumbnail","hentry"],"_links":{"self":[{"href":"http:\/\/nossacasa.net\/nossosriachos\/bioconhecer\/wp-json\/wp\/v2\/pages\/400","targetHints":{"allow":["GET"]}}],"collection":[{"href":"http:\/\/nossacasa.net\/nossosriachos\/bioconhecer\/wp-json\/wp\/v2\/pages"}],"about":[{"href":"http:\/\/nossacasa.net\/nossosriachos\/bioconhecer\/wp-json\/wp\/v2\/types\/page"}],"author":[{"embeddable":true,"href":"http:\/\/nossacasa.net\/nossosriachos\/bioconhecer\/wp-json\/wp\/v2\/users\/1"}],"replies":[{"embeddable":true,"href":"http:\/\/nossacasa.net\/nossosriachos\/bioconhecer\/wp-json\/wp\/v2\/comments?post=400"}],"version-history":[{"count":4,"href":"http:\/\/nossacasa.net\/nossosriachos\/bioconhecer\/wp-json\/wp\/v2\/pages\/400\/revisions"}],"predecessor-version":[{"id":404,"href":"http:\/\/nossacasa.net\/nossosriachos\/bioconhecer\/wp-json\/wp\/v2\/pages\/400\/revisions\/404"}],"wp:featuredmedia":[{"embeddable":true,"href":"http:\/\/nossacasa.net\/nossosriachos\/bioconhecer\/wp-json\/wp\/v2\/media\/389"}],"wp:attachment":[{"href":"http:\/\/nossacasa.net\/nossosriachos\/bioconhecer\/wp-json\/wp\/v2\/media?parent=400"}],"curies":[{"name":"wp","href":"https:\/\/api.w.org\/{rel}","templated":true}]}}