{"id":406,"date":"2018-04-25T07:48:45","date_gmt":"2018-04-25T10:48:45","guid":{"rendered":"http:\/\/nossacasa.net\/nossosriachos\/bioconhecer\/?page_id=406"},"modified":"2018-04-25T08:29:34","modified_gmt":"2018-04-25T11:29:34","slug":"turma-jp-2015","status":"publish","type":"page","link":"http:\/\/nossacasa.net\/nossosriachos\/bioconhecer\/turma-jp-2015\/","title":{"rendered":"JP 2015 Turma"},"content":{"rendered":"<div style=\"text-align: justify;\">\n<table>\n<tbody>\n<tr>\n<td><a href=\"http:\/\/nossacasa.net\/nossosriachos\/bioconhecer\/jp-2015\/\">capa<\/a><\/td>\n<td><a href=\"http:\/\/nossacasa.net\/nossosriachos\/bioconhecer\/projeto-jp-2015\/\">projeto<\/a><\/td>\n<td><a href=\"http:\/\/nossacasa.net\/nossosriachos\/bioconhecer\/turma-jp-2015\/\">turma<\/a><\/td>\n<td><a href=\"http:\/\/nossacasa.net\/nossosriachos\/bioconhecer\/encontros-jp-2015\">encontros<\/a><\/td>\n<td><a href=\"http:\/\/nossacasa.net\/nossosriachos\/bioconhecer\/parcerias-jp-2015\/\">parcerias<\/a><\/td>\n<\/tr>\n<\/tbody>\n<\/table>\n<table width=\"100%\">\n<caption align=\"center\"><b>RESPONS\u00c1VEIS<\/b><\/caption>\n<tbody>\n<tr>\n<td align=\"center\"><img loading=\"lazy\" decoding=\"async\" class=\"aligncenter size-full wp-image-130\" src=\"http:\/\/nossacasa.net\/nossosriachos\/bioconhecer\/wp-content\/uploads\/sites\/10\/2018\/04\/luisa.jpg\" alt=\"\" width=\"80\" height=\"75\" \/><\/td>\n<td align=\"center\"><img loading=\"lazy\" decoding=\"async\" class=\"aligncenter size-full wp-image-140\" src=\"http:\/\/nossacasa.net\/nossosriachos\/bioconhecer\/wp-content\/uploads\/sites\/10\/2018\/04\/ronaldo.jpg\" alt=\"\" width=\"80\" height=\"75\" \/><\/td>\n<\/tr>\n<tr>\n<td style=\"text-align: center;\">Luisa Maria Sarmento-Soares<\/td>\n<td style=\"text-align: center;\">Ronaldo Fernando Martins-Pinheiro<\/td>\n<\/tr>\n<\/tbody>\n<\/table>\n<table width=\"100%\">\n<caption align=\"center\"><b>COORDENA\u00c7\u00c3O<\/b><\/caption\n\n\n<tr>\n<td align=\"center\"><img loading=\"lazy\" decoding=\"async\" class=\"aligncenter size-full wp-image-134\" src=\"http:\/\/nossacasa.net\/nossosriachos\/bioconhecer\/wp-content\/uploads\/sites\/10\/2018\/04\/margareth.jpg\" alt=\"\" width=\"80\" height=\"75\" \/><\/td>\n<\/tr>\n<tr>\n<td style=\"text-align: center;\">Margareth Roldi<\/td>\n<\/tr>\n<\/tbody>\n<\/table>\n<table width=\"100%\">\n<caption align=\"center\"><b>MONITORES<\/b><\/caption>\n<tbody>\n<tr>\n<td align=\"center\"><img loading=\"lazy\" decoding=\"async\" src=\"http:\/\/nossacasa.net\/nossosriachos\/bioconhecer\/wp-content\/uploads\/sites\/10\/2018\/04\/diego.jpg\" alt=\"\" width=\"80\" height=\"75\" class=\"aligncenter size-full wp-image-410\" \/><\/td>\n<td align=\"center\"><img loading=\"lazy\" decoding=\"async\" src=\"http:\/\/nossacasa.net\/nossosriachos\/bioconhecer\/wp-content\/uploads\/sites\/10\/2018\/04\/francieli.jpg\" alt=\"\" width=\"80\" height=\"75\" class=\"aligncenter size-full wp-image-333\" \/><\/td>\n<td align=\"center\"><img loading=\"lazy\" decoding=\"async\" src=\"http:\/\/nossacasa.net\/nossosriachos\/bioconhecer\/wp-content\/uploads\/sites\/10\/2018\/04\/mileidy.jpg\" alt=\"\" width=\"80\" height=\"74\" class=\"aligncenter size-full wp-image-411\" \/><\/td>\n<\/tr>\n<tr>\n<td style=\"text-align: center;\">Diego Vinicius<\/td>\n<td style=\"text-align: center;\">Francieli Pugnal<\/td>\n<td style=\"text-align: center;\">Mileidy Caldonho<\/td>\n<\/tr>\n<\/tbody>\n<\/table>\n<table width=\"100%\">\n<caption align=\"center\"><b>PALESTRANTES<\/b><\/caption>\n<tbody>\n<tr>\n<td align=\"center\"><img loading=\"lazy\" decoding=\"async\" src=\"http:\/\/nossacasa.net\/nossosriachos\/bioconhecer\/wp-content\/uploads\/sites\/10\/2018\/04\/adriano.jpg\" alt=\"\" width=\"80\" height=\"75\" class=\"aligncenter size-full wp-image-413\" \/><\/td>\n<td align=\"center\"><img loading=\"lazy\" decoding=\"async\" src=\"http:\/\/nossacasa.net\/nossosriachos\/bioconhecer\/wp-content\/uploads\/sites\/10\/2018\/04\/manoel.jpg\" alt=\"\" width=\"71\" height=\"75\" class=\"aligncenter size-full wp-image-132\" \/><\/td>\n<td align=\"center\"><img loading=\"lazy\" decoding=\"async\" src=\"http:\/\/nossacasa.net\/nossosriachos\/bioconhecer\/wp-content\/uploads\/sites\/10\/2018\/04\/joelcio.jpg\" alt=\"\" width=\"80\" height=\"75\" class=\"aligncenter size-full wp-image-267\" \/><\/td>\n<td align=\"center\"><img loading=\"lazy\" decoding=\"async\" src=\"http:\/\/nossacasa.net\/nossosriachos\/bioconhecer\/wp-content\/uploads\/sites\/10\/2018\/04\/luisa.jpg\" alt=\"\" width=\"80\" height=\"75\" class=\"aligncenter size-full wp-image-130\" \/><\/td>\n<\/tr>\n<tr>\n<td style=\"text-align: center;\">Adriano Goldman<br \/>Bot\u00e2nica<\/td>\n<td style=\"text-align: center;\">Manoel dos Santos<br \/>Ep\u00edfitas<\/td>\n<td style=\"text-align: center;\">Joelcio Freitas<br \/>Bot\u00e2nica<\/td>\n<td style=\"text-align: center;\">Luisa Soares<br \/>Peixes<\/td>\n<\/tr>\n<tr>\n<td align=\"center\"><img loading=\"lazy\" decoding=\"async\" src=\"http:\/\/nossacasa.net\/nossosriachos\/bioconhecer\/wp-content\/uploads\/sites\/10\/2018\/04\/thiago.jpg\" alt=\"\" width=\"80\" height=\"75\" class=\"aligncenter size-full wp-image-415\" \/><\/td>\n<td align=\"center\"><img loading=\"lazy\" decoding=\"async\" src=\"http:\/\/nossacasa.net\/nossosriachos\/bioconhecer\/wp-content\/uploads\/sites\/10\/2018\/04\/flirio.jpg\" alt=\"\" width=\"80\" height=\"75\" class=\"aligncenter size-full wp-image-417\" \/><\/td>\n<td align=\"center\"><img loading=\"lazy\" decoding=\"async\" src=\"http:\/\/nossacasa.net\/nossosriachos\/bioconhecer\/wp-content\/uploads\/sites\/10\/2018\/04\/raphael.jpg\" alt=\"\" width=\"80\" height=\"75\" class=\"aligncenter size-full wp-image-138\" \/><\/td>\n<td align=\"center\"><img loading=\"lazy\" decoding=\"async\" src=\"http:\/\/nossacasa.net\/nossosriachos\/bioconhecer\/wp-content\/uploads\/sites\/10\/2018\/04\/elisa.jpg\" alt=\"\" width=\"57\" height=\"75\" class=\"aligncenter size-full wp-image-126\" \/><\/td>\n<\/tr>\n<tr>\n<td style=\"text-align: center;\">Thiago S. Soares<br \/>Anf\u00edbios<\/td>\n<td style=\"text-align: center;\">Fernanda Lirio<br \/>Anf\u00edbios<\/td>\n<td style=\"text-align: center;\">Raphael Soares<br \/>R\u00e9pteis<\/td>\n<td style=\"text-align: center;\">Elisa Alves<br \/>Arte<\/td>\n<\/tr>\n<tr>\n<td align=\"center\"><img loading=\"lazy\" decoding=\"async\" src=\"http:\/\/nossacasa.net\/nossosriachos\/bioconhecer\/wp-content\/uploads\/sites\/10\/2018\/04\/jose.jpg\" alt=\"\" width=\"68\" height=\"80\" class=\"aligncenter size-full wp-image-269\" \/><\/td>\n<td align=\"center\"><img loading=\"lazy\" decoding=\"async\" src=\"http:\/\/nossacasa.net\/nossosriachos\/bioconhecer\/wp-content\/uploads\/sites\/10\/2018\/04\/arlindo.jpg\" alt=\"\" width=\"80\" height=\"75\" class=\"aligncenter size-full wp-image-419\" \/><\/td>\n<\/tr>\n<tr>\n<td style=\"text-align: center;\">Jos\u00e9 Nilton<br \/>Aves<\/td>\n<td style=\"text-align: center;\">Arlindo Serpa<br \/>Invertebrados<\/td>\n<\/tr>\n<\/tbody>\n<\/table>\n<table width=\"100%\">\n<caption align=\"center\"><b>ALUNOS<\/b><\/caption>\n<tbody>\n<tr>\n<td align=\"center\"><img loading=\"lazy\" decoding=\"async\" src=\"http:\/\/nossacasa.net\/nossosriachos\/bioconhecer\/wp-content\/uploads\/sites\/10\/2018\/04\/alessandra.jpg\" alt=\"\" width=\"80\" height=\"75\" class=\"aligncenter size-full wp-image-421\" \/><\/td>\n<td align=\"center\"><img loading=\"lazy\" decoding=\"async\" src=\"http:\/\/nossacasa.net\/nossosriachos\/bioconhecer\/wp-content\/uploads\/sites\/10\/2018\/04\/brida.jpg\" alt=\"\" width=\"80\" height=\"75\" class=\"aligncenter size-full wp-image-422\" \/><\/td>\n<td align=\"center\"><img loading=\"lazy\" decoding=\"async\" src=\"http:\/\/nossacasa.net\/nossosriachos\/bioconhecer\/wp-content\/uploads\/sites\/10\/2018\/04\/chiara.jpg\" alt=\"\" width=\"80\" height=\"75\" class=\"aligncenter size-full wp-image-423\" \/><\/td>\n<td align=\"center\"><img loading=\"lazy\" decoding=\"async\" src=\"http:\/\/nossacasa.net\/nossosriachos\/bioconhecer\/wp-content\/uploads\/sites\/10\/2018\/04\/emilie.jpg\" alt=\"\" width=\"80\" height=\"75\" class=\"aligncenter size-full wp-image-424\" \/><\/td>\n<\/tr>\n<tr>\n<td style=\"text-align: center;\">Alessandra Menezes<\/td>\n<td style=\"text-align: center;\">Brida Souza<\/td>\n<td style=\"text-align: center;\">Chiara Stanger<\/td>\n<td style=\"text-align: center;\">Emilie Guilger<\/td>\n<\/tr>\n<tr>\n<td align=\"center\"><img loading=\"lazy\" decoding=\"async\" src=\"http:\/\/nossacasa.net\/nossosriachos\/bioconhecer\/wp-content\/uploads\/sites\/10\/2018\/04\/felipe.jpg\" alt=\"\" width=\"80\" height=\"75\" class=\"aligncenter size-full wp-image-425\" \/><\/td>\n<td align=\"center\"><img loading=\"lazy\" decoding=\"async\" src=\"http:\/\/nossacasa.net\/nossosriachos\/bioconhecer\/wp-content\/uploads\/sites\/10\/2018\/04\/fernanda.jpg\" alt=\"\" width=\"80\" height=\"75\" class=\"aligncenter size-full wp-image-426\" \/><\/td>\n<td align=\"center\"><img loading=\"lazy\" decoding=\"async\" src=\"http:\/\/nossacasa.net\/nossosriachos\/bioconhecer\/wp-content\/uploads\/sites\/10\/2018\/04\/irena.jpg\" alt=\"\" width=\"80\" height=\"75\" class=\"aligncenter size-full wp-image-427\" \/><\/td>\n<td align=\"center\"><img loading=\"lazy\" decoding=\"async\" src=\"http:\/\/nossacasa.net\/nossosriachos\/bioconhecer\/wp-content\/uploads\/sites\/10\/2018\/04\/isabel-1.jpg\" alt=\"\" width=\"80\" height=\"75\" class=\"aligncenter size-full wp-image-428\" \/><\/td>\n<\/tr>\n<tr>\n<td style=\"text-align: center;\">Felipe Jonas<\/td>\n<td style=\"text-align: center;\">Fernanda Leite<\/td>\n<td style=\"text-align: center;\">Irene Souza<\/td>\n<td style=\"text-align: center;\">Isabel Duim<\/td>\n<\/tr>\n<tr>\n<td align=\"center\"><img loading=\"lazy\" decoding=\"async\" src=\"http:\/\/nossacasa.net\/nossosriachos\/bioconhecer\/wp-content\/uploads\/sites\/10\/2018\/04\/jessica.jpg\" alt=\"\" width=\"80\" height=\"75\" class=\"aligncenter size-full wp-image-430\" \/><\/td>\n<td align=\"center\"><img loading=\"lazy\" decoding=\"async\" src=\"http:\/\/nossacasa.net\/nossosriachos\/bioconhecer\/wp-content\/uploads\/sites\/10\/2018\/04\/joathan.jpg\" alt=\"\" width=\"80\" height=\"75\" class=\"aligncenter size-full wp-image-431\" \/><\/td>\n<td align=\"center\"><img loading=\"lazy\" decoding=\"async\" src=\"http:\/\/nossacasa.net\/nossosriachos\/bioconhecer\/wp-content\/uploads\/sites\/10\/2018\/04\/larissa-1.jpg\" alt=\"\" width=\"80\" height=\"75\" class=\"aligncenter size-full wp-image-432\" \/><\/td>\n<td align=\"center\"><img loading=\"lazy\" decoding=\"async\" src=\"http:\/\/nossacasa.net\/nossosriachos\/bioconhecer\/wp-content\/uploads\/sites\/10\/2018\/04\/moniky.jpg\" alt=\"\" width=\"80\" height=\"75\" class=\"aligncenter size-full wp-image-433\" \/><\/td>\n<\/tr>\n<tr>\n<td style=\"text-align: center;\">Jessica Daianna<\/td>\n<td style=\"text-align: center;\">Joathan Zanoni<\/td>\n<td style=\"text-align: center;\">Larissa Biasutti<\/td>\n<td style=\"text-align: center;\">Moniky Paoli<\/td>\n<\/tr>\n<tr>\n<td align=\"center\"><img loading=\"lazy\" decoding=\"async\" src=\"http:\/\/nossacasa.net\/nossosriachos\/bioconhecer\/wp-content\/uploads\/sites\/10\/2018\/04\/natalia.jpg\" alt=\"\" width=\"80\" height=\"75\" class=\"aligncenter size-full wp-image-434\" \/><\/td>\n<td align=\"center\"><img loading=\"lazy\" decoding=\"async\" src=\"http:\/\/nossacasa.net\/nossosriachos\/bioconhecer\/wp-content\/uploads\/sites\/10\/2018\/04\/pedro-1.jpg\" alt=\"\" width=\"80\" height=\"75\" class=\"aligncenter size-full wp-image-435\" \/><\/td>\n<td align=\"center\"><img loading=\"lazy\" decoding=\"async\" src=\"http:\/\/nossacasa.net\/nossosriachos\/bioconhecer\/wp-content\/uploads\/sites\/10\/2018\/04\/raira.jpg\" alt=\"\" width=\"80\" height=\"75\" class=\"aligncenter size-full wp-image-436\" \/><\/td>\n<td align=\"center\"><img loading=\"lazy\" decoding=\"async\" src=\"http:\/\/nossacasa.net\/nossosriachos\/bioconhecer\/wp-content\/uploads\/sites\/10\/2018\/04\/sabrina.jpg\" alt=\"\" width=\"80\" height=\"75\" class=\"aligncenter size-full wp-image-437\" \/><\/td>\n<\/tr>\n<tr>\n<td style=\"text-align: center;\">Natalia Zurlo<\/td>\n<td style=\"text-align: center;\">Pedro Demuner<\/td>\n<td style=\"text-align: center;\">Raira Zamprogno<\/td>\n<td style=\"text-align: center;\">Sabrina Souza<\/td>\n<\/tr>\n<tr>\n<td align=\"center\"><img loading=\"lazy\" decoding=\"async\" src=\"http:\/\/nossacasa.net\/nossosriachos\/bioconhecer\/wp-content\/uploads\/sites\/10\/2018\/04\/stefano.jpg\" alt=\"\" width=\"80\" height=\"75\" class=\"aligncenter size-full wp-image-438\" \/><\/td>\n<td align=\"center\"><img loading=\"lazy\" decoding=\"async\" src=\"http:\/\/nossacasa.net\/nossosriachos\/bioconhecer\/wp-content\/uploads\/sites\/10\/2018\/04\/suellen.jpg\" alt=\"\" width=\"80\" height=\"75\" class=\"aligncenter size-full wp-image-439\" \/><\/td>\n<td align=\"center\"><img loading=\"lazy\" decoding=\"async\" src=\"http:\/\/nossacasa.net\/nossosriachos\/bioconhecer\/wp-content\/uploads\/sites\/10\/2018\/04\/vinicius.jpg\" alt=\"\" width=\"80\" height=\"75\" class=\"aligncenter size-full wp-image-440\" \/><\/td>\n<td align=\"center\"><img loading=\"lazy\" decoding=\"async\" src=\"http:\/\/nossacasa.net\/nossosriachos\/bioconhecer\/wp-content\/uploads\/sites\/10\/2018\/04\/wellem.jpg\" alt=\"\" width=\"80\" height=\"75\" class=\"aligncenter size-full wp-image-441\" \/><\/td>\n<\/tr>\n<tr>\n<td style=\"text-align: center;\">Stefano Corteletti<\/td>\n<td style=\"text-align: center;\">Suellen Biasutti<\/td>\n<td style=\"text-align: center;\">Vinicius Biasutti<\/td>\n<td style=\"text-align: center;\">Wellem Cimero<\/td>\n<\/tr>\n<\/tbody>\n<\/table>\n<\/div>\n","protected":false},"excerpt":{"rendered":"<p>capa projeto turma encontros parcerias RESPONS\u00c1VEIS Luisa Maria Sarmento-Soares Ronaldo Fernando Martins-Pinheiro COORDENA\u00c7\u00c3O<\/p>\n","protected":false},"author":1,"featured_media":388,"parent":0,"menu_order":0,"comment_status":"closed","ping_status":"closed","template":"","meta":{"footnotes":""},"class_list":["post-406","page","type-page","status-publish","has-post-thumbnail","hentry"],"_links":{"self":[{"href":"http:\/\/nossacasa.net\/nossosriachos\/bioconhecer\/wp-json\/wp\/v2\/pages\/406","targetHints":{"allow":["GET"]}}],"collection":[{"href":"http:\/\/nossacasa.net\/nossosriachos\/bioconhecer\/wp-json\/wp\/v2\/pages"}],"about":[{"href":"http:\/\/nossacasa.net\/nossosriachos\/bioconhecer\/wp-json\/wp\/v2\/types\/page"}],"author":[{"embeddable":true,"href":"http:\/\/nossacasa.net\/nossosriachos\/bioconhecer\/wp-json\/wp\/v2\/users\/1"}],"replies":[{"embeddable":true,"href":"http:\/\/nossacasa.net\/nossosriachos\/bioconhecer\/wp-json\/wp\/v2\/comments?post=406"}],"version-history":[{"count":8,"href":"http:\/\/nossacasa.net\/nossosriachos\/bioconhecer\/wp-json\/wp\/v2\/pages\/406\/revisions"}],"predecessor-version":[{"id":450,"href":"http:\/\/nossacasa.net\/nossosriachos\/bioconhecer\/wp-json\/wp\/v2\/pages\/406\/revisions\/450"}],"wp:featuredmedia":[{"embeddable":true,"href":"http:\/\/nossacasa.net\/nossosriachos\/bioconhecer\/wp-json\/wp\/v2\/media\/388"}],"wp:attachment":[{"href":"http:\/\/nossacasa.net\/nossosriachos\/bioconhecer\/wp-json\/wp\/v2\/media?parent=406"}],"curies":[{"name":"wp","href":"https:\/\/api.w.org\/{rel}","templated":true}]}}