{"id":41,"date":"2018-04-23T14:10:56","date_gmt":"2018-04-23T17:10:56","guid":{"rendered":"http:\/\/nossacasa.net\/nossosriachos\/bioconhecer\/?page_id=41"},"modified":"2018-04-25T07:30:56","modified_gmt":"2018-04-25T10:30:56","slug":"jovens-pesquisadores","status":"publish","type":"page","link":"http:\/\/nossacasa.net\/nossosriachos\/bioconhecer\/jovens-pesquisadores\/","title":{"rendered":"Jovens Pesquisadores"},"content":{"rendered":"<div style=\"text-align:justify\">\n<img loading=\"lazy\" decoding=\"async\" src=\"http:\/\/nossacasa.net\/nossosriachos\/bioconhecer\/wp-content\/uploads\/sites\/10\/2018\/04\/jovenspesquisadores.jpg\" alt=\"\" width=\"200\" height=\"202\" class=\"alignleft size-full wp-image-26\" srcset=\"http:\/\/nossacasa.net\/nossosriachos\/bioconhecer\/wp-content\/uploads\/sites\/10\/2018\/04\/jovenspesquisadores.jpg 200w, http:\/\/nossacasa.net\/nossosriachos\/bioconhecer\/wp-content\/uploads\/sites\/10\/2018\/04\/jovenspesquisadores-50x50.jpg 50w\" sizes=\"auto, (max-width: 200px) 100vw, 200px\" \/>Projeto com estudantes de ensino m\u00e9dio, que acompanhados por monitores universit\u00e1rios e orientados por pesquisadores possam conhecer de perto os trabalhos realizado por pesquisadores em uma Institui\u00e7\u00e3o de Pesquisa Cient\u00edfica.<\/p>\n<p>Foram realizadas seis edi\u00e7\u00f5es do Projeto entre os anos de 2011 e 2016. Com envolvimento de in\u00fameros pesquisadores que trabalharam em parceria com projetos do Museu de Biologia Prof. Mello Leit\u00e3o em Santa Teresa, ES.<\/p>\n<p><img loading=\"lazy\" decoding=\"async\" src=\"http:\/\/nossacasa.net\/nossosriachos\/bioconhecer\/wp-content\/uploads\/sites\/10\/2018\/04\/JPtopo.jpg\" alt=\"\" width=\"641\" height=\"134\" class=\"aligncenter size-full wp-image-76\" srcset=\"http:\/\/nossacasa.net\/nossosriachos\/bioconhecer\/wp-content\/uploads\/sites\/10\/2018\/04\/JPtopo.jpg 641w, http:\/\/nossacasa.net\/nossosriachos\/bioconhecer\/wp-content\/uploads\/sites\/10\/2018\/04\/JPtopo-300x63.jpg 300w, http:\/\/nossacasa.net\/nossosriachos\/bioconhecer\/wp-content\/uploads\/sites\/10\/2018\/04\/JPtopo-500x105.jpg 500w\" sizes=\"auto, (max-width: 641px) 100vw, 641px\" \/><\/p>\n<p><a href=\"http:\/\/nossacasa.net\/nossosriachos\/bioconhecer\/jp-2016\/\"><img loading=\"lazy\" decoding=\"async\" src=\"http:\/\/nossacasa.net\/nossosriachos\/bioconhecer\/wp-content\/uploads\/sites\/10\/2018\/04\/2016.jpg\" alt=\"\" width=\"212\" height=\"140\" class=\"alignleft size-full wp-image-74\" \/><\/a><\/p>\n<p><a href=\"http:\/\/nossacasa.net\/nossosriachos\/bioconhecer\/jp-2015\/\"><img loading=\"lazy\" decoding=\"async\" src=\"http:\/\/nossacasa.net\/nossosriachos\/bioconhecer\/wp-content\/uploads\/sites\/10\/2018\/04\/2015.jpg\" alt=\"\" width=\"212\" height=\"140\" class=\"alignright size-full wp-image-73\" \/><\/a><\/p>\n<p><a href=\"http:\/\/nossacasa.net\/nossosriachos\/bioconhecer\/jp-2014\/\"><img loading=\"lazy\" decoding=\"async\" src=\"http:\/\/nossacasa.net\/nossosriachos\/bioconhecer\/wp-content\/uploads\/sites\/10\/2018\/04\/2014.jpg\" alt=\"\" width=\"212\" height=\"140\" class=\"alignleft size-full wp-image-72\" \/><\/a><\/p>\n<p><a href=\"http:\/\/nossacasa.net\/nossosriachos\/bioconhecer\/jp-2013\/\"><img loading=\"lazy\" decoding=\"async\" src=\"http:\/\/nossacasa.net\/nossosriachos\/bioconhecer\/wp-content\/uploads\/sites\/10\/2018\/04\/2013.jpg\" alt=\"\" width=\"212\" height=\"140\" class=\"alignright size-full wp-image-71\" \/><\/a><\/p>\n<p><a href=\"http:\/\/nossacasa.net\/nossosriachos\/bioconhecer\/jp-2012\/\"><img loading=\"lazy\" decoding=\"async\" src=\"http:\/\/nossacasa.net\/nossosriachos\/bioconhecer\/wp-content\/uploads\/sites\/10\/2018\/04\/2012.jpg\" alt=\"\" width=\"212\" height=\"140\" class=\"alignleft size-full wp-image-70\" \/><\/a><\/p>\n<p><a href=\"http:\/\/nossacasa.net\/nossosriachos\/bioconhecer\/jp-2011\/\"><img loading=\"lazy\" decoding=\"async\" src=\"http:\/\/nossacasa.net\/nossosriachos\/bioconhecer\/wp-content\/uploads\/sites\/10\/2018\/04\/2011.jpg\" alt=\"\" width=\"212\" height=\"140\" class=\"alignright size-full wp-image-69\" \/><\/a><\/p>\n<p><img loading=\"lazy\" decoding=\"async\" src=\"http:\/\/nossacasa.net\/nossosriachos\/bioconhecer\/wp-content\/uploads\/sites\/10\/2018\/04\/JProdape.jpg\" alt=\"\" width=\"648\" height=\"240\" class=\"aligncenter size-full wp-image-75\" srcset=\"http:\/\/nossacasa.net\/nossosriachos\/bioconhecer\/wp-content\/uploads\/sites\/10\/2018\/04\/JProdape.jpg 648w, http:\/\/nossacasa.net\/nossosriachos\/bioconhecer\/wp-content\/uploads\/sites\/10\/2018\/04\/JProdape-300x111.jpg 300w, http:\/\/nossacasa.net\/nossosriachos\/bioconhecer\/wp-content\/uploads\/sites\/10\/2018\/04\/JProdape-500x185.jpg 500w\" sizes=\"auto, (max-width: 648px) 100vw, 648px\" \/><\/p>\n<\/div>\n","protected":false},"excerpt":{"rendered":"<p>Projeto com estudantes de ensino m\u00e9dio, que acompanhados por monitores universit\u00e1rios e orientados por pesquisadores possam conhecer de perto os trabalhos realizado por pesquisadores em uma Institui\u00e7\u00e3o de Pesquisa Cient\u00edfica. Foram realizadas seis edi\u00e7\u00f5es do Projeto entre os anos de &hellip; <a href=\"http:\/\/nossacasa.net\/nossosriachos\/bioconhecer\/jovens-pesquisadores\/\">Continue lendo <span class=\"meta-nav\">&rarr;<\/span><\/a><\/p>\n","protected":false},"author":1,"featured_media":26,"parent":0,"menu_order":0,"comment_status":"closed","ping_status":"closed","template":"","meta":{"footnotes":""},"class_list":["post-41","page","type-page","status-publish","has-post-thumbnail","hentry"],"_links":{"self":[{"href":"http:\/\/nossacasa.net\/nossosriachos\/bioconhecer\/wp-json\/wp\/v2\/pages\/41","targetHints":{"allow":["GET"]}}],"collection":[{"href":"http:\/\/nossacasa.net\/nossosriachos\/bioconhecer\/wp-json\/wp\/v2\/pages"}],"about":[{"href":"http:\/\/nossacasa.net\/nossosriachos\/bioconhecer\/wp-json\/wp\/v2\/types\/page"}],"author":[{"embeddable":true,"href":"http:\/\/nossacasa.net\/nossosriachos\/bioconhecer\/wp-json\/wp\/v2\/users\/1"}],"replies":[{"embeddable":true,"href":"http:\/\/nossacasa.net\/nossosriachos\/bioconhecer\/wp-json\/wp\/v2\/comments?post=41"}],"version-history":[{"count":6,"href":"http:\/\/nossacasa.net\/nossosriachos\/bioconhecer\/wp-json\/wp\/v2\/pages\/41\/revisions"}],"predecessor-version":[{"id":385,"href":"http:\/\/nossacasa.net\/nossosriachos\/bioconhecer\/wp-json\/wp\/v2\/pages\/41\/revisions\/385"}],"wp:featuredmedia":[{"embeddable":true,"href":"http:\/\/nossacasa.net\/nossosriachos\/bioconhecer\/wp-json\/wp\/v2\/media\/26"}],"wp:attachment":[{"href":"http:\/\/nossacasa.net\/nossosriachos\/bioconhecer\/wp-json\/wp\/v2\/media?parent=41"}],"curies":[{"name":"wp","href":"https:\/\/api.w.org\/{rel}","templated":true}]}}