{"id":44,"date":"2018-04-23T14:12:45","date_gmt":"2018-04-23T17:12:45","guid":{"rendered":"http:\/\/nossacasa.net\/nossosriachos\/bioconhecer\/?page_id=44"},"modified":"2018-04-25T10:28:04","modified_gmt":"2018-04-25T13:28:04","slug":"peixes-meninos","status":"publish","type":"page","link":"http:\/\/nossacasa.net\/nossosriachos\/bioconhecer\/peixes-meninos\/","title":{"rendered":"Peixes Meninos"},"content":{"rendered":"<div style=\"text-align:justify\">\n<table>\n<tbody>\n<tr>\n<td><a href=\"http:\/\/nossacasa.net\/nossosriachos\/bioconhecer\/capaa-pm\/\">capa<\/a><\/td>\n<td><a href=\"http:\/\/nossacasa.net\/nossosriachos\/bioconhecer\/projeto-pm\/\">projeto<\/a><\/td>\n<td><a href=\"&quot;http:\/\/nossacasa.net\/nossosriachos\/bioconhecer\/participantes-pm\/\">participantes<\/a><\/td>\n<td><a href=\"&quot;http:\/\/nossacasa.net\/nossosriachos\/bioconhecer\/eventos-pm\">eventos<\/a><\/td>\n<td><a href=\"http:\/\/nossacasa.net\/nossosriachos\/bioconhecer\/fotografias-pm\/\">fotografias<\/a><\/td>\n<\/tr>\n<\/tbody>\n<\/table>\n<p><img loading=\"lazy\" decoding=\"async\" src=\"http:\/\/nossacasa.net\/nossosriachos\/bioconhecer\/wp-content\/uploads\/sites\/10\/2018\/04\/peixesmeninos.jpg\" alt=\"\" width=\"200\" height=\"135\" class=\"alignleft size-full wp-image-29\" \/>Projeto realizado com Jovens de Cumuruxatiba, munic\u00edpio do Prado no extremo sul da Bahia.<\/p>\n<p>Eles puderam acompanhar os trabalhos durantes a realiza\u00e7\u00e3o do p\u00f3s doutorado da Dra. Luisa Maria Sarmento-Soares realizado na regi\u00e3o. Na oportunidade participaram de um conjunto de atividades conhecendo melhor diversas realidades da regi\u00e3o e familiarizando com v\u00e1rias quest\u00f5es t\u00e9cnicas de pesquisa.\n<\/p><\/div>\n<hr>\n","protected":false},"excerpt":{"rendered":"<p>capa projeto participantes eventos fotografias Projeto realizado com Jovens de Cumuruxatiba, munic\u00edpio do Prado no extremo sul da Bahia. Eles puderam acompanhar os trabalhos durantes a realiza\u00e7\u00e3o do p\u00f3s doutorado da Dra. Luisa Maria Sarmento-Soares realizado na regi\u00e3o. Na oportunidade &hellip; <a href=\"http:\/\/nossacasa.net\/nossosriachos\/bioconhecer\/peixes-meninos\/\">Continue lendo <span class=\"meta-nav\">&rarr;<\/span><\/a><\/p>\n","protected":false},"author":1,"featured_media":29,"parent":0,"menu_order":0,"comment_status":"closed","ping_status":"closed","template":"","meta":{"footnotes":""},"class_list":["post-44","page","type-page","status-publish","has-post-thumbnail","hentry"],"_links":{"self":[{"href":"http:\/\/nossacasa.net\/nossosriachos\/bioconhecer\/wp-json\/wp\/v2\/pages\/44","targetHints":{"allow":["GET"]}}],"collection":[{"href":"http:\/\/nossacasa.net\/nossosriachos\/bioconhecer\/wp-json\/wp\/v2\/pages"}],"about":[{"href":"http:\/\/nossacasa.net\/nossosriachos\/bioconhecer\/wp-json\/wp\/v2\/types\/page"}],"author":[{"embeddable":true,"href":"http:\/\/nossacasa.net\/nossosriachos\/bioconhecer\/wp-json\/wp\/v2\/users\/1"}],"replies":[{"embeddable":true,"href":"http:\/\/nossacasa.net\/nossosriachos\/bioconhecer\/wp-json\/wp\/v2\/comments?post=44"}],"version-history":[{"count":3,"href":"http:\/\/nossacasa.net\/nossosriachos\/bioconhecer\/wp-json\/wp\/v2\/pages\/44\/revisions"}],"predecessor-version":[{"id":494,"href":"http:\/\/nossacasa.net\/nossosriachos\/bioconhecer\/wp-json\/wp\/v2\/pages\/44\/revisions\/494"}],"wp:featuredmedia":[{"embeddable":true,"href":"http:\/\/nossacasa.net\/nossosriachos\/bioconhecer\/wp-json\/wp\/v2\/media\/29"}],"wp:attachment":[{"href":"http:\/\/nossacasa.net\/nossosriachos\/bioconhecer\/wp-json\/wp\/v2\/media?parent=44"}],"curies":[{"name":"wp","href":"https:\/\/api.w.org\/{rel}","templated":true}]}}