{"id":465,"date":"2018-04-25T08:51:50","date_gmt":"2018-04-25T11:51:50","guid":{"rendered":"http:\/\/nossacasa.net\/nossosriachos\/bioconhecer\/?page_id=465"},"modified":"2018-04-25T08:53:03","modified_gmt":"2018-04-25T11:53:03","slug":"encontros-jp-2015","status":"publish","type":"page","link":"http:\/\/nossacasa.net\/nossosriachos\/bioconhecer\/encontros-jp-2015\/","title":{"rendered":"JP 2015 Encontros"},"content":{"rendered":"<table width=\"100%\">\n<tbody>\n<tr>\n<td><a href=\"http:\/\/nossacasa.net\/nossosriachos\/bioconhecer\/jp-2015\/\">capa<\/a><\/td>\n<td><a href=\"http:\/\/nossacasa.net\/nossosriachos\/bioconhecer\/projeto-jp-2015\/\">projeto<\/a><\/td>\n<td><a href=\"&quot;http:\/\/nossacasa.net\/nossosriachos\/bioconhecer\/turma-jp-2015\/\">turma<\/a><\/td>\n<td><a href=\"http:\/\/nossacasa.net\/nossosriachos\/bioconhecer\/encontros-jp-2015>encontros<\/a><\/td>\n<td><a href=\"http:\/\/nossacasa.net\/nossosriachos\/bioconhecer\/parcerias-jp-2015\/\">parcerias<\/a><\/td>\n<\/tr>\n<\/tbody>\n<\/table>\n<div style=\"text-align:center\">\n<font size=\"2\"><b><\/p>\n<table width=\"1000%\" border=\"0\" bgcolor=\"white\" cellspacing=\"0\" align=\"center\">\n<caption><font size=\"3\"><b>ENCONTROS 2015<\/b><\/font><\/caption>\n<div style=\"text-align:justify\">\n<tr>\n<td COLSPAN=\"2\">&nbsp;<\/td>\n<\/tr>\n<tr align=\"center\">\n<td><embed type=\"application\/x-shockwave-flash\" src=\"https:\/\/photos.gstatic.com\/media\/slideshow.swf\" width=\"600\" height=\"400\" flashvars=\"host=picasaweb.google.com&#038;captions=1&#038;hl=pt_BR&#038;feat=flashalbum&#038;RGB=0x000000&#038;feed=https%3A%2F%2Fpicasaweb.google.com%2Fdata%2Ffeed%2Fapi%2Fuser%2F117805659701372611797%2Falbumid%2F6182475212834167921%3Falt%3Drss%26kind%3Dphoto%26hl%3Dpt_BR\" pluginspage=\"http:\/\/www.macromedia.com\/go\/getflashplayer\"><\/embed><\/td>\n<td><embed type=\"application\/x-shockwave-flash\" src=\"https:\/\/photos.gstatic.com\/media\/slideshow.swf\" width=\"600\" height=\"400\" flashvars=\"host=picasaweb.google.com&#038;captions=1&#038;hl=pt_BR&#038;feat=flashalbum&#038;RGB=0x000000&#038;feed=https%3A%2F%2Fpicasaweb.google.com%2Fdata%2Ffeed%2Fapi%2Fuser%2F117805659701372611797%2Falbumid%2F6182480945462567937%3Falt%3Drss%26kind%3Dphoto%26hl%3Dpt_BR\" pluginspage=\"http:\/\/www.macromedia.com\/go\/getflashplayer\"><\/embed>\n<\/td>\n<\/tr>\n<tr align=\"center\">\n<td>Primeiro Encontro<br \/>O INMA como espa\u00e7o de ci\u00eancia, cultura e educa\u00e7\u00e3o<\/td>\n<td>Segundo Encontro<br \/>Biologia dos Vegetais Avasculares<br \/>Adriano Goldner<\/p>\n<p>Local IFES<\/td>\n<\/tr>\n<tr>\n<td COLSPAN=\"2\">&nbsp;<\/td>\n<\/tr>\n<tr align=\"center\">\n<td><embed type=\"application\/x-shockwave-flash\" src=\"https:\/\/photos.gstatic.com\/media\/slideshow.swf\" width=\"600\" height=\"400\" flashvars=\"host=picasaweb.google.com&#038;captions=1&#038;hl=pt_BR&#038;feat=flashalbum&#038;RGB=0x000000&#038;feed=https%3A%2F%2Fpicasaweb.google.com%2Fdata%2Ffeed%2Fapi%2Fuser%2F117805659701372611797%2Falbumid%2F6182477436373331505%3Falt%3Drss%26kind%3Dphoto%26hl%3Dpt_BR\" pluginspage=\"http:\/\/www.macromedia.com\/go\/getflashplayer\"><\/embed>\n<\/td>\n<td><embed type=\"application\/x-shockwave-flash\" src=\"https:\/\/photos.gstatic.com\/media\/slideshow.swf\" width=\"600\" height=\"400\" flashvars=\"host=picasaweb.google.com&#038;captions=1&#038;hl=pt_BR&#038;feat=flashalbum&#038;RGB=0x000000&#038;feed=https%3A%2F%2Fpicasaweb.google.com%2Fdata%2Ffeed%2Fapi%2Fuser%2F117805659701372611797%2Falbumid%2F6182494129375058929%3Falt%3Drss%26kind%3Dphoto%26hl%3Dpt_BR\" pluginspage=\"http:\/\/www.macromedia.com\/go\/getflashplayer\"><\/embed><\/td>\n<\/tr>\n<tr align=\"center\">\n<td>Terceiro Encontro<br \/>Biologia das Plantas Ep\u00edfitas<br \/>Manoel Santos<\/td>\n<td>Quarto Encontro<br \/>Biologia dos Vegetais Vasculares<br \/>Joelcio Freitas<\/td>\n<\/tr>\n<tr>\n<td COLSPAN=\"2\">&nbsp;<\/td>\n<\/tr>\n<tr align=\"center\">\n<td><embed type=\"application\/x-shockwave-flash\" src=\"https:\/\/photos.gstatic.com\/media\/slideshow.swf\" width=\"600\" height=\"400\" flashvars=\"host=picasaweb.google.com&#038;captions=1&#038;hl=pt_BR&#038;feat=flashalbum&#038;RGB=0x000000&#038;feed=https%3A%2F%2Fpicasaweb.google.com%2Fdata%2Ffeed%2Fapi%2Fuser%2F117805659701372611797%2Falbumid%2F6182476787841859777%3Falt%3Drss%26kind%3Dphoto%26hl%3Dpt_BR\" pluginspage=\"http:\/\/www.macromedia.com\/go\/getflashplayer\"><\/embed><\/td>\n<td><embed type=\"application\/x-shockwave-flash\" src=\"https:\/\/photos.gstatic.com\/media\/slideshow.swf\" width=\"600\" height=\"400\" flashvars=\"host=picasaweb.google.com&#038;captions=1&#038;hl=pt_BR&#038;feat=flashalbum&#038;RGB=0x000000&#038;feed=https%3A%2F%2Fpicasaweb.google.com%2Fdata%2Ffeed%2Fapi%2Fuser%2F117805659701372611797%2Falbumid%2F6182491950933036769%3Falt%3Drss%26kind%3Dphoto%26hl%3Dpt_BR\" pluginspage=\"http:\/\/www.macromedia.com\/go\/getflashplayer\"><\/embed><\/td>\n<\/tr>\n<tr align=\"center\">\n<td>Quinto Encontro<br \/>Biologia dos Animais Vertebrados: Peixes (te\u00f3rica)<br \/> Luisa Maria Sarmento-Soares<\/td>\n<td>Sexto Encontro<br \/>Biologia dos Animais Vertebrados: Peixes (pr\u00e1tica)<br \/> Luisa Maria Sarmento-Soares<\/td>\n<\/tr>\n<tr>\n<td COLSPAN=\"2\">&nbsp;<\/td>\n<\/tr>\n<tr align=\"center\">\n<td><embed type=\"application\/x-shockwave-flash\" src=\"https:\/\/photos.gstatic.com\/media\/slideshow.swf\" width=\"600\" height=\"400\" flashvars=\"host=picasaweb.google.com&#038;captions=1&#038;hl=pt_BR&#038;feat=flashalbum&#038;RGB=0x000000&#038;feed=https%3A%2F%2Fpicasaweb.google.com%2Fdata%2Ffeed%2Fapi%2Fuser%2F117805659701372611797%2Falbumid%2F6182490944748009025%3Falt%3Drss%26kind%3Dphoto%26hl%3Dpt_BR\" pluginspage=\"http:\/\/www.macromedia.com\/go\/getflashplayer\"><\/embed>\n<\/td>\n<td><embed type=\"application\/x-shockwave-flash\" src=\"https:\/\/photos.gstatic.com\/media\/slideshow.swf\" width=\"600\" height=\"400\" flashvars=\"host=picasaweb.google.com&#038;captions=1&#038;hl=pt_BR&#038;feat=flashalbum&#038;RGB=0x000000&#038;feed=https%3A%2F%2Fpicasaweb.google.com%2Fdata%2Ffeed%2Fapi%2Fuser%2F117805659701372611797%2Falbumid%2F6182494607089399745%3Falt%3Drss%26kind%3Dphoto%26hl%3Dpt_BR\" pluginspage=\"http:\/\/www.macromedia.com\/go\/getflashplayer\"><\/embed>\n<\/td>\n<\/tr>\n<tr align=\"center\">\n<td>S\u00e9timo Encontro<br \/>Biologia dos Animais Vertebrados: R\u00e9pteis<br \/>Raphael Becalli<\/td>\n<td>Oitavo Encontro<br \/>Biologia dos Animais Vertebrados: Anf\u00edbios<br \/>(Thiago Soares e Fernanda Lirio<\/td>\n<\/tr>\n<tr>\n<td COLSPAN=\"2\">&nbsp;<\/td>\n<\/tr>\n<tr align=\"center\">\n<td><embed type=\"application\/x-shockwave-flash\" src=\"https:\/\/photos.gstatic.com\/media\/slideshow.swf\" width=\"600\" height=\"400\" flashvars=\"host=picasaweb.google.com&#038;captions=1&#038;hl=pt_BR&#038;feat=flashalbum&#038;RGB=0x000000&#038;feed=https%3A%2F%2Fpicasaweb.google.com%2Fdata%2Ffeed%2Fapi%2Fuser%2F117805659701372611797%2Falbumid%2F6184433239042248545%3Falt%3Drss%26kind%3Dphoto%26hl%3Dpt_BR\" pluginspage=\"http:\/\/www.macromedia.com\/go\/getflashplayer\"><\/embed>\n<\/td>\n<td><embed type=\"application\/x-shockwave-flash\" src=\"https:\/\/photos.gstatic.com\/media\/slideshow.swf\" width=\"600\" height=\"400\" flashvars=\"host=picasaweb.google.com&#038;captions=1&#038;hl=pt_BR&#038;feat=flashalbum&#038;RGB=0x000000&#038;feed=https%3A%2F%2Fpicasaweb.google.com%2Fdata%2Ffeed%2Fapi%2Fuser%2F117805659701372611797%2Falbumid%2F6184434368824890193%3Falt%3Drss%26kind%3Dphoto%26hl%3Dpt_BR\" pluginspage=\"http:\/\/www.macromedia.com\/go\/getflashplayer\"><\/embed>\n<\/td>\n<\/tr>\n<tr align=\"center\">\n<td>Nono Encontro-Rodada de Leitura: a ci\u00eancia e o papel do cientista<br \/> Elisa Alves e Alyne Gon\u00e7alves<\/td>\n<td>D\u00e9cimo Encontro<br \/>Visita ao projeto TAMAR<\/td>\n<\/tr>\n<tr>\n<td COLSPAN=\"2\">&nbsp;<\/td>\n<\/tr>\n<tr align=\"center\">\n<td><embed type=\"application\/x-shockwave-flash\" src=\"https:\/\/photos.gstatic.com\/media\/slideshow.swf\" width=\"600\" height=\"400\" flashvars=\"host=picasaweb.google.com&#038;hl=pt_BR&#038;feat=flashalbum&#038;RGB=0x000000&#038;feed=https%3A%2F%2Fpicasaweb.google.com%2Fdata%2Ffeed%2Fapi%2Fuser%2F117805659701372611797%2Falbumid%2F6212275606612405617%3Falt%3Drss%26kind%3Dphoto%26hl%3Dpt_BR\" pluginspage=\"http:\/\/www.macromedia.com\/go\/getflashplayer\"><\/embed><\/td>\n<td><embed type=\"application\/x-shockwave-flash\" src=\"https:\/\/photos.gstatic.com\/media\/slideshow.swf\" width=\"600\" height=\"400\" flashvars=\"host=picasaweb.google.com&#038;hl=pt_BR&#038;feat=flashalbum&#038;RGB=0x000000&#038;feed=https%3A%2F%2Fpicasaweb.google.com%2Fdata%2Ffeed%2Fapi%2Fuser%2F117805659701372611797%2Falbumid%2F6212279440297763601%3Falt%3Drss%26kind%3Dphoto%26hl%3Dpt_BR\" pluginspage=\"http:\/\/www.macromedia.com\/go\/getflashplayer\"><\/embed>\n<\/td>\n<\/tr>\n<tr align=\"center\">\n<td>D\u00e9cimo Primeiro Encontro<br \/>Biologia dos Animais Vertebrados: Aves<br \/>Jos\u00e9 Nilton<\/td>\n<td>D\u00e9cimo Segundo Encontro<br \/>Biologia dos Animais Vertebrados: Mam\u00edferos<br \/>Silvia Ramira<\/td>\n<\/tr>\n<tr>\n<td COLSPAN=\"2\">&nbsp;<\/td>\n<\/tr>\n<tr align=\"center\">\n<td><embed type=\"application\/x-shockwave-flash\" src=\"https:\/\/photos.gstatic.com\/media\/slideshow.swf\" width=\"600\" height=\"400\" flashvars=\"host=picasaweb.google.com&#038;hl=pt_BR&#038;feat=flashalbum&#038;RGB=0x000000&#038;feed=https%3A%2F%2Fpicasaweb.google.com%2Fdata%2Ffeed%2Fapi%2Fuser%2F117805659701372611797%2Falbumid%2F6212281767504712817%3Falt%3Drss%26kind%3Dphoto%26hl%3Dpt_BR\" pluginspage=\"http:\/\/www.macromedia.com\/go\/getflashplayer\"><\/embed>\n<\/td>\n<td><embed type=\"application\/x-shockwave-flash\" src=\"https:\/\/photos.gstatic.com\/media\/slideshow.swf\" width=\"600\" height=\"400\" flashvars=\"host=picasaweb.google.com&#038;hl=pt_BR&#038;feat=flashalbum&#038;RGB=0x000000&#038;feed=https%3A%2F%2Fpicasaweb.google.com%2Fdata%2Ffeed%2Fapi%2Fuser%2F117805659701372611797%2Falbumid%2F6212287934255233041%3Falt%3Drss%26kind%3Dphoto%26hl%3Dpt_BR\" pluginspage=\"http:\/\/www.macromedia.com\/go\/getflashplayer\"><\/embed>\n<\/td>\n<\/tr>\n<tr align=\"center\">\n<td>D\u00e9cimo Terceiro Encontro<br \/> Biologia dos Animais Invertebrados: Artr\u00f3podes<br \/>Arlindo Serpa<\/td>\n<td>D\u00e9cimo Quarto Encontro<br \/> Educa\u00e7\u00e3o Ambiental<br \/>Marcelo Kister<\/td>\n<\/tr>\n<tr>\n<td COLSPAN=\"2\">&nbsp;<\/td>\n<\/tr>\n<tr align=\"center\">\n<td><embed type=\"application\/x-shockwave-flash\" src=\"https:\/\/photos.gstatic.com\/media\/slideshow.swf\" width=\"600\" height=\"400\" flashvars=\"host=picasaweb.google.com&#038;captions=1&#038;hl=pt_BR&#038;feat=flashalbum&#038;RGB=0x000000&#038;feed=https%3A%2F%2Fpicasaweb.google.com%2Fdata%2Ffeed%2Fapi%2Fuser%2F117805659701372611797%2Falbumid%2F6228877539205191265%3Falt%3Drss%26kind%3Dphoto%26hl%3Dpt_BR\" pluginspage=\"http:\/\/www.macromedia.com\/go\/getflashplayer\"><\/embed><\/td>\n<td><embed type=\"application\/x-shockwave-flash\" src=\"https:\/\/photos.gstatic.com\/media\/slideshow.swf\" width=\"600\" height=\"400\" flashvars=\"host=picasaweb.google.com&#038;captions=1&#038;hl=pt_BR&#038;feat=flashalbum&#038;RGB=0x000000&#038;feed=https%3A%2F%2Fpicasaweb.google.com%2Fdata%2Ffeed%2Fapi%2Fuser%2F117805659701372611797%2Falbumid%2F6228875076768108561%3Falt%3Drss%26kind%3Dphoto%26hl%3Dpt_BR\" pluginspage=\"http:\/\/www.macromedia.com\/go\/getflashplayer\"><\/embed><\/td>\n<\/tr>\n<tr align=\"center\">\n<td>D\u00e9cimo Quinto Encontro<br \/>A problem\u00e1tica da extin\u00e7\u00e3o da biodiversidade<br \/>Cintia Corsini<\/td>\n<td>D\u00e9cimo Sexto Encontro<br \/>Biologia dos Animais Invertebrados: Visita \u00e0 EBSL (t\u00e9cnicas de coleta)<br \/>K\u00eamilly e Diego<\/td>\n<\/tr>\n<\/table>\n<p><\/b><\/font>\n<\/div>\n","protected":false},"excerpt":{"rendered":"<p>capa projeto turma<\/p>\n","protected":false},"author":1,"featured_media":390,"parent":0,"menu_order":0,"comment_status":"closed","ping_status":"closed","template":"","meta":{"footnotes":""},"class_list":["post-465","page","type-page","status-publish","has-post-thumbnail","hentry"],"_links":{"self":[{"href":"http:\/\/nossacasa.net\/nossosriachos\/bioconhecer\/wp-json\/wp\/v2\/pages\/465","targetHints":{"allow":["GET"]}}],"collection":[{"href":"http:\/\/nossacasa.net\/nossosriachos\/bioconhecer\/wp-json\/wp\/v2\/pages"}],"about":[{"href":"http:\/\/nossacasa.net\/nossosriachos\/bioconhecer\/wp-json\/wp\/v2\/types\/page"}],"author":[{"embeddable":true,"href":"http:\/\/nossacasa.net\/nossosriachos\/bioconhecer\/wp-json\/wp\/v2\/users\/1"}],"replies":[{"embeddable":true,"href":"http:\/\/nossacasa.net\/nossosriachos\/bioconhecer\/wp-json\/wp\/v2\/comments?post=465"}],"version-history":[{"count":3,"href":"http:\/\/nossacasa.net\/nossosriachos\/bioconhecer\/wp-json\/wp\/v2\/pages\/465\/revisions"}],"predecessor-version":[{"id":468,"href":"http:\/\/nossacasa.net\/nossosriachos\/bioconhecer\/wp-json\/wp\/v2\/pages\/465\/revisions\/468"}],"wp:featuredmedia":[{"embeddable":true,"href":"http:\/\/nossacasa.net\/nossosriachos\/bioconhecer\/wp-json\/wp\/v2\/media\/390"}],"wp:attachment":[{"href":"http:\/\/nossacasa.net\/nossosriachos\/bioconhecer\/wp-json\/wp\/v2\/media?parent=465"}],"curies":[{"name":"wp","href":"https:\/\/api.w.org\/{rel}","templated":true}]}}