{"id":469,"date":"2018-04-25T08:55:27","date_gmt":"2018-04-25T11:55:27","guid":{"rendered":"http:\/\/nossacasa.net\/nossosriachos\/bioconhecer\/?page_id=469"},"modified":"2018-04-25T08:58:01","modified_gmt":"2018-04-25T11:58:01","slug":"encontros-jp-2016","status":"publish","type":"page","link":"http:\/\/nossacasa.net\/nossosriachos\/bioconhecer\/encontros-jp-2016\/","title":{"rendered":"JP 2016 Encontros"},"content":{"rendered":"<table width=\"100%\">\n<tbody>\n<tr>\n<td><a href=\"http:\/\/nossacasa.net\/nossosriachos\/bioconhecer\/jp-2016\/\">capa<\/a><\/td>\n<td><a href=\"http:\/\/nossacasa.net\/nossosriachos\/bioconhecer\/projeto-jp-2016\/\">projeto<\/a><\/td>\n<td><a href=\"&quot;http:\/\/nossacasa.net\/nossosriachos\/bioconhecer\/turma-jp-2016\/\">turma<\/a><\/td>\n<td><a href=\"http:\/\/nossacasa.net\/nossosriachos\/bioconhecer\/encontros-jp-2016>encontros<\/a><\/td>\n<td><a href=\"http:\/\/nossacasa.net\/nossosriachos\/bioconhecer\/parcerias-jp-20166\/\">parcerias<\/a><\/td>\n<\/tr>\n<\/tbody>\n<\/table>\n<div style=\"text-align:center\">\n<font size=\"2\"><b><\/p>\n<table width=\"100%\" border=\"0\" bgcolor=\"white\" cellspacing=\"0\" align=\"center\">\n<caption><font size=\"3\"><b>ENCONTROS 2016<\/b><\/font><\/caption>\n<div style=\"text-align:justify\">\n<tr>\n<td COLSPAN=\"2\">&nbsp;<\/td>\n<\/tr>\n<tr align=\"center\">\n<td><iframe loading=\"lazy\" width=\"420\" height=\"315\" src=\"https:\/\/www.youtube.com\/embed\/wV2Cn3nfWLM\" frameborder=\"0\" allowfullscreen><\/iframe><\/td>\n<td><iframe loading=\"lazy\" width=\"420\" height=\"315\" src=\"https:\/\/www.youtube.com\/embed\/0eBVo1531YU\" frameborder=\"0\" allowfullscreen><\/iframe><\/td>\n<\/tr>\n<tr align=\"center\">\n<td>Primeiro Encontro<br \/>O INMA como espa\u00e7o de pesquisa e difus\u00e3o cient\u00edfica<br \/>Diversos.<\/td>\n<td>Segundo Encontro<br \/>Ecologia<br \/>Maria Margareth Cancian Roldi<\/td>\n<\/tr>\n<tr>\n<td COLSPAN=\"2\">&nbsp;<\/td>\n<\/tr>\n<tr align=\"center\">\n<td><iframe loading=\"lazy\" width=\"420\" height=\"315\" src=\"https:\/\/www.youtube.com\/embed\/DjE3QEwXLlE\" frameborder=\"0\" allowfullscreen><\/iframe>\n<\/td>\n<td><iframe loading=\"lazy\" width=\"420\" height=\"315\" src=\"https:\/\/www.youtube.com\/embed\/4dBn2uvFla0\" frameborder=\"0\" allowfullscreen><\/iframe><\/td>\n<\/tr>\n<tr align=\"center\">\n<td>Terceiro Encontro<br \/>Deixando Rastros e R\u00e9pteis<br \/>Raphael Becalli Soares<\/td>\n<td>Quarto Encontro<br \/>Sarau do JP \u2013 Apresenta\u00e7\u00e3o dos livros<br \/>Diversos;<\/td>\n<\/tr>\n<tr>\n<td COLSPAN=\"2\">&nbsp;<\/td>\n<\/tr>\n<tr align=\"center\">\n<td><iframe loading=\"lazy\" width=\"420\" height=\"315\" src=\"https:\/\/www.youtube.com\/embed\/AHiDmmP4JJA\" frameborder=\"0\" allowfullscreen><\/iframe><\/td>\n<td><iframe loading=\"lazy\" width=\"420\" height=\"315\" src=\"https:\/\/www.youtube.com\/embed\/AfrMHU059n4\" frameborder=\"0\" allowfullscreen><\/iframe><\/td>\n<\/tr>\n<tr align=\"center\">\n<td>Quinto Encontro<br \/>Biologia das Plantas Ep\u00edfitas<br \/>Manoel dos Santos\/td><\/p>\n<td>Sexto Encontro<br \/>Biologia dos Vegetais Vasculares<br \/>Joelcio Freitas<\/td>\n<\/tr>\n<tr>\n<td COLSPAN=\"2\">&nbsp;<\/td>\n<\/tr>\n<tr align=\"center\">\n<td><iframe loading=\"lazy\" width=\"420\" height=\"315\" src=\"https:\/\/www.youtube.com\/embed\/7wVRzrTosFc\" frameborder=\"0\" allowfullscreen><\/iframe><\/td>\n<td>&nbsp;<\/td>\n<\/tr>\n<tr align=\"center\">\n<td>S\u00e9timo Encontro<br \/>Biologia dos Animais Vertebrados: Peixe<br \/>Luisa Maria Sarmento Soares<\/td>\n<td>Oitavo Encontro<br \/>&nbsp;<br \/>&nbsp;<\/td>\n<\/tr>\n<tr>\n<td COLSPAN=\"2\">&nbsp;<\/td>\n<\/tr>\n<\/table>\n<p><\/b><\/font>\n<\/div>\n","protected":false},"excerpt":{"rendered":"<p>capa projeto turma<\/p>\n","protected":false},"author":1,"featured_media":0,"parent":0,"menu_order":0,"comment_status":"closed","ping_status":"closed","template":"","meta":{"footnotes":""},"class_list":["post-469","page","type-page","status-publish","hentry"],"_links":{"self":[{"href":"http:\/\/nossacasa.net\/nossosriachos\/bioconhecer\/wp-json\/wp\/v2\/pages\/469","targetHints":{"allow":["GET"]}}],"collection":[{"href":"http:\/\/nossacasa.net\/nossosriachos\/bioconhecer\/wp-json\/wp\/v2\/pages"}],"about":[{"href":"http:\/\/nossacasa.net\/nossosriachos\/bioconhecer\/wp-json\/wp\/v2\/types\/page"}],"author":[{"embeddable":true,"href":"http:\/\/nossacasa.net\/nossosriachos\/bioconhecer\/wp-json\/wp\/v2\/users\/1"}],"replies":[{"embeddable":true,"href":"http:\/\/nossacasa.net\/nossosriachos\/bioconhecer\/wp-json\/wp\/v2\/comments?post=469"}],"version-history":[{"count":3,"href":"http:\/\/nossacasa.net\/nossosriachos\/bioconhecer\/wp-json\/wp\/v2\/pages\/469\/revisions"}],"predecessor-version":[{"id":472,"href":"http:\/\/nossacasa.net\/nossosriachos\/bioconhecer\/wp-json\/wp\/v2\/pages\/469\/revisions\/472"}],"wp:attachment":[{"href":"http:\/\/nossacasa.net\/nossosriachos\/bioconhecer\/wp-json\/wp\/v2\/media?parent=469"}],"curies":[{"name":"wp","href":"https:\/\/api.w.org\/{rel}","templated":true}]}}