{"id":47,"date":"2018-04-23T14:14:38","date_gmt":"2018-04-23T17:14:38","guid":{"rendered":"http:\/\/nossacasa.net\/nossosriachos\/bioconhecer\/?page_id=47"},"modified":"2018-04-23T14:24:54","modified_gmt":"2018-04-23T17:24:54","slug":"liceei","status":"publish","type":"page","link":"http:\/\/nossacasa.net\/nossosriachos\/bioconhecer\/liceei\/","title":{"rendered":"LICEEI"},"content":{"rendered":"<div style=\"text-align:justify\">\n<img loading=\"lazy\" decoding=\"async\" src=\"http:\/\/nossacasa.net\/nossosriachos\/bioconhecer\/wp-content\/uploads\/sites\/10\/2018\/04\/licei.jpg\" alt=\"\" width=\"200\" height=\"135\" class=\"alignleft size-full wp-image-27\" \/>LICEEI &#8211; Licenciatura Intercultural em Educa\u00e7\u00e3o Escolar Ind\u00edgena.<br \/>\nEtapa de curso ministrado para a forma\u00e7\u00e3o de professores ind\u00edgenas, organizado pela Universidade do Estado da Bahia (UNEB), realizado em Cumuruxatiba, munic\u00edpio de Prado, no extremo sul da Bahia.<br \/>\nTrata-se de um curso espec\u00edfico destinado \u00e0 forma\u00e7\u00e3o em n\u00edvel superior de professores de escolas ind\u00edgenas realizado pela Funda\u00e7\u00e3o Nacional do \u00cdndio (FUNAI), pela Secretaria Estadual de Educa\u00e7\u00e3o (SEC) da Bahia, e pelo Minist\u00e9rio da Educa\u00e7\u00e3o (MEC), atrav\u00e9s do Programa de Apoio \u00e0 Forma\u00e7\u00e3o Superior e Licenciaturas Interculturais Ind\u00edgenas (PROLIND).<\/p>\n<hr>\n<p>Curso de Licenciatura Intercultural em Educa\u00e7\u00e3o Escolar Ind\u00edgena LICEEI (UNEB\/MEC\/SEC-BA\/FUNAI), com os acad\u00eamicos ind\u00edgenas das etnias Patax\u00f3, Tupinamb\u00e1 e Patax\u00f3 H\u00e3h\u00e3h\u00e3e realizado em Cumuruxatiba\/Prado, no per\u00edodo de 22 de Fevereiro a 14 de mar\u00e7o de 2010.<\/p>\n<div style=\"text-align:center\">\n<b>DIAS PARTICIPA\u00c7\u00c3O DE <em>nossosriachos<\/em><\/b><\/p>\n<table align=\"center\" border=\"0\">\n<tr>\n<td><embed type=\"application\/x-shockwave-flash\" src=\"https:\/\/picasaweb.google.com\/s\/c\/bin\/slideshow.swf\" width=\"288\" height=\"192\" flashvars=\"host=picasaweb.google.com&#038;captions=1&#038;hl=pt_BR&#038;feat=flashalbum&#038;RGB=0x000000&#038;feed=https%3A%2F%2Fpicasaweb.google.com%2Fdata%2Ffeed%2Fapi%2Fuser%2Fbiobahiacumuru%2Falbumid%2F5448866898589094129%3Falt%3Drss%26kind%3Dphoto%26authkey%3DGv1sRgCPrNpcHo0YfyGQ%26hl%3Dpt_BR\" pluginspage=\"http:\/\/www.macromedia.com\/go\/getflashplayer\"><\/embed><\/td>\n<td><embed type=\"application\/x-shockwave-flash\" src=\"https:\/\/picasaweb.google.com\/s\/c\/bin\/slideshow.swf\" width=\"288\" height=\"192\" flashvars=\"host=picasaweb.google.com&#038;captions=1&#038;hl=pt_BR&#038;feat=flashalbum&#038;RGB=0x000000&#038;feed=https%3A%2F%2Fpicasaweb.google.com%2Fdata%2Ffeed%2Fapi%2Fuser%2Fbiobahiacumuru%2Falbumid%2F5448879080320005297%3Falt%3Drss%26kind%3Dphoto%26authkey%3DGv1sRgCPCYoaWIxOivQA%26hl%3Dpt_BR\" pluginspage=\"http:\/\/www.macromedia.com\/go\/getflashplayer\"><\/embed><\/td>\n<\/tr>\n<tr>\n<td align=\"center\"><b>6\u00baDia<\/b><\/td>\n<td align=\"center\"><b>5\u00baDia<\/b><\/td>\n<\/tr>\n<tr>\n<td><embed type=\"application\/x-shockwave-flash\" src=\"https:\/\/picasaweb.google.com\/s\/c\/bin\/slideshow.swf\" width=\"288\" height=\"192\" flashvars=\"host=picasaweb.google.com&#038;captions=1&#038;hl=pt_BR&#038;feat=flashalbum&#038;RGB=0x000000&#038;feed=https%3A%2F%2Fpicasaweb.google.com%2Fdata%2Ffeed%2Fapi%2Fuser%2Fbiobahiacumuru%2Falbumid%2F5448863162095966289%3Falt%3Drss%26kind%3Dphoto%26authkey%3DGv1sRgCJWrrdTx0eTQdQ%26hl%3Dpt_BR\" pluginspage=\"http:\/\/www.macromedia.com\/go\/getflashplayer\"><\/embed><\/td>\n<td><embed type=\"application\/x-shockwave-flash\" src=\"https:\/\/picasaweb.google.com\/s\/c\/bin\/slideshow.swf\" width=\"288\" height=\"192\" flashvars=\"host=picasaweb.google.com&#038;captions=1&#038;hl=pt_BR&#038;feat=flashalbum&#038;RGB=0x000000&#038;feed=https%3A%2F%2Fpicasaweb.google.com%2Fdata%2Ffeed%2Fapi%2Fuser%2Fbiobahiacumuru%2Falbumid%2F5448871536445009233%3Falt%3Drss%26kind%3Dphoto%26authkey%3DGv1sRgCPazr_il4MWuZA%26hl%3Dpt_BR\" pluginspage=\"http:\/\/www.macromedia.com\/go\/getflashplayer\"><\/embed><\/td>\n<\/tr>\n<tr>\n<td align=\"center\"><b>4\u00baDia<\/b><\/td>\n<td align=\"center\"><b>3\u00baDia<\/b><\/td>\n<\/tr>\n<tr>\n<td><embed type=\"application\/x-shockwave-flash\" src=\"https:\/\/picasaweb.google.com\/s\/c\/bin\/slideshow.swf\" width=\"288\" height=\"192\" flashvars=\"host=picasaweb.google.com&#038;captions=1&#038;hl=pt_BR&#038;feat=flashalbum&#038;RGB=0x000000&#038;feed=https%3A%2F%2Fpicasaweb.google.com%2Fdata%2Ffeed%2Fapi%2Fuser%2Fbiobahiacumuru%2Falbumid%2F5448859324676212609%3Falt%3Drss%26kind%3Dphoto%26authkey%3DGv1sRgCNCcgJr9ve7KxQE%26hl%3Dpt_BR\" pluginspage=\"http:\/\/www.macromedia.com\/go\/getflashplayer\"><\/embed><\/td>\n<td><embed type=\"application\/x-shockwave-flash\" src=\"https:\/\/picasaweb.google.com\/s\/c\/bin\/slideshow.swf\" width=\"288\" height=\"192\" flashvars=\"host=picasaweb.google.com&#038;captions=1&#038;hl=pt_BR&#038;feat=flashalbum&#038;RGB=0x000000&#038;feed=https%3A%2F%2Fpicasaweb.google.com%2Fdata%2Ffeed%2Fapi%2Fuser%2Fbiobahiacumuru%2Falbumid%2F5448858758243085169%3Falt%3Drss%26kind%3Dphoto%26authkey%3DGv1sRgCLOT2ouC0tzHLg%26hl%3Dpt_BR\" pluginspage=\"http:\/\/www.macromedia.com\/go\/getflashplayer\"><\/embed><\/td>\n<\/tr>\n<tr>\n<td align=\"center\"><b>2\u00baDia<\/b><\/td>\n<td align=\"center\"><b>1\u00baDia<\/b><\/td>\n<\/tr>\n<\/table>\n<\/div>\n","protected":false},"excerpt":{"rendered":"<p>LICEEI &#8211; Licenciatura Intercultural em Educa\u00e7\u00e3o Escolar Ind\u00edgena. Etapa de curso ministrado para a forma\u00e7\u00e3o de professores ind\u00edgenas, organizado pela Universidade do Estado da Bahia (UNEB), realizado em Cumuruxatiba, munic\u00edpio de Prado, no extremo sul da Bahia. Trata-se de um &hellip; <a href=\"http:\/\/nossacasa.net\/nossosriachos\/bioconhecer\/liceei\/\">Continue lendo <span class=\"meta-nav\">&rarr;<\/span><\/a><\/p>\n","protected":false},"author":1,"featured_media":27,"parent":0,"menu_order":0,"comment_status":"closed","ping_status":"closed","template":"","meta":{"footnotes":""},"class_list":["post-47","page","type-page","status-publish","has-post-thumbnail","hentry"],"_links":{"self":[{"href":"http:\/\/nossacasa.net\/nossosriachos\/bioconhecer\/wp-json\/wp\/v2\/pages\/47","targetHints":{"allow":["GET"]}}],"collection":[{"href":"http:\/\/nossacasa.net\/nossosriachos\/bioconhecer\/wp-json\/wp\/v2\/pages"}],"about":[{"href":"http:\/\/nossacasa.net\/nossosriachos\/bioconhecer\/wp-json\/wp\/v2\/types\/page"}],"author":[{"embeddable":true,"href":"http:\/\/nossacasa.net\/nossosriachos\/bioconhecer\/wp-json\/wp\/v2\/users\/1"}],"replies":[{"embeddable":true,"href":"http:\/\/nossacasa.net\/nossosriachos\/bioconhecer\/wp-json\/wp\/v2\/comments?post=47"}],"version-history":[{"count":4,"href":"http:\/\/nossacasa.net\/nossosriachos\/bioconhecer\/wp-json\/wp\/v2\/pages\/47\/revisions"}],"predecessor-version":[{"id":56,"href":"http:\/\/nossacasa.net\/nossosriachos\/bioconhecer\/wp-json\/wp\/v2\/pages\/47\/revisions\/56"}],"wp:featuredmedia":[{"embeddable":true,"href":"http:\/\/nossacasa.net\/nossosriachos\/bioconhecer\/wp-json\/wp\/v2\/media\/27"}],"wp:attachment":[{"href":"http:\/\/nossacasa.net\/nossosriachos\/bioconhecer\/wp-json\/wp\/v2\/media?parent=47"}],"curies":[{"name":"wp","href":"https:\/\/api.w.org\/{rel}","templated":true}]}}