{"id":501,"date":"2018-04-25T10:39:49","date_gmt":"2018-04-25T13:39:49","guid":{"rendered":"http:\/\/nossacasa.net\/nossosriachos\/bioconhecer\/?page_id=501"},"modified":"2018-04-25T10:48:23","modified_gmt":"2018-04-25T13:48:23","slug":"projeto-pm","status":"publish","type":"page","link":"http:\/\/nossacasa.net\/nossosriachos\/bioconhecer\/projeto-pm\/","title":{"rendered":"Peixes Meninos Projeto"},"content":{"rendered":"<div style=\"text-align: justify;\">\n<p><img loading=\"lazy\" decoding=\"async\" class=\"aligncenter size-full wp-image-498\" src=\"http:\/\/nossacasa.net\/nossosriachos\/bioconhecer\/wp-content\/uploads\/sites\/10\/2018\/04\/pm_logo.jpg\" alt=\"\" width=\"600\" height=\"100\" srcset=\"http:\/\/nossacasa.net\/nossosriachos\/bioconhecer\/wp-content\/uploads\/sites\/10\/2018\/04\/pm_logo.jpg 600w, http:\/\/nossacasa.net\/nossosriachos\/bioconhecer\/wp-content\/uploads\/sites\/10\/2018\/04\/pm_logo-300x50.jpg 300w, http:\/\/nossacasa.net\/nossosriachos\/bioconhecer\/wp-content\/uploads\/sites\/10\/2018\/04\/pm_logo-500x83.jpg 500w\" sizes=\"auto, (max-width: 600px) 100vw, 600px\" \/><\/p>\n<table>\n<tbody>\n<tr>\n<td><a href=\"http:\/\/nossacasa.net\/nossosriachos\/bioconhecer\/capa-pm\/\">capa<\/a><\/td>\n<td><a href=\"http:\/\/nossacasa.net\/nossosriachos\/bioconhecer\/projeto-pm\/\">projeto<\/a><\/td>\n<td><a href=\"&quot;http:\/\/nossacasa.net\/nossosriachos\/bioconhecer\/participantes-pm\/\">participantes<\/a><\/td>\n<td><a href=\"&quot;http:\/\/nossacasa.net\/nossosriachos\/bioconhecer\/eventos-pm\">eventos<\/a><\/td>\n<td><a href=\"http:\/\/nossacasa.net\/nossosriachos\/bioconhecer\/fotografias-pm\/\">fotografias<\/a><\/td>\n<\/tr>\n<\/tbody>\n<\/table>\n<p><strong>1. APRESENTA\u00c7\u00c3O<\/strong><\/p>\n<p><strong>1.1 &#8211; Fundamenta\u00e7\u00e3o<\/strong><\/p>\n<p>O jovem se reencontra quando descobre dentro de si o seu valor, seu potencial, sua auto-estima e acima de tudo, quando encontra apoio para exercer a cidadania com dignidade e respeito.<\/p>\n<p>Nunca \u00e9 demais lembrar que todo ser humano tem condi\u00e7\u00f5es de funcionar de forma inteligente dentro de seu est\u00e1gio de pensamento, podendo criar e resolver problemas e n\u00e3o apenas reproduzir de maneira mec\u00e2nica aquilo que lhe ensinam. Pais e professores t\u00eam um papel importante na constru\u00e7\u00e3o da intelig\u00eancia da crian\u00e7a e do jovem, criando situa\u00e7\u00f5es que favore\u00e7am esta constru\u00e7\u00e3o.<\/p>\n<p>Aprender fazendo. Desenvolvendo a capacidade de nossos jovens de se engajarem ativamente em processo de conhecimento transversal aos conhecimentos adquiridos na escola de forma\u00e7\u00e3o b\u00e1sica, estes s\u00e3o os fundamentos do presente projeto.<\/p>\n<p><strong>1.2 &#8211; Justificativa<\/strong><\/p>\n<p>O N\u00facleo de Estudos do Meio Ambiente de Cumuruxatiba &#8211; NEMA CUMURU foi criado com a preocupa\u00e7\u00e3o de desenvolver compet\u00eancias que sejam harm\u00f4nicas com o Mei Ambiente, incluindo a\u00ed n\u00e3o s\u00f3 a natureza, mas tamb\u00e9m o homem e suas a\u00e7\u00f5es.Este nosso projeto se justifica por se propor levar ao conhecimento do maior n\u00famero de pessoas poss\u00edveis, quais e como s\u00e3o os peixes que vivem em nossos rios e riachos. As \u00e1guas doce s\u00e3o hoje um dos maiores bens da humanidade. Precisamos conhecer em detalhes todos os personagens deste ambiente vital para nossa sobreviv\u00eancia.<\/p>\n<p style=\"text-align: center;\"><strong>Quando olho o rio da minha inf\u00e2ncia<br \/>\ncarregando lixo e esgoto<br \/>\nno lugar da \u00e1gua onde nadei<br \/>\nD\u00f3i no fundo da minha alma<br \/>\nporque vi tudo acontecer<br \/>\ne me calei<br \/>\n<\/strong><em>Geraldo Eustaquio Ribeiro<\/em><\/p>\n<p><strong>2. OBJETIVOS<\/strong><\/p>\n<p><strong>2.1 Objetivo Gera<\/strong>l<\/p>\n<p>O objetivo geral do Projeto &#8220;Peixes Meninos&#8221; \u00e9 a impress\u00e3o de um livro com uma chave de identifica\u00e7\u00e3o visual de peixes de \u00e1gua doce do Extremo Sul da Bahia.<\/p>\n<p><strong>2.2 Objetivos Espec\u00edficos<\/strong><\/p>\n<p>O desenvolvimento do Projeto &#8220;Peixes Meninos&#8221; dever\u00e3o atingir os seguintes objetivos espec\u00edficos:<\/p>\n<p>a) Proporcionar a um grupo de jovens de Cumuruxatiba um maior e melhor conhecimento sobre os peixes de \u00e1gua doce;<\/p>\n<p>b) Desenvolver entre estes jovens o esp\u00edrito da pesquisa tanto no \u00e2mbito cient\u00edfico com o estudo dos peixes da regi\u00e3o, como no \u00e2mbito social com a realiza\u00e7\u00e3o de entrevistas com personagens da nossa cidade;<\/p>\n<p>c) Permitir a pr\u00e1tica de lideran\u00e7a e trabalho cooperativos, por meio de distribui\u00e7\u00e3o das diversas atividades do Projeto;<\/p>\n<p>d) Introduzir no\u00e7\u00f5es no uso da inform\u00e1tica, por meio das atividades de elabora\u00e7\u00e3o dos textos e imagens para a produ\u00e7\u00e3o do livro.;<\/p>\n<p>e) Introduzir no\u00e7\u00f5es de diagrama\u00e7\u00e3o e impress\u00e3o durante a confec\u00e7\u00e3o pr\u00e1tica do livro;<\/p>\n<p>f) Exercitar a coopera\u00e7\u00e3o inter-grupos por meio da divulga\u00e7\u00e3o do livreto nas escolas, museus e outros espa\u00e7os p\u00fablicos;<\/p>\n<p style=\"text-align: center;\"><strong>\u00c1gua Funda<\/strong><br \/>\n<strong> (<\/strong><em>Simone Guimar\u00e3es<\/em><strong>)<\/strong><\/p>\n<p style=\"text-align: center;\"><strong>Eu venho da \u00e1gua funda<\/strong><br \/>\n<strong> Da \u00e1gua funda do rio<\/strong><br \/>\n<strong> Sou filha do peixe-estrela<\/strong><br \/>\n<strong> E com seus olhos me guio<\/strong><br \/>\n<strong> Do cantar da ui\u00e1ra<\/strong><br \/>\n<strong> No canto eu me desafio<\/strong><br \/>\n<strong> Meu cora\u00e7\u00e3o \u00e9 a cara<\/strong><br \/>\n<strong> E os meus olhos dois rios<\/strong><br \/>\n<strong> \u00c1gua de rio nunca p\u00e1ra<\/strong><br \/>\n<strong> E eu vivo ent\u00e3o por um fio<\/strong><br \/>\n<strong> Um dia as \u00e1guas me levam<\/strong><br \/>\n<strong> E no meu rastro, meu trilho,<\/strong><br \/>\n<strong> H\u00e3o de brilhar as estrelas,<\/strong><br \/>\n<strong> H\u00e3o de cantar o seu brilho<\/strong>.<\/p>\n<p><strong>3. METODOLOGIA<\/strong><\/p>\n<p>O livro de classifica\u00e7\u00e3o visual dos peixes de \u00e1gua doce do Extremo Sul da Bahia ser\u00e1 desenvolvido com base nas listas de peixes desta regi\u00e3o elaboradas por pesquisadores e icti\u00f3logos e publicadas em revistas cient\u00edficas.<\/p>\n<p>O material ilustrativo \u00e9 constitu\u00eddo por fotografias em aqu\u00e1rio elaboradas durante campanhas de trabalho de campo nos rios da regi\u00e3o pela equipe de pesquisadores do Projeto BioBahia. Poder\u00e3o ser usadas fotos de peixes da cole\u00e7\u00e3o para complementa\u00e7\u00e3o.<\/p>\n<p>As caracter\u00edsticas taxon\u00f4micas das chaves ser\u00e3o baseadas fundamentalmente em caracteres morfol\u00f3gicos, que permitam uma identifica\u00e7\u00e3o visual das esp\u00e9cies. As esp\u00e9cies ser\u00e3o separadas por grupos taxon\u00f4micos, descritos no texto da publica\u00e7\u00e3o.<\/p>\n<p>A elabora\u00e7\u00e3o dos livretos usar\u00e1 softwares de uso comum e os livros ser\u00e3o impressos em impressora do tipo jato de tinta colorida.<\/p>\n<p><strong>4. PLANO DE TRABALHO<\/strong><\/p>\n<p><strong>4.1. Atividades de ensino<\/strong><\/p>\n<p>Aos s\u00e1bados pela manh\u00e3 ser\u00e3o realizadas palestras e trabalhos. Conhecimento sobre peixes de \u00e1gua doce, fundamentos de inform\u00e1tica e pr\u00e1ticas de projeto ser\u00e3o ministrados pela Dra Luisa Maria Sarmento Soares e Ronaldo Fernando Martins Pinheiro.<\/p>\n<p><strong>4.2. Atividades pr\u00e1ticas<\/strong><\/p>\n<p>As quartas feiras ser\u00e3o realizadas atividades pr\u00e1ticas em dois grupos, constando de colet\u00e2nea e resumo de informa\u00e7\u00f5es sobre os peixes que ir\u00e3o ser catalogados, busca de imagens destes peixes, digita\u00e7\u00e3o do material e prepara\u00e7\u00e3o gr\u00e1fica do livro.<\/p>\n<p><strong>4.3. Atividades de campo<\/strong><\/p>\n<p>As atividades de campo para entrevistas e observa\u00e7\u00f5es ser\u00e3o realizadas e datas combinadas com o grupo para estas atividades.<\/p>\n<p><strong>5. RECURSOS<\/strong><\/p>\n<p><strong>5.1. Recursos Humanos<\/strong><\/p>\n<p>As atividades ser\u00e3o realizadas em coopera\u00e7\u00e3o com o Projeto BioBahia e os jovens que participar\u00e3o do projeto ser\u00e3o escolhidos democraticamente pelo grupo de jovens que formam a Patrullha Ambiental de Cumuruxatiba.<\/p>\n<p><strong>5.2 Recursos Materiais<\/strong><\/p>\n<p>O Projeto BioBahia ir\u00e1 disponibilizar um sala, com micro computador ligado a Internet e os livros para as pesquisas necess\u00e1rias.<\/p>\n<p>Para impress\u00e3o do livro ser\u00e1 utilizado material disponibilizado pelo Projeto <strong>BioBahia<\/strong>.<\/p>\n<p style=\"text-align: center;\"><strong>Quando olho o rio da minha inf\u00e2ncia<\/strong><br \/>\n<strong> sem os peixes que eu pescava<\/strong><br \/>\n<strong> sem a \u00e1gua que eu bebia<\/strong><br \/>\n<strong> D\u00f3i fundo no pensamento<\/strong><br \/>\n<strong> pela minha omiss\u00e3o e<\/strong><br \/>\n<strong> da responsabilidade que eu fugi<\/strong><br \/>\n<strong> Onde foram parar os rios?<\/strong><br \/>\n<strong> Ainda d\u00e1 tempo.<\/strong><br \/>\n<em>Geraldo Eustaquio Ribeiro<\/em><\/p>\n<p><strong>6. OR\u00c7AMENTO e CRONOGRAMA<\/strong><\/p>\n<p>O or\u00e7amento do projeto ser\u00e1 administrado e os recursos providos pelo Projeto BioBahia, parceiro do projeto.<\/p>\n<p><strong>CRONOGRAMA GERAL DE ATIVIDADES<\/strong><br \/>\n<img loading=\"lazy\" decoding=\"async\" class=\"aligncenter size-full wp-image-504\" src=\"http:\/\/nossacasa.net\/nossosriachos\/bioconhecer\/wp-content\/uploads\/sites\/10\/2018\/04\/pm_cronograma_geral.jpg\" alt=\"\" width=\"581\" height=\"148\" srcset=\"http:\/\/nossacasa.net\/nossosriachos\/bioconhecer\/wp-content\/uploads\/sites\/10\/2018\/04\/pm_cronograma_geral.jpg 581w, http:\/\/nossacasa.net\/nossosriachos\/bioconhecer\/wp-content\/uploads\/sites\/10\/2018\/04\/pm_cronograma_geral-300x76.jpg 300w, http:\/\/nossacasa.net\/nossosriachos\/bioconhecer\/wp-content\/uploads\/sites\/10\/2018\/04\/pm_cronograma_geral-500x127.jpg 500w\" sizes=\"auto, (max-width: 581px) 100vw, 581px\" \/><\/p>\n<p><strong>CRONOGRAMA DETALHADO DE ATIVIDADES<\/strong><br \/>\n<img loading=\"lazy\" decoding=\"async\" class=\"aligncenter size-full wp-image-505\" src=\"http:\/\/nossacasa.net\/nossosriachos\/bioconhecer\/wp-content\/uploads\/sites\/10\/2018\/04\/pm_cronograma_detalhado.jpg\" alt=\"\" width=\"967\" height=\"212\" srcset=\"http:\/\/nossacasa.net\/nossosriachos\/bioconhecer\/wp-content\/uploads\/sites\/10\/2018\/04\/pm_cronograma_detalhado.jpg 967w, http:\/\/nossacasa.net\/nossosriachos\/bioconhecer\/wp-content\/uploads\/sites\/10\/2018\/04\/pm_cronograma_detalhado-300x66.jpg 300w, http:\/\/nossacasa.net\/nossosriachos\/bioconhecer\/wp-content\/uploads\/sites\/10\/2018\/04\/pm_cronograma_detalhado-768x168.jpg 768w, http:\/\/nossacasa.net\/nossosriachos\/bioconhecer\/wp-content\/uploads\/sites\/10\/2018\/04\/pm_cronograma_detalhado-500x110.jpg 500w\" sizes=\"auto, (max-width: 967px) 100vw, 967px\" \/><\/p>\n<p><strong>7. CONCLUS\u00c3O<\/strong><\/p>\n<p><strong>7.1 Considera\u00e7\u00f5es Finais<\/strong><\/p>\n<p>Este projeto ir\u00e1 permitir aos jovens desenvolver diversas compet\u00eancias relacionadas com a capacidade de opera\u00e7\u00e3o aut\u00f4noma mas solid\u00e1ria. Estas s\u00e3o duas caracter\u00edsticas fundamentais para que se produza uma gera\u00e7\u00e3o capaz de lidar melhor com o meio ambiente do que as gera\u00e7\u00f5es anteriores.<\/p>\n<p>O jovem tem que sentir livre, mas precisa entender que esta liberdade tem que estar comprometida com a qualidade de vida de toda a comunidade. Ningu\u00e9m ser\u00e1 completamente feliz em uma comunidade infeliz. Ningu\u00e9m ser\u00e1 completamente livre numa comunidade oprimida.<\/p>\n<p><strong>7.2 Mensagem de Encerramento<\/strong><\/p>\n<p style=\"text-align: center;\"><strong>&#8220;Espero tenho f\u00e9<\/strong><br \/>\n<strong> que jamais<\/strong><br \/>\n<strong> jamais passarei pela vergonha<\/strong><br \/>\n<strong> de me acomodar.&#8221;<\/strong><br \/>\n<em>Maiakovsky<\/em><\/p>\n<p><strong>EQUIPE DO PROJETO:<\/strong><\/p>\n<p>Luisa Maria Sarmento Soares<br \/>\nRonaldo Fernando Martins Pinheiro<br \/>\nManoela Almeida dos Santos<br \/>\nCamila Almeida dos Santos<br \/>\nAna Carolina Sarmento Soares Porto<br \/>\nMaine Silva Azevedo<br \/>\nFabio Santos Cunha<br \/>\nRaiher Fonseca Soares<\/p>\n<\/div>\n","protected":false},"excerpt":{"rendered":"<p>capa projeto participantes eventos fotografias 1. APRESENTA\u00c7\u00c3O 1.1 &#8211; Fundamenta\u00e7\u00e3o O jovem se reencontra quando descobre dentro de si o seu valor, seu potencial, sua auto-estima e acima de tudo, quando encontra apoio para exercer a cidadania com dignidade e &hellip; <a href=\"http:\/\/nossacasa.net\/nossosriachos\/bioconhecer\/projeto-pm\/\">Continue lendo <span class=\"meta-nav\">&rarr;<\/span><\/a><\/p>\n","protected":false},"author":1,"featured_media":498,"parent":0,"menu_order":0,"comment_status":"closed","ping_status":"closed","template":"","meta":{"footnotes":""},"class_list":["post-501","page","type-page","status-publish","has-post-thumbnail","hentry"],"_links":{"self":[{"href":"http:\/\/nossacasa.net\/nossosriachos\/bioconhecer\/wp-json\/wp\/v2\/pages\/501","targetHints":{"allow":["GET"]}}],"collection":[{"href":"http:\/\/nossacasa.net\/nossosriachos\/bioconhecer\/wp-json\/wp\/v2\/pages"}],"about":[{"href":"http:\/\/nossacasa.net\/nossosriachos\/bioconhecer\/wp-json\/wp\/v2\/types\/page"}],"author":[{"embeddable":true,"href":"http:\/\/nossacasa.net\/nossosriachos\/bioconhecer\/wp-json\/wp\/v2\/users\/1"}],"replies":[{"embeddable":true,"href":"http:\/\/nossacasa.net\/nossosriachos\/bioconhecer\/wp-json\/wp\/v2\/comments?post=501"}],"version-history":[{"count":3,"href":"http:\/\/nossacasa.net\/nossosriachos\/bioconhecer\/wp-json\/wp\/v2\/pages\/501\/revisions"}],"predecessor-version":[{"id":506,"href":"http:\/\/nossacasa.net\/nossosriachos\/bioconhecer\/wp-json\/wp\/v2\/pages\/501\/revisions\/506"}],"wp:featuredmedia":[{"embeddable":true,"href":"http:\/\/nossacasa.net\/nossosriachos\/bioconhecer\/wp-json\/wp\/v2\/media\/498"}],"wp:attachment":[{"href":"http:\/\/nossacasa.net\/nossosriachos\/bioconhecer\/wp-json\/wp\/v2\/media?parent=501"}],"curies":[{"name":"wp","href":"https:\/\/api.w.org\/{rel}","templated":true}]}}