{"id":51,"date":"2018-04-23T14:16:13","date_gmt":"2018-04-23T17:16:13","guid":{"rendered":"http:\/\/nossacasa.net\/nossosriachos\/bioconhecer\/?page_id=51"},"modified":"2018-04-23T14:56:06","modified_gmt":"2018-04-23T17:56:06","slug":"palestras","status":"publish","type":"page","link":"http:\/\/nossacasa.net\/nossosriachos\/bioconhecer\/palestras\/","title":{"rendered":"Palestras"},"content":{"rendered":"<div style=\"text-align:justify\">\n<img loading=\"lazy\" decoding=\"async\" src=\"http:\/\/nossacasa.net\/nossosriachos\/bioconhecer\/wp-content\/uploads\/sites\/10\/2018\/04\/palestras.jpg\" alt=\"\" width=\"200\" height=\"172\" class=\"alignleft size-full wp-image-28\" \/>Palestras e apresenta\u00e7\u00f5es para estudantes e p\u00fablicos de diferentes n\u00edveis, sempre abordando temas trabalhados e desenvolvidos no \u00e2mbito do <strong><em>nossosriachos<\/em><\/strong> ou com participa\u00e7\u00e3o de seus membros.<\/p>\n<p>.<\/p>\n<hr>\n<p><strong>Eventos:<\/strong><br \/>\n<a href=\"http:\/\/nossacasa.net\/nossosriachos\/bioconhecer\/pan-pema\/\">Reuni\u00e3o Preparat\u00f3ria do Plano de A\u00e7\u00e3o Nacional para a Conserva\u00e7\u00e3o dos Peixes e Invertebrados da Mata Atl\u00e2ntica<\/a>\n<\/div>\n","protected":false},"excerpt":{"rendered":"<p>Palestras e apresenta\u00e7\u00f5es para estudantes e p\u00fablicos de diferentes n\u00edveis, sempre abordando temas trabalhados e desenvolvidos no \u00e2mbito do nossosriachos ou com participa\u00e7\u00e3o de seus membros. . Eventos: Reuni\u00e3o Preparat\u00f3ria do Plano de A\u00e7\u00e3o Nacional para a Conserva\u00e7\u00e3o dos Peixes &hellip; <a href=\"http:\/\/nossacasa.net\/nossosriachos\/bioconhecer\/palestras\/\">Continue lendo <span class=\"meta-nav\">&rarr;<\/span><\/a><\/p>\n","protected":false},"author":1,"featured_media":28,"parent":0,"menu_order":0,"comment_status":"closed","ping_status":"closed","template":"","meta":{"footnotes":""},"class_list":["post-51","page","type-page","status-publish","has-post-thumbnail","hentry"],"_links":{"self":[{"href":"http:\/\/nossacasa.net\/nossosriachos\/bioconhecer\/wp-json\/wp\/v2\/pages\/51","targetHints":{"allow":["GET"]}}],"collection":[{"href":"http:\/\/nossacasa.net\/nossosriachos\/bioconhecer\/wp-json\/wp\/v2\/pages"}],"about":[{"href":"http:\/\/nossacasa.net\/nossosriachos\/bioconhecer\/wp-json\/wp\/v2\/types\/page"}],"author":[{"embeddable":true,"href":"http:\/\/nossacasa.net\/nossosriachos\/bioconhecer\/wp-json\/wp\/v2\/users\/1"}],"replies":[{"embeddable":true,"href":"http:\/\/nossacasa.net\/nossosriachos\/bioconhecer\/wp-json\/wp\/v2\/comments?post=51"}],"version-history":[{"count":6,"href":"http:\/\/nossacasa.net\/nossosriachos\/bioconhecer\/wp-json\/wp\/v2\/pages\/51\/revisions"}],"predecessor-version":[{"id":63,"href":"http:\/\/nossacasa.net\/nossosriachos\/bioconhecer\/wp-json\/wp\/v2\/pages\/51\/revisions\/63"}],"wp:featuredmedia":[{"embeddable":true,"href":"http:\/\/nossacasa.net\/nossosriachos\/bioconhecer\/wp-json\/wp\/v2\/media\/28"}],"wp:attachment":[{"href":"http:\/\/nossacasa.net\/nossosriachos\/bioconhecer\/wp-json\/wp\/v2\/media?parent=51"}],"curies":[{"name":"wp","href":"https:\/\/api.w.org\/{rel}","templated":true}]}}