{"id":544,"date":"2018-04-25T13:19:46","date_gmt":"2018-04-25T16:19:46","guid":{"rendered":"http:\/\/nossacasa.net\/nossosriachos\/bioconhecer\/?page_id=544"},"modified":"2018-04-25T14:29:04","modified_gmt":"2018-04-25T17:29:04","slug":"peixes-meninos-eventos","status":"publish","type":"page","link":"http:\/\/nossacasa.net\/nossosriachos\/bioconhecer\/peixes-meninos-eventos\/","title":{"rendered":"Peixes Meninos Eventos"},"content":{"rendered":"<div style=\"text-align: justify;\">\n<img loading=\"lazy\" decoding=\"async\" class=\"aligncenter size-full wp-image-498\" src=\"http:\/\/nossacasa.net\/nossosriachos\/bioconhecer\/wp-content\/uploads\/sites\/10\/2018\/04\/pm_logo.jpg\" alt=\"\" width=\"600\" height=\"100\" srcset=\"http:\/\/nossacasa.net\/nossosriachos\/bioconhecer\/wp-content\/uploads\/sites\/10\/2018\/04\/pm_logo.jpg 600w, http:\/\/nossacasa.net\/nossosriachos\/bioconhecer\/wp-content\/uploads\/sites\/10\/2018\/04\/pm_logo-300x50.jpg 300w, http:\/\/nossacasa.net\/nossosriachos\/bioconhecer\/wp-content\/uploads\/sites\/10\/2018\/04\/pm_logo-500x83.jpg 500w\" sizes=\"auto, (max-width: 600px) 100vw, 600px\" \/><\/p>\n<table>\n<tbody>\n<tr>\n<td><a href=\"http:\/\/nossacasa.net\/nossosriachos\/bioconhecer\/capa-pm\/\">capa<\/a><\/td>\n<td><a href=\"http:\/\/nossacasa.net\/nossosriachos\/bioconhecer\/projeto-pm\/\">projeto<\/a><\/td>\n<td><a href=\"&quot;http:\/\/nossacasa.net\/nossosriachos\/bioconhecer\/participantes-pm\/\">participantes<\/a><\/td>\n<td><a href=\"&quot;http:\/\/nossacasa.net\/nossosriachos\/bioconhecer\/eventos-pm\">eventos<\/a><\/td>\n<td><a href=\"http:\/\/nossacasa.net\/nossosriachos\/bioconhecer\/fotografias-pm\/\">fotografias<\/a><\/td>\n<\/tr>\n<\/tbody>\n<\/table>\n<table border=\"0\" cellspacing=\"0\" cellpadding=\"0\">\n<caption><B>Eventos dos Peixes Meninos<\/B><\/caption>\n<tr>\n<td><B>\u00cdndice por data<\/B><\/td>\n<td><B>\u00cdndice por assunto<\/B><\/td>\n<\/tr>\n<tr>\n<td width=\"200\"><a href=\"#1\">Dezembro de 2007<\/a><\/td>\n<td width=\"200\"><a href=\"#2\">Os certificados<\/a><\/td>\n<\/tr>\n<tr>\n<td width=\"200\"><a href=\"#3\">Novembro de 2007<\/a><\/td>\n<td width=\"200\"><a href=\"#4\">A hora do c\u00f4co<\/a><\/td>\n<\/tr>\n<tr>\n<td width=\"200\"><a href=\"#5\">Outubro de 2007<\/a><\/td>\n<td width=\"200\"><a href=\"#6\">Fotografando os peixes<\/a><\/td>\n<\/tr>\n<tr>\n<td width=\"200\"><a href=\"#7\">Setembro de 2007<\/a><\/td>\n<td width=\"200\"><a href=\"#8\">Participa\u00e7\u00e3o no Congresso<\/a><\/td>\n<\/tr>\n<tr>\n<td width=\"200\"><a href=\"#9\">Julho de 2007<\/a><\/td>\n<td width=\"200\"><a href=\"#10\">Fazenda Gua\u00edra<\/a><\/td>\n<\/tr>\n<tr>\n<td width=\"200\"><a href=\"#11\">Junho de 2007<\/a><\/td>\n<td width=\"200\"><a href=\"#12\">Nos entorno do Parque e usando a lupa<\/a><\/td>\n<\/tr>\n<tr>\n<td width=\"200\"><a href=\"#13\">Maio de 2007<\/a><\/td>\n<td width=\"200\"><a href=\"#14\">Medindo par\u00e2mteros da \u00e1gua<\/a><\/td>\n<\/tr>\n<tr>\n<td width=\"200\"><a href=\"#15\">Abril de 2007<\/a><\/td>\n<td width=\"200\"><a href=\"#16\">Praia do Moreira e seus donos<\/a><\/td>\n<\/tr>\n<tr>\n<td width=\"200\"><a href=\"#17\">Mar\u00e7o de 2007<\/a><\/td>\n<td width=\"200\"><a href=\"#18\">Triagem de peixes<\/a><\/td>\n<\/tr>\n<tr>\n<td width=\"200\"><a href=\"#19\">Fevereiro de 2007<\/a><\/td>\n<td width=\"200\"><a href=\"#20\">F\u00e9rias<\/a><\/td>\n<\/tr>\n<tr>\n<td width=\"200\"><a href=\"#21\">Janeiro de 2007<\/a><\/td>\n<td width=\"200\"><a href=\"#22\">Montagem da exposi\u00e7\u00e3o<\/a><\/td>\n<\/tr>\n<tr>\n<td width=\"200\"><a href=\"#23\">Dezembro de 2006<\/a><\/td>\n<td width=\"200\"><a href=\"#24\">Prepara\u00e7\u00e3o da exposi\u00e7\u00e3o<\/a><\/td>\n<\/tr>\n<tr>\n<td width=\"200\"><a href=\"#24\">Novembro de 2006<\/a><\/td>\n<td width=\"200\"><a href=\"#26\">Aula de coleta no C\u00f3rrego do Ouro<\/a><\/td>\n<\/tr>\n<tr>\n<td width=\"200\"><a href=\"#27\">Outubro de 2006<\/a><\/td>\n<td width=\"200\"><a href=\"#28\">Aula de Campo no Japara<\/a><\/td>\n<\/tr>\n<tr>\n<td width=\"200\"><a href=\"#29\">Setembro de 2006<\/a><\/td>\n<td width=\"200\"><a href=\"#30\">Montagem da sede do Nema e Ossada da tartaruga<\/a><\/td>\n<\/tr>\n<tr>\n<td width=\"200\"><a href=\"#31\">Agosto de 2006<\/a><\/td>\n<td width=\"200\"><a href=\"#32\">Pintura da sede do Nema e Oficina de Meio Ambiente<\/a><\/td>\n<\/tr>\n<tr>\n<td width=\"200\"><a href=\"#33\">Julho de 2006<\/a><\/td>\n<td width=\"200\"><a href=\"#34\">Projeto da APPA para a RESEX e Aula na praia<\/a><\/td>\n<\/tr>\n<tr>\n<td width=\"200\"><a href=\"#35\">Junho de 2006<\/a><\/td>\n<td width=\"200\"><a href=\"#36\">Apresenta\u00e7\u00e3o do Projeto Peixe Meninos ao NEMA<\/a><\/td>\n<\/tr>\n<tr>\n<td width=\"200\"><a href=\"#37\">Maio de 2006<\/a><\/td>\n<td width=\"200\"><a href=\"#38\">Logotipo e Elei\u00e7\u00e3o do NEMA<\/a><\/td>\n<\/tr>\n<\/table>\n<hr>\n<hr>\n<p><strong>2007<\/strong><\/p>\n<table border=\"0\" cellspacing=\"0\" cellpadding=\"0\">\n<tr>\n<td width=\"200\"><a name=\"1\"><strong>DEZEMBRO<\/strong><\/a><\/td>\n<td width=\"200\"><a name=\"2\">Os certificados do curso<\/a>\n<\/td>\n<\/tr>\n<tr>\n<td  colspan=\"2\">\n<img loading=\"lazy\" decoding=\"async\" src=\"http:\/\/nossacasa.net\/nossosriachos\/bioconhecer\/wp-content\/uploads\/sites\/10\/2018\/04\/005_22.jpg\" alt=\"\" width=\"480\" height=\"360\" class=\"aligncenter size-full wp-image-548\" srcset=\"http:\/\/nossacasa.net\/nossosriachos\/bioconhecer\/wp-content\/uploads\/sites\/10\/2018\/04\/005_22.jpg 480w, http:\/\/nossacasa.net\/nossosriachos\/bioconhecer\/wp-content\/uploads\/sites\/10\/2018\/04\/005_22-300x225.jpg 300w, http:\/\/nossacasa.net\/nossosriachos\/bioconhecer\/wp-content\/uploads\/sites\/10\/2018\/04\/005_22-400x300.jpg 400w\" sizes=\"auto, (max-width: 480px) 100vw, 480px\" \/><\/td>\n<\/tr>\n<tr>\n<td width=\"200\"><a name=\"3\"><strong>NOVEMBRO<\/strong><\/a><\/td>\n<td width=\"200\"><a name=\"4\">A hora do C\u00f4co<\/a>\n<\/td>\n<tr>\n<td  colspan=\"2\"><img loading=\"lazy\" decoding=\"async\" src=\"http:\/\/nossacasa.net\/nossosriachos\/bioconhecer\/wp-content\/uploads\/sites\/10\/2018\/04\/005_21.jpg\" alt=\"\" width=\"480\" height=\"360\" class=\"aligncenter size-full wp-image-551\" srcset=\"http:\/\/nossacasa.net\/nossosriachos\/bioconhecer\/wp-content\/uploads\/sites\/10\/2018\/04\/005_21.jpg 480w, http:\/\/nossacasa.net\/nossosriachos\/bioconhecer\/wp-content\/uploads\/sites\/10\/2018\/04\/005_21-300x225.jpg 300w, http:\/\/nossacasa.net\/nossosriachos\/bioconhecer\/wp-content\/uploads\/sites\/10\/2018\/04\/005_21-400x300.jpg 400w\" sizes=\"auto, (max-width: 480px) 100vw, 480px\" \/><\/td>\n<\/tr>\n<tr>\n<td width=\"200\"><a name=\"5\"><strong>OUTUBRO<\/strong><\/a><\/td>\n<td width=\"200\"><a name=\"6\">Fotografando os peixes<\/a>\n<\/td>\n<tr>\n<td  colspan=\"2\"><img loading=\"lazy\" decoding=\"async\" src=\"http:\/\/nossacasa.net\/nossosriachos\/bioconhecer\/wp-content\/uploads\/sites\/10\/2018\/04\/005_20.jpg\" alt=\"\" width=\"480\" height=\"360\" class=\"aligncenter size-full wp-image-554\" srcset=\"http:\/\/nossacasa.net\/nossosriachos\/bioconhecer\/wp-content\/uploads\/sites\/10\/2018\/04\/005_20.jpg 480w, http:\/\/nossacasa.net\/nossosriachos\/bioconhecer\/wp-content\/uploads\/sites\/10\/2018\/04\/005_20-300x225.jpg 300w, http:\/\/nossacasa.net\/nossosriachos\/bioconhecer\/wp-content\/uploads\/sites\/10\/2018\/04\/005_20-400x300.jpg 400w\" sizes=\"auto, (max-width: 480px) 100vw, 480px\" \/><\/td>\n<tr>\n<td width=\"200\"><a name=\"7\"><strong>SETEMBRO<\/strong><\/a><\/td>\n<td width=\"200\"><a name=\"8\">Participa\u00e7\u00e3o no Congresso<\/a>\n<\/td>\n<\/tr>\n<tr>\n<td  colspan=\"2\"><img loading=\"lazy\" decoding=\"async\" src=\"http:\/\/nossacasa.net\/nossosriachos\/bioconhecer\/wp-content\/uploads\/sites\/10\/2018\/04\/005_19.jpg\" alt=\"\" width=\"480\" height=\"360\" class=\"aligncenter size-full wp-image-554\" \/><\/td>\n<\/tr>\n<tr>\n<td width=\"200\"><a name=\"9\"><strong>JULHO<\/strong><\/a><\/td>\n<td width=\"200\"><a name=\"10\">Fazenda Gua\u00edra<\/a>\n<\/td>\n<\/tr>\n<tr>\n<td  colspan=\"2\"><img loading=\"lazy\" decoding=\"async\" src=\"http:\/\/nossacasa.net\/nossosriachos\/bioconhecer\/wp-content\/uploads\/sites\/10\/2018\/04\/005_18.jpg\" alt=\"\" width=\"480\" height=\"360\" class=\"aligncenter size-full wp-image-554\" \/><\/td>\n<\/tr>\n<tr>\n<td width=\"200\"><a name=\"11\"><strong>JUNHO<\/strong><\/a><\/td>\n<td width=\"200\"><a name=\"12\">Nos entorno do Parque e usando a lupa<\/a>\n<\/td>\n<tr>\n<td  colspan=\"2\"><img loading=\"lazy\" decoding=\"async\" src=\"http:\/\/nossacasa.net\/nossosriachos\/bioconhecer\/wp-content\/uploads\/sites\/10\/2018\/04\/005_17.jpg\" alt=\"\" width=\"480\" height=\"360\" class=\"aligncenter size-full wp-image-554\" \/><\/td>\n<\/tr>\n<tr>\n<td  colspan=\"2\"><img loading=\"lazy\" decoding=\"async\" src=\"http:\/\/nossacasa.net\/nossosriachos\/bioconhecer\/wp-content\/uploads\/sites\/10\/2018\/04\/005_16.jpg\" alt=\"\" width=\"480\" height=\"360\" class=\"aligncenter size-full wp-image-554\" \/><\/td>\n<\/tr>\n<tr>\n<td width=\"200\"><a name=\"13\"><strong>MAIO<\/strong><\/a><\/td>\n<td width=\"200\"><a name=\"14\">Medindo par\u00e2mteros da \u00e1gua<\/a>\n<\/td>\n<\/tr>\n<tr>\n<td  colspan=\"2\"><img loading=\"lazy\" decoding=\"async\" src=\"http:\/\/nossacasa.net\/nossosriachos\/bioconhecer\/wp-content\/uploads\/sites\/10\/2018\/04\/005_15.jpg\" alt=\"\" width=\"480\" height=\"360\" class=\"aligncenter size-full wp-image-554\" \/><\/td>\n<\/tr>\n<tr>\n<td width=\"200\"><a name=\"15\"><strong>ABRIL<\/strong><\/a><\/td>\n<td width=\"200\"><a name=\"16\">Praia do Moreira e seus donos<\/a>\n<\/td>\n<tr>\n<td  colspan=\"2\"><img loading=\"lazy\" decoding=\"async\" src=\"http:\/\/nossacasa.net\/nossosriachos\/bioconhecer\/wp-content\/uploads\/sites\/10\/2018\/04\/005_14.jpg\" alt=\"\" width=\"480\" height=\"360\" class=\"aligncenter size-full wp-image-554\" \/><\/td>\n<\/tr>\n<tr>\n<td width=\"200\"><a name=\"17\"><strong>MAR\u00c7O<\/strong><\/a><\/td>\n<td width=\"200\"><a name=\"18\">Triagem de peixes<\/a>\n<\/td>\n<tr>\n<td  colspan=\"2\"><img loading=\"lazy\" decoding=\"async\" src=\"http:\/\/nossacasa.net\/nossosriachos\/bioconhecer\/wp-content\/uploads\/sites\/10\/2018\/04\/005_13.jpg\" alt=\"\" width=\"480\" height=\"360\" class=\"aligncenter size-full wp-image-554\" \/><\/td>\n<\/tr>\n<tr>\n<td width=\"200\"><a name=\"19\"><strong>FEVEREIRO<\/strong><\/a><\/td>\n<td width=\"200\"><a name=\"20\">F\u00e9rias<\/a>\n<\/td>\n<\/tr>\n<tr>\n<td  colspan=\"2\"><img loading=\"lazy\" decoding=\"async\" src=\"http:\/\/nossacasa.net\/nossosriachos\/bioconhecer\/wp-content\/uploads\/sites\/10\/2018\/04\/005_12.jpg\" alt=\"\" width=\"480\" height=\"360\" class=\"aligncenter size-full wp-image-554\" \/><\/td>\n<\/tr>\n<tr>\n<td width=\"200\"><a name=\"21\"><strong>JANEIRO<\/strong><\/a><\/td>\n<td width=\"200\"><a name=\"22\">Montagem da exposi\u00e7\u00e3o<\/a>\n<\/td>\n<tr>\n<td  colspan=\"2\"><img loading=\"lazy\" decoding=\"async\" src=\"http:\/\/nossacasa.net\/nossosriachos\/bioconhecer\/wp-content\/uploads\/sites\/10\/2018\/04\/005_11.jpg\" alt=\"\" width=\"480\" height=\"360\" class=\"aligncenter size-full wp-image-554\" \/><\/td>\n<\/tr>\n<\/table>\n<hr>\n<p><strong>2006<\/strong><\/p>\n<table border=\"0\" cellspacing=\"0\" cellpadding=\"0\">\n<tr>\n<td width=\"200\"><a name=\"23\"><strong>DEZEMBRO<\/strong><\/a><\/td>\n<td width=\"200\"><a name=\"24\">Prepara\u00e7\u00e3o da exposi\u00e7\u00e3o<\/a>\n<\/td>\n<\/tr>\n<tr>\n<td  colspan=\"2\"><img loading=\"lazy\" decoding=\"async\" src=\"http:\/\/nossacasa.net\/nossosriachos\/bioconhecer\/wp-content\/uploads\/sites\/10\/2018\/04\/005_10.jpg\" alt=\"\" width=\"480\" height=\"360\" class=\"aligncenter size-full wp-image-554\" \/><\/td>\n<\/tr>\n<tr>\n<td  colspan=\"2\"><img loading=\"lazy\" decoding=\"async\" src=\"http:\/\/nossacasa.net\/nossosriachos\/bioconhecer\/wp-content\/uploads\/sites\/10\/2018\/04\/005_09.jpg\" alt=\"\" width=\"480\" height=\"360\" class=\"aligncenter size-full wp-image-554\" \/><\/td>\n<\/tr>\n<tr>\n<td width=\"200\"><a name=\"25\"><strong>NOVEMBRO<\/strong><\/a><\/td>\n<td width=\"200\"><a name=\"26\">Aula de coleta no C\u00f3rrego do Ouro<\/a>\n<\/td>\n<tr>\n<td  colspan=\"2\"><img loading=\"lazy\" decoding=\"async\" src=\"http:\/\/nossacasa.net\/nossosriachos\/bioconhecer\/wp-content\/uploads\/sites\/10\/2018\/04\/005_08.jpg\" alt=\"\" width=\"480\" height=\"360\" class=\"aligncenter size-full wp-image-554\" \/><\/td>\n<\/tr>\n<tr>\n<td width=\"200\"><a name=\"27\"><strong>OUTUBRO<\/strong><\/a><\/td>\n<td width=\"200\"><a name=\"28\">Aula de Campo no Japara<\/a>\n<\/td>\n<tr>\n<td  colspan=\"2\"><img loading=\"lazy\" decoding=\"async\" src=\"http:\/\/nossacasa.net\/nossosriachos\/bioconhecer\/wp-content\/uploads\/sites\/10\/2018\/04\/005_07.jpg\" alt=\"\" width=\"480\" height=\"360\" class=\"aligncenter size-full wp-image-554\" \/><\/td>\n<\/tr>\n<tr>\n<td width=\"200\"><a name=\"29\"><strong>SETEMBRO<\/strong><\/a><\/td>\n<td width=\"200\"><a name=\"30\">Montagem da sede do Nema e Ossada da tartaruga<\/a>\n<\/td>\n<\/tr>\n<tr>\n<td  colspan=\"2\"><img loading=\"lazy\" decoding=\"async\" src=\"http:\/\/nossacasa.net\/nossosriachos\/bioconhecer\/wp-content\/uploads\/sites\/10\/2018\/04\/005_06.jpg\" alt=\"\" width=\"480\" height=\"360\" class=\"aligncenter size-full wp-image-554\" \/><\/td>\n<\/tr>\n<tr>\n<td  colspan=\"2\"><img loading=\"lazy\" decoding=\"async\" src=\"http:\/\/nossacasa.net\/nossosriachos\/bioconhecer\/wp-content\/uploads\/sites\/10\/2018\/04\/005_05.jpg\" alt=\"\" width=\"480\" height=\"360\" class=\"aligncenter size-full wp-image-554\" \/><\/td>\n<\/tr>\n<tr>\n<td width=\"200\"><a name=\"31\"><strong>AGOSTO<\/strong><\/a><\/td>\n<td width=\"200\"><a name=\"32\">Pintura da sede do Nema e Oficina de Meio Ambiente<\/a>\n<\/td>\n<tr>\n<td  colspan=\"2\"><img loading=\"lazy\" decoding=\"async\" src=\"http:\/\/nossacasa.net\/nossosriachos\/bioconhecer\/wp-content\/uploads\/sites\/10\/2018\/04\/005_04.jpg\" alt=\"\" width=\"480\" height=\"360\" class=\"aligncenter size-full wp-image-554\" \/><\/td>\n<\/tr>\n<tr>\n<td  colspan=\"2\"><img loading=\"lazy\" decoding=\"async\" src=\"http:\/\/nossacasa.net\/nossosriachos\/bioconhecer\/wp-content\/uploads\/sites\/10\/2018\/04\/005_03.jpg\" alt=\"\" width=\"480\" height=\"360\" class=\"aligncenter size-full wp-image-554\" \/><\/td>\n<\/tr>\n<tr>\n<td width=\"200\"><a name=\"33\"><strong>JULHO<\/strong><\/a><\/td>\n<td width=\"200\"><a name=\"34\">Aula de Campo na Praia<\/a>\n<\/td>\n<\/tr>\n<tr>\n<td  colspan=\"2\"><img loading=\"lazy\" decoding=\"async\" src=\"http:\/\/nossacasa.net\/nossosriachos\/bioconhecer\/wp-content\/uploads\/sites\/10\/2018\/04\/005_02.jpg\" alt=\"\" width=\"480\" height=\"360\" class=\"aligncenter size-full wp-image-554\" \/><\/td>\n<\/tr>\n<tr>\n<td width=\"200\"><a name=\"35\"><strong>JUNHO<\/strong><\/a><\/td>\n<td width=\"200\"><a name=\"36\">Apresenta\u00e7\u00e3o do Projeto Peixe Meninos ao NEMA<\/a>\n<\/td>\n<tr>\n<td  colspan=\"2\"><img loading=\"lazy\" decoding=\"async\" src=\"http:\/\/nossacasa.net\/nossosriachos\/bioconhecer\/wp-content\/uploads\/sites\/10\/2018\/04\/005_01.jpg\" alt=\"\" width=\"480\" height=\"360\" class=\"aligncenter size-full wp-image-554\" \/><\/td>\n<\/tr>\n<tr>\n<td width=\"200\"><a name=\"27\"><strong>MAIO<\/strong><\/a><\/td>\n<td width=\"200\"><a name=\"28\">Logotipo e Elei\u00e7\u00e3o do NEMA<\/a>\n<\/td>\n<tr>\n<td  colspan=\"2\"><img loading=\"lazy\" decoding=\"async\" src=\"http:\/\/nossacasa.net\/nossosriachos\/bioconhecer\/wp-content\/uploads\/sites\/10\/2018\/04\/005_00.jpg\" alt=\"\" width=\"480\" height=\"360\" class=\"aligncenter size-full wp-image-554\" \/><\/td>\n<\/tr>\n<\/table>\n<\/div>\n","protected":false},"excerpt":{"rendered":"<p>capa projeto participantes eventos fotografias Eventos dos Peixes Meninos \u00cdndice por data \u00cdndice por assunto Dezembro de 2007 Os certificados Novembro de 2007 A hora do c\u00f4co Outubro de 2007 Fotografando os peixes Setembro de 2007 Participa\u00e7\u00e3o no Congresso Julho &hellip; <a href=\"http:\/\/nossacasa.net\/nossosriachos\/bioconhecer\/peixes-meninos-eventos\/\">Continue lendo <span class=\"meta-nav\">&rarr;<\/span><\/a><\/p>\n","protected":false},"author":1,"featured_media":498,"parent":0,"menu_order":0,"comment_status":"closed","ping_status":"closed","template":"","meta":{"footnotes":""},"class_list":["post-544","page","type-page","status-publish","has-post-thumbnail","hentry"],"_links":{"self":[{"href":"http:\/\/nossacasa.net\/nossosriachos\/bioconhecer\/wp-json\/wp\/v2\/pages\/544","targetHints":{"allow":["GET"]}}],"collection":[{"href":"http:\/\/nossacasa.net\/nossosriachos\/bioconhecer\/wp-json\/wp\/v2\/pages"}],"about":[{"href":"http:\/\/nossacasa.net\/nossosriachos\/bioconhecer\/wp-json\/wp\/v2\/types\/page"}],"author":[{"embeddable":true,"href":"http:\/\/nossacasa.net\/nossosriachos\/bioconhecer\/wp-json\/wp\/v2\/users\/1"}],"replies":[{"embeddable":true,"href":"http:\/\/nossacasa.net\/nossosriachos\/bioconhecer\/wp-json\/wp\/v2\/comments?post=544"}],"version-history":[{"count":15,"href":"http:\/\/nossacasa.net\/nossosriachos\/bioconhecer\/wp-json\/wp\/v2\/pages\/544\/revisions"}],"predecessor-version":[{"id":582,"href":"http:\/\/nossacasa.net\/nossosriachos\/bioconhecer\/wp-json\/wp\/v2\/pages\/544\/revisions\/582"}],"wp:featuredmedia":[{"embeddable":true,"href":"http:\/\/nossacasa.net\/nossosriachos\/bioconhecer\/wp-json\/wp\/v2\/media\/498"}],"wp:attachment":[{"href":"http:\/\/nossacasa.net\/nossosriachos\/bioconhecer\/wp-json\/wp\/v2\/media?parent=544"}],"curies":[{"name":"wp","href":"https:\/\/api.w.org\/{rel}","templated":true}]}}