{"id":591,"date":"2018-04-25T16:46:47","date_gmt":"2018-04-25T19:46:47","guid":{"rendered":"http:\/\/nossacasa.net\/nossosriachos\/bioconhecer\/?page_id=591"},"modified":"2018-04-25T18:51:43","modified_gmt":"2018-04-25T21:51:43","slug":"uefs","status":"publish","type":"page","link":"http:\/\/nossacasa.net\/nossosriachos\/bioconhecer\/uefs\/","title":{"rendered":"UEFS"},"content":{"rendered":"<div style=\"text-align:justify\">\n<img loading=\"lazy\" decoding=\"async\" src=\"http:\/\/nossacasa.net\/nossosriachos\/bioconhecer\/wp-content\/uploads\/sites\/10\/2018\/04\/UEFS.jpg\" alt=\"\" width=\"101\" height=\"160\" class=\"aligncenter size-full wp-image-592\" \/> A UEFS &#8211; Universidade Estadual de Feira de Santana, tamb\u00e9m conhecida como Universidade de Feira de Santana, \u00e9 uma institui\u00e7\u00e3o p\u00fablica brasileira de ensino superior sediada na cidade de Feira de Santana, localizada no agreste baiano, apresentando campi avan\u00e7ados tamb\u00e9m nos munic\u00edpios de Santo Amaro, situado no rec\u00f4ncavo baiano, e Len\u00e7\u00f3is, na regi\u00e3o serrana da Chapada Diamantina.<\/p>\n<p>Em Abril de 2018 fomos convidados para apresenta\u00e7\u00e3o de uma Palestra sobre a constru\u00e7\u00e3o do INMA, participa\u00e7\u00e3o em uma banca de exame de mestrado e dar apoio ao sistema de banco de dados da Cole\u00e7\u00e3o Ictiol\u00f3gica da Universidade.<\/p>\n<hr>\n<p><strong>FOTOS<\/strong><br \/>\n<figure class=\"wp-block-embed wp-block-embed-youtube is-type-video is-provider-youtube epyt-figure\"><div class=\"wp-block-embed__wrapper\"><iframe loading=\"lazy\"  id=\"_ytid_61561\"  width=\"584\" height=\"438\"  data-origwidth=\"584\" data-origheight=\"438\" src=\"https:\/\/www.youtube.com\/embed\/VIx84Iz5AAg?enablejsapi=1&autoplay=0&cc_load_policy=0&cc_lang_pref=&iv_load_policy=1&loop=0&rel=1&fs=1&playsinline=0&autohide=2&theme=dark&color=red&controls=1&disablekb=0&\" class=\"__youtube_prefs__  no-lazyload\" title=\"YouTube player\"  allow=\"fullscreen; accelerometer; autoplay; clipboard-write; encrypted-media; gyroscope; picture-in-picture; web-share\" referrerpolicy=\"strict-origin-when-cross-origin\" allowfullscreen data-no-lazy=\"1\" data-skipgform_ajax_framebjll=\"\"><\/iframe><\/div><\/figure><\/p>\n<p><strong>APRESENTA\u00c7\u00c3O<\/strong><br \/>\n<figure class=\"wp-block-embed wp-block-embed-youtube is-type-video is-provider-youtube epyt-figure\"><div class=\"wp-block-embed__wrapper\"><iframe loading=\"lazy\"  id=\"_ytid_40096\"  width=\"584\" height=\"438\"  data-origwidth=\"584\" data-origheight=\"438\" src=\"https:\/\/www.youtube.com\/embed\/_iljU2D-3D4?enablejsapi=1&autoplay=0&cc_load_policy=0&cc_lang_pref=&iv_load_policy=1&loop=0&rel=1&fs=1&playsinline=0&autohide=2&theme=dark&color=red&controls=1&disablekb=0&\" class=\"__youtube_prefs__  no-lazyload\" title=\"YouTube player\"  allow=\"fullscreen; accelerometer; autoplay; clipboard-write; encrypted-media; gyroscope; picture-in-picture; web-share\" referrerpolicy=\"strict-origin-when-cross-origin\" allowfullscreen data-no-lazy=\"1\" data-skipgform_ajax_framebjll=\"\"><\/iframe><\/div><\/figure><\/p>\n<\/div>\n","protected":false},"excerpt":{"rendered":"<p>A UEFS &#8211; Universidade Estadual de Feira de Santana, tamb\u00e9m conhecida como Universidade de Feira de Santana, \u00e9 uma institui\u00e7\u00e3o p\u00fablica brasileira de ensino superior sediada na cidade de Feira de Santana, localizada no agreste baiano, apresentando campi avan\u00e7ados tamb\u00e9m &hellip; <a href=\"http:\/\/nossacasa.net\/nossosriachos\/bioconhecer\/uefs\/\">Continue lendo <span class=\"meta-nav\">&rarr;<\/span><\/a><\/p>\n","protected":false},"author":1,"featured_media":0,"parent":0,"menu_order":0,"comment_status":"closed","ping_status":"closed","template":"","meta":{"footnotes":""},"class_list":["post-591","page","type-page","status-publish","hentry"],"_links":{"self":[{"href":"http:\/\/nossacasa.net\/nossosriachos\/bioconhecer\/wp-json\/wp\/v2\/pages\/591","targetHints":{"allow":["GET"]}}],"collection":[{"href":"http:\/\/nossacasa.net\/nossosriachos\/bioconhecer\/wp-json\/wp\/v2\/pages"}],"about":[{"href":"http:\/\/nossacasa.net\/nossosriachos\/bioconhecer\/wp-json\/wp\/v2\/types\/page"}],"author":[{"embeddable":true,"href":"http:\/\/nossacasa.net\/nossosriachos\/bioconhecer\/wp-json\/wp\/v2\/users\/1"}],"replies":[{"embeddable":true,"href":"http:\/\/nossacasa.net\/nossosriachos\/bioconhecer\/wp-json\/wp\/v2\/comments?post=591"}],"version-history":[{"count":4,"href":"http:\/\/nossacasa.net\/nossosriachos\/bioconhecer\/wp-json\/wp\/v2\/pages\/591\/revisions"}],"predecessor-version":[{"id":596,"href":"http:\/\/nossacasa.net\/nossosriachos\/bioconhecer\/wp-json\/wp\/v2\/pages\/591\/revisions\/596"}],"wp:attachment":[{"href":"http:\/\/nossacasa.net\/nossosriachos\/bioconhecer\/wp-json\/wp\/v2\/media?parent=591"}],"curies":[{"name":"wp","href":"https:\/\/api.w.org\/{rel}","templated":true}]}}