{"id":597,"date":"2018-04-25T18:53:07","date_gmt":"2018-04-25T21:53:07","guid":{"rendered":"http:\/\/nossacasa.net\/nossosriachos\/bioconhecer\/?page_id=597"},"modified":"2018-04-25T19:02:05","modified_gmt":"2018-04-25T22:02:05","slug":"cbz","status":"publish","type":"page","link":"http:\/\/nossacasa.net\/nossosriachos\/bioconhecer\/cbz\/","title":{"rendered":"CBZ"},"content":{"rendered":"<div style=\"text-align:justify\">\n<img loading=\"lazy\" decoding=\"async\" src=\"http:\/\/nossacasa.net\/nossosriachos\/bioconhecer\/wp-content\/uploads\/sites\/10\/2018\/04\/CBZ_logo.png\" alt=\"\" width=\"301\" height=\"93\" class=\"aligncenter size-full wp-image-598\" srcset=\"http:\/\/nossacasa.net\/nossosriachos\/bioconhecer\/wp-content\/uploads\/sites\/10\/2018\/04\/CBZ_logo.png 301w, http:\/\/nossacasa.net\/nossosriachos\/bioconhecer\/wp-content\/uploads\/sites\/10\/2018\/04\/CBZ_logo-300x93.png 300w\" sizes=\"auto, (max-width: 301px) 100vw, 301px\" \/>O Congresso Brasileiro de Zoologia \u00e9 um evento bienal que visa congregar todas as pessoas interessadas em estudos zool\u00f3gicos (profissionais, estudantes, professores e pesquisadores); promover, incentivar e divulgar os avan\u00e7os nos estudos da fauna neotropical; incrementar a forma\u00e7\u00e3o e o reconhecimento do zo\u00f3logo como elemento indispens\u00e1vel no invent\u00e1rio e estudo do patrim\u00f4nio natural dos pa\u00edses, especialmente na Am\u00e9rica Latina, regi\u00e3o com maior diversidade de esp\u00e9cies no mundo. Promovido pela Sociedade Brasileira de Zoologia, tem como principal caracter\u00edstica a grande participa\u00e7\u00e3o de estudantes de gradua\u00e7\u00e3o e p\u00f3s-gradua\u00e7\u00e3o de todas as regi\u00f5es do Brasil. A XXXII edi\u00e7\u00e3o do CBZoo ser\u00e1 realizada em 2018 no munic\u00edpio de Foz do Igua\u00e7u, PR, pela Universidade Federal da Integra\u00e7\u00e3o Latino-Americana (UNILA). Visando promover discuss\u00e3o sobre a integra\u00e7\u00e3o entre pessoas de diferentes pa\u00edses para o avan\u00e7o da pesquisa e conserva\u00e7\u00e3o da diversidade animal da regi\u00e3o Neotropical, o tema escolhido para esta edi\u00e7\u00e3o \u00e9 \u201cDesafios e perspectivas para a Zoologia na Am\u00e9rica Latina\u201d. Espera-se tamb\u00e9m aumentar a intera\u00e7\u00e3o entre os pesquisadores ou gestores que trabalham com organismos cuja distribui\u00e7\u00e3o abranja mais de um pa\u00eds e que por esse motivo esbarram em entraves burocr\u00e1ticos adicionais que dificultam o estudo e a conserva\u00e7\u00e3o das esp\u00e9cies em toda sua \u00e1rea de ocorr\u00eancia.<\/p>\n<hr>\n<p><strong>FOTOS<\/strong><br \/>\n<figure class=\"wp-block-embed wp-block-embed-youtube is-type-video is-provider-youtube epyt-figure\"><div class=\"wp-block-embed__wrapper\"><iframe loading=\"lazy\"  id=\"_ytid_98715\"  width=\"584\" height=\"438\"  data-origwidth=\"584\" data-origheight=\"438\" src=\"https:\/\/www.youtube.com\/embed\/SRo0YPC90jw?enablejsapi=1&autoplay=0&cc_load_policy=0&cc_lang_pref=&iv_load_policy=1&loop=0&rel=1&fs=1&playsinline=0&autohide=2&theme=dark&color=red&controls=1&disablekb=0&\" class=\"__youtube_prefs__  no-lazyload\" title=\"YouTube player\"  allow=\"fullscreen; accelerometer; autoplay; clipboard-write; encrypted-media; gyroscope; picture-in-picture; web-share\" referrerpolicy=\"strict-origin-when-cross-origin\" allowfullscreen data-no-lazy=\"1\" data-skipgform_ajax_framebjll=\"\"><\/iframe><\/div><\/figure><\/p>\n<p><strong>APRESENTA\u00c7\u00c3O<\/strong><br \/>\n<figure class=\"wp-block-embed wp-block-embed-youtube is-type-video is-provider-youtube epyt-figure\"><div class=\"wp-block-embed__wrapper\"><iframe loading=\"lazy\"  id=\"_ytid_93992\"  width=\"584\" height=\"438\"  data-origwidth=\"584\" data-origheight=\"438\" src=\"https:\/\/www.youtube.com\/embed\/B9BPoeDvAaU?enablejsapi=1&autoplay=0&cc_load_policy=0&cc_lang_pref=&iv_load_policy=1&loop=0&rel=1&fs=1&playsinline=0&autohide=2&theme=dark&color=red&controls=1&disablekb=0&\" class=\"__youtube_prefs__  no-lazyload\" title=\"YouTube player\"  allow=\"fullscreen; accelerometer; autoplay; clipboard-write; encrypted-media; gyroscope; picture-in-picture; web-share\" referrerpolicy=\"strict-origin-when-cross-origin\" allowfullscreen data-no-lazy=\"1\" data-skipgform_ajax_framebjll=\"\"><\/iframe><\/div><\/figure><\/p>\n<\/div>\n","protected":false},"excerpt":{"rendered":"<p>O Congresso Brasileiro de Zoologia \u00e9 um evento bienal que visa congregar todas as pessoas interessadas em estudos zool\u00f3gicos (profissionais, estudantes, professores e pesquisadores); promover, incentivar e divulgar os avan\u00e7os nos estudos da fauna neotropical; incrementar a forma\u00e7\u00e3o e o &hellip; <a href=\"http:\/\/nossacasa.net\/nossosriachos\/bioconhecer\/cbz\/\">Continue lendo <span class=\"meta-nav\">&rarr;<\/span><\/a><\/p>\n","protected":false},"author":1,"featured_media":0,"parent":0,"menu_order":0,"comment_status":"closed","ping_status":"closed","template":"","meta":{"footnotes":""},"class_list":["post-597","page","type-page","status-publish","hentry"],"_links":{"self":[{"href":"http:\/\/nossacasa.net\/nossosriachos\/bioconhecer\/wp-json\/wp\/v2\/pages\/597","targetHints":{"allow":["GET"]}}],"collection":[{"href":"http:\/\/nossacasa.net\/nossosriachos\/bioconhecer\/wp-json\/wp\/v2\/pages"}],"about":[{"href":"http:\/\/nossacasa.net\/nossosriachos\/bioconhecer\/wp-json\/wp\/v2\/types\/page"}],"author":[{"embeddable":true,"href":"http:\/\/nossacasa.net\/nossosriachos\/bioconhecer\/wp-json\/wp\/v2\/users\/1"}],"replies":[{"embeddable":true,"href":"http:\/\/nossacasa.net\/nossosriachos\/bioconhecer\/wp-json\/wp\/v2\/comments?post=597"}],"version-history":[{"count":4,"href":"http:\/\/nossacasa.net\/nossosriachos\/bioconhecer\/wp-json\/wp\/v2\/pages\/597\/revisions"}],"predecessor-version":[{"id":602,"href":"http:\/\/nossacasa.net\/nossosriachos\/bioconhecer\/wp-json\/wp\/v2\/pages\/597\/revisions\/602"}],"wp:attachment":[{"href":"http:\/\/nossacasa.net\/nossosriachos\/bioconhecer\/wp-json\/wp\/v2\/media?parent=597"}],"curies":[{"name":"wp","href":"https:\/\/api.w.org\/{rel}","templated":true}]}}