{"id":92,"date":"2018-04-24T06:13:04","date_gmt":"2018-04-24T09:13:04","guid":{"rendered":"http:\/\/nossacasa.net\/nossosriachos\/bioconhecer\/?page_id=92"},"modified":"2018-04-24T11:27:55","modified_gmt":"2018-04-24T14:27:55","slug":"turma-jp-2011","status":"publish","type":"page","link":"http:\/\/nossacasa.net\/nossosriachos\/bioconhecer\/turma-jp-2011\/","title":{"rendered":"JP 2011 Turma"},"content":{"rendered":"<div style=\"text-align: justify;\">\n<table>\n<tbody>\n<tr>\n<td><a href=\"http:\/\/nossacasa.net\/nossosriachos\/bioconhecer\/jp-2011\/\">capa<\/a><\/td>\n<td><a href=\"http:\/\/nossacasa.net\/nossosriachos\/bioconhecer\/projeto-jp-2011\/\">projeto<\/a><\/td>\n<td><a href=\"http:\/\/nossacasa.net\/nossosriachos\/bioconhecer\/turma-jp-2011\/\">turma<\/a><\/td>\n<td><a href=\"http:\/\/nossacasa.net\/nossosriachos\/bioconhecer\/encontros-jp-2011\">encontros<\/a><\/td>\n<td><a href=\"http:\/\/nossacasa.net\/nossosriachos\/bioconhecer\/parcerias-jp-2011\/\">parcerias<\/a><\/td>\n<td><a href=\"http:\/\/nossacasa.net\/nossosriachos\/bioconhecer\/trabalhos-jp-2011\/\">trabalhos<\/a><\/td>\n<td><a href=\"http:\/\/nossacasa.net\/nossosriachos\/bioconhecer\/mensagens-jp-2011\/\">mensagens<\/a><\/td>\n<\/tr>\n<\/tbody>\n<\/table>\n<div style=\"text-align: center;\"><strong>TURMA PILOTO<\/strong><\/div>\n<p>Foi montada uma turma piloto para experimenta\u00e7\u00e3o do Projeto com tr\u00eas alunos do ensino m\u00e9dio da Escola Santa Catarina e tr\u00eas alunos da Escola Pinto Coelho. Ap\u00f3s contato com a coordena\u00e7\u00e3o das escolas e apresenta\u00e7\u00e3o o projeto, foram indicados os alunos de cada escola. Os encontros acontecem no Museu de Biologia Prof. Mello Leit\u00e3o todas as 3a. e 4a. feiras entre 14 e 16 horas.<\/p>\n<table width=\"100%\">\n<caption align=\"center\"><b>COORDENA\u00c7\u00c3O<\/b><\/caption>\n<tbody>\n<tr>\n<td align=\"center\"><img loading=\"lazy\" decoding=\"async\" class=\"aligncenter size-full wp-image-130\" src=\"http:\/\/nossacasa.net\/nossosriachos\/bioconhecer\/wp-content\/uploads\/sites\/10\/2018\/04\/luisa.jpg\" alt=\"\" width=\"80\" height=\"75\" \/><\/td>\n<td align=\"center\"><img loading=\"lazy\" decoding=\"async\" class=\"aligncenter size-full wp-image-140\" src=\"http:\/\/nossacasa.net\/nossosriachos\/bioconhecer\/wp-content\/uploads\/sites\/10\/2018\/04\/ronaldo.jpg\" alt=\"\" width=\"80\" height=\"75\" \/><\/td>\n<\/tr>\n<tr>\n<td style=\"text-align: center;\">Luisa Maria Sarmento-Soares<\/td>\n<td style=\"text-align: center;\">Ronaldo Fernando Martins-Pinheiro<\/td>\n<\/tr>\n<\/tbody>\n<\/table>\n<table width=\"100%\">\n<caption align=\"center\"><b>PALESTRANTES<\/b><\/caption>\n<tbody>\n<tr>\n<td align=\"center\"><img loading=\"lazy\" decoding=\"async\" class=\"aligncenter size-full wp-image-126\" src=\"http:\/\/nossacasa.net\/nossosriachos\/bioconhecer\/wp-content\/uploads\/sites\/10\/2018\/04\/elisa.jpg\" alt=\"\" width=\"57\" height=\"75\" \/><\/td>\n<td align=\"center\"><img loading=\"lazy\" decoding=\"async\" class=\"aligncenter size-full wp-image-127\" src=\"http:\/\/nossacasa.net\/nossosriachos\/bioconhecer\/wp-content\/uploads\/sites\/10\/2018\/04\/fabiano.jpg\" alt=\"\" width=\"59\" height=\"75\" \/><\/td>\n<td align=\"center\"><img loading=\"lazy\" decoding=\"async\" class=\"aligncenter size-full wp-image-121\" src=\"http:\/\/nossacasa.net\/nossosriachos\/bioconhecer\/wp-content\/uploads\/sites\/10\/2018\/04\/acerola.jpg\" alt=\"\" width=\"58\" height=\"75\" \/><\/td>\n<td align=\"center\"><img loading=\"lazy\" decoding=\"async\" class=\"aligncenter size-full wp-image-131\" src=\"http:\/\/nossacasa.net\/nossosriachos\/bioconhecer\/wp-content\/uploads\/sites\/10\/2018\/04\/magaly.jpg\" alt=\"\" width=\"64\" height=\"75\" \/><\/td>\n<\/tr>\n<tr>\n<td style=\"text-align: center;\">Elisa Alves<\/td>\n<td style=\"text-align: center;\">Fabiano Lanschi<\/td>\n<td style=\"text-align: center;\">Jos\u00e9 Nilton<\/td>\n<td style=\"text-align: center;\">Magaly Broseghini<\/td>\n<\/tr>\n<tr>\n<td align=\"center\"><img loading=\"lazy\" decoding=\"async\" class=\"aligncenter size-full wp-image-132\" src=\"http:\/\/nossacasa.net\/nossosriachos\/bioconhecer\/wp-content\/uploads\/sites\/10\/2018\/04\/manoel.jpg\" alt=\"\" width=\"71\" height=\"75\" \/><\/td>\n<td align=\"center\"><img loading=\"lazy\" decoding=\"async\" class=\"aligncenter size-full wp-image-137\" src=\"http:\/\/nossacasa.net\/nossosriachos\/bioconhecer\/wp-content\/uploads\/sites\/10\/2018\/04\/nilton.jpg\" alt=\"\" width=\"64\" height=\"75\" \/><\/td>\n<td align=\"center\"><img loading=\"lazy\" decoding=\"async\" class=\"aligncenter size-full wp-image-139\" src=\"http:\/\/nossacasa.net\/nossosriachos\/bioconhecer\/wp-content\/uploads\/sites\/10\/2018\/04\/renato.jpg\" alt=\"\" width=\"62\" height=\"75\" \/><\/td>\n<td align=\"center\"><img loading=\"lazy\" decoding=\"async\" class=\"aligncenter size-full wp-image-128\" src=\"http:\/\/nossacasa.net\/nossosriachos\/bioconhecer\/wp-content\/uploads\/sites\/10\/2018\/04\/jair.jpg\" alt=\"\" width=\"71\" height=\"75\" \/><\/td>\n<\/tr>\n<tr>\n<td style=\"text-align: center;\">Manoel dos Santos<\/td>\n<td style=\"text-align: center;\">Nilton Broseghini<\/td>\n<td style=\"text-align: center;\">Renato Bernils<\/td>\n<td style=\"text-align: center;\">Tenente Jair<\/td>\n<\/tr>\n<\/tbody>\n<\/table>\n<table width=\"100%\">\n<caption align=\"center\"><b>MONITORES<\/b><\/caption>\n<tbody>\n<tr>\n<td align=\"center\"><img loading=\"lazy\" decoding=\"async\" class=\"aligncenter size-full wp-image-124\" src=\"http:\/\/nossacasa.net\/nossosriachos\/bioconhecer\/wp-content\/uploads\/sites\/10\/2018\/04\/diones.jpg\" alt=\"\" width=\"80\" height=\"75\" \/><\/td>\n<td align=\"center\"><img loading=\"lazy\" decoding=\"async\" class=\"aligncenter size-full wp-image-125\" src=\"http:\/\/nossacasa.net\/nossosriachos\/bioconhecer\/wp-content\/uploads\/sites\/10\/2018\/04\/dyenifer.jpg\" alt=\"\" width=\"80\" height=\"75\" \/><\/td>\n<td align=\"center\"><img loading=\"lazy\" decoding=\"async\" class=\"aligncenter size-full wp-image-134\" src=\"http:\/\/nossacasa.net\/nossosriachos\/bioconhecer\/wp-content\/uploads\/sites\/10\/2018\/04\/margareth.jpg\" alt=\"\" width=\"80\" height=\"75\" \/><\/td>\n<td align=\"center\"><img loading=\"lazy\" decoding=\"async\" class=\"aligncenter size-full wp-image-138\" src=\"http:\/\/nossacasa.net\/nossosriachos\/bioconhecer\/wp-content\/uploads\/sites\/10\/2018\/04\/raphael.jpg\" alt=\"\" width=\"80\" height=\"75\" \/><\/td>\n<\/tr>\n<tr>\n<td style=\"text-align: center;\">Diones<\/td>\n<td style=\"text-align: center;\">Dyenifer<\/td>\n<td style=\"text-align: center;\">Margareth<\/td>\n<td style=\"text-align: center;\">Raphael<\/td>\n<\/tr>\n<\/tbody>\n<\/table>\n<table width=\"100%\">\n<caption align=\"center\"><b>ALUNOS<\/b><\/caption>\n<tbody>\n<tr>\n<td align=\"center\"><img loading=\"lazy\" decoding=\"async\" class=\"aligncenter size-full wp-image-122\" src=\"http:\/\/nossacasa.net\/nossosriachos\/bioconhecer\/wp-content\/uploads\/sites\/10\/2018\/04\/alice.jpg\" alt=\"\" width=\"80\" height=\"75\" \/><\/td>\n<td align=\"center\"><img loading=\"lazy\" decoding=\"async\" class=\"aligncenter size-full wp-image-123\" src=\"http:\/\/nossacasa.net\/nossosriachos\/bioconhecer\/wp-content\/uploads\/sites\/10\/2018\/04\/ariadine-.jpg\" alt=\"\" width=\"80\" height=\"75\" \/><\/td>\n<td align=\"center\"><img loading=\"lazy\" decoding=\"async\" class=\"aligncenter size-full wp-image-129\" src=\"http:\/\/nossacasa.net\/nossosriachos\/bioconhecer\/wp-content\/uploads\/sites\/10\/2018\/04\/larissa.jpg\" alt=\"\" width=\"80\" height=\"75\" \/><\/td>\n<td align=\"center\"><img loading=\"lazy\" decoding=\"async\" class=\"aligncenter size-full wp-image-133\" src=\"http:\/\/nossacasa.net\/nossosriachos\/bioconhecer\/wp-content\/uploads\/sites\/10\/2018\/04\/marcela.jpg\" alt=\"\" width=\"80\" height=\"75\" \/><\/td>\n<\/tr>\n<tr>\n<td style=\"text-align: center;\">Alice<\/td>\n<td style=\"text-align: center;\">Ari\u00e1dine<\/td>\n<td style=\"text-align: center;\">Larissa<\/td>\n<td style=\"text-align: center;\">Marcela<\/td>\n<\/tr>\n<tr>\n<td colspan=\"2\" align=\"center\"><img loading=\"lazy\" decoding=\"async\" class=\"aligncenter size-full wp-image-136\" src=\"http:\/\/nossacasa.net\/nossosriachos\/bioconhecer\/wp-content\/uploads\/sites\/10\/2018\/04\/marina.jpg\" alt=\"\" width=\"80\" height=\"75\" \/><\/td>\n<td colspan=\"2\" align=\"center\"><img loading=\"lazy\" decoding=\"async\" class=\"aligncenter size-full wp-image-141\" src=\"http:\/\/nossacasa.net\/nossosriachos\/bioconhecer\/wp-content\/uploads\/sites\/10\/2018\/04\/thaiz.jpg\" alt=\"\" width=\"80\" height=\"75\" \/><\/td>\n<\/tr>\n<tr>\n<td style=\"text-align: center;\" colspan=\"2\">Marina<\/td>\n<td style=\"text-align: center;\" colspan=\"2\">Thaiz<\/td>\n<\/tr>\n<\/tbody>\n<\/table>\n<\/div>\n","protected":false},"excerpt":{"rendered":"<p>capa projeto turma encontros parcerias trabalhos mensagens TURMA PILOTO Foi montada uma turma piloto para experimenta\u00e7\u00e3o do Projeto com tr\u00eas alunos do ensino m\u00e9dio da Escola Santa Catarina e tr\u00eas alunos da Escola Pinto Coelho. Ap\u00f3s contato com a coordena\u00e7\u00e3o &hellip; <a href=\"http:\/\/nossacasa.net\/nossosriachos\/bioconhecer\/turma-jp-2011\/\">Continue lendo <span class=\"meta-nav\">&rarr;<\/span><\/a><\/p>\n","protected":false},"author":1,"featured_media":69,"parent":0,"menu_order":0,"comment_status":"closed","ping_status":"closed","template":"","meta":{"footnotes":""},"class_list":["post-92","page","type-page","status-publish","has-post-thumbnail","hentry"],"_links":{"self":[{"href":"http:\/\/nossacasa.net\/nossosriachos\/bioconhecer\/wp-json\/wp\/v2\/pages\/92","targetHints":{"allow":["GET"]}}],"collection":[{"href":"http:\/\/nossacasa.net\/nossosriachos\/bioconhecer\/wp-json\/wp\/v2\/pages"}],"about":[{"href":"http:\/\/nossacasa.net\/nossosriachos\/bioconhecer\/wp-json\/wp\/v2\/types\/page"}],"author":[{"embeddable":true,"href":"http:\/\/nossacasa.net\/nossosriachos\/bioconhecer\/wp-json\/wp\/v2\/users\/1"}],"replies":[{"embeddable":true,"href":"http:\/\/nossacasa.net\/nossosriachos\/bioconhecer\/wp-json\/wp\/v2\/comments?post=92"}],"version-history":[{"count":11,"href":"http:\/\/nossacasa.net\/nossosriachos\/bioconhecer\/wp-json\/wp\/v2\/pages\/92\/revisions"}],"predecessor-version":[{"id":195,"href":"http:\/\/nossacasa.net\/nossosriachos\/bioconhecer\/wp-json\/wp\/v2\/pages\/92\/revisions\/195"}],"wp:featuredmedia":[{"embeddable":true,"href":"http:\/\/nossacasa.net\/nossosriachos\/bioconhecer\/wp-json\/wp\/v2\/media\/69"}],"wp:attachment":[{"href":"http:\/\/nossacasa.net\/nossosriachos\/bioconhecer\/wp-json\/wp\/v2\/media?parent=92"}],"curies":[{"name":"wp","href":"https:\/\/api.w.org\/{rel}","templated":true}]}}