{"id":96,"date":"2018-04-24T06:15:30","date_gmt":"2018-04-24T09:15:30","guid":{"rendered":"http:\/\/nossacasa.net\/nossosriachos\/bioconhecer\/?page_id=96"},"modified":"2018-04-24T09:47:33","modified_gmt":"2018-04-24T12:47:33","slug":"parcerias-jp-2011","status":"publish","type":"page","link":"http:\/\/nossacasa.net\/nossosriachos\/bioconhecer\/parcerias-jp-2011\/","title":{"rendered":"JP 2011 Parcerias"},"content":{"rendered":"<div style=\"text-align:justify\">\n<table>\n<tbody>\n<tr>\n<td><a href=\"http:\/\/nossacasa.net\/nossosriachos\/bioconhecer\/jp-2011\/\">capa<\/a><\/td>\n<td><a href=\"http:\/\/nossacasa.net\/nossosriachos\/bioconhecer\/projeto-jp-2011\/\">projeto<\/a><\/td>\n<td><a href=\"&quot;http:\/\/nossacasa.net\/nossosriachos\/bioconhecer\/turma-jp-2011\/\">turma<\/a><\/td>\n<td><a href=\"http:\/\/nossacasa.net\/nossosriachos\/bioconhecer\/encontros-jp-2011>encontros<\/a><\/td>\n<td><a href=\"http:\/\/nossacasa.net\/nossosriachos\/bioconhecer\/parcerias-jp-2011\/\">parcerias<\/a><\/td>\n<td><a href=\"http:\/\/nossacasa.net\/nossosriachos\/bioconhecer\/trabalhos-jp-2011\/\">trabalhos<\/a><\/td>\n<td><a href=\"http:\/\/nossacasa.net\/nossosriachos\/bioconhecer\/mensagens-jp-2011\/\">mensagens<\/a><\/td>\n<\/tr>\n<\/tbody>\n<\/table>\n<p>Jovens Pesquisadores \u00e9 um projeto de <strong><em>nossosriachos<\/em><\/strong>.<\/p>\n<p>A turma piloto foi implementada gra\u00e7as a uma parceria com o Museu de Biologia Prof. Mello Leit\u00e3o e a com a UFES atrav\u00e9s do Projeto Biodiversidades financiado pela FAPES.<\/p>\n<p>Foi fundamental o apoio dado pela Prefeitura Municipal de Santa Teresa que ofereceu bolsa a tr\u00eas estudantes atrav\u00e9s do Conv\u00eanio 038\/2010 assinado com a <strong>SAMBIO<\/strong>.\n<\/div>\n","protected":false},"excerpt":{"rendered":"<p>capa projeto turma<\/p>\n","protected":false},"author":1,"featured_media":37,"parent":0,"menu_order":0,"comment_status":"closed","ping_status":"closed","template":"","meta":{"footnotes":""},"class_list":["post-96","page","type-page","status-publish","has-post-thumbnail","hentry"],"_links":{"self":[{"href":"http:\/\/nossacasa.net\/nossosriachos\/bioconhecer\/wp-json\/wp\/v2\/pages\/96","targetHints":{"allow":["GET"]}}],"collection":[{"href":"http:\/\/nossacasa.net\/nossosriachos\/bioconhecer\/wp-json\/wp\/v2\/pages"}],"about":[{"href":"http:\/\/nossacasa.net\/nossosriachos\/bioconhecer\/wp-json\/wp\/v2\/types\/page"}],"author":[{"embeddable":true,"href":"http:\/\/nossacasa.net\/nossosriachos\/bioconhecer\/wp-json\/wp\/v2\/users\/1"}],"replies":[{"embeddable":true,"href":"http:\/\/nossacasa.net\/nossosriachos\/bioconhecer\/wp-json\/wp\/v2\/comments?post=96"}],"version-history":[{"count":3,"href":"http:\/\/nossacasa.net\/nossosriachos\/bioconhecer\/wp-json\/wp\/v2\/pages\/96\/revisions"}],"predecessor-version":[{"id":162,"href":"http:\/\/nossacasa.net\/nossosriachos\/bioconhecer\/wp-json\/wp\/v2\/pages\/96\/revisions\/162"}],"wp:featuredmedia":[{"embeddable":true,"href":"http:\/\/nossacasa.net\/nossosriachos\/bioconhecer\/wp-json\/wp\/v2\/media\/37"}],"wp:attachment":[{"href":"http:\/\/nossacasa.net\/nossosriachos\/bioconhecer\/wp-json\/wp\/v2\/media?parent=96"}],"curies":[{"name":"wp","href":"https:\/\/api.w.org\/{rel}","templated":true}]}}