{"id":115,"date":"2017-09-15T20:30:32","date_gmt":"2017-09-15T23:30:32","guid":{"rendered":"http:\/\/nossacasa.net\/nossosriachos\/biodiverses\/?page_id=115"},"modified":"2017-09-15T20:30:32","modified_gmt":"2017-09-15T23:30:32","slug":"coletas-i","status":"publish","type":"page","link":"http:\/\/nossacasa.net\/nossosriachos\/biodiverses\/coletas-i\/","title":{"rendered":"Coletas I"},"content":{"rendered":"<p style=\"text-align: center;\"><strong>COLETAS NA PRIMEIRA ETAPA DO PROJETO BIOdiversES<\/strong><\/p>\n<hr>\n<table>\n<caption><strong> <\/strong><\/caption>\n<tr>\n<td><div class=\"arpw-random-post \"><ul class=\"arpw-ul\"><li class=\"arpw-li arpw-clearfix\"><a class=\"arpw-title\" href=\"http:\/\/nossacasa.net\/nossosriachos\/biodiverses\/2017\/09\/16\/objetivos-e-metas\/\" rel=\"bookmark\">Objetivos e metas<\/a><\/li><li class=\"arpw-li arpw-clearfix\"><a class=\"arpw-title\" href=\"http:\/\/nossacasa.net\/nossosriachos\/biodiverses\/2017\/09\/16\/referencias-bibliograficas\/\" rel=\"bookmark\">Refer\u00eancias Bibliogr\u00e1ficas<\/a><\/li><li class=\"arpw-li arpw-clearfix\"><a class=\"arpw-title\" href=\"http:\/\/nossacasa.net\/nossosriachos\/biodiverses\/2017\/09\/16\/coleta-no-rio-jucu\/\" rel=\"bookmark\">Coleta no Rio Jucu<\/a><\/li><li class=\"arpw-li arpw-clearfix\"><a class=\"arpw-title\" href=\"http:\/\/nossacasa.net\/nossosriachos\/biodiverses\/2017\/09\/16\/principais-contribuicoes-cientificas\/\" rel=\"bookmark\">Principais contribui\u00e7\u00f5es cient\u00edficas<\/a><\/li><li class=\"arpw-li arpw-clearfix\"><a class=\"arpw-title\" href=\"http:\/\/nossacasa.net\/nossosriachos\/biodiverses\/2017\/09\/16\/metodologia\/\" rel=\"bookmark\">Metodologia<\/a><\/li><\/ul><\/div><!-- Generated by https:\/\/wordpress.org\/plugins\/advanced-random-posts-widget\/ --><\/td>\n<\/tr>\n<\/table>\n","protected":false},"excerpt":{"rendered":"<p>COLETAS NA PRIMEIRA ETAPA DO PROJETO BIOdiversES<\/p>\n","protected":false},"author":1,"featured_media":0,"parent":0,"menu_order":0,"comment_status":"closed","ping_status":"closed","template":"","meta":{"footnotes":""},"class_list":["post-115","page","type-page","status-publish","hentry"],"_links":{"self":[{"href":"http:\/\/nossacasa.net\/nossosriachos\/biodiverses\/wp-json\/wp\/v2\/pages\/115","targetHints":{"allow":["GET"]}}],"collection":[{"href":"http:\/\/nossacasa.net\/nossosriachos\/biodiverses\/wp-json\/wp\/v2\/pages"}],"about":[{"href":"http:\/\/nossacasa.net\/nossosriachos\/biodiverses\/wp-json\/wp\/v2\/types\/page"}],"author":[{"embeddable":true,"href":"http:\/\/nossacasa.net\/nossosriachos\/biodiverses\/wp-json\/wp\/v2\/users\/1"}],"replies":[{"embeddable":true,"href":"http:\/\/nossacasa.net\/nossosriachos\/biodiverses\/wp-json\/wp\/v2\/comments?post=115"}],"version-history":[{"count":1,"href":"http:\/\/nossacasa.net\/nossosriachos\/biodiverses\/wp-json\/wp\/v2\/pages\/115\/revisions"}],"predecessor-version":[{"id":116,"href":"http:\/\/nossacasa.net\/nossosriachos\/biodiverses\/wp-json\/wp\/v2\/pages\/115\/revisions\/116"}],"wp:attachment":[{"href":"http:\/\/nossacasa.net\/nossosriachos\/biodiverses\/wp-json\/wp\/v2\/media?parent=115"}],"curies":[{"name":"wp","href":"https:\/\/api.w.org\/{rel}","templated":true}]}}