{"id":204,"date":"2018-05-04T08:47:00","date_gmt":"2018-05-04T11:47:00","guid":{"rendered":"http:\/\/nossacasa.net\/nossosriachos\/biodiverses\/?page_id=204"},"modified":"2018-05-04T08:47:43","modified_gmt":"2018-05-04T11:47:43","slug":"aulas-e-treinamentos","status":"publish","type":"page","link":"http:\/\/nossacasa.net\/nossosriachos\/biodiverses\/aulas-e-treinamentos\/","title":{"rendered":"Aulas e Treinamentos"},"content":{"rendered":"<div style=\"text-align:center\">\n<table width=\"75%\" border=\"0\" bgcolor=\"white\" cellspacing=\"0\" align=\"center\">\n<caption><font size=\"4\"><b>As Fotos<\/b><\/font><\/caption>\n<tr>\n<td colspan=\"2\">&nbsp;<\/td>\n<\/tr>\n<tr>\n<td align=\"center\" colspan=\"2\"><font size=\"3\"><b>Aulas e Treinamentos<\/b><\/font><\/td>\n<\/tr>\n<tr>\n<td colspan=\"2\">&nbsp;<\/td>\n<\/tr>\n<tr>\n<td><embed type=\"application\/x-shockwave-flash\" src=\"https:\/\/static.googleusercontent.com\/external_content\/picasaweb.googleusercontent.com\/slideshow.swf\" width=\"400\" height=\"267\" flashvars=\"host=picasaweb.google.com&#038;captions=1&#038;hl=pt_BR&#038;feat=flashalbum&#038;RGB=0x000000&#038;feed=https%3A%2F%2Fpicasaweb.google.com%2Fdata%2Ffeed%2Fapi%2Fuser%2F103082489281943617329%2Falbumid%2F5656413136648193281%3Falt%3Drss%26kind%3Dphoto%26authkey%3DGv1sRgCKe_97DM4cK1XA%26hl%3Dpt_BR\" pluginspage=\"http:\/\/www.macromedia.com\/go\/getflashplayer\"><\/embed><\/td>\n<td><embed type=\"application\/x-shockwave-flash\" src=\"https:\/\/static.googleusercontent.com\/external_content\/picasaweb.googleusercontent.com\/slideshow.swf\" width=\"400\" height=\"267\" flashvars=\"host=picasaweb.google.com&#038;captions=1&#038;hl=pt_BR&#038;feat=flashalbum&#038;RGB=0x000000&#038;feed=https%3A%2F%2Fpicasaweb.google.com%2Fdata%2Ffeed%2Fapi%2Fuser%2F103082489281943617329%2Falbumid%2F5656414376634741665%3Falt%3Drss%26kind%3Dphoto%26authkey%3DGv1sRgCNv0_tTuhvn7owE%26hl%3Dpt_BR\" pluginspage=\"http:\/\/www.macromedia.com\/go\/getflashplayer\"><\/embed><\/td>\n<\/tr>\n<tr>\n<td align=\"center\"><font size=\"2\"><b>Aula Te\u00f3rica<br \/>Identifica\u00e7\u00e3o taxon\u00f4mica<\/b><\/font><\/td>\n<td align=\"center\"><font size=\"2\"><b>Aula Pr\u00e1tica<br \/>T\u00e9cnicas de coletas<\/b><\/font><\/td>\n<\/tr>\n<tr>\n<td colspan=\"2\">&nbsp;<\/td>\n<\/tr>\n<\/table>\n<\/div>\n","protected":false},"excerpt":{"rendered":"<p>As Fotos &nbsp; Aulas e Treinamentos &nbsp; Aula Te\u00f3ricaIdentifica\u00e7\u00e3o taxon\u00f4mica Aula Pr\u00e1ticaT\u00e9cnicas de coletas &nbsp;<\/p>\n","protected":false},"author":1,"featured_media":0,"parent":0,"menu_order":0,"comment_status":"closed","ping_status":"closed","template":"","meta":{"footnotes":""},"class_list":["post-204","page","type-page","status-publish","hentry"],"_links":{"self":[{"href":"http:\/\/nossacasa.net\/nossosriachos\/biodiverses\/wp-json\/wp\/v2\/pages\/204","targetHints":{"allow":["GET"]}}],"collection":[{"href":"http:\/\/nossacasa.net\/nossosriachos\/biodiverses\/wp-json\/wp\/v2\/pages"}],"about":[{"href":"http:\/\/nossacasa.net\/nossosriachos\/biodiverses\/wp-json\/wp\/v2\/types\/page"}],"author":[{"embeddable":true,"href":"http:\/\/nossacasa.net\/nossosriachos\/biodiverses\/wp-json\/wp\/v2\/users\/1"}],"replies":[{"embeddable":true,"href":"http:\/\/nossacasa.net\/nossosriachos\/biodiverses\/wp-json\/wp\/v2\/comments?post=204"}],"version-history":[{"count":2,"href":"http:\/\/nossacasa.net\/nossosriachos\/biodiverses\/wp-json\/wp\/v2\/pages\/204\/revisions"}],"predecessor-version":[{"id":206,"href":"http:\/\/nossacasa.net\/nossosriachos\/biodiverses\/wp-json\/wp\/v2\/pages\/204\/revisions\/206"}],"wp:attachment":[{"href":"http:\/\/nossacasa.net\/nossosriachos\/biodiverses\/wp-json\/wp\/v2\/media?parent=204"}],"curies":[{"name":"wp","href":"https:\/\/api.w.org\/{rel}","templated":true}]}}