{"id":224,"date":"2018-05-04T09:33:31","date_gmt":"2018-05-04T12:33:31","guid":{"rendered":"http:\/\/nossacasa.net\/nossosriachos\/biodiverses\/?page_id=224"},"modified":"2018-05-04T10:20:30","modified_gmt":"2018-05-04T13:20:30","slug":"orientacoes","status":"publish","type":"page","link":"http:\/\/nossacasa.net\/nossosriachos\/biodiverses\/orientacoes\/","title":{"rendered":"Orienta\u00e7\u00f5es"},"content":{"rendered":"<div style=\"text-align:center\">\n<img loading=\"lazy\" decoding=\"async\" src=\"http:\/\/nossacasa.net\/nossosriachos\/biodiverses\/wp-content\/uploads\/sites\/6\/2018\/05\/luisa_2.jpg\" alt=\"\" width=\"150\" height=\"160\" class=\"aligncenter size-full wp-image-226\" \/><\/td>\n<table width=\"100%\" border=\"0\" bgcolor=\"white\" cellspacing=\"0\" align=\"center\">\n<tr>\n<td colspan=\"2\">&nbsp;<\/td>\n<\/tr>\n<tr>\n<td colspan=\"2\"><font size=\"2\"><\/p>\n<div style=\"text-align:center\"><b>Luisa Maria Sarmento-Soares<\/p>\n<p>Docente Colaboradora do Programa de P\u00f3s-Gradua\u00e7\u00e3o em Ci\u00eancias Biol\u00f3gicas do Departamento de Ci\u00eancias Biol\u00f3gicas do Centro de Ci\u00eancias Humanas e Naturais da Universidade Federal do Esp\u00edrito Santo &#8211; PPGBAN\/UFES<\/p>\n<p>Pesquisadora associada ao Museu de Biologia Prof. Mello Leit\u00e3o.<\/b><\/div>\n<p><\/font><\/td>\n<\/tr>\n<tr>\n<td colspan=\"2\">&nbsp;<\/td>\n<\/tr>\n<tr>\n<td><a href=\"http:\/\/nossacasa.net\/nossosriachos\/biodiverses\/maria-margareth-cancian-roldi\/\"><font size=\"2\"><b>Maria Margareth Cancian Roldi<\/b><\/font><\/a><\/td>\n<td><a href=\"http:\/\/nossacasa.net\/nossosriachos\/biodiverses\/daniele-nascimento-oliveira\/\"><font size=\"2\"><b>Daniele Nascimento Oliveira<\/b><\/font><\/a><\/td>\n<\/tr>\n<tr>\n<td><a href=\"http:\/\/nossacasa.net\/nossosriachos\/biodiverses\/maridiesse-morais-lopes\/\"><font size=\"2\"><b>Maridiesse Morais Lopes<\/b><\/font><\/a><\/td>\n<td><a href=\"http:\/\/nossacasa.net\/nossosriachos\/biodiverses\/diones-mendonca-luttig\/\"><font size=\"2\"><b>Diones Mendon\u00e7a L\u00fcttig<\/b><\/font><\/a><\/td>\n<tr>\n<tr>\n<td><a href=\"http:\/\/nossacasa.net\/nossosriachos\/biodiverses\/cristina-jaques-da-cunha\/\"><font size=\"2\"><b>Cristina Jaques da Cunha<\/b><\/font><\/a><\/td>\n<td><a href=\"http:\/\/nossacasa.net\/nossosriachos\/biodiverses\/raphael-becalli-soares\/\"><font size=\"2\"><b>Raphael Becalli Soares<\/b><\/font><\/a><\/td>\n<\/tr>\n<tr>\n<td><a href=\"http:\/\/nossacasa.net\/nossosriachos\/biodiverses\/juliana-paulo-da-silva\/\"><font size=\"2\"><b>Juliana Paulo da Silva<\/b><\/font><\/a><\/td>\n<td><a href=\"default.asp?menu=&nbsp;\"><font size=\"2\"><b>&nbsp;<\/b><\/font><\/a><\/td>\n<\/tr>\n<\/table>\n","protected":false},"excerpt":{"rendered":"<p>&nbsp; Luisa Maria Sarmento-Soares Docente Colaboradora do Programa de P\u00f3s-Gradua\u00e7\u00e3o em Ci\u00eancias Biol\u00f3gicas do Departamento de Ci\u00eancias Biol\u00f3gicas do Centro de Ci\u00eancias Humanas e Naturais da Universidade Federal do Esp\u00edrito Santo &#8211; PPGBAN\/UFES Pesquisadora associada<a class=\"read-more\" href=\"http:\/\/nossacasa.net\/nossosriachos\/biodiverses\/orientacoes\/\">Continue reading<\/a><\/p>\n","protected":false},"author":1,"featured_media":0,"parent":0,"menu_order":0,"comment_status":"closed","ping_status":"closed","template":"","meta":{"footnotes":""},"class_list":["post-224","page","type-page","status-publish","hentry"],"_links":{"self":[{"href":"http:\/\/nossacasa.net\/nossosriachos\/biodiverses\/wp-json\/wp\/v2\/pages\/224","targetHints":{"allow":["GET"]}}],"collection":[{"href":"http:\/\/nossacasa.net\/nossosriachos\/biodiverses\/wp-json\/wp\/v2\/pages"}],"about":[{"href":"http:\/\/nossacasa.net\/nossosriachos\/biodiverses\/wp-json\/wp\/v2\/types\/page"}],"author":[{"embeddable":true,"href":"http:\/\/nossacasa.net\/nossosriachos\/biodiverses\/wp-json\/wp\/v2\/users\/1"}],"replies":[{"embeddable":true,"href":"http:\/\/nossacasa.net\/nossosriachos\/biodiverses\/wp-json\/wp\/v2\/comments?post=224"}],"version-history":[{"count":12,"href":"http:\/\/nossacasa.net\/nossosriachos\/biodiverses\/wp-json\/wp\/v2\/pages\/224\/revisions"}],"predecessor-version":[{"id":271,"href":"http:\/\/nossacasa.net\/nossosriachos\/biodiverses\/wp-json\/wp\/v2\/pages\/224\/revisions\/271"}],"wp:attachment":[{"href":"http:\/\/nossacasa.net\/nossosriachos\/biodiverses\/wp-json\/wp\/v2\/media?parent=224"}],"curies":[{"name":"wp","href":"https:\/\/api.w.org\/{rel}","templated":true}]}}