{"id":231,"date":"2018-05-04T09:43:30","date_gmt":"2018-05-04T12:43:30","guid":{"rendered":"http:\/\/nossacasa.net\/nossosriachos\/biodiverses\/?page_id=231"},"modified":"2018-05-04T09:43:58","modified_gmt":"2018-05-04T12:43:58","slug":"maria-margareth-cancian-roldi","status":"publish","type":"page","link":"http:\/\/nossacasa.net\/nossosriachos\/biodiverses\/maria-margareth-cancian-roldi\/","title":{"rendered":"Maria Margareth Cancian Roldi"},"content":{"rendered":"<div style=\"text-align:center\">\n<table width=\"75%\" border=\"0\" bgcolor=\"white\" cellspacing=\"0\" align=\"center\">\n<img loading=\"lazy\" decoding=\"async\" src=\"http:\/\/nossacasa.net\/nossosriachos\/biodiverses\/wp-content\/uploads\/sites\/6\/2018\/05\/margareth_1.jpg\" alt=\"\" width=\"160\" height=\"150\" class=\"aligncenter size-full wp-image-233\" \/><\/p>\n<tr>\n<td>&nbsp;<\/td>\n<\/tr>\n<tr>\n<td><b>Estudante da ESFA e Estagi\u00e1ria no Museu de Biologia Prof. Mello Leit\u00e3o<\/b><\/font><\/td>\n<\/tr>\n<tr>\n<td>&nbsp;<\/td>\n<\/tr>\n<tr>\n<td colspan=\"2\">\n<table width=\"100%\" border=\"0\" bgcolor=\"white\" cellspacing=\"0\" align=\"left\">\n<caption><font size=\"5\"><b>Projeto de Capacita\u00e7\u00e3o Tecnol\u00f3gica<\/b><\/font><\/caption>\n<tr>\n<td>\n<div style=\"text-align:justify\">\n<font size=\"3\"><b><br \/>\nRevis\u00e3o das esp\u00e9cies de <i>Trichomycterus<\/i> (Siluriformes: Trichomicteridae) nas bacias hidrogr\u00e1ficas da regi\u00e3o central norte e rio Doce no Esp\u00edrito Santo, Brasil.<\/b><br \/>\n<font size=\"2\"><\/p>\n<p>Entre as fam\u00edlias pertencentes \u00e0 ordem Siluriformes, Trichomycteridae \u00e9 uma fam\u00edlia de pequenos bagres amplamente distribu\u00eddos na Am\u00e9rica do Sul e Central. Trichomycterus abriga mais de cem esp\u00e9cies e tem ampla distribui\u00e7\u00e3o pela regi\u00e3o neotropical; sendo que a real estimativa da diversidade de esp\u00e9cies est\u00e1 longe de ser completada, visto que muitas esp\u00e9cies t\u00eam sido recentemente descritas. Pelo fato de Trichomycterus ser um grupo numeroso e diversificado, a maneira mais vi\u00e1vel de se realizar estudos taxon\u00f4micos \u00e9 por etapas, abrangendo regi\u00f5es geogr\u00e1ficas distintas. O objetivo do presente trabalho \u00e9 contribuir para o conhecimento das esp\u00e9cies de Trichomycterus em rios e riachos de Mata Atl\u00e2ntica, e a sua ocorr\u00eancia no estado do Esp\u00edrito Santo. O estudo ser\u00e1 realizado em quatro bacias hidrogr\u00e1ficas da regi\u00e3o central norte e rio Doce no estado do Esp\u00edrito Santo. A investiga\u00e7\u00e3o taxon\u00f4mica ir\u00e1 abranger an\u00e1lises morfom\u00e9tricas, mer\u00edsticas, e ainda elementos \u00f3sseos..<\/b><br \/>\n<font size=\"2\"><\/p>\n<p><font size=\"3\"><b><\/p>\n<\/td>\n<\/tr>\n<\/table>\n<table width=\"100%\" border=\"0\" bgcolor=\"white\" cellspacing=\"0\" align=\"left\">\n<caption><font size=\"5\"><b>Projeto de Inicia\u00e7\u00e3o Cient\u00edfica<\/b><\/font><\/caption>\n<tr>\n<td>\n<div style=\"text-align:justify\">\n<font size=\"3\"><b><\/p>\n<p><font color=\"#800000\">Conclu\u00eddo.<\/font><\/p>\n<p>Os Trichomycterus das drenagens fluviais no Esp\u00edrito Santo, Sudeste do Brasil (Siluriformes: Trichomycteridae).<\/b><br \/>\n<font size=\"2\"><\/p>\n<p><a href=\"http:\/\/www.nossacasa.net\/nossosriachos\/doc\/Roldi_et_all_2011.pdf\" target=\"_blank\"><b><font color=\"#FF0000\">Publicado<\/font><\/b><\/a><br \/>\n<font size=\"3\"><b><\/p>\n<p><font color=\"#800000\">Conclu\u00eddo e submetido manuscrito para publica\u00e7\u00e3o.<\/font><\/p>\n<p>H\u00e1bitos alimentares do cascudinho <i>Parotocinclus maculicauda<\/i> (Ostariophysi, Loricariidae, Hypoptopomatinae), em c\u00f3rregos da regi\u00e3o serrana, munic\u00edpio de Santa Teresa &#8211; ES<\/b><br \/>\n<font size=\"2\"><\/p>\n<p>O cascudinho Parotocinclus maculicauda, esp\u00e9cie de rios de Mata Atl\u00e2ntica do sul e sudeste do Brasil, \u00e9 encontrado em pequenos c\u00f3rregos na regi\u00e3o serrana do Esp\u00edrito Santo. Ocupa ambientes l\u00f3ticos, podendo ser encontrado sobre troncos, vegetais submersos ou pedras, onde se fixam. S\u00e3o essencialmente herb\u00edvoros, utilizando a t\u00e1tica de pastejo, pela raspagem da matriz perif\u00edtica com seus pequenos dentes d\u00e9rmicos assim\u00e9tricos e b\u00edfidos. Foi investigado o conte\u00fado estomacal de esp\u00e9cimens procedentes de seis c\u00f3rregos de cabeceiras das bacias dos rios Doce, Reis Magos e Piraqu\u00ea-a\u00e7u, em Santa Teresa, Esp\u00edrito Santo. Atrav\u00e9s de metodologia de an\u00e1lise do conte\u00fado estomacal, verificou-se que Parotocinclus maculicauda \u00e9 herb\u00edvoro e ili\u00f3fago, e, foi constatado que a dieta apresentou maior volume de algas e vegetais nos ambientes mais florestados. <\/p>\n<p><\/font>\n<\/div>\n<\/td>\n<\/tr>\n<\/td>\n<\/tr>\n<\/table>\n<tr>\n<td>\n<\/td>\n<\/tr>\n<\/table>\n<\/div>\n<\/td>\n<\/tr>\n<\/table>\n","protected":false},"excerpt":{"rendered":"<p>&nbsp; Estudante da ESFA e Estagi\u00e1ria no Museu de Biologia Prof. Mello Leit\u00e3o &nbsp; Projeto de Capacita\u00e7\u00e3o Tecnol\u00f3gica Revis\u00e3o das esp\u00e9cies de Trichomycterus (Siluriformes: Trichomicteridae) nas bacias hidrogr\u00e1ficas da regi\u00e3o central norte e rio Doce<a class=\"read-more\" href=\"http:\/\/nossacasa.net\/nossosriachos\/biodiverses\/maria-margareth-cancian-roldi\/\">Continue reading<\/a><\/p>\n","protected":false},"author":1,"featured_media":0,"parent":0,"menu_order":0,"comment_status":"closed","ping_status":"closed","template":"","meta":{"footnotes":""},"class_list":["post-231","page","type-page","status-publish","hentry"],"_links":{"self":[{"href":"http:\/\/nossacasa.net\/nossosriachos\/biodiverses\/wp-json\/wp\/v2\/pages\/231","targetHints":{"allow":["GET"]}}],"collection":[{"href":"http:\/\/nossacasa.net\/nossosriachos\/biodiverses\/wp-json\/wp\/v2\/pages"}],"about":[{"href":"http:\/\/nossacasa.net\/nossosriachos\/biodiverses\/wp-json\/wp\/v2\/types\/page"}],"author":[{"embeddable":true,"href":"http:\/\/nossacasa.net\/nossosriachos\/biodiverses\/wp-json\/wp\/v2\/users\/1"}],"replies":[{"embeddable":true,"href":"http:\/\/nossacasa.net\/nossosriachos\/biodiverses\/wp-json\/wp\/v2\/comments?post=231"}],"version-history":[{"count":5,"href":"http:\/\/nossacasa.net\/nossosriachos\/biodiverses\/wp-json\/wp\/v2\/pages\/231\/revisions"}],"predecessor-version":[{"id":237,"href":"http:\/\/nossacasa.net\/nossosriachos\/biodiverses\/wp-json\/wp\/v2\/pages\/231\/revisions\/237"}],"wp:attachment":[{"href":"http:\/\/nossacasa.net\/nossosriachos\/biodiverses\/wp-json\/wp\/v2\/media?parent=231"}],"curies":[{"name":"wp","href":"https:\/\/api.w.org\/{rel}","templated":true}]}}