{"id":241,"date":"2018-05-04T09:54:48","date_gmt":"2018-05-04T12:54:48","guid":{"rendered":"http:\/\/nossacasa.net\/nossosriachos\/biodiverses\/?page_id=241"},"modified":"2018-05-04T09:54:48","modified_gmt":"2018-05-04T12:54:48","slug":"maridiesse-morais-lopes","status":"publish","type":"page","link":"http:\/\/nossacasa.net\/nossosriachos\/biodiverses\/maridiesse-morais-lopes\/","title":{"rendered":"Maridiesse Morais Lopes"},"content":{"rendered":"<div style=\"text-align:center\">\n<img loading=\"lazy\" decoding=\"async\" src=\"http:\/\/nossacasa.net\/nossosriachos\/biodiverses\/wp-content\/uploads\/sites\/6\/2018\/05\/mari_1.jpg\" alt=\"\" width=\"160\" height=\"150\" class=\"aligncenter size-full wp-image-242\" \/><\/p>\n<table width=\"75%\" border=\"0\" bgcolor=\"white\" cellspacing=\"0\" align=\"center\">\n<tr>\n<td>&nbsp;<\/td>\n<\/tr>\n<tr>\n<td><b>Estudante da ESFA e Estagi\u00e1ria no Museu de Biologia Prof. Mello Leit\u00e3o<\/b><\/div>\n<p><\/font><\/td>\n<\/tr>\n<tr>\n<td>&nbsp;<\/td>\n<\/tr>\n<tr>\n<td colspan=\"2\">\n<table width=\"100%\" border=\"0\" bgcolor=\"white\" cellspacing=\"0\" align=\"left\">\n<caption><font size=\"5\"><b>Projeto de Capacita\u00e7\u00e3o Tecnol\u00f3gica<\/b><\/font><\/caption>\n<tr>\n<td>\n<div style=\"text-align:justify\">\n<font size=\"3\"><b><\/p>\n<p><font color=\"#800000\">Em prepara\u00e7\u00e3o.<\/font><\/p>\n<p>Sistem\u00e1tica das esp\u00e9cies de peixes do g\u00eanero <i>Characidium<\/i> nas bacias fluviais do Atl\u00e2ntico Leste (Characiformes: Crenuchidae).<\/b><br \/>\n<font size=\"2\"><\/p>\n<p><font size=\"3\"><b><\/p>\n<\/td>\n<\/tr>\n<\/table>\n<table width=\"100%\" border=\"0\" bgcolor=\"white\" cellspacing=\"0\" align=\"left\">\n<caption><font size=\"5\"><b>Projeto de Inicia\u00e7\u00e3o Cient\u00edfica<\/b><\/font><\/caption>\n<tr>\n<td>\n<div style=\"text-align:justify\">\n<font size=\"3\"><b><\/p>\n<p>An\u00e1lise morfol\u00f3gica e redescri\u00e7\u00e3o de <i>Characidium timbuiense<\/i>, esp\u00e9cie end\u00eamica da Mata Atl\u00e2ntica no Esp\u00edrito Santo (Characiformes: Crenuchidae)<\/p>\n<p><\/b><br \/>\n<font size=\"2\"><\/p>\n<p>Os peixes da fam\u00edlia Crenuchidae vivem em \u00e1guas correntosas, as vezes em grandes altitudes (acima de 500 m) ou at\u00e9 pr\u00f3ximo do n\u00edvel do mar. Crenuchidae \u00e9 amplamente distribu\u00edda pela regi\u00e3o neotropical, e todos os g\u00eaneros, exceto <i>Characidium<\/i>, s\u00e3o confinados ao norte da Am\u00e9rica do Sul. O g\u00eanero <i>Characidium<\/i>, \u00e9 o mais especioso da fam\u00edlia Crenuchidae, com mais de 40 esp\u00e9cies distribu\u00eddas desde a bacia do Prata, na Am\u00e9rica do Sul at\u00e9 o Panam\u00e1. Corresponde ao \u00fanico Crenuchidae com distribui\u00e7\u00e3o em rios da Mata Atl\u00e2ntica. O presente estudo tem como objetivo principal rediagnosticar taxonomicamente a esp\u00e9cie <i>Characidium timbuiense<\/i>, esp\u00e9cie end\u00eamica da Mata Atl\u00e2ntica no Esp\u00edrito Santo, e verificar seus limites de distribui\u00e7\u00e3o. Uma avalia\u00e7\u00e3o morfol\u00f3gica e osteol\u00f3gica ser\u00e1 providenciada, bem como compara\u00e7\u00e3o com cong\u00eaneres geograficamente pr\u00f3ximos.<\/p>\n<p><a href=\"http:\/\/www.nossacasa.net\/nossosriachos\/doc\/mari.pdf\" target=\"_blank\"><b><font color=\"#FF0000\">Monografia conclu\u00edda<\/font><\/b><\/a><br \/>\n<\/font>\n<\/div>\n<\/td>\n<\/tr>\n<\/td>\n<\/tr>\n<\/table>\n<tr>\n<td>\n<\/td>\n<\/tr>\n<\/table>\n<\/div>\n<\/td>\n<\/tr>\n<\/table>\n","protected":false},"excerpt":{"rendered":"<p>&nbsp; Estudante da ESFA e Estagi\u00e1ria no Museu de Biologia Prof. Mello Leit\u00e3o &nbsp; Projeto de Capacita\u00e7\u00e3o Tecnol\u00f3gica Em prepara\u00e7\u00e3o. Sistem\u00e1tica das esp\u00e9cies de peixes do g\u00eanero Characidium nas bacias fluviais do Atl\u00e2ntico Leste (Characiformes:<a class=\"read-more\" href=\"http:\/\/nossacasa.net\/nossosriachos\/biodiverses\/maridiesse-morais-lopes\/\">Continue reading<\/a><\/p>\n","protected":false},"author":1,"featured_media":0,"parent":0,"menu_order":0,"comment_status":"closed","ping_status":"closed","template":"","meta":{"footnotes":""},"class_list":["post-241","page","type-page","status-publish","hentry"],"_links":{"self":[{"href":"http:\/\/nossacasa.net\/nossosriachos\/biodiverses\/wp-json\/wp\/v2\/pages\/241","targetHints":{"allow":["GET"]}}],"collection":[{"href":"http:\/\/nossacasa.net\/nossosriachos\/biodiverses\/wp-json\/wp\/v2\/pages"}],"about":[{"href":"http:\/\/nossacasa.net\/nossosriachos\/biodiverses\/wp-json\/wp\/v2\/types\/page"}],"author":[{"embeddable":true,"href":"http:\/\/nossacasa.net\/nossosriachos\/biodiverses\/wp-json\/wp\/v2\/users\/1"}],"replies":[{"embeddable":true,"href":"http:\/\/nossacasa.net\/nossosriachos\/biodiverses\/wp-json\/wp\/v2\/comments?post=241"}],"version-history":[{"count":3,"href":"http:\/\/nossacasa.net\/nossosriachos\/biodiverses\/wp-json\/wp\/v2\/pages\/241\/revisions"}],"predecessor-version":[{"id":245,"href":"http:\/\/nossacasa.net\/nossosriachos\/biodiverses\/wp-json\/wp\/v2\/pages\/241\/revisions\/245"}],"wp:attachment":[{"href":"http:\/\/nossacasa.net\/nossosriachos\/biodiverses\/wp-json\/wp\/v2\/media?parent=241"}],"curies":[{"name":"wp","href":"https:\/\/api.w.org\/{rel}","templated":true}]}}