{"id":246,"date":"2018-05-04T09:58:38","date_gmt":"2018-05-04T12:58:38","guid":{"rendered":"http:\/\/nossacasa.net\/nossosriachos\/biodiverses\/?page_id=246"},"modified":"2018-05-04T09:59:15","modified_gmt":"2018-05-04T12:59:15","slug":"cristina-jaques-da-cunha","status":"publish","type":"page","link":"http:\/\/nossacasa.net\/nossosriachos\/biodiverses\/cristina-jaques-da-cunha\/","title":{"rendered":"Cristina Jaques da Cunha"},"content":{"rendered":"<div style=\"text-align:center\">\n<img loading=\"lazy\" decoding=\"async\" src=\"http:\/\/nossacasa.net\/nossosriachos\/biodiverses\/wp-content\/uploads\/sites\/6\/2018\/05\/cristina.jpg\" alt=\"\" width=\"100\" height=\"94\" class=\"aligncenter size-full wp-image-247\" \/><\/p>\n<table width=\"75%\" border=\"0\" bgcolor=\"white\" cellspacing=\"0\" align=\"center\">\n<tr>\n<td>&nbsp;<\/td>\n<\/tr>\n<tr>\n<td><b>Estudante da ESFA e Estagi\u00e1ria no Museu de Biologia Prof. Mello Leit\u00e3o<\/b><\/div>\n<p><\/font><\/td>\n<\/tr>\n<tr>\n<td>&nbsp;<\/td>\n<\/tr>\n<tr>\n<td colspan=\"2\">\n<table width=\"100%\" border=\"0\" bgcolor=\"white\" cellspacing=\"0\" align=\"left\">\n<caption><font size=\"5\"><b>Projeto de Inicia\u00e7\u00e3o Cient\u00edfica<\/b><\/font><\/caption>\n<tr>\n<td>\n<div style=\"text-align:justify\">\n<div style=\"text-align:center\"><font size=\"3\"><b>PROJETO \u201cPeixes do Cana\u00e3\u201d<\/p>\n<\/div>\n<p>A ICTIOFAUNA NO VALE DO CANA\u00c3 &#8211; Sub-bacias dos rios Cinco de Novembro e Vinte e Cinco de Julho \u2013 Rio Santa Maria do Rio Doce no entorno da Reserva Biol\u00f3gica Augusto Ruschi<\/b><br \/>\n<font size=\"2\"><\/p>\n<p>A floresta Atl\u00e2ntica conta com menos de 5% da sua \u00e1rea original inalterada (Menezes et al., 2007). A acelerada fragmenta\u00e7\u00e3o da Mata Atl\u00e2ntica e destrui\u00e7\u00e3o de ambientes de \u00e1gua doce t\u00eam sido mais r\u00e1pidas do que a explora\u00e7\u00e3o e conhecimento da fauna associada de peixes. Neste aspecto, a ictiofauna capixaba representa um dos componentes menos conhecidos na Mata Atl\u00e2ntica do sudeste do Brasil. Apesar da car\u00eancia de estudos, as iniciativas conduzidas para um melhor conhecimento dos peixes de riacho capixabas t\u00eam revelado a exist\u00eancia de uma rica e diversificada fauna, associada, de forma \u00edntima, \u00e0 floresta que lhe proporciona prote\u00e7\u00e3o e alimento (Sarmento-Soares &#038; Martins-Pinheiro 2007).<\/p>\n<p>O presente estudo \u00e9 parte de um trabalho mais amplo: \u201cDistribui\u00e7\u00e3o e Endemismo de Peixes de Riacho do Esp\u00edrito Santo &#8211; Projeto BIOdiversES\u201d conduzido pela equipe da orientadora Dra. Luisa Maria Sarmento Soares em parceria com o Museu de Biologia Prof. Mello Leit\u00e3o. Neste estudo pretende-se realizar um levantamento da ictiofauna presente em duas sub-bacias do Rio Santa Maria do Rio Doce do entorno oeste da Reserva Biol\u00f3gica Augusto Ruschi. Ser\u00e1 avaliada a distribui\u00e7\u00e3o das esp\u00e9cies, a riqueza e diversidade dos peixes de \u00e1gua doce. Os resultados ser\u00e3o comparado com os obtidos para outras regi\u00f5es do Esp\u00edrito Santo, com o Projeto \u201cBIOdiversES\u201d.<\/p>\n<p><\/font>\n<\/div>\n<\/td>\n<\/tr>\n<\/td>\n<\/tr>\n<\/table>\n<tr>\n<td>\n<\/td>\n<\/tr>\n<\/table>\n<\/div>\n<\/td>\n<\/tr>\n<\/table>\n","protected":false},"excerpt":{"rendered":"<p>&nbsp; Estudante da ESFA e Estagi\u00e1ria no Museu de Biologia Prof. Mello Leit\u00e3o &nbsp; Projeto de Inicia\u00e7\u00e3o Cient\u00edfica PROJETO \u201cPeixes do Cana\u00e3\u201d A ICTIOFAUNA NO VALE DO CANA\u00c3 &#8211; Sub-bacias dos rios Cinco de Novembro<a class=\"read-more\" href=\"http:\/\/nossacasa.net\/nossosriachos\/biodiverses\/cristina-jaques-da-cunha\/\">Continue reading<\/a><\/p>\n","protected":false},"author":1,"featured_media":0,"parent":0,"menu_order":0,"comment_status":"closed","ping_status":"closed","template":"","meta":{"footnotes":""},"class_list":["post-246","page","type-page","status-publish","hentry"],"_links":{"self":[{"href":"http:\/\/nossacasa.net\/nossosriachos\/biodiverses\/wp-json\/wp\/v2\/pages\/246","targetHints":{"allow":["GET"]}}],"collection":[{"href":"http:\/\/nossacasa.net\/nossosriachos\/biodiverses\/wp-json\/wp\/v2\/pages"}],"about":[{"href":"http:\/\/nossacasa.net\/nossosriachos\/biodiverses\/wp-json\/wp\/v2\/types\/page"}],"author":[{"embeddable":true,"href":"http:\/\/nossacasa.net\/nossosriachos\/biodiverses\/wp-json\/wp\/v2\/users\/1"}],"replies":[{"embeddable":true,"href":"http:\/\/nossacasa.net\/nossosriachos\/biodiverses\/wp-json\/wp\/v2\/comments?post=246"}],"version-history":[{"count":3,"href":"http:\/\/nossacasa.net\/nossosriachos\/biodiverses\/wp-json\/wp\/v2\/pages\/246\/revisions"}],"predecessor-version":[{"id":250,"href":"http:\/\/nossacasa.net\/nossosriachos\/biodiverses\/wp-json\/wp\/v2\/pages\/246\/revisions\/250"}],"wp:attachment":[{"href":"http:\/\/nossacasa.net\/nossosriachos\/biodiverses\/wp-json\/wp\/v2\/media?parent=246"}],"curies":[{"name":"wp","href":"https:\/\/api.w.org\/{rel}","templated":true}]}}