{"id":254,"date":"2018-05-04T10:06:33","date_gmt":"2018-05-04T13:06:33","guid":{"rendered":"http:\/\/nossacasa.net\/nossosriachos\/biodiverses\/?page_id=254"},"modified":"2018-05-04T10:06:33","modified_gmt":"2018-05-04T13:06:33","slug":"juliana-paulo-da-silva","status":"publish","type":"page","link":"http:\/\/nossacasa.net\/nossosriachos\/biodiverses\/juliana-paulo-da-silva\/","title":{"rendered":"Juliana Paulo da Silva"},"content":{"rendered":"<div style=\"text-align:center\">\n<img loading=\"lazy\" decoding=\"async\" src=\"http:\/\/nossacasa.net\/nossosriachos\/biodiverses\/wp-content\/uploads\/sites\/6\/2018\/05\/juliana.jpg\" alt=\"\" width=\"150\" height=\"160\" class=\"aligncenter size-full wp-image-255\" \/><\/p>\n<table width=\"75%\" border=\"0\" bgcolor=\"white\" cellspacing=\"0\" align=\"center\">\n<tr>\n<td>&nbsp;<\/td>\n<\/tr>\n<tr>\n<td><b>Estudante da ESFA e Estagi\u00e1ria no Museu de Biologia Prof. Mello Leit\u00e3o<\/b><\/div>\n<p><\/font><\/td>\n<\/tr>\n<tr>\n<td>&nbsp;<\/td>\n<\/tr>\n<tr>\n<td colspan=\"2\">\n<table width=\"100%\" border=\"0\" bgcolor=\"white\" cellspacing=\"0\" align=\"left\">\n<caption><font size=\"5\"><b>Projeto de Inicia\u00e7\u00e3o Cient\u00edfica<\/b><\/font><\/caption>\n<tr>\n<td>\n<div style=\"text-align:justify\">\n<div style=\"text-align:center\">PROJETO \u201cGoiapaba\u201d<\/div>\n<p>A Ictiofauna na Serra Santa Teresa-Fund\u00e3o &#8211; Estrutura e composi\u00e7\u00e3o espacial das comunidades de peixes no entorno sudeste da REBIO Augusto Ruschi<br \/>\n<\/b><br \/>\n<font size=\"2\"><\/p>\n<p>O objetivo deste projeto \u00e9 definir como as comunidades de peixes dos Rios e riachos da sub-bacia do C\u00f3rrego Tr\u00eas Barras e as sub-bacias do Rio Timbu\u00ed, formada pelo Rio Stelzer e os dois afluentes do Timbu\u00ed laterais ao Rio Stlezer do entorno da REBIO Augusto Ruschi est\u00e3o estruturadas e como variam suas composi\u00e7\u00f5es no espa\u00e7o e no tempo. Estudos sobre a biologia dessas popula\u00e7\u00f5es ser\u00e3o conduzidos de modo a entender como ocorrem os processos de substitui\u00e7\u00e3o de esp\u00e9cies no tempo e no espa\u00e7o. <\/p>\n<p><\/font>\n<\/div>\n<\/td>\n<\/tr>\n<\/td>\n<\/tr>\n<\/table>\n<tr>\n<td>\n<\/td>\n<\/tr>\n<\/table>\n<\/div>\n<\/td>\n<\/tr>\n<\/table>\n","protected":false},"excerpt":{"rendered":"<p>&nbsp; Estudante da ESFA e Estagi\u00e1ria no Museu de Biologia Prof. Mello Leit\u00e3o &nbsp; Projeto de Inicia\u00e7\u00e3o Cient\u00edfica PROJETO \u201cGoiapaba\u201d A Ictiofauna na Serra Santa Teresa-Fund\u00e3o &#8211; Estrutura e composi\u00e7\u00e3o espacial das comunidades de peixes<a class=\"read-more\" href=\"http:\/\/nossacasa.net\/nossosriachos\/biodiverses\/juliana-paulo-da-silva\/\">Continue reading<\/a><\/p>\n","protected":false},"author":1,"featured_media":0,"parent":0,"menu_order":0,"comment_status":"closed","ping_status":"closed","template":"","meta":{"footnotes":""},"class_list":["post-254","page","type-page","status-publish","hentry"],"_links":{"self":[{"href":"http:\/\/nossacasa.net\/nossosriachos\/biodiverses\/wp-json\/wp\/v2\/pages\/254","targetHints":{"allow":["GET"]}}],"collection":[{"href":"http:\/\/nossacasa.net\/nossosriachos\/biodiverses\/wp-json\/wp\/v2\/pages"}],"about":[{"href":"http:\/\/nossacasa.net\/nossosriachos\/biodiverses\/wp-json\/wp\/v2\/types\/page"}],"author":[{"embeddable":true,"href":"http:\/\/nossacasa.net\/nossosriachos\/biodiverses\/wp-json\/wp\/v2\/users\/1"}],"replies":[{"embeddable":true,"href":"http:\/\/nossacasa.net\/nossosriachos\/biodiverses\/wp-json\/wp\/v2\/comments?post=254"}],"version-history":[{"count":1,"href":"http:\/\/nossacasa.net\/nossosriachos\/biodiverses\/wp-json\/wp\/v2\/pages\/254\/revisions"}],"predecessor-version":[{"id":256,"href":"http:\/\/nossacasa.net\/nossosriachos\/biodiverses\/wp-json\/wp\/v2\/pages\/254\/revisions\/256"}],"wp:attachment":[{"href":"http:\/\/nossacasa.net\/nossosriachos\/biodiverses\/wp-json\/wp\/v2\/media?parent=254"}],"curies":[{"name":"wp","href":"https:\/\/api.w.org\/{rel}","templated":true}]}}