{"id":258,"date":"2018-05-04T10:11:02","date_gmt":"2018-05-04T13:11:02","guid":{"rendered":"http:\/\/nossacasa.net\/nossosriachos\/biodiverses\/?page_id=258"},"modified":"2018-05-04T10:12:58","modified_gmt":"2018-05-04T13:12:58","slug":"daniele-nascimento-oliveira","status":"publish","type":"page","link":"http:\/\/nossacasa.net\/nossosriachos\/biodiverses\/daniele-nascimento-oliveira\/","title":{"rendered":"Daniele Nascimento Oliveira"},"content":{"rendered":"<div style=\"text-align:center\">\n<img loading=\"lazy\" decoding=\"async\" src=\"http:\/\/nossacasa.net\/nossosriachos\/biodiverses\/wp-content\/uploads\/sites\/6\/2018\/05\/dani.jpg\" alt=\"\" width=\"160\" height=\"150\" class=\"aligncenter size-full wp-image-259\" \/><\/p>\n<table width=\"75%\" border=\"0\" bgcolor=\"white\" cellspacing=\"0\" align=\"center\">\n<tr>\n<td>&nbsp;<\/td>\n<\/tr>\n<tr>\n<td><b>Estudante da ESFA e Estagi\u00e1ria no Museu de Biologia Prof. Mello Leit\u00e3o<\/b><\/div>\n<p><\/font><\/td>\n<\/tr>\n<tr>\n<td>&nbsp;<\/td>\n<\/tr>\n<tr>\n<td colspan=\"2\">\n<table width=\"100%\" border=\"0\" bgcolor=\"white\" cellspacing=\"0\" align=\"left\">\n<caption><font size=\"5\"><b>Projeto de Inicia\u00e7\u00e3o Cient\u00edfica<\/b><\/font><\/caption>\n<tr>\n<td>\n<div style=\"text-align:justify\">\n<font size=\"3\"><b><\/p>\n<p>Peixes e pescadores artesanais do vale do rio Doce em Colatina- ES: conhecimento tradicional e conserva\u00e7\u00e3o<br \/>\n<\/b><br \/>\n<font size=\"2\"><\/p>\n<p>A popula\u00e7\u00e3o tradicional que reside no vale do rio Doce \u00e9 constitu\u00edda por pescadores artesanais, ribeirinhos, descendentes de negros, ind\u00edgenas e imigrantes. As comunidades ribeirinhas de Maria Ortiz e Itapina, ambas no munic\u00edpio de Colatina- ES, ser\u00e3o mapeadas e sua rela\u00e7\u00e3o com a atividade pesqueira investigada.O conhecimento tradicional, a taxonomia popular e a utiliza\u00e7\u00e3o dos peixes pelos pescadores ser\u00e3o avaliados atrav\u00e9s de entrevistas dirigidas.O conhecimento tradicional de pescadores do rio doce sobre as taxonomias dos peixes, as esp\u00e9cies utilizadas e suas finalidades de uso.  A partir dos depoimentos colhidos, reconhecer as esp\u00e9cies comercialmente importantes na \u00e1rea de estudo, reconhecer o estado dos estoques e avaliar super explota\u00e7\u00e3o . Verificar rejei\u00e7\u00f5es a determinadas esp\u00e9cies ou tabus alimentares. Atrav\u00e9s dos saberes tradicionais, pretende-se ainda, verificar a presen\u00e7a de esp\u00e9cies potencialmente amea\u00e7adas, vulner\u00e1veis ou extintas localmente. As informa\u00e7\u00f5es ser\u00e3o coletadas para enriquecer o conhecimento desta \u00e1rea e estabelecer metas para a conserva\u00e7\u00e3o do rio Doce.\t <\/p>\n<p><a href=\"http:\/\/www.nossacasa.net\/nossosriachos\/doc\/dani.pdf\" target=\"_blank\"><b><font color=\"#FF0000\">Monografia conclu\u00edda<\/font><\/b><\/a><br \/>\n<\/font>\n<\/div>\n<\/td>\n<\/tr>\n<\/td>\n<\/tr>\n<\/table>\n<tr>\n<td>\n<\/td>\n<\/tr>\n<\/table>\n<\/div>\n","protected":false},"excerpt":{"rendered":"<p>&nbsp; Estudante da ESFA e Estagi\u00e1ria no Museu de Biologia Prof. Mello Leit\u00e3o &nbsp; Projeto de Inicia\u00e7\u00e3o Cient\u00edfica Peixes e pescadores artesanais do vale do rio Doce em Colatina- ES: conhecimento tradicional e conserva\u00e7\u00e3o A<a class=\"read-more\" href=\"http:\/\/nossacasa.net\/nossosriachos\/biodiverses\/daniele-nascimento-oliveira\/\">Continue reading<\/a><\/p>\n","protected":false},"author":1,"featured_media":0,"parent":0,"menu_order":0,"comment_status":"closed","ping_status":"closed","template":"","meta":{"footnotes":""},"class_list":["post-258","page","type-page","status-publish","hentry"],"_links":{"self":[{"href":"http:\/\/nossacasa.net\/nossosriachos\/biodiverses\/wp-json\/wp\/v2\/pages\/258","targetHints":{"allow":["GET"]}}],"collection":[{"href":"http:\/\/nossacasa.net\/nossosriachos\/biodiverses\/wp-json\/wp\/v2\/pages"}],"about":[{"href":"http:\/\/nossacasa.net\/nossosriachos\/biodiverses\/wp-json\/wp\/v2\/types\/page"}],"author":[{"embeddable":true,"href":"http:\/\/nossacasa.net\/nossosriachos\/biodiverses\/wp-json\/wp\/v2\/users\/1"}],"replies":[{"embeddable":true,"href":"http:\/\/nossacasa.net\/nossosriachos\/biodiverses\/wp-json\/wp\/v2\/comments?post=258"}],"version-history":[{"count":2,"href":"http:\/\/nossacasa.net\/nossosriachos\/biodiverses\/wp-json\/wp\/v2\/pages\/258\/revisions"}],"predecessor-version":[{"id":261,"href":"http:\/\/nossacasa.net\/nossosriachos\/biodiverses\/wp-json\/wp\/v2\/pages\/258\/revisions\/261"}],"wp:attachment":[{"href":"http:\/\/nossacasa.net\/nossosriachos\/biodiverses\/wp-json\/wp\/v2\/media?parent=258"}],"curies":[{"name":"wp","href":"https:\/\/api.w.org\/{rel}","templated":true}]}}