{"id":278,"date":"2018-05-04T10:38:56","date_gmt":"2018-05-04T13:38:56","guid":{"rendered":"http:\/\/nossacasa.net\/nossosriachos\/biodiverses\/?page_id=278"},"modified":"2018-05-04T10:38:56","modified_gmt":"2018-05-04T13:38:56","slug":"parcerias","status":"publish","type":"page","link":"http:\/\/nossacasa.net\/nossosriachos\/biodiverses\/parcerias\/","title":{"rendered":"Parcerias"},"content":{"rendered":"<table height=\"60\" border=\"0\">\n<tr>\n<td><img loading=\"lazy\" decoding=\"async\" src=\"http:\/\/nossacasa.net\/nossosriachos\/biodiverses\/wp-content\/uploads\/sites\/6\/2018\/05\/mbml.gif\" alt=\"\" width=\"67\" height=\"60\" class=\"alignleft size-full wp-image-279\" \/>MBML- O Museu de Biologia Prof.Mello Leit\u00e3o \u00e9 parceiro no projeto, e ser\u00e1 deposit\u00e1rio de parte do material coletado.\n<\/td>\n<\/tr>\n<tr>\n<td><img loading=\"lazy\" decoding=\"async\" src=\"http:\/\/nossacasa.net\/nossosriachos\/biodiverses\/wp-content\/uploads\/sites\/6\/2018\/05\/mnufrj.jpg\" alt=\"\" width=\"157\" height=\"60\" class=\"alignright size-full wp-image-280\" \/>Museu Nacional\/ UFRJ- O Museu Nacional \u00e9 parceiro no projeto, e ser\u00e1 deposit\u00e1rio de parte do material coletado<\/td>\n<\/tr>\n<tr>\n<td><img loading=\"lazy\" decoding=\"async\" src=\"http:\/\/nossacasa.net\/nossosriachos\/biodiverses\/wp-content\/uploads\/sites\/6\/2018\/05\/cnpq.gif\" alt=\"\" width=\"122\" height=\"60\" class=\"alignleft size-full wp-image-282\" \/>CNPq- Conselho Nacional de Desenvolvimento Cient\u00edfico e Tecnol\u00f3gico concedeu recursos para execu\u00e7\u00e3o do projeto pelo Edital MCT\/CNPq 14\/2008 &#8211; Universal (Processo: 473749\/2008-4).<\/td>\n<\/tr>\n<tr>\n<td><img loading=\"lazy\" decoding=\"async\" src=\"http:\/\/nossacasa.net\/nossosriachos\/biodiverses\/wp-content\/uploads\/sites\/6\/2018\/05\/icm.jpg\" alt=\"\" width=\"64\" height=\"60\" class=\"alignright size-full wp-image-283\" \/>ICMBio- Instituto Chico Mendes de Conserva\u00e7\u00e3o da Biodiversidade concedeu Autoriza\u00e7\u00e3o para atividades com finalidade cient\u00edfica no. 20096-1<\/td>\n<\/tr>\n<\/table>\n","protected":false},"excerpt":{"rendered":"<p>MBML- O Museu de Biologia Prof.Mello Leit\u00e3o \u00e9 parceiro no projeto, e ser\u00e1 deposit\u00e1rio de parte do material coletado. Museu Nacional\/ UFRJ- O Museu Nacional \u00e9 parceiro no projeto, e ser\u00e1 deposit\u00e1rio de parte do<a class=\"read-more\" href=\"http:\/\/nossacasa.net\/nossosriachos\/biodiverses\/parcerias\/\">Continue reading<\/a><\/p>\n","protected":false},"author":1,"featured_media":0,"parent":0,"menu_order":0,"comment_status":"closed","ping_status":"closed","template":"","meta":{"footnotes":""},"class_list":["post-278","page","type-page","status-publish","hentry"],"_links":{"self":[{"href":"http:\/\/nossacasa.net\/nossosriachos\/biodiverses\/wp-json\/wp\/v2\/pages\/278","targetHints":{"allow":["GET"]}}],"collection":[{"href":"http:\/\/nossacasa.net\/nossosriachos\/biodiverses\/wp-json\/wp\/v2\/pages"}],"about":[{"href":"http:\/\/nossacasa.net\/nossosriachos\/biodiverses\/wp-json\/wp\/v2\/types\/page"}],"author":[{"embeddable":true,"href":"http:\/\/nossacasa.net\/nossosriachos\/biodiverses\/wp-json\/wp\/v2\/users\/1"}],"replies":[{"embeddable":true,"href":"http:\/\/nossacasa.net\/nossosriachos\/biodiverses\/wp-json\/wp\/v2\/comments?post=278"}],"version-history":[{"count":5,"href":"http:\/\/nossacasa.net\/nossosriachos\/biodiverses\/wp-json\/wp\/v2\/pages\/278\/revisions"}],"predecessor-version":[{"id":287,"href":"http:\/\/nossacasa.net\/nossosriachos\/biodiverses\/wp-json\/wp\/v2\/pages\/278\/revisions\/287"}],"wp:attachment":[{"href":"http:\/\/nossacasa.net\/nossosriachos\/biodiverses\/wp-json\/wp\/v2\/media?parent=278"}],"curies":[{"name":"wp","href":"https:\/\/api.w.org\/{rel}","templated":true}]}}