{"id":3301,"date":"2018-10-06T11:38:30","date_gmt":"2018-10-06T14:38:30","guid":{"rendered":"http:\/\/nossacasa.net\/nossosriachos\/diversidades\/?page_id=3301"},"modified":"2018-10-06T11:52:13","modified_gmt":"2018-10-06T14:52:13","slug":"publicacoes","status":"publish","type":"page","link":"http:\/\/nossacasa.net\/nossosriachos\/diversidades\/publicacoes\/","title":{"rendered":"Publica\u00e7\u00f5es"},"content":{"rendered":"<div style=\"text-align:justify\">\n<p>62. <b>Primeiros registros de <i>Kryptolebias ocellatus<\/i> (Hensel) (Cyprinodontiformes, Rivulidae) para riachos de Mata Atl\u00e2ntica no Esp\u00edrito Santo<\/b> &#8211; Luisa Maria Sarmento-Soares, Leonardo F. S. Ingenito, Luiz Fernando Duboc, Ronaldo Fernando Martins-Pinheiro, Rodrigo Bor\u00e7ato &#038; Juliana Paulo da Silva Boletim Sociedade Brasileira de Ictiologia, Novembro de 2014, N\u00ba111. (<a href=\"http:\/\/www.nossacasa.net\/nossosriachos\/doc\/2014_Sarmeto-Soares_et_al-Kryptolebias.pdf\" target=\"_blank\">pdf<\/a>) ou (<a href=\"http:\/\/www.sbi.bio.br\/sbi\/pdfs\/boletins\/Boletim%20SBI%20111.pdf\" target=\"_blank\">Boletim 111<\/a>)<\/p>\n<p>61. <b>A fauna de peixes na bacia do rio Barra Seca e REBIO de Sooretama, Esp\u00edrito Santo, Brasil.<\/b> &#8211; Sarmento-Soares, Luisa Maria &#038; Martins-Pinheiro, Ronaldo Fernando.  BOL. MUS. BIOL. MELLO LEIT\u00c3O (N. S\u00c9R.) 35:49-104. julho DE 2014. (<a href=\"http:\/\/www.boletimmbml.net\/boletim\/index.php\/boletim_mbml\/issue\/view\/7\/showToc\" target=\"_blank\">Boletim<\/a>) ou (<a href=\"http:\/\/www.nossacasa.net\/nossosriachos\/doc\/2014b_Sarmento-Soares_Martins-Pinheiro.pdf\" target=\"_blank\">pdf<\/a>)<\/p>\n<p>58. <b>Rios e Peixes da Cabeceira a Foz.<\/b> Luisa Maria Sarmento-Soares.  III SIMBIOMA &#8211; Simp\u00f3sio sobre a Biodiversidae da Mata Atl\u00e2ntica &#8211; Org. Sarmento-Soares,L.M.; De , E.J &#038; Martins-Pinheiro, R.F. 2014 ISBN: 978-85-67438-03-0.(<a href=\"http:\/\/www.nossacasa.net\/nossosriachos\/doc\/anais_iii_simbioma.pdf\" target=\"_blank\">pdf<\/a>)<\/p>\n<p>56. <b>A fauna de peixes nas Bacias Sul do Esp\u00edrito Santo, Brasil<\/b> &#8211; Luisa Maria Sarmento-Soares &#038; Ronaldo Fernando Martins-Pinheiro. Sitientibus. S\u00e9rie Ci\u00eancias Biol\u00f3gicas, v. 13, p. 1-37, 2014.(<a href=\"http:\/\/hidra.uefs.br\/ojs\/index.php\/sitientibusBiologia\/article\/view\/98\" target=\"_blank\">SITIENTIBUS<\/a>) ou (<a href=\"http:\/\/www.nossacasa.net\/nossosriachos\/doc\/2014_Sarmento-Soares_Martins-Pinheiro.pdf\" target=\"_blank\">pdf<\/a>)<\/p>\n<p>53. <b>Efetividade das Unidades de Conserva\u00e7\u00e3o na prote\u00e7\u00e3o da biodiversidade aqu\u00e1tica Estudo de caso com o Projeto DiversidadES.<\/b> Luisa Maria Sarmento-Soares.  II SIMBIOMA &#8211; Simp\u00f3sio sobre a Biodiversidae da Mata Atl\u00e2ntica &#8211; Org. Sarmento-Soares,L.M.; De , E.J &#038; Martins-Pinheiro, R.F. 2013 ISBN: 978-85-67438-00-9. (<a href=\"http:\/\/www.nossacasa.net\/nossosriachos\/doc\/anais_ii_simbioma.pdf\" target=\"_blank\">pdf<\/a>)<\/p>\n<p>51. <b>A fauna de peixes na REBIO C\u00f3rrego Grande e seu entorno direto, Esp\u00edrito Santo, Brasil<\/b> Sarmento-Soares, L.M. &#038; Martins-Pinheiro, R.F. BOL. MUS. BIOL. MELLO LEIT\u00c3O (N. S\u00c9R.) 31:25-57. ABRIL DE 2013. (<a href=\"http:\/\/www.nossacasa.net\/nossosriachos\/doc\/31_02.pdf\" target=\"_blank\">pdf<\/a>)<\/p>\n<p>48. <b>Unidades de Conserva\u00e7\u00e3o como P\u00f3los de solu\u00e7\u00f5es sustent\u00e1veis para a popula\u00e7\u00e3o do entorno.<\/b> &#8211; Luisa Maria Sarmento-Soares. I SIMBIOMA &#8211; Simp\u00f3sio sobre a Biodiversidae da Mata Atl\u00e2ntica &#8211; Org. Sarmento-Soares,L.M.; Rossini, J.; De , E.J &#038; Aledi, V.L. 2012 ISBN: 978-85-67438-01-6(<a href=\"http:\/\/www.nossacasa.net\/nossosriachos\/doc\/anais_i_simbioma.pdf\" target=\"_blank\">pdf<\/a>)<\/p>\n<p>45. <b>Rela\u00e7\u00e3o de lotes de peixes de \u00e1gua doce coletados no Esp\u00edrito Santo durante os Projetos <i>BIOdiversES<\/i> e <i>DiversidadES<\/i><\/b> Sarmento-Soares, L.M. &#038; Martins-Pinheiro, R.F. Novembro de 2012. (<a href=\"http:\/\/www.nossacasa.net\/nossosriachos\/doc\/anexo_a.pdf\" target=\"_blank\">pdf<\/a>)\n<\/div>\n","protected":false},"excerpt":{"rendered":"<p>62. Primeiros registros de Kryptolebias ocellatus (Hensel) (Cyprinodontiformes, Rivulidae) para riachos de Mata Atl\u00e2ntica no Esp\u00edrito Santo &#8211; Luisa Maria Sarmento-Soares, Leonardo F. S. Ingenito, Luiz Fernando Duboc, Ronaldo Fernando Martins-Pinheiro, Rodrigo Bor\u00e7ato &#038; Juliana Paulo da Silva Boletim Sociedade &hellip; <a href=\"http:\/\/nossacasa.net\/nossosriachos\/diversidades\/publicacoes\/\">Continue lendo <span class=\"meta-nav\">&rarr;<\/span><\/a><\/p>\n","protected":false},"author":1,"featured_media":0,"parent":0,"menu_order":0,"comment_status":"closed","ping_status":"closed","template":"","meta":{"footnotes":""},"class_list":["post-3301","page","type-page","status-publish","hentry"],"_links":{"self":[{"href":"http:\/\/nossacasa.net\/nossosriachos\/diversidades\/wp-json\/wp\/v2\/pages\/3301","targetHints":{"allow":["GET"]}}],"collection":[{"href":"http:\/\/nossacasa.net\/nossosriachos\/diversidades\/wp-json\/wp\/v2\/pages"}],"about":[{"href":"http:\/\/nossacasa.net\/nossosriachos\/diversidades\/wp-json\/wp\/v2\/types\/page"}],"author":[{"embeddable":true,"href":"http:\/\/nossacasa.net\/nossosriachos\/diversidades\/wp-json\/wp\/v2\/users\/1"}],"replies":[{"embeddable":true,"href":"http:\/\/nossacasa.net\/nossosriachos\/diversidades\/wp-json\/wp\/v2\/comments?post=3301"}],"version-history":[{"count":3,"href":"http:\/\/nossacasa.net\/nossosriachos\/diversidades\/wp-json\/wp\/v2\/pages\/3301\/revisions"}],"predecessor-version":[{"id":3550,"href":"http:\/\/nossacasa.net\/nossosriachos\/diversidades\/wp-json\/wp\/v2\/pages\/3301\/revisions\/3550"}],"wp:attachment":[{"href":"http:\/\/nossacasa.net\/nossosriachos\/diversidades\/wp-json\/wp\/v2\/media?parent=3301"}],"curies":[{"name":"wp","href":"https:\/\/api.w.org\/{rel}","templated":true}]}}