{"id":48,"date":"2017-08-01T18:02:14","date_gmt":"2017-08-01T21:02:14","guid":{"rendered":"http:\/\/nossacasa.net\/nossosriachos\/nossasmatas\/?page_id=48"},"modified":"2017-08-06T09:53:56","modified_gmt":"2017-08-06T12:53:56","slug":"rua-das-hortencias","status":"publish","type":"page","link":"http:\/\/nossacasa.net\/nossosriachos\/nossasmatas\/rua-das-hortencias\/","title":{"rendered":"Rua das Hort\u00eancias"},"content":{"rendered":"<p><strong>\u00c1rvores na primeira quadra da Rua das Hort\u00eancias<\/strong> (entrando pela DPO)<br \/>\n[metaslider id=38]<br \/>\n<strong>\u00c1rvores na segunda quadra da Rua das Hort\u00eancias<\/strong> (lado direito)<br \/>\n[metaslider id=75]<br \/>\n<strong>\u00c1rvores na pracinha da Rua das Hort\u00eancias<\/strong> (lado direito)<br \/>\n[metaslider id=97]<br \/>\n<strong>\u00c1rvores na r\u00f3tula frente pracinha da Rua das Hort\u00eancias<\/strong> (lado esquerdo)<\/p>\n<p><strong>\u00c1rvores na Rua das Hort\u00eancias esquina da Rua das Cam\u00e9lia<\/strong> (lado esquerdo)<\/p>\n<p><strong>\u00c1rvores na rotula frente pracinha da Rua das Hort\u00eancias<\/strong> (lado esquerdo)<\/p>\n","protected":false},"excerpt":{"rendered":"<p>\u00c1rvores na primeira quadra da Rua das Hort\u00eancias (entrando pela DPO) [metaslider id=38] \u00c1rvores na segunda quadra da Rua das Hort\u00eancias (lado direito) [metaslider id=75] \u00c1rvores na pracinha da Rua das Hort\u00eancias (lado direito) [metaslider id=97] \u00c1rvores na r\u00f3tula frente &hellip; <a href=\"http:\/\/nossacasa.net\/nossosriachos\/nossasmatas\/rua-das-hortencias\/\">Continue lendo <span class=\"meta-nav\">&rarr;<\/span><\/a><\/p>\n","protected":false},"author":1,"featured_media":0,"parent":0,"menu_order":0,"comment_status":"closed","ping_status":"closed","template":"","meta":{"footnotes":""},"class_list":["post-48","page","type-page","status-publish","hentry"],"_links":{"self":[{"href":"http:\/\/nossacasa.net\/nossosriachos\/nossasmatas\/wp-json\/wp\/v2\/pages\/48","targetHints":{"allow":["GET"]}}],"collection":[{"href":"http:\/\/nossacasa.net\/nossosriachos\/nossasmatas\/wp-json\/wp\/v2\/pages"}],"about":[{"href":"http:\/\/nossacasa.net\/nossosriachos\/nossasmatas\/wp-json\/wp\/v2\/types\/page"}],"author":[{"embeddable":true,"href":"http:\/\/nossacasa.net\/nossosriachos\/nossasmatas\/wp-json\/wp\/v2\/users\/1"}],"replies":[{"embeddable":true,"href":"http:\/\/nossacasa.net\/nossosriachos\/nossasmatas\/wp-json\/wp\/v2\/comments?post=48"}],"version-history":[{"count":6,"href":"http:\/\/nossacasa.net\/nossosriachos\/nossasmatas\/wp-json\/wp\/v2\/pages\/48\/revisions"}],"predecessor-version":[{"id":98,"href":"http:\/\/nossacasa.net\/nossosriachos\/nossasmatas\/wp-json\/wp\/v2\/pages\/48\/revisions\/98"}],"wp:attachment":[{"href":"http:\/\/nossacasa.net\/nossosriachos\/nossasmatas\/wp-json\/wp\/v2\/media?parent=48"}],"curies":[{"name":"wp","href":"https:\/\/api.w.org\/{rel}","templated":true}]}}