{"id":1095,"date":"2019-08-16T14:16:20","date_gmt":"2019-08-16T17:16:20","guid":{"rendered":"http:\/\/nossacasa.net\/nossosriachos\/pos\/?page_id=1095"},"modified":"2019-08-23T10:18:15","modified_gmt":"2019-08-23T13:18:15","slug":"seminario-2019-7","status":"publish","type":"page","link":"http:\/\/nossacasa.net\/nossosriachos\/pos\/seminario-2019-7\/","title":{"rendered":"Semin\u00e1rio 2019-7"},"content":{"rendered":"<div style=\"text-align: justify;\">\n<div style=\"text-align: center;\">\n<img loading=\"lazy\" decoding=\"async\" src=\"http:\/\/nossacasa.net\/nossosriachos\/pos\/wp-content\/uploads\/sites\/5\/2017\/09\/seminario-.jpg\" alt=\"\" width=\"200\" height=\"200\" class=\"alignleft size-full wp-image-213\" srcset=\"http:\/\/nossacasa.net\/nossosriachos\/pos\/wp-content\/uploads\/sites\/5\/2017\/09\/seminario-.jpg 200w, http:\/\/nossacasa.net\/nossosriachos\/pos\/wp-content\/uploads\/sites\/5\/2017\/09\/seminario--150x150.jpg 150w\" sizes=\"auto, (max-width: 200px) 100vw, 200px\" \/><\/p>\n<hr>\n<hr>\n<hr>\n<hr>\n<p><strong>Biogeografia e Conserva\u00e7\u00e3o de Fauna Aqu\u00e1tica 2019-2<\/strong><\/p>\n<hr>\n<hr>\n<hr>\n<p>PROGRAMA DE P\u00d3S-GRADUA\u00c7\u00c3O EM CI\u00caNCIAS BIOL\u00d3GICAS- CENTRO DE CI\u00caNCIAS HUMANAS E NATURAIS<br \/>\nUNIVERSIDADE FEDERAL DO ESP\u00cdRITO SANTO<br \/>\nDISCIPLINA: Biogeografia e conserva\u00e7\u00e3o da fauna aqu\u00e1tica.<br \/>\nPBAN 9526 T\u00f3picos Especiais em Biologia Animal I<br \/>\nRESPONS\u00c1VEL: Luisa Maria Sarmento Soares.\n<\/p><\/div>\n<hr>\n<h1>SEMIN\u00c1RIO E DEBATES<\/h1>\n<hr>\n<p><strong>Normas<\/strong>:<br \/>\n<strong>Formato de apresenta\u00e7\u00e3o:<\/strong> Cada grupo deve oferecer aos colegas uma s\u00edntese do tema trabalhado (avaliativo). <\/p>\n<p><strong>Material suplementar (visual)<\/strong>: trechos dos artigos lidos; sele\u00e7\u00e3o de trechos de v\u00eddeos\/imagens sobre o assunto. Meia hora para expor o tema e dirigir quest\u00f5es aos colegas para debate (meia hora de debates).<\/p>\n<hr>\n<p><strong>Tema norteador para o debate:<\/strong> A agroecologia como estrat\u00e9gia de gest\u00e3o de Unidades de Conserva\u00e7\u00e3o.<\/p>\n<p>Possibilidades do uso de pr\u00e1ticas agroecol\u00f3gicas na gest\u00e3o das UCs.<\/p>\n<p><strong>Objetivos<\/strong>:Avaliar as pr\u00e1ticas agroecol\u00f3gicas como quebra de paradigmas. A hip\u00f3tese da perman\u00eancia. A crise h\u00eddrica.<\/p>\n<p><strong>Texto base<\/strong>: 1. <a href=\"http:\/\/nossacasa.net\/nossosriachos\/doc\/2018_Narezi-A agroecologia como estrat\u00e9gia de gest\u00e3o de Unidades de Conserva\u00e7\u00e3o de uso sustent\u00e1vel no Vale do Ribeira.pdf\" rel=\"noopener noreferrer\" target=\"_blank\">A agroecologia como estrat\u00e9gia de gest\u00e3o de Unidades de Conserva\u00e7\u00e3o de uso sustent\u00e1vel no Vale do Ribeira<br \/>\n.<\/a><\/p>\n<p><strong>Texto complementar<\/strong>: <\/p>\n<p>2. <a href=\"http:\/\/nossacasa.net\/nossosriachos\/doc\/2017_Sarmento-Soares_ Martins-Pinheiro-agua-e-conservacao-um-outro-olhar.pdf\" rel=\"noopener noreferrer\" target=\"_blank\">\u00c1gua e Conserva\u00e7\u00e3o um outro olhar<\/a><\/p>\n<p>3. <a href=\"http:\/\/nossacasa.net\/nossosriachos\/pos\/wp-content\/uploads\/sites\/5\/2019\/08\/2004_Ferreira-Dimens\u00f5es-Humanas-da-Biodiversidade.pdf\" rel=\"noopener noreferrer\" target=\"_blank\">Dimens\u00f5es Humanas da Biodiversidade:MUDAN\u00c7AS SOCIAIS E CONFLITOS EM TORNO DE \u00c1REAS PROTEGIDAS NO VALE DO RIBEIRA.<\/a><\/p>\n<p><b>APRESENTA\u00c7\u00c3O:<\/b>\u00a0Sexta-feira \u00e0 tarde.<\/p>\n<p><b>ALUNOS:<\/b><\/p>\n<ol type=\"1\">\n<li><a href=\"mailto:eduardohbarros@elloambiental.com.br\"><b>Eduardo Hoffmam de Barros<\/b><\/a><\/li>\n<li><a href=\"mailto:renatapasini@gmail.com\"><b>Renata Pasini<\/b><\/a><\/li>\n<li><a href=\"mailto:thaislquintao@hotmail.com\"><b>Thais Lemos Quint\u00e3o<\/b><\/a><\/li>\n<li><a href=\"mailto:mizatbl@gmail.com\"><b>Thamilla Barcellos<\/b><\/a><\/li>\n<\/ol>\n<h1>RESUMO PARA DEBATE<\/h1>\n<div class=\"ead-preview\"><div class=\"ead-document\" style=\"position: relative;padding-top: 90%;\"><div class=\"ead-iframe-wrapper\"><iframe src=\"\/\/docs.google.com\/viewer?url=http%3A%2F%2Fnossacasa.net%2Fnossosriachos%2Fpos%2Fwp-content%2Fuploads%2Fsites%2F5%2F2019%2F08%2FGrupo-7.pdf&amp;embedded=true&amp;hl=en\" title=\"Embedded Document\" class=\"ead-iframe\" style=\"width: 100%;height: 100%;border: none;position: absolute;left: 0;top: 0;visibility: hidden;\"><\/iframe><\/div>\t\t\t<div class=\"ead-document-loading\" style=\"width:100%;height:100%;position:absolute;left:0;top:0;z-index:10;\">\n\t\t\t\t<div class=\"ead-loading-wrap\">\n\t\t\t\t\t<div class=\"ead-loading-main\">\n\t\t\t\t\t\t<div class=\"ead-loading\">\n\t\t\t\t\t\t\t<img loading=\"lazy\" decoding=\"async\" src=\"http:\/\/nossacasa.net\/nossosriachos\/pos\/wp-content\/plugins\/embed-any-document\/images\/loading.svg\" width=\"55\" height=\"55\" alt=\"Loader\">\n\t\t\t\t\t\t\t<span>Loading...<\/span>\n\t\t\t\t\t\t<\/div>\n\t\t\t\t\t<\/div>\n\t\t\t\t\t<div class=\"ead-loading-foot\">\n\t\t\t\t\t\t<div class=\"ead-loading-foot-title\">\n\t\t\t\t\t\t\t<img loading=\"lazy\" decoding=\"async\" src=\"http:\/\/nossacasa.net\/nossosriachos\/pos\/wp-content\/plugins\/embed-any-document\/images\/EAD-logo.svg\" alt=\"EAD Logo\" width=\"36\" height=\"23\"\/>\n\t\t\t\t\t\t\t<span>Taking too long?<\/span>\n\t\t\t\t\t\t<\/div>\n\t\t\t\t\t\t<p>\n\t\t\t\t\t\t\t<div class=\"ead-document-btn ead-reload-btn\" role=\"button\">\n\t\t\t\t\t\t\t\t<img loading=\"lazy\" decoding=\"async\" src=\"http:\/\/nossacasa.net\/nossosriachos\/pos\/wp-content\/plugins\/embed-any-document\/images\/reload.svg\" alt=\"Reload\" width=\"12\" height=\"12\"\/> Reload document\t\t\t\t\t\t\t<\/div>\n\t\t\t\t\t\t\t<span>|<\/span>\n\t\t\t\t\t\t\t<a href=\"http:\/\/nossacasa.net\/nossosriachos\/pos\/wp-content\/uploads\/sites\/5\/2019\/08\/Grupo-7.pdf\" class=\"ead-document-btn\" target=\"_blank\">\n\t\t\t\t\t\t\t\t<img loading=\"lazy\" decoding=\"async\" src=\"http:\/\/nossacasa.net\/nossosriachos\/pos\/wp-content\/plugins\/embed-any-document\/images\/open.svg\" alt=\"Open\" width=\"12\" height=\"12\"\/> Open in new tab\t\t\t\t\t\t\t<\/a>\n\t\t\t\t\t<\/div>\n\t\t\t\t<\/div>\n\t\t\t<\/div>\n\t\t<\/div><p class=\"embed_download\"><a href=\"http:\/\/nossacasa.net\/nossosriachos\/pos\/wp-content\/uploads\/sites\/5\/2019\/08\/Grupo-7.pdf\" download>Download <\/a><\/p><\/div><\/div>\n","protected":false},"excerpt":{"rendered":"<p>Biogeografia e Conserva\u00e7\u00e3o de Fauna Aqu\u00e1tica 2019-2 PROGRAMA DE P\u00d3S-GRADUA\u00c7\u00c3O EM CI\u00caNCIAS BIOL\u00d3GICAS- CENTRO DE CI\u00caNCIAS HUMANAS E NATURAIS UNIVERSIDADE FEDERAL DO ESP\u00cdRITO SANTO DISCIPLINA: Biogeografia e conserva\u00e7\u00e3o da fauna aqu\u00e1tica. PBAN 9526 T\u00f3picos Especiais em Biologia Animal I RESPONS\u00c1VEL: &hellip; <a href=\"http:\/\/nossacasa.net\/nossosriachos\/pos\/seminario-2019-7\/\">Continue lendo <span class=\"meta-nav\">&rarr;<\/span><\/a><\/p>\n","protected":false},"author":1,"featured_media":213,"parent":0,"menu_order":0,"comment_status":"closed","ping_status":"closed","template":"","meta":{"footnotes":""},"class_list":["post-1095","page","type-page","status-publish","has-post-thumbnail","hentry"],"_links":{"self":[{"href":"http:\/\/nossacasa.net\/nossosriachos\/pos\/wp-json\/wp\/v2\/pages\/1095","targetHints":{"allow":["GET"]}}],"collection":[{"href":"http:\/\/nossacasa.net\/nossosriachos\/pos\/wp-json\/wp\/v2\/pages"}],"about":[{"href":"http:\/\/nossacasa.net\/nossosriachos\/pos\/wp-json\/wp\/v2\/types\/page"}],"author":[{"embeddable":true,"href":"http:\/\/nossacasa.net\/nossosriachos\/pos\/wp-json\/wp\/v2\/users\/1"}],"replies":[{"embeddable":true,"href":"http:\/\/nossacasa.net\/nossosriachos\/pos\/wp-json\/wp\/v2\/comments?post=1095"}],"version-history":[{"count":7,"href":"http:\/\/nossacasa.net\/nossosriachos\/pos\/wp-json\/wp\/v2\/pages\/1095\/revisions"}],"predecessor-version":[{"id":1229,"href":"http:\/\/nossacasa.net\/nossosriachos\/pos\/wp-json\/wp\/v2\/pages\/1095\/revisions\/1229"}],"wp:featuredmedia":[{"embeddable":true,"href":"http:\/\/nossacasa.net\/nossosriachos\/pos\/wp-json\/wp\/v2\/media\/213"}],"wp:attachment":[{"href":"http:\/\/nossacasa.net\/nossosriachos\/pos\/wp-json\/wp\/v2\/media?parent=1095"}],"curies":[{"name":"wp","href":"https:\/\/api.w.org\/{rel}","templated":true}]}}