{"id":117,"date":"2017-09-02T20:59:14","date_gmt":"2017-09-02T23:59:14","guid":{"rendered":"http:\/\/nossacasa.net\/nossosriachos\/pos\/?page_id=117"},"modified":"2019-08-14T13:45:39","modified_gmt":"2019-08-14T16:45:39","slug":"alunos-2012","status":"publish","type":"page","link":"http:\/\/nossacasa.net\/nossosriachos\/pos\/alunos-2012\/","title":{"rendered":"Alunos 2012"},"content":{"rendered":"<div style=\"text-align: justify;\">\n<div style=\"text-align: center;\">\n<img loading=\"lazy\" decoding=\"async\" src=\"http:\/\/nossacasa.net\/nossosriachos\/pos\/wp-content\/uploads\/sites\/5\/2017\/09\/alunos2012.jpg\" alt=\"\" width=\"200\" height=\"200\" class=\"alignleft size-full wp-image-107\" srcset=\"http:\/\/nossacasa.net\/nossosriachos\/pos\/wp-content\/uploads\/sites\/5\/2017\/09\/alunos2012.jpg 200w, http:\/\/nossacasa.net\/nossosriachos\/pos\/wp-content\/uploads\/sites\/5\/2017\/09\/alunos2012-150x150.jpg 150w\" sizes=\"auto, (max-width: 200px) 100vw, 200px\" \/><\/p>\n<hr>\n<hr>\n<hr>\n<p><strong>Biogeografia e Conserva\u00e7\u00e3o de Fauna Aqu\u00e1tica 2012-2<br \/>\nPROGRAMA\u00c7\u00c3O DAS AULAS<\/strong><\/p>\n<hr>\n<hr>\n<hr>\n<p>PROGRAMA DE P\u00d3S-GRADUA\u00c7\u00c3O EM CI\u00caNCIAS BIOL\u00d3GICAS- CENTRO DE CI\u00caNCIAS HUMANAS E NATURAIS<br \/>\nUNIVERSIDADE FEDERAL DO ESP\u00cdRITO SANTO<br \/>\nDISCIPLINA: Biogeografia e conserva\u00e7\u00e3o da fauna aqu\u00e1tica.<br \/>\nPBAN 9526 T\u00f3picos Especiais em Biologia Animal I<br \/>\nRESPONS\u00c1VEL: Luisa Maria Sarmento Soares\n<\/p><\/div>\n<h4>ALUNOS REGULARES<\/h4>\n<ol type=\"1\">\n<li><a href=\"mailto:amandacolodetti@ig.com.br\"><b>Amanda Francischetto Colodetti<\/b><\/a><\/li>\n<li><a href=\"mailto:viniciustpimenta@gmail.com\"><b>Vin\u00edcius Teixeira Pimenta<\/b><\/a><\/li>\n<li><a href=\"mailto:angelicascaldaferri@hotmail.com\"><b>Ang\u00e9lica Maria Scaldaferri Firmo<\/b><\/a><\/li>\n<li><a href=\"mailto:marciozoologia@yahoo.com.br\"><b>M\u00e1rcio Henrique Almeida<\/b><\/a><\/li>\n<li><a href=\"mailto:jdalapicolla@gmail.com\"><b>Jeronymo Dalapicolla<\/b><\/a><\/li>\n<li><a href=\"mailto:nandazaidan@gmail.com\"><b>Fernanda Couto Zaidan<\/b><\/a><\/li>\n<li><a href=\"mailto:flaviacarnelli@hotmail.com\"><b>Flavia Carnelli Frizzera<\/b><\/a><\/li>\n<li><a href=\"mailto:idccalencar@gmail.com\"><b>Isabel de Conte Carvalho de Alencar<\/b><\/a><\/li>\n<\/ol>\n<h4>ALUNOS ESPECIAIS<\/h4>\n<ol type=\"1\">\n<li><a href=\"mailto:silva.at@gmail.com\"><b>Andr\u00e9 Teixeira da Silva<\/b><\/a><\/li>\n<\/ol>\n<h4>ALUNOS OUVINTES<\/h4>\n<ol type=\"1\">\n<li><a href=\"mailto:1414juliana@gmail.com\"><b>Juliana Paulo da Silva<\/b><\/a><\/li>\n<li><a href=\"mailto:\"><b>Saulo Ramos da Silva<\/b><\/a><\/li>\n<\/ol>\n<\/div>\n","protected":false},"excerpt":{"rendered":"<p>Biogeografia e Conserva\u00e7\u00e3o de Fauna Aqu\u00e1tica 2012-2 PROGRAMA\u00c7\u00c3O DAS AULAS PROGRAMA DE P\u00d3S-GRADUA\u00c7\u00c3O EM CI\u00caNCIAS BIOL\u00d3GICAS- CENTRO DE CI\u00caNCIAS HUMANAS E NATURAIS UNIVERSIDADE FEDERAL DO ESP\u00cdRITO SANTO DISCIPLINA: Biogeografia e conserva\u00e7\u00e3o da fauna aqu\u00e1tica. PBAN 9526 T\u00f3picos Especiais em Biologia &hellip; <a href=\"http:\/\/nossacasa.net\/nossosriachos\/pos\/alunos-2012\/\">Continue lendo <span class=\"meta-nav\">&rarr;<\/span><\/a><\/p>\n","protected":false},"author":1,"featured_media":107,"parent":0,"menu_order":0,"comment_status":"closed","ping_status":"closed","template":"","meta":{"footnotes":""},"class_list":["post-117","page","type-page","status-publish","has-post-thumbnail","hentry"],"_links":{"self":[{"href":"http:\/\/nossacasa.net\/nossosriachos\/pos\/wp-json\/wp\/v2\/pages\/117","targetHints":{"allow":["GET"]}}],"collection":[{"href":"http:\/\/nossacasa.net\/nossosriachos\/pos\/wp-json\/wp\/v2\/pages"}],"about":[{"href":"http:\/\/nossacasa.net\/nossosriachos\/pos\/wp-json\/wp\/v2\/types\/page"}],"author":[{"embeddable":true,"href":"http:\/\/nossacasa.net\/nossosriachos\/pos\/wp-json\/wp\/v2\/users\/1"}],"replies":[{"embeddable":true,"href":"http:\/\/nossacasa.net\/nossosriachos\/pos\/wp-json\/wp\/v2\/comments?post=117"}],"version-history":[{"count":4,"href":"http:\/\/nossacasa.net\/nossosriachos\/pos\/wp-json\/wp\/v2\/pages\/117\/revisions"}],"predecessor-version":[{"id":979,"href":"http:\/\/nossacasa.net\/nossosriachos\/pos\/wp-json\/wp\/v2\/pages\/117\/revisions\/979"}],"wp:featuredmedia":[{"embeddable":true,"href":"http:\/\/nossacasa.net\/nossosriachos\/pos\/wp-json\/wp\/v2\/media\/107"}],"wp:attachment":[{"href":"http:\/\/nossacasa.net\/nossosriachos\/pos\/wp-json\/wp\/v2\/media?parent=117"}],"curies":[{"name":"wp","href":"https:\/\/api.w.org\/{rel}","templated":true}]}}