{"id":121,"date":"2017-09-02T21:00:38","date_gmt":"2017-09-03T00:00:38","guid":{"rendered":"http:\/\/nossacasa.net\/nossosriachos\/pos\/?page_id=121"},"modified":"2019-08-14T13:52:00","modified_gmt":"2019-08-14T16:52:00","slug":"alunos-2014","status":"publish","type":"page","link":"http:\/\/nossacasa.net\/nossosriachos\/pos\/alunos-2014\/","title":{"rendered":"Alunos 2014"},"content":{"rendered":"<div style=\"text-align: justify;\">\n<div style=\"text-align: center;\">\n<img loading=\"lazy\" decoding=\"async\" src=\"http:\/\/nossacasa.net\/nossosriachos\/pos\/wp-content\/uploads\/sites\/5\/2017\/09\/alunos2014.jpg\" alt=\"\" width=\"200\" height=\"200\" class=\"alignleft size-full wp-image-109\" srcset=\"http:\/\/nossacasa.net\/nossosriachos\/pos\/wp-content\/uploads\/sites\/5\/2017\/09\/alunos2014.jpg 200w, http:\/\/nossacasa.net\/nossosriachos\/pos\/wp-content\/uploads\/sites\/5\/2017\/09\/alunos2014-150x150.jpg 150w\" sizes=\"auto, (max-width: 200px) 100vw, 200px\" \/><\/p>\n<hr>\n<hr>\n<hr>\n<p><strong>Biogeografia e Conserva\u00e7\u00e3o de Fauna Aqu\u00e1tica 2014-2<br \/>\nPROGRAMA\u00c7\u00c3O DAS AULAS<\/strong><\/p>\n<hr>\n<hr>\n<hr>\n<p>PROGRAMA DE P\u00d3S-GRADUA\u00c7\u00c3O EM CI\u00caNCIAS BIOL\u00d3GICAS- CENTRO DE CI\u00caNCIAS HUMANAS E NATURAIS<br \/>\nUNIVERSIDADE FEDERAL DO ESP\u00cdRITO SANTO<br \/>\nDISCIPLINA: Biogeografia e conserva\u00e7\u00e3o da fauna aqu\u00e1tica.<br \/>\nPBAN 9526 T\u00f3picos Especiais em Biologia Animal I<br \/>\nRESPONS\u00c1VEL: Luisa Maria Sarmento Soares\n<\/p><\/div>\n<h4>ALUNOS REGULARES<\/h4>\n<ol type=\"1\">\n<li><a href=\"mailto:evandro.ap.rizzi@gmail.com\"><b>Evandro Apolin\u00e1rio Rizzi<\/b><\/a><\/li>\n<\/ol>\n<h4>ALUNOS ESPECIAIS<\/h4>\n<ol type=\"7\">\n<li><a href=\"mailto:leydianerodrigues@hotmail.com\"><b>Leydiane Nunes Rodrigues<\/b><\/a><\/li>\n<\/ol>\n<h4>ALUNOS OUVINTES<\/h4>\n<ol type=\"11\">\n<li><a href=\"mailto:lauanass@yahoo.com.br\"><b>Lauana Schneider Fadini<\/b><\/a><br \/>\n<h4>MONITORIA<\/h4>\n<\/li>\n<li><a href=\"mailto:lorenatonini.bio@gmail.com\"><b>Lorena Tonini<\/b><\/a><\/li>\n<\/ol>\n<\/div>\n","protected":false},"excerpt":{"rendered":"<p>Biogeografia e Conserva\u00e7\u00e3o de Fauna Aqu\u00e1tica 2014-2 PROGRAMA\u00c7\u00c3O DAS AULAS PROGRAMA DE P\u00d3S-GRADUA\u00c7\u00c3O EM CI\u00caNCIAS BIOL\u00d3GICAS- CENTRO DE CI\u00caNCIAS HUMANAS E NATURAIS UNIVERSIDADE FEDERAL DO ESP\u00cdRITO SANTO DISCIPLINA: Biogeografia e conserva\u00e7\u00e3o da fauna aqu\u00e1tica. PBAN 9526 T\u00f3picos Especiais em Biologia &hellip; <a href=\"http:\/\/nossacasa.net\/nossosriachos\/pos\/alunos-2014\/\">Continue lendo <span class=\"meta-nav\">&rarr;<\/span><\/a><\/p>\n","protected":false},"author":1,"featured_media":109,"parent":0,"menu_order":0,"comment_status":"closed","ping_status":"closed","template":"","meta":{"footnotes":""},"class_list":["post-121","page","type-page","status-publish","has-post-thumbnail","hentry"],"_links":{"self":[{"href":"http:\/\/nossacasa.net\/nossosriachos\/pos\/wp-json\/wp\/v2\/pages\/121","targetHints":{"allow":["GET"]}}],"collection":[{"href":"http:\/\/nossacasa.net\/nossosriachos\/pos\/wp-json\/wp\/v2\/pages"}],"about":[{"href":"http:\/\/nossacasa.net\/nossosriachos\/pos\/wp-json\/wp\/v2\/types\/page"}],"author":[{"embeddable":true,"href":"http:\/\/nossacasa.net\/nossosriachos\/pos\/wp-json\/wp\/v2\/users\/1"}],"replies":[{"embeddable":true,"href":"http:\/\/nossacasa.net\/nossosriachos\/pos\/wp-json\/wp\/v2\/comments?post=121"}],"version-history":[{"count":5,"href":"http:\/\/nossacasa.net\/nossosriachos\/pos\/wp-json\/wp\/v2\/pages\/121\/revisions"}],"predecessor-version":[{"id":986,"href":"http:\/\/nossacasa.net\/nossosriachos\/pos\/wp-json\/wp\/v2\/pages\/121\/revisions\/986"}],"wp:featuredmedia":[{"embeddable":true,"href":"http:\/\/nossacasa.net\/nossosriachos\/pos\/wp-json\/wp\/v2\/media\/109"}],"wp:attachment":[{"href":"http:\/\/nossacasa.net\/nossosriachos\/pos\/wp-json\/wp\/v2\/media?parent=121"}],"curies":[{"name":"wp","href":"https:\/\/api.w.org\/{rel}","templated":true}]}}