{"id":123,"date":"2017-09-02T21:01:09","date_gmt":"2017-09-03T00:01:09","guid":{"rendered":"http:\/\/nossacasa.net\/nossosriachos\/pos\/?page_id=123"},"modified":"2019-08-14T13:51:13","modified_gmt":"2019-08-14T16:51:13","slug":"alunos-2015","status":"publish","type":"page","link":"http:\/\/nossacasa.net\/nossosriachos\/pos\/alunos-2015\/","title":{"rendered":"Alunos 2015"},"content":{"rendered":"<div style=\"text-align: justify;\">\n<div style=\"text-align: center;\">\n<img loading=\"lazy\" decoding=\"async\" src=\"http:\/\/nossacasa.net\/nossosriachos\/pos\/wp-content\/uploads\/sites\/5\/2017\/09\/alunos2015.jpg\" alt=\"\" width=\"200\" height=\"200\" class=\"alignleft size-full wp-image-110\" srcset=\"http:\/\/nossacasa.net\/nossosriachos\/pos\/wp-content\/uploads\/sites\/5\/2017\/09\/alunos2015.jpg 200w, http:\/\/nossacasa.net\/nossosriachos\/pos\/wp-content\/uploads\/sites\/5\/2017\/09\/alunos2015-150x150.jpg 150w\" sizes=\"auto, (max-width: 200px) 100vw, 200px\" \/><\/p>\n<hr>\n<hr>\n<hr>\n<p><strong>Biogeografia e Conserva\u00e7\u00e3o de Fauna Aqu\u00e1tica 2015-2<br \/>\nPROGRAMA\u00c7\u00c3O DAS AULAS<\/strong><\/p>\n<hr>\n<hr>\n<hr>\n<p>PROGRAMA DE P\u00d3S-GRADUA\u00c7\u00c3O EM CI\u00caNCIAS BIOL\u00d3GICAS- CENTRO DE CI\u00caNCIAS HUMANAS E NATURAIS<br \/>\nUNIVERSIDADE FEDERAL DO ESP\u00cdRITO SANTO<br \/>\nDISCIPLINA: Biogeografia e conserva\u00e7\u00e3o da fauna aqu\u00e1tica.<br \/>\nPBAN 9526 T\u00f3picos Especiais em Biologia Animal I<br \/>\nRESPONS\u00c1VEL: Luisa Maria Sarmento Soares\n<\/p><\/div>\n<h4><b>ALUNOS REGULARES<\/b><\/h4>\n<ol type=\"1\">\n<li><a href=\"mailto:crisalves.bio@gmail.com\"><b>Cristiane Alves da Silva<\/b><\/a><\/li>\n<li><a href=\"mailto:%C2%A0@%C2%A0\"><b>D\u00e9bora De&#8217;nadai Dalvi<\/b><\/a><\/li>\n<li><a href=\"mailto:%C2%A0@%C2%A0\"><b>Gabriel Bautz Dalbem<\/b><\/a><\/li>\n<li><a href=\"mailto:%C2%A0@%C2%A0\"><b>Gabrielle Dantas Ten\u00f3rio<\/b><\/a><\/li>\n<li><a href=\"mailto:marina.monjardim@gmail.com\"><b>Marina Monjardim<\/b><\/a><br \/>\n<h4><b>ALUNOS ESPECIAIS<\/b><\/h4>\n<\/li>\n<li><a href=\"mailto:%C2%A0@%C2%A0\"><b>Alexandre Falc\u00e3o Aderne<\/b><\/a><\/li>\n<li><a href=\"mailto:charlenebio@gmail.com\"><b>Charlene Rodrigues Carneiro<\/b><\/a><\/li>\n<li><a href=\"mailto:fabiane-barreto@hotmail.com\"><b>Fabiane Barreto Souza<\/b><\/a><\/li>\n<li><a href=\"mailto:%C2%A0@%C2%A0\"><b>Jo\u00e3o Leno Pereira de Sousa<\/b><\/a><\/li>\n<li><a href=\"mailto:joelciofr@gmail.com\"><b>Joelcio Freitas<\/b><\/a><br \/>\n<h4><b>ALUNOS OUVINTES<\/b><\/h4>\n<\/li>\n<li><a href=\"mailto:rodrigo_novo@hotmail.com\"><b>Rodrigo Novo<\/b><\/a><br \/>\n<h4><b>MONITORIA<\/b><\/h4>\n<\/li>\n<li><a href=\"mailto:lorenatonini.bio@gmail.com\"><b>Lorena Tonini<\/b><\/a><\/li>\n<\/ol>\n<\/div>\n","protected":false},"excerpt":{"rendered":"<p>Biogeografia e Conserva\u00e7\u00e3o de Fauna Aqu\u00e1tica 2015-2 PROGRAMA\u00c7\u00c3O DAS AULAS PROGRAMA DE P\u00d3S-GRADUA\u00c7\u00c3O EM CI\u00caNCIAS BIOL\u00d3GICAS- CENTRO DE CI\u00caNCIAS HUMANAS E NATURAIS UNIVERSIDADE FEDERAL DO ESP\u00cdRITO SANTO DISCIPLINA: Biogeografia e conserva\u00e7\u00e3o da fauna aqu\u00e1tica. PBAN 9526 T\u00f3picos Especiais em Biologia &hellip; <a href=\"http:\/\/nossacasa.net\/nossosriachos\/pos\/alunos-2015\/\">Continue lendo <span class=\"meta-nav\">&rarr;<\/span><\/a><\/p>\n","protected":false},"author":1,"featured_media":110,"parent":0,"menu_order":0,"comment_status":"closed","ping_status":"closed","template":"","meta":{"footnotes":""},"class_list":["post-123","page","type-page","status-publish","has-post-thumbnail","hentry"],"_links":{"self":[{"href":"http:\/\/nossacasa.net\/nossosriachos\/pos\/wp-json\/wp\/v2\/pages\/123","targetHints":{"allow":["GET"]}}],"collection":[{"href":"http:\/\/nossacasa.net\/nossosriachos\/pos\/wp-json\/wp\/v2\/pages"}],"about":[{"href":"http:\/\/nossacasa.net\/nossosriachos\/pos\/wp-json\/wp\/v2\/types\/page"}],"author":[{"embeddable":true,"href":"http:\/\/nossacasa.net\/nossosriachos\/pos\/wp-json\/wp\/v2\/users\/1"}],"replies":[{"embeddable":true,"href":"http:\/\/nossacasa.net\/nossosriachos\/pos\/wp-json\/wp\/v2\/comments?post=123"}],"version-history":[{"count":4,"href":"http:\/\/nossacasa.net\/nossosriachos\/pos\/wp-json\/wp\/v2\/pages\/123\/revisions"}],"predecessor-version":[{"id":985,"href":"http:\/\/nossacasa.net\/nossosriachos\/pos\/wp-json\/wp\/v2\/pages\/123\/revisions\/985"}],"wp:featuredmedia":[{"embeddable":true,"href":"http:\/\/nossacasa.net\/nossosriachos\/pos\/wp-json\/wp\/v2\/media\/110"}],"wp:attachment":[{"href":"http:\/\/nossacasa.net\/nossosriachos\/pos\/wp-json\/wp\/v2\/media?parent=123"}],"curies":[{"name":"wp","href":"https:\/\/api.w.org\/{rel}","templated":true}]}}