{"id":125,"date":"2017-09-02T21:01:40","date_gmt":"2017-09-03T00:01:40","guid":{"rendered":"http:\/\/nossacasa.net\/nossosriachos\/pos\/?page_id=125"},"modified":"2019-08-14T13:53:44","modified_gmt":"2019-08-14T16:53:44","slug":"alunos-2016","status":"publish","type":"page","link":"http:\/\/nossacasa.net\/nossosriachos\/pos\/alunos-2016\/","title":{"rendered":"Alunos 2016"},"content":{"rendered":"<div style=\"text-align: justify;\">\n<div style=\"text-align: center;\">\n<img loading=\"lazy\" decoding=\"async\" src=\"http:\/\/nossacasa.net\/nossosriachos\/pos\/wp-content\/uploads\/sites\/5\/2017\/09\/alunos2016.jpg\" alt=\"\" width=\"200\" height=\"200\" class=\"alignleft size-full wp-image-111\" srcset=\"http:\/\/nossacasa.net\/nossosriachos\/pos\/wp-content\/uploads\/sites\/5\/2017\/09\/alunos2016.jpg 200w, http:\/\/nossacasa.net\/nossosriachos\/pos\/wp-content\/uploads\/sites\/5\/2017\/09\/alunos2016-150x150.jpg 150w\" sizes=\"auto, (max-width: 200px) 100vw, 200px\" \/><\/p>\n<hr>\n<hr>\n<hr>\n<p><strong>Biogeografia e Conserva\u00e7\u00e3o de Fauna Aqu\u00e1tica 2016-2<br \/>\nPROGRAMA\u00c7\u00c3O DAS AULAS<\/strong><\/p>\n<hr>\n<hr>\n<hr>\n<p>PROGRAMA DE P\u00d3S-GRADUA\u00c7\u00c3O EM CI\u00caNCIAS BIOL\u00d3GICAS- CENTRO DE CI\u00caNCIAS HUMANAS E NATURAIS<br \/>\nUNIVERSIDADE FEDERAL DO ESP\u00cdRITO SANTO<br \/>\nDISCIPLINA: Biogeografia e conserva\u00e7\u00e3o da fauna aqu\u00e1tica.<br \/>\nPBAN 9526 T\u00f3picos Especiais em Biologia Animal I<br \/>\nRESPONS\u00c1VEL: Luisa Maria Sarmento Soares\n<\/p><\/div>\n<h4><b>ALUNOS REGULARES<\/b><\/h4>\n<ol type=\"1\">\n<li><a href=\"mailto:helder.oceano@yahoo.com.br\"><b>Helder Guabiroba<\/b><\/a><\/li>\n<li><a href=\"mailto:julliana.martins@yahoo.com.br\"><b>Juliana Martins<\/b><\/a><\/li>\n<li><a href=\"mailto:julianasantos.92@hotmail.com\"><b>Juliana Santos<\/b><\/a><\/li>\n<li><a href=\"mailto:lorenalopes27@hotmail.com\"><b>Lorena Lopes<\/b><\/a><\/li>\n<li><a href=\"mailto:marcelli.malta@hotmail.com\"><b>Marcelli Malta<\/b><\/a><\/li>\n<li><a href=\"mailto:santosmev@gmail.com\"><b>Max Estefani Vagner Santos<\/b><\/a><\/li>\n<li><a href=\"mailto:raoni.biologia@gmail.com\"><b>Raoni Rebou\u00e7as Santos<\/b><\/a><\/li>\n<li><a href=\"mailto:rodrigo_novo@hotmail.com\"><b>Rodrigo Novo<\/b><\/a><\/li>\n<li><a href=\"mailto:tamarafuzari@hotmail.com\"><b>T\u00e2mara Fuzari<\/b><\/a><\/li>\n<li><a href=\"mailto:chalcidini@gmail.com\"><b>Thales Renan de Aguiar Brotto<\/b><\/a><br \/>\n<h4><b>MONITORIA<\/b><\/h4>\n<\/li>\n<li><a href=\"mailto:lorenatonini.bio@gmail.com\"><b>Lorena Tonini<\/b><\/a><\/li>\n<\/ol>\n<\/div>\n","protected":false},"excerpt":{"rendered":"<p>Biogeografia e Conserva\u00e7\u00e3o de Fauna Aqu\u00e1tica 2016-2 PROGRAMA\u00c7\u00c3O DAS AULAS PROGRAMA DE P\u00d3S-GRADUA\u00c7\u00c3O EM CI\u00caNCIAS BIOL\u00d3GICAS- CENTRO DE CI\u00caNCIAS HUMANAS E NATURAIS UNIVERSIDADE FEDERAL DO ESP\u00cdRITO SANTO DISCIPLINA: Biogeografia e conserva\u00e7\u00e3o da fauna aqu\u00e1tica. PBAN 9526 T\u00f3picos Especiais em Biologia &hellip; <a href=\"http:\/\/nossacasa.net\/nossosriachos\/pos\/alunos-2016\/\">Continue lendo <span class=\"meta-nav\">&rarr;<\/span><\/a><\/p>\n","protected":false},"author":1,"featured_media":111,"parent":0,"menu_order":0,"comment_status":"closed","ping_status":"closed","template":"","meta":{"footnotes":""},"class_list":["post-125","page","type-page","status-publish","has-post-thumbnail","hentry"],"_links":{"self":[{"href":"http:\/\/nossacasa.net\/nossosriachos\/pos\/wp-json\/wp\/v2\/pages\/125","targetHints":{"allow":["GET"]}}],"collection":[{"href":"http:\/\/nossacasa.net\/nossosriachos\/pos\/wp-json\/wp\/v2\/pages"}],"about":[{"href":"http:\/\/nossacasa.net\/nossosriachos\/pos\/wp-json\/wp\/v2\/types\/page"}],"author":[{"embeddable":true,"href":"http:\/\/nossacasa.net\/nossosriachos\/pos\/wp-json\/wp\/v2\/users\/1"}],"replies":[{"embeddable":true,"href":"http:\/\/nossacasa.net\/nossosriachos\/pos\/wp-json\/wp\/v2\/comments?post=125"}],"version-history":[{"count":4,"href":"http:\/\/nossacasa.net\/nossosriachos\/pos\/wp-json\/wp\/v2\/pages\/125\/revisions"}],"predecessor-version":[{"id":988,"href":"http:\/\/nossacasa.net\/nossosriachos\/pos\/wp-json\/wp\/v2\/pages\/125\/revisions\/988"}],"wp:featuredmedia":[{"embeddable":true,"href":"http:\/\/nossacasa.net\/nossosriachos\/pos\/wp-json\/wp\/v2\/media\/111"}],"wp:attachment":[{"href":"http:\/\/nossacasa.net\/nossosriachos\/pos\/wp-json\/wp\/v2\/media?parent=125"}],"curies":[{"name":"wp","href":"https:\/\/api.w.org\/{rel}","templated":true}]}}