{"id":1267,"date":"2020-07-18T13:32:17","date_gmt":"2020-07-18T16:32:17","guid":{"rendered":"http:\/\/nossacasa.net\/nossosriachos\/pos\/?page_id=1267"},"modified":"2022-07-04T09:41:42","modified_gmt":"2022-07-04T12:41:42","slug":"alunos-2020-1","status":"publish","type":"page","link":"http:\/\/nossacasa.net\/nossosriachos\/pos\/alunos-2020-1\/","title":{"rendered":"Alunos 2022-1"},"content":{"rendered":"<div style=\"text-align: justify;\">\n<hr \/>\n<hr \/>\n<hr \/>\n<div style=\"text-align: center;\"><strong>Programa de P\u00f3s-Gradua\u00e7\u00e3o em Ecologia e Evolu\u00e7\u00e3o da Universidade Estadual de Feira de Santana<br \/>\nPPGEcolEvol\/UEFS.<\/strong><\/p>\n<hr \/>\n<\/div>\n<p>Padr\u00f5es de Distribui\u00e7\u00e3o na regi\u00e3o Neotropical (disjun\u00e7\u00f5es, grupos relictuais, endemismo, padr\u00f5es de biodiversidade \u2013 hotspots); as amea\u00e7as a fauna aqu\u00e1tica (bioinvas\u00e3o; barragens e peixes; polui\u00e7\u00e3o; res\u00edduos); os desafios a conserva\u00e7\u00e3o (crise h\u00eddrica; agricultura sintr\u00f3pica; preserva\u00e7\u00e3o de nascentes); m\u00e9todos de Sele\u00e7\u00e3o de \u00c1reas Priorit\u00e1rias a conservar; Planejamento Sistem\u00e1tico de Conserva\u00e7\u00e3o.<\/p>\n<hr \/>\n<h4><b>ALUNOS REGULARES<\/b><\/h4>\n<ol type=\"1\">\n<li><a href=\"mailto:amandasouza.lic@gmail.com\"><b>Amanda Souza<\/b><\/a><\/li>\n<li><a href=\"mailto:arianebbio2@gmail.com\"><b>Ariane<\/b><\/a><\/li>\n<li><a href=\"mailto:camilabrito750@gmail.com\"><b>Camila Brito<\/b><\/a><\/li>\n<li><a href=\"mailto:ingridcosta397@gmail.com\"><b>Ingrid Costa<\/b><\/a><\/li>\n<li><a href=\"mailto:bioitana.snts@gmail.com\"><b>Itana<\/b><\/a><\/li>\n<li><a href=\"mailto:joaovictorcamargo@hotmail.com\"><b>Jo\u00e3o Victor<\/b><\/a><\/li>\n<li><a href=\"mailto:esinnelfenix@gmail.com\"><b>Lennise<\/b><\/a><\/li>\n<li><a href=\"mailto:leonntheus@gmail.com\"><b>Leonardo<\/b><\/a><\/li>\n<li><a href=\"raffael.agro@gmail.com\"><b>Rafael<\/b><\/a><\/li>\n<\/ol>\n<\/div>\n","protected":false},"excerpt":{"rendered":"<p>Programa de P\u00f3s-Gradua\u00e7\u00e3o em Ecologia e Evolu\u00e7\u00e3o da Universidade Estadual de Feira de Santana PPGEcolEvol\/UEFS. Padr\u00f5es de Distribui\u00e7\u00e3o na regi\u00e3o Neotropical (disjun\u00e7\u00f5es, grupos relictuais, endemismo, padr\u00f5es de biodiversidade \u2013 hotspots); as amea\u00e7as a fauna aqu\u00e1tica (bioinvas\u00e3o; barragens e peixes; polui\u00e7\u00e3o; &hellip; <a href=\"http:\/\/nossacasa.net\/nossosriachos\/pos\/alunos-2020-1\/\">Continue lendo <span class=\"meta-nav\">&rarr;<\/span><\/a><\/p>\n","protected":false},"author":1,"featured_media":105,"parent":0,"menu_order":0,"comment_status":"closed","ping_status":"closed","template":"","meta":{"footnotes":""},"class_list":["post-1267","page","type-page","status-publish","has-post-thumbnail","hentry"],"_links":{"self":[{"href":"http:\/\/nossacasa.net\/nossosriachos\/pos\/wp-json\/wp\/v2\/pages\/1267","targetHints":{"allow":["GET"]}}],"collection":[{"href":"http:\/\/nossacasa.net\/nossosriachos\/pos\/wp-json\/wp\/v2\/pages"}],"about":[{"href":"http:\/\/nossacasa.net\/nossosriachos\/pos\/wp-json\/wp\/v2\/types\/page"}],"author":[{"embeddable":true,"href":"http:\/\/nossacasa.net\/nossosriachos\/pos\/wp-json\/wp\/v2\/users\/1"}],"replies":[{"embeddable":true,"href":"http:\/\/nossacasa.net\/nossosriachos\/pos\/wp-json\/wp\/v2\/comments?post=1267"}],"version-history":[{"count":4,"href":"http:\/\/nossacasa.net\/nossosriachos\/pos\/wp-json\/wp\/v2\/pages\/1267\/revisions"}],"predecessor-version":[{"id":1525,"href":"http:\/\/nossacasa.net\/nossosriachos\/pos\/wp-json\/wp\/v2\/pages\/1267\/revisions\/1525"}],"wp:featuredmedia":[{"embeddable":true,"href":"http:\/\/nossacasa.net\/nossosriachos\/pos\/wp-json\/wp\/v2\/media\/105"}],"wp:attachment":[{"href":"http:\/\/nossacasa.net\/nossosriachos\/pos\/wp-json\/wp\/v2\/media?parent=1267"}],"curies":[{"name":"wp","href":"https:\/\/api.w.org\/{rel}","templated":true}]}}