{"id":127,"date":"2017-09-02T21:02:14","date_gmt":"2017-09-03T00:02:14","guid":{"rendered":"http:\/\/nossacasa.net\/nossosriachos\/pos\/?page_id=127"},"modified":"2019-08-14T13:55:00","modified_gmt":"2019-08-14T16:55:00","slug":"alunos-2017","status":"publish","type":"page","link":"http:\/\/nossacasa.net\/nossosriachos\/pos\/alunos-2017\/","title":{"rendered":"Alunos 2017"},"content":{"rendered":"<div style=\"text-align: justify;\">\n<div style=\"text-align: center;\">\n<img loading=\"lazy\" decoding=\"async\" src=\"http:\/\/nossacasa.net\/nossosriachos\/pos\/wp-content\/uploads\/sites\/5\/2017\/09\/alunos2017.jpg\" alt=\"\" width=\"200\" height=\"200\" class=\"alignleft size-full wp-image-112\" srcset=\"http:\/\/nossacasa.net\/nossosriachos\/pos\/wp-content\/uploads\/sites\/5\/2017\/09\/alunos2017.jpg 200w, http:\/\/nossacasa.net\/nossosriachos\/pos\/wp-content\/uploads\/sites\/5\/2017\/09\/alunos2017-150x150.jpg 150w\" sizes=\"auto, (max-width: 200px) 100vw, 200px\" \/><\/p>\n<hr>\n<hr>\n<hr>\n<p><strong>Biogeografia e Conserva\u00e7\u00e3o de Fauna Aqu\u00e1tica 2017-2<br \/>\nPROGRAMA\u00c7\u00c3O DAS AULAS<\/strong><\/p>\n<hr>\n<hr>\n<hr>\n<p>PROGRAMA DE P\u00d3S-GRADUA\u00c7\u00c3O EM CI\u00caNCIAS BIOL\u00d3GICAS- CENTRO DE CI\u00caNCIAS HUMANAS E NATURAIS<br \/>\nUNIVERSIDADE FEDERAL DO ESP\u00cdRITO SANTO<br \/>\nDISCIPLINA: Biogeografia e conserva\u00e7\u00e3o da fauna aqu\u00e1tica.<br \/>\nPBAN 9526 T\u00f3picos Especiais em Biologia Animal I<br \/>\nRESPONS\u00c1VEL: Luisa Maria Sarmento Soares\n<\/p><\/div>\n<ol type=\"1\">\n<h4><b>ALUNOS REGULARES<\/b><\/h4>\n<li><a href=\"mailto:anigercsluna@gmail.com\"><b>Aniger Cristina Silva Luna Pacheco<\/b><\/a><\/li>\n<li><a href=\"mailto:arthur.macg@gmail.com\"><b>Arthur Machado Gon\u00e7alves<\/b><\/a><\/li>\n<li><a href=\"mailto:carol.cfc@hotmail.com\"><b>Caroline Ferreira Coutinho<\/b><\/a><\/li>\n<li><a href=\"mailto:fabricio.gabriel@outlook\"><b>Fabr\u00edcio Angelo Gabriel<\/b><\/a><\/li>\n<li><a href=\"mailto:fefeestrella@gmail.com\"><b>Fernanda Estrella<\/b><\/a><\/li>\n<li><a href=\"mailto:georgealyrio12@hotmail.com\"><b>Georgea Silva Lyrio<\/b><\/a><\/li>\n<li><a href=\"mailto:guilherme.lirio@hotmail.com\"><b>Guilherme dos Santos Lirio<\/b><\/a><\/li>\n<li><a href=\"mailto:izaboroliveira@hotmail.com\"><b>Izabor Farias Oakes de Oliveira<\/b><\/a><\/li>\n<li><a href=\"mailto:ka-bio@hotmail.com\"><b>Karina Carvalho Fernandes Ferreira<\/b><\/a><\/li>\n<li><a href=\"mailto:lais-guvi@hotmail.com\"><b>Leticia Almeida Moura<\/b><\/a><\/li>\n<li><a href=\"mailto:marcellawara@gmail.com\"><b>Marcella Bueno Ribeiro<\/b><\/a><\/li>\n<li><a href=\"mailto:tod_barros@yahoo.com.br\"><b>Thiago Fonseca de Barros<\/b><\/a><\/li>\n<li><a href=\"mailto:viniciuscosta.bio@gmail.com\"><b>Vinicius Costa<\/b><\/a><\/li>\n<li><a href=\"mailto:lais-guvi@hotmail.com \"><b>Lais Guvi<\/b><\/a><\/li>\n<li><a href=\"mailto:lais-guvi@hotmail.com \"><b>Nila Gontijo<\/b><\/a><\/li>\n<h4><b>MONITORIA<\/b><\/h4>\n<li><\/li>\n<\/ol>\n<\/div>\n","protected":false},"excerpt":{"rendered":"<p>Biogeografia e Conserva\u00e7\u00e3o de Fauna Aqu\u00e1tica 2017-2 PROGRAMA\u00c7\u00c3O DAS AULAS PROGRAMA DE P\u00d3S-GRADUA\u00c7\u00c3O EM CI\u00caNCIAS BIOL\u00d3GICAS- CENTRO DE CI\u00caNCIAS HUMANAS E NATURAIS UNIVERSIDADE FEDERAL DO ESP\u00cdRITO SANTO DISCIPLINA: Biogeografia e conserva\u00e7\u00e3o da fauna aqu\u00e1tica. PBAN 9526 T\u00f3picos Especiais em Biologia &hellip; <a href=\"http:\/\/nossacasa.net\/nossosriachos\/pos\/alunos-2017\/\">Continue lendo <span class=\"meta-nav\">&rarr;<\/span><\/a><\/p>\n","protected":false},"author":1,"featured_media":112,"parent":0,"menu_order":0,"comment_status":"closed","ping_status":"closed","template":"","meta":{"footnotes":""},"class_list":["post-127","page","type-page","status-publish","has-post-thumbnail","hentry"],"_links":{"self":[{"href":"http:\/\/nossacasa.net\/nossosriachos\/pos\/wp-json\/wp\/v2\/pages\/127","targetHints":{"allow":["GET"]}}],"collection":[{"href":"http:\/\/nossacasa.net\/nossosriachos\/pos\/wp-json\/wp\/v2\/pages"}],"about":[{"href":"http:\/\/nossacasa.net\/nossosriachos\/pos\/wp-json\/wp\/v2\/types\/page"}],"author":[{"embeddable":true,"href":"http:\/\/nossacasa.net\/nossosriachos\/pos\/wp-json\/wp\/v2\/users\/1"}],"replies":[{"embeddable":true,"href":"http:\/\/nossacasa.net\/nossosriachos\/pos\/wp-json\/wp\/v2\/comments?post=127"}],"version-history":[{"count":9,"href":"http:\/\/nossacasa.net\/nossosriachos\/pos\/wp-json\/wp\/v2\/pages\/127\/revisions"}],"predecessor-version":[{"id":989,"href":"http:\/\/nossacasa.net\/nossosriachos\/pos\/wp-json\/wp\/v2\/pages\/127\/revisions\/989"}],"wp:featuredmedia":[{"embeddable":true,"href":"http:\/\/nossacasa.net\/nossosriachos\/pos\/wp-json\/wp\/v2\/media\/112"}],"wp:attachment":[{"href":"http:\/\/nossacasa.net\/nossosriachos\/pos\/wp-json\/wp\/v2\/media?parent=127"}],"curies":[{"name":"wp","href":"https:\/\/api.w.org\/{rel}","templated":true}]}}