{"id":1279,"date":"2020-07-18T14:21:15","date_gmt":"2020-07-18T17:21:15","guid":{"rendered":"http:\/\/nossacasa.net\/nossosriachos\/pos\/?page_id=1279"},"modified":"2022-07-04T09:44:24","modified_gmt":"2022-07-04T12:44:24","slug":"leitura-2022-1","status":"publish","type":"page","link":"http:\/\/nossacasa.net\/nossosriachos\/pos\/leitura-2022-1\/","title":{"rendered":"Leitura 2022-1"},"content":{"rendered":"<div style=\"text-align: justify;\">\n<p><img loading=\"lazy\" decoding=\"async\" class=\"alignleft size-thumbnail wp-image-143\" src=\"http:\/\/nossacasa.net\/nossosriachos\/pos\/wp-content\/uploads\/sites\/5\/2017\/09\/leitura-150x150.jpg\" alt=\"\" width=\"150\" height=\"150\" srcset=\"http:\/\/nossacasa.net\/nossosriachos\/pos\/wp-content\/uploads\/sites\/5\/2017\/09\/leitura-150x150.jpg 150w, http:\/\/nossacasa.net\/nossosriachos\/pos\/wp-content\/uploads\/sites\/5\/2017\/09\/leitura.jpg 200w\" sizes=\"auto, (max-width: 150px) 100vw, 150px\" \/><\/p>\n<h1>Conserva\u00e7\u00e3o da Fauna Aqu\u00e1tica 2022-1<\/h1>\n<h1>SUGEST\u00d5ES DE LEITURAS COMPLEMENTARES<\/h1>\n<ol type=\"1\">\n<li><b>Abell et al. 2008.<\/b>\u00a0Freshwater Ecoregions of the World: A New Map of Biogeographic Units for Freshwater Biodiversity Conservation. BioScience 58(5): 403-414.(<a href=\"http:\/\/www.nossacasa.net\/nossosriachos\/posgraduacao\/doc\/TE4_2.pdf\" target=\"_blank\" rel=\"noopener noreferrer\">pdf<\/a>)<\/li>\n<li><b>Buckup, P.A. 1998<\/b>. Biodiversidade dos Peixes da Mata Atl\u00e2ntica. In: Base de Dados Tropical (ed.). Biodiversity Patterns of South and Southeast Atlantic Rain Forest. (<a href=\"http:\/\/www.nossacasa.net\/nossosriachos\/doc\/1998_Buckup.pdf\" target=\"_blank\" rel=\"noopener noreferrer\">pdf<\/a>).<\/li>\n<li><b>Campanili, M &amp; M. Prochnowpp<\/b>\u00a0(orgs.). 2006. Mata Atl\u00e2ntica. Uma rede pela floresta. Rede de ONGs da Mata Atl\u00e2ntica. RMA, Bras\u00edlia, p.198&#8211;234 (<a href=\"http:\/\/www.apremavi.org.br\/download.php?codigoArquivo=93\" target=\"_blank\" rel=\"noopener noreferrer\">pdf<\/a>).<\/li>\n<li><b>Castro, R.M.C.<\/b>\u00a01999. Evolu\u00e7\u00e3o da ictiofauna de riachos sul-americanos: padr\u00f5es gerais e poss\u00edveis processos causais. In: Ecologia de peixes de riachos: Estado Atual e Perspectivas. (E.P. Caramaschi, R. Mazzoni, C.R.S.F. Bizerril &amp; P.R. Peres-Neto, eds.). Oecologia Brasiliensis, vol. VII, Rio de Janeiro, p. 139-155 (<a href=\"http:\/\/www.oecologiaaustralis.org\/ojs\/index.php\/oa\/article\/view\/288\/318\" target=\"_blank\" rel=\"noopener noreferrer\">pdf<\/a>).<\/li>\n<li><b>Cetra, M., L.M. Sarmento-Soares &amp; R. F. Martins-Pinheiro.<\/b>\u00a02010. Peixes de riachos e novas Unidades de Conserva\u00e7\u00e3o no sul da Bahia. Pan-American Journal of Aquatic Sciences, 5(1): 11-21 (<a href=\"http:\/\/www.nossacasa.net\/biobahia\/doc\/PeixesRiachosSulBahia.pdf\" target=\"_blank\" rel=\"noopener noreferrer\">pdf<\/a>).<\/li>\n<li><b>Costa, W.J.E.M. 2009.<\/b>\u00a0Peixes aploqueil\u00f3deos da Mata Atl\u00e2ntica brasileira: hist\u00f3ria, diversidade e conserva\u00e7\u00e3o. Museu Nacional, S\u00e9rie Livros, Rio de Janeiro. 172pp.<\/li>\n<li><b>Hern\u00e1ndez, H.M., A.N. Garc\u00eda Aldrete, F. Alvarez &amp; M. Ulloa.<\/b>\u00a02001. Enfoques contempor\u00e2neos para el est\u00fadio de la biodiversidad. M\u00e9xico: Ediciones Cient\u00edficas Universit\u00e1rias.<\/li>\n<li><b>Magurran, A. E.\u00a0<\/b>2004. Measuring biological diversity. Oxford: Blackwell Publishing.<\/li>\n<li><strong>Sarmento-Soares, L. M. &amp; Martins-Pinheiro, R. F. 2017.<\/strong> Unidades de Conserva\u00e7\u00e3o e a \u00e1gua: a situa\u00e7\u00e3o das \u00e1reas protegidas de Mata Atl\u00e2ntica do norte do Esp\u00edrito Santo \u2013 sudeste do Brasil. Biodiversidade Brasileira, 7(1): 69-87, 2017. (<a href=\"http:\/\/www.nossacasa.net\/nossosriachos\/posgraduacao\/doc\/2017b_Sarmento-Soares_Martins-Pinheiro.pdf\" target=\"_blank\" rel=\"noopener noreferrer\">pdf<\/a>)<\/li>\n<li><b>Sarmento-Soares, L.M. Mazzoni, R. &amp; Martins-Pinheiro, R.F. 2009.<\/b>\u00a0A fauna de peixes nas bacias litor\u00e2neas da Costa do Descobrimento, extremo sul da Bahia, Brasil. Sitientibus S\u00e9rie Ci\u00eancias Biologicas 9(2\/3):139-157 (<a href=\"http:\/\/www.nossacasa.net\/biobahia\/doc\/RiosDoDescobrimento.pdf\" target=\"_blank\" rel=\"noopener noreferrer\">pdf<\/a>).<\/li>\n<li><strong>Zanella, F.C.V. 2011. Evolu\u00e7\u00e3o da Biota da Diagonal de Forma\u00e7\u00f5es Abertas Secas da Am\u00e9rica do Sul<\/strong>. In: Carvalho, C.J.B. &amp; E.A.B. Almeida (Orgs.). Biogeografia da Am\u00e9rica do Sul. Padr\u00f5es e Processos.(<a href=\"http:\/\/www.nossacasa.net\/nossosriachos\/posgraduacao\/doc\/2011_zanella-diagonal-seca.pdf\" target=\"_blank\" rel=\"noopener noreferrer\">pdf<\/a>)<\/li>\n<\/ol>\n<\/div>\n","protected":false},"excerpt":{"rendered":"<p>Conserva\u00e7\u00e3o da Fauna Aqu\u00e1tica 2022-1 SUGEST\u00d5ES DE LEITURAS COMPLEMENTARES Abell et al. 2008.\u00a0Freshwater Ecoregions of the World: A New Map of Biogeographic Units for Freshwater Biodiversity Conservation. BioScience 58(5): 403-414.(pdf) Buckup, P.A. 1998. Biodiversidade dos Peixes da Mata Atl\u00e2ntica. In: &hellip; <a href=\"http:\/\/nossacasa.net\/nossosriachos\/pos\/leitura-2022-1\/\">Continue lendo <span class=\"meta-nav\">&rarr;<\/span><\/a><\/p>\n","protected":false},"author":1,"featured_media":0,"parent":0,"menu_order":0,"comment_status":"closed","ping_status":"closed","template":"","meta":{"footnotes":""},"class_list":["post-1279","page","type-page","status-publish","hentry"],"_links":{"self":[{"href":"http:\/\/nossacasa.net\/nossosriachos\/pos\/wp-json\/wp\/v2\/pages\/1279","targetHints":{"allow":["GET"]}}],"collection":[{"href":"http:\/\/nossacasa.net\/nossosriachos\/pos\/wp-json\/wp\/v2\/pages"}],"about":[{"href":"http:\/\/nossacasa.net\/nossosriachos\/pos\/wp-json\/wp\/v2\/types\/page"}],"author":[{"embeddable":true,"href":"http:\/\/nossacasa.net\/nossosriachos\/pos\/wp-json\/wp\/v2\/users\/1"}],"replies":[{"embeddable":true,"href":"http:\/\/nossacasa.net\/nossosriachos\/pos\/wp-json\/wp\/v2\/comments?post=1279"}],"version-history":[{"count":7,"href":"http:\/\/nossacasa.net\/nossosriachos\/pos\/wp-json\/wp\/v2\/pages\/1279\/revisions"}],"predecessor-version":[{"id":1528,"href":"http:\/\/nossacasa.net\/nossosriachos\/pos\/wp-json\/wp\/v2\/pages\/1279\/revisions\/1528"}],"wp:attachment":[{"href":"http:\/\/nossacasa.net\/nossosriachos\/pos\/wp-json\/wp\/v2\/media?parent=1279"}],"curies":[{"name":"wp","href":"https:\/\/api.w.org\/{rel}","templated":true}]}}