{"id":1281,"date":"2020-07-18T14:23:38","date_gmt":"2020-07-18T17:23:38","guid":{"rendered":"http:\/\/nossacasa.net\/nossosriachos\/pos\/?page_id=1281"},"modified":"2020-07-19T19:10:42","modified_gmt":"2020-07-19T22:10:42","slug":"seminario-2020_1","status":"publish","type":"page","link":"http:\/\/nossacasa.net\/nossosriachos\/pos\/seminario-2020_1\/","title":{"rendered":"Semin\u00e1rio 2020_1"},"content":{"rendered":"<div style=\"text-align: justify;\"><img loading=\"lazy\" decoding=\"async\" src=\"http:\/\/nossacasa.net\/nossosriachos\/pos\/wp-content\/uploads\/sites\/5\/2017\/09\/seminario--150x150.jpg\" alt=\"\" width=\"150\" height=\"150\" class=\"alignleft size-thumbnail wp-image-213\" srcset=\"http:\/\/nossacasa.net\/nossosriachos\/pos\/wp-content\/uploads\/sites\/5\/2017\/09\/seminario--150x150.jpg 150w, http:\/\/nossacasa.net\/nossosriachos\/pos\/wp-content\/uploads\/sites\/5\/2017\/09\/seminario-.jpg 200w\" sizes=\"auto, (max-width: 150px) 100vw, 150px\" \/><\/p>\n<h1>\u00a0Conserva\u00e7\u00e3o de Fauna Aqu\u00e1tica 2020-1<\/h1>\n<h1>SEMIN\u00c1RIOS &#8211; DEBATES<\/h1>\n<p>Para trabalharmos os conceitos de fragmenta\u00e7\u00e3o de habitat, esp\u00e9cies amea\u00e7adas e a perda da biodiversidade, vamos nos dividir em dois grupos:<\/p>\n<p><strong>Grupo A- Gestor p\u00fablico<\/strong> \u2013 voc\u00ea precisa resolver as quest\u00f5es ambientais e tem uma quantidade de problemas na sua \u00e1rea.<\/p>\n<p><strong>Grupo B- ONG<\/strong>&#8211; voc\u00ea atua junto a uma ONG ambiental e vai se propor solu\u00e7\u00f5es as quest\u00f5es da conserva\u00e7\u00e3o apontadas.<\/p>\n<p>Dois alunos v\u00e3o escolher o grupo 1: o gestor p\u00fablico que identifica as dificuldades e outros dois v\u00e3o ficar no grupo 2: a ONG que devem prop\u00f5em as solu\u00e7\u00f5es.<\/p>\n<p>Os dois grupos v\u00e3o debater os problemas e as solu\u00e7\u00f5es. <\/p>\n<p>No dia do debate vista a cor do seu grupo- Amarelo (alerta) problemas- verde (al\u00edvio) solu\u00e7\u00f5es.<\/p>\n<p>Se unam para juntos propormos as solu\u00e7\u00f5es cab\u00edveis a conserva\u00e7\u00e3o no entorno de \u00e1rea protegida.<\/p>\n<p><strong>Bibliografia para Grupo 1:<\/strong><\/p>\n<p><b><i>2016. Wildlife in decline: Earth&#8217;s vertebrates fall 58% in past four decadess<\/i><\/b> de Nisha Gaind. Nature News &#038; Comment (<a href=\"http:\/\/www.nossacasa.net\/nossosriachos\/posgraduacao\/doc\/Tema 1_Wildlife in decline_ Nature.pdf\" target=\"_blank\" rel=\"noopener noreferrer\">pdf<\/a>).<\/p>\n<p><strong><em>2013. Impacto Ambiental em Unidades de Conserva\u00e7\u00e3o ocasionado por esp\u00e9cies ex\u00f3ticas<\/em><\/strong> de Jos\u00e9 Edimar Vieira Costa J\u00fanior, Cl\u00e1udia de Oliveira Gon\u00e7alves Nogueira e Lu\u00eds Ant\u00f4nio Borges Coimbra.  IX F\u00f3rum Ambiental da Alta Paulista, v. 9, n. 3, 2013, pp. 179-182. (<a href=\"http:\/\/www.nossacasa.net\/nossosriachos\/posgraduacao\/doc\/2013_Costa_et_al-Impacto-UCs-ex\u00c3\u00b3ticas.pdf\" target=\"_blank\" rel=\"noopener noreferrer\">pdf<\/a>).<\/p>\n<p><strong>Bibliografia para Grupo 2:<\/strong><\/p>\n<p><strong><em>1999. Popula\u00e7\u00f5es tradicionais e a prote\u00e7\u00e3o dos recursos naturais em Unidades de Conserva\u00e7\u00e3o<\/em><\/strong> de Rinaldo Arruda. Ambiente &#038; Sociedade &#8211; Ano II &#8211; No 5 &#8211; 2o Semestre de 1999. P\u00e1g 79-92. (<a href=\"http:\/\/www.nossacasa.net\/nossosriachos\/posgraduacao\/doc\/1999_Arruda-populacoes-tradicionais-e-a- protecao-dos-recursos-naturais-em-unidades-de-conservacao.pdf\" target=\"_blank\" rel=\"noopener noreferrer\">pdf<\/a>). <\/p>\n<p><strong><em>2017. \u00c1gua e Conserva\u00e7\u00e3o &#8211; um outro olhar<\/em><\/strong> de Luisa Maria Sarmento-Soares e Ronaldo Fernando Martins-Pinheiro. Boletim Sociedade Brasileira de Ictiologia, No 121. P\u00e1g. 12-15. (<a href=\"http:\/\/www.nossacasa.net\/nossosriachos\/posgraduacao\/doc\/2017_Sarmento-Soares_ Martins-Pinheiro-agua-e-conservacao-um-outro-olhar.pdf\" target=\"_blank\" rel=\"noopener noreferrer\">pdf<\/a>).<\/p>\n<p><b>APRESENTA\u00c7\u00c3O:<\/b>\u00a0Sexta-feira pela manh\u00e3.<\/p>\n<p><b>GRUPO 1: GESTOR P\u00daBLICO<\/b><\/p>\n<ol type=\"1\">\n<li><\/li>\n<li><\/li>\n<\/ol>\n<p><b>GRUPO 2: ATIVISTA DE ONG<\/b><\/p>\n<ol type=\"1\">\n<li><\/li>\n<li><\/li>\n<\/ol>\n<\/div>\n","protected":false},"excerpt":{"rendered":"<p>\u00a0Conserva\u00e7\u00e3o de Fauna Aqu\u00e1tica 2020-1 SEMIN\u00c1RIOS &#8211; DEBATES Para trabalharmos os conceitos de fragmenta\u00e7\u00e3o de habitat, esp\u00e9cies amea\u00e7adas e a perda da biodiversidade, vamos nos dividir em dois grupos: Grupo A- Gestor p\u00fablico \u2013 voc\u00ea precisa resolver as quest\u00f5es ambientais &hellip; <a href=\"http:\/\/nossacasa.net\/nossosriachos\/pos\/seminario-2020_1\/\">Continue lendo <span class=\"meta-nav\">&rarr;<\/span><\/a><\/p>\n","protected":false},"author":1,"featured_media":0,"parent":0,"menu_order":0,"comment_status":"closed","ping_status":"closed","template":"","meta":{"footnotes":""},"class_list":["post-1281","page","type-page","status-publish","hentry"],"_links":{"self":[{"href":"http:\/\/nossacasa.net\/nossosriachos\/pos\/wp-json\/wp\/v2\/pages\/1281","targetHints":{"allow":["GET"]}}],"collection":[{"href":"http:\/\/nossacasa.net\/nossosriachos\/pos\/wp-json\/wp\/v2\/pages"}],"about":[{"href":"http:\/\/nossacasa.net\/nossosriachos\/pos\/wp-json\/wp\/v2\/types\/page"}],"author":[{"embeddable":true,"href":"http:\/\/nossacasa.net\/nossosriachos\/pos\/wp-json\/wp\/v2\/users\/1"}],"replies":[{"embeddable":true,"href":"http:\/\/nossacasa.net\/nossosriachos\/pos\/wp-json\/wp\/v2\/comments?post=1281"}],"version-history":[{"count":11,"href":"http:\/\/nossacasa.net\/nossosriachos\/pos\/wp-json\/wp\/v2\/pages\/1281\/revisions"}],"predecessor-version":[{"id":1322,"href":"http:\/\/nossacasa.net\/nossosriachos\/pos\/wp-json\/wp\/v2\/pages\/1281\/revisions\/1322"}],"wp:attachment":[{"href":"http:\/\/nossacasa.net\/nossosriachos\/pos\/wp-json\/wp\/v2\/media?parent=1281"}],"curies":[{"name":"wp","href":"https:\/\/api.w.org\/{rel}","templated":true}]}}