{"id":1286,"date":"2020-07-18T14:25:55","date_gmt":"2020-07-18T17:25:55","guid":{"rendered":"http:\/\/nossacasa.net\/nossosriachos\/pos\/?page_id=1286"},"modified":"2020-07-25T11:22:59","modified_gmt":"2020-07-25T14:22:59","slug":"fotos-2020-1","status":"publish","type":"page","link":"http:\/\/nossacasa.net\/nossosriachos\/pos\/fotos-2020-1\/","title":{"rendered":"Fotos 2020-1"},"content":{"rendered":"<div style=\"text-align: justify;\">\n<img loading=\"lazy\" decoding=\"async\" src=\"http:\/\/nossacasa.net\/nossosriachos\/pos\/wp-content\/uploads\/sites\/5\/2017\/09\/foto-150x150.jpg\" alt=\"\" width=\"150\" height=\"150\" class=\"alignleft size-thumbnail wp-image-204\" srcset=\"http:\/\/nossacasa.net\/nossosriachos\/pos\/wp-content\/uploads\/sites\/5\/2017\/09\/foto-150x150.jpg 150w, http:\/\/nossacasa.net\/nossosriachos\/pos\/wp-content\/uploads\/sites\/5\/2017\/09\/foto.jpg 200w\" sizes=\"auto, (max-width: 150px) 100vw, 150px\" \/><\/p>\n<hr>\n<hr>\n<hr>\n<div style=\"text-align: center;\">\n<strong>Programa de P\u00f3s-Gradua\u00e7\u00e3o em Ecologia e Evolu\u00e7\u00e3o da Universidade Estadual de Feira de Santana<br \/>\nPPGEcolEvol\/UEFS.<\/strong><\/p>\n<hr>\n<\/div>\n<p>Padr\u00f5es de Distribui\u00e7\u00e3o na regi\u00e3o Neotropical (disjun\u00e7\u00f5es, grupos relictuais, endemismo, padr\u00f5es de biodiversidade \u2013 hotspots); as amea\u00e7as a fauna aqu\u00e1tica (bioinvas\u00e3o; barragens e peixes; polui\u00e7\u00e3o; res\u00edduos); os desafios a conserva\u00e7\u00e3o (crise h\u00eddrica; agricultura sintr\u00f3pica; preserva\u00e7\u00e3o de nascentes); m\u00e9todos de Sele\u00e7\u00e3o de \u00c1reas Priorit\u00e1rias a conservar; Planejamento Sistem\u00e1tico de Conserva\u00e7\u00e3o.<\/p>\n<hr \/>\n<div id=\"attachment_1336\" style=\"width: 1376px\" class=\"wp-caption aligncenter\"><img loading=\"lazy\" decoding=\"async\" aria-describedby=\"caption-attachment-1336\" src=\"http:\/\/nossacasa.net\/nossosriachos\/pos\/wp-content\/uploads\/sites\/5\/2020\/07\/Captura-de-tela-2020-07-20-10.48.04.png\" alt=\"\" width=\"1366\" height=\"768\" class=\"size-full wp-image-1336\" srcset=\"http:\/\/nossacasa.net\/nossosriachos\/pos\/wp-content\/uploads\/sites\/5\/2020\/07\/Captura-de-tela-2020-07-20-10.48.04.png 1366w, http:\/\/nossacasa.net\/nossosriachos\/pos\/wp-content\/uploads\/sites\/5\/2020\/07\/Captura-de-tela-2020-07-20-10.48.04-300x169.png 300w, http:\/\/nossacasa.net\/nossosriachos\/pos\/wp-content\/uploads\/sites\/5\/2020\/07\/Captura-de-tela-2020-07-20-10.48.04-1024x576.png 1024w, http:\/\/nossacasa.net\/nossosriachos\/pos\/wp-content\/uploads\/sites\/5\/2020\/07\/Captura-de-tela-2020-07-20-10.48.04-768x432.png 768w, http:\/\/nossacasa.net\/nossosriachos\/pos\/wp-content\/uploads\/sites\/5\/2020\/07\/Captura-de-tela-2020-07-20-10.48.04-500x281.png 500w\" sizes=\"auto, (max-width: 1366px) 100vw, 1366px\" \/><p id=\"caption-attachment-1336\" class=\"wp-caption-text\">Primeiro Encontro &#8211; Boas Vinda<\/p><\/div>\n<hr \/>\n<div id=\"attachment_1347\" style=\"width: 1290px\" class=\"wp-caption aligncenter\"><img loading=\"lazy\" decoding=\"async\" aria-describedby=\"caption-attachment-1347\" src=\"http:\/\/nossacasa.net\/nossosriachos\/pos\/wp-content\/uploads\/sites\/5\/2020\/07\/Dia_2.jpeg\" alt=\"\" width=\"1280\" height=\"719\" class=\"size-full wp-image-1347\" srcset=\"http:\/\/nossacasa.net\/nossosriachos\/pos\/wp-content\/uploads\/sites\/5\/2020\/07\/Dia_2.jpeg 1280w, http:\/\/nossacasa.net\/nossosriachos\/pos\/wp-content\/uploads\/sites\/5\/2020\/07\/Dia_2-300x169.jpeg 300w, http:\/\/nossacasa.net\/nossosriachos\/pos\/wp-content\/uploads\/sites\/5\/2020\/07\/Dia_2-1024x575.jpeg 1024w, http:\/\/nossacasa.net\/nossosriachos\/pos\/wp-content\/uploads\/sites\/5\/2020\/07\/Dia_2-768x431.jpeg 768w, http:\/\/nossacasa.net\/nossosriachos\/pos\/wp-content\/uploads\/sites\/5\/2020\/07\/Dia_2-500x281.jpeg 500w\" sizes=\"auto, (max-width: 1280px) 100vw, 1280px\" \/><p id=\"caption-attachment-1347\" class=\"wp-caption-text\">Terceiro encontro<\/p><\/div>\n<hr \/>\n<div id=\"attachment_1348\" style=\"width: 1290px\" class=\"wp-caption aligncenter\"><img loading=\"lazy\" decoding=\"async\" aria-describedby=\"caption-attachment-1348\" src=\"http:\/\/nossacasa.net\/nossosriachos\/pos\/wp-content\/uploads\/sites\/5\/2020\/07\/Dia_3.jpeg\" alt=\"\" width=\"1280\" height=\"719\" class=\"size-full wp-image-1348\" srcset=\"http:\/\/nossacasa.net\/nossosriachos\/pos\/wp-content\/uploads\/sites\/5\/2020\/07\/Dia_3.jpeg 1280w, http:\/\/nossacasa.net\/nossosriachos\/pos\/wp-content\/uploads\/sites\/5\/2020\/07\/Dia_3-300x169.jpeg 300w, http:\/\/nossacasa.net\/nossosriachos\/pos\/wp-content\/uploads\/sites\/5\/2020\/07\/Dia_3-1024x575.jpeg 1024w, http:\/\/nossacasa.net\/nossosriachos\/pos\/wp-content\/uploads\/sites\/5\/2020\/07\/Dia_3-768x431.jpeg 768w, http:\/\/nossacasa.net\/nossosriachos\/pos\/wp-content\/uploads\/sites\/5\/2020\/07\/Dia_3-500x281.jpeg 500w\" sizes=\"auto, (max-width: 1280px) 100vw, 1280px\" \/><p id=\"caption-attachment-1348\" class=\"wp-caption-text\">Quarto encontro<\/p><\/div>\n<hr \/>\n<div id=\"attachment_1342\" style=\"width: 1376px\" class=\"wp-caption aligncenter\"><img loading=\"lazy\" decoding=\"async\" aria-describedby=\"caption-attachment-1342\" src=\"http:\/\/nossacasa.net\/nossosriachos\/pos\/wp-content\/uploads\/sites\/5\/2020\/07\/Captura-de-tela-2020-07-24-09.15.48.png\" alt=\"\" width=\"1366\" height=\"768\" class=\"size-full wp-image-1342\" srcset=\"http:\/\/nossacasa.net\/nossosriachos\/pos\/wp-content\/uploads\/sites\/5\/2020\/07\/Captura-de-tela-2020-07-24-09.15.48.png 1366w, http:\/\/nossacasa.net\/nossosriachos\/pos\/wp-content\/uploads\/sites\/5\/2020\/07\/Captura-de-tela-2020-07-24-09.15.48-300x169.png 300w, http:\/\/nossacasa.net\/nossosriachos\/pos\/wp-content\/uploads\/sites\/5\/2020\/07\/Captura-de-tela-2020-07-24-09.15.48-1024x576.png 1024w, http:\/\/nossacasa.net\/nossosriachos\/pos\/wp-content\/uploads\/sites\/5\/2020\/07\/Captura-de-tela-2020-07-24-09.15.48-768x432.png 768w, http:\/\/nossacasa.net\/nossosriachos\/pos\/wp-content\/uploads\/sites\/5\/2020\/07\/Captura-de-tela-2020-07-24-09.15.48-500x281.png 500w\" sizes=\"auto, (max-width: 1366px) 100vw, 1366px\" \/><p id=\"caption-attachment-1342\" class=\"wp-caption-text\">Semin\u00e1rios<\/p><\/div>\n<div id=\"attachment_1343\" style=\"width: 1376px\" class=\"wp-caption aligncenter\"><img loading=\"lazy\" decoding=\"async\" aria-describedby=\"caption-attachment-1343\" src=\"http:\/\/nossacasa.net\/nossosriachos\/pos\/wp-content\/uploads\/sites\/5\/2020\/07\/Captura-de-tela-2020-07-24-09.52.48.png\" alt=\"\" width=\"1366\" height=\"768\" class=\"size-full wp-image-1343\" srcset=\"http:\/\/nossacasa.net\/nossosriachos\/pos\/wp-content\/uploads\/sites\/5\/2020\/07\/Captura-de-tela-2020-07-24-09.52.48.png 1366w, http:\/\/nossacasa.net\/nossosriachos\/pos\/wp-content\/uploads\/sites\/5\/2020\/07\/Captura-de-tela-2020-07-24-09.52.48-300x169.png 300w, http:\/\/nossacasa.net\/nossosriachos\/pos\/wp-content\/uploads\/sites\/5\/2020\/07\/Captura-de-tela-2020-07-24-09.52.48-1024x576.png 1024w, http:\/\/nossacasa.net\/nossosriachos\/pos\/wp-content\/uploads\/sites\/5\/2020\/07\/Captura-de-tela-2020-07-24-09.52.48-768x432.png 768w, http:\/\/nossacasa.net\/nossosriachos\/pos\/wp-content\/uploads\/sites\/5\/2020\/07\/Captura-de-tela-2020-07-24-09.52.48-500x281.png 500w\" sizes=\"auto, (max-width: 1366px) 100vw, 1366px\" \/><p id=\"caption-attachment-1343\" class=\"wp-caption-text\">Semin\u00e1rios<\/p><\/div>\n<div id=\"attachment_1344\" style=\"width: 1376px\" class=\"wp-caption aligncenter\"><img loading=\"lazy\" decoding=\"async\" aria-describedby=\"caption-attachment-1344\" src=\"http:\/\/nossacasa.net\/nossosriachos\/pos\/wp-content\/uploads\/sites\/5\/2020\/07\/Captura-de-tela-2020-07-24-11.12.13.png\" alt=\"\" width=\"1366\" height=\"768\" class=\"size-full wp-image-1344\" srcset=\"http:\/\/nossacasa.net\/nossosriachos\/pos\/wp-content\/uploads\/sites\/5\/2020\/07\/Captura-de-tela-2020-07-24-11.12.13.png 1366w, http:\/\/nossacasa.net\/nossosriachos\/pos\/wp-content\/uploads\/sites\/5\/2020\/07\/Captura-de-tela-2020-07-24-11.12.13-300x169.png 300w, http:\/\/nossacasa.net\/nossosriachos\/pos\/wp-content\/uploads\/sites\/5\/2020\/07\/Captura-de-tela-2020-07-24-11.12.13-1024x576.png 1024w, http:\/\/nossacasa.net\/nossosriachos\/pos\/wp-content\/uploads\/sites\/5\/2020\/07\/Captura-de-tela-2020-07-24-11.12.13-768x432.png 768w, http:\/\/nossacasa.net\/nossosriachos\/pos\/wp-content\/uploads\/sites\/5\/2020\/07\/Captura-de-tela-2020-07-24-11.12.13-500x281.png 500w\" sizes=\"auto, (max-width: 1366px) 100vw, 1366px\" \/><p id=\"caption-attachment-1344\" class=\"wp-caption-text\">Semin\u00e1rios<\/p><\/div>\n<hr \/>\n<\/div>\n","protected":false},"excerpt":{"rendered":"<p>Programa de P\u00f3s-Gradua\u00e7\u00e3o em Ecologia e Evolu\u00e7\u00e3o da Universidade Estadual de Feira de Santana PPGEcolEvol\/UEFS. Padr\u00f5es de Distribui\u00e7\u00e3o na regi\u00e3o Neotropical (disjun\u00e7\u00f5es, grupos relictuais, endemismo, padr\u00f5es de biodiversidade \u2013 hotspots); as amea\u00e7as a fauna aqu\u00e1tica (bioinvas\u00e3o; barragens e peixes; polui\u00e7\u00e3o; &hellip; <a href=\"http:\/\/nossacasa.net\/nossosriachos\/pos\/fotos-2020-1\/\">Continue lendo <span class=\"meta-nav\">&rarr;<\/span><\/a><\/p>\n","protected":false},"author":1,"featured_media":204,"parent":0,"menu_order":0,"comment_status":"closed","ping_status":"closed","template":"","meta":{"footnotes":""},"class_list":["post-1286","page","type-page","status-publish","has-post-thumbnail","hentry"],"_links":{"self":[{"href":"http:\/\/nossacasa.net\/nossosriachos\/pos\/wp-json\/wp\/v2\/pages\/1286","targetHints":{"allow":["GET"]}}],"collection":[{"href":"http:\/\/nossacasa.net\/nossosriachos\/pos\/wp-json\/wp\/v2\/pages"}],"about":[{"href":"http:\/\/nossacasa.net\/nossosriachos\/pos\/wp-json\/wp\/v2\/types\/page"}],"author":[{"embeddable":true,"href":"http:\/\/nossacasa.net\/nossosriachos\/pos\/wp-json\/wp\/v2\/users\/1"}],"replies":[{"embeddable":true,"href":"http:\/\/nossacasa.net\/nossosriachos\/pos\/wp-json\/wp\/v2\/comments?post=1286"}],"version-history":[{"count":5,"href":"http:\/\/nossacasa.net\/nossosriachos\/pos\/wp-json\/wp\/v2\/pages\/1286\/revisions"}],"predecessor-version":[{"id":1349,"href":"http:\/\/nossacasa.net\/nossosriachos\/pos\/wp-json\/wp\/v2\/pages\/1286\/revisions\/1349"}],"wp:featuredmedia":[{"embeddable":true,"href":"http:\/\/nossacasa.net\/nossosriachos\/pos\/wp-json\/wp\/v2\/media\/204"}],"wp:attachment":[{"href":"http:\/\/nossacasa.net\/nossosriachos\/pos\/wp-json\/wp\/v2\/media?parent=1286"}],"curies":[{"name":"wp","href":"https:\/\/api.w.org\/{rel}","templated":true}]}}