{"id":1298,"date":"2020-07-18T15:09:33","date_gmt":"2020-07-18T18:09:33","guid":{"rendered":"http:\/\/nossacasa.net\/nossosriachos\/pos\/?page_id=1298"},"modified":"2020-07-18T15:40:46","modified_gmt":"2020-07-18T18:40:46","slug":"sala-de-aula","status":"publish","type":"page","link":"http:\/\/nossacasa.net\/nossosriachos\/pos\/sala-de-aula\/","title":{"rendered":"Sala de Aula"},"content":{"rendered":"<div id=\"af-wrapper\"><div id=\"forum-header\"><div id=\"forum-navigation-mobile\"><a><span class=\"fas fa-bars\"><\/span>Menu<\/a><\/div><span class=\"screen-reader-text\">Navega\u00e7\u00e3o no f\u00f3rum<\/span><div id=\"forum-navigation\"><a class=\"home-link\" href=\"http:\/\/nossacasa.net\/nossosriachos\/pos\/sala-de-aula\" target=\"_self\">F\u00f3rum<\/a><a class=\"members-link\" href=\"http:\/\/nossacasa.net\/nossosriachos\/pos\/sala-de-aula\/members\/\" target=\"_self\">Membros<\/a><a class=\"activity-link\" href=\"http:\/\/nossacasa.net\/nossosriachos\/pos\/sala-de-aula\/activity\/\" target=\"_self\">Atividade<\/a><a class=\"login-link\" href=\"http:\/\/nossacasa.net\/nossosriachos\/pos\/wp-login.php?redirect_to=http%3A%2F%2Fnossacasa.net%2Fnossosriachos%2Fpos%2Fwp-json%2Fwp%2Fv2%2Fpages%2F1298\" target=\"_self\">Acessar<\/a><a class=\"register-link\" href=\"http:\/\/nossacasa.net\/nossosriachos\/pos\/wp-login.php?action=register\" target=\"_self\">Cadastrar<\/a><\/div><div id=\"forum-search\"><span class=\"search-icon fas fa-search\"><\/span><form method=\"get\" action=\"http:\/\/nossacasa.net\/nossosriachos\/pos\/sala-de-aula\/search\/\"><input name=\"keywords\" type=\"search\" placeholder=\"Buscar ...\" value=\"\"><\/form><\/div><div class=\"clear\"><\/div><\/div><div id=\"forum-breadcrumbs\" itemscope itemtype=\"http:\/\/schema.org\/BreadcrumbList\"><span class=\"screen-reader-text\">Caminho de navega\u00e7\u00e3o do f\u00f3rum - Voc\u00ea est\u00e1 aqui:<\/span><span class=\"breadcrumb-icon fas fa-home\"><\/span><span itemprop=\"itemListElement\" itemscope itemtype=\"https:\/\/schema.org\/ListItem\"><a itemprop=\"item\" href=\"http:\/\/nossacasa.net\/nossosriachos\/pos\/sala-de-aula\" title=\"Sala de Aula\"><span itemprop=\"name\">Sala de Aula<\/span><\/a><meta itemprop=\"position\" content=\"1\"><\/span><span class=\"breadcrumb-icon fas fa-chevron-right separator\"><\/span><\/div><h1 class=\"main-title main-title-\">Sala de Aula<\/h1><div class=\"title-element\" id=\"forum-category-20\">UEFS 2025<span class=\"last-post-headline\">\u00daltima postagem:<\/span><\/div><div class=\"content-container\"><div class=\"content-element forum\" id=\"forum-36\"><div class=\"forum-status unread\"><i class=\"fas fa-comments\"><\/i><\/div><div class=\"forum-name\"><a class=\"forum-title\" href=\"http:\/\/nossacasa.net\/nossosriachos\/pos\/sala-de-aula\/forum\/modulo-1-5\/\">M\u00f3dulo 1<\/a><small class=\"forum-description\">A Fauna Aqu\u00e1tica<\/small><small class=\"forum-stats\">2 T\u00f3picos&nbsp;&middot;&nbsp;8 Posts<\/small><small class=\"forum-lastpost-small\">\u00daltimo post:&nbsp;<a href=\"http:\/\/nossacasa.net\/nossosriachos\/pos\/sala-de-aula\/topic\/exercicio-1-conservacao-biologica-2\/#postid-445\">Exerc\u00edcio 1- Conserva\u00e7\u00e3o biol\u00f3gica<\/a>&nbsp;&middot;&nbsp;<a href=\"http:\/\/nossacasa.net\/nossosriachos\/pos\/sala-de-aula\/topic\/exercicio-1-conservacao-biologica-2\/#postid-445\">5 meses atr\u00e1s<\/a>&nbsp;&middot;&nbsp;<a class=\"profile-link highlight-default\" href=\"http:\/\/nossacasa.net\/nossosriachos\/pos\/sala-de-aula\/profile\/luisa-soares\/\">Luisa Soares<\/a><\/small><\/div><div class=\"forum-poster\"><div class=\"forum-poster-avatar\"><img alt='' src='https:\/\/secure.gravatar.com\/avatar\/b52e11a08ff8f21345ca6ee6def1c21f666402427ffde43a1243679dc5f643e5?s=40&#038;d=wavatar&#038;r=g' srcset='https:\/\/secure.gravatar.com\/avatar\/b52e11a08ff8f21345ca6ee6def1c21f666402427ffde43a1243679dc5f643e5?s=80&#038;d=wavatar&#038;r=g 2x' class='avatar avatar-40 photo' height='40' width='40' \/><\/div><div class=\"forum-poster-summary\"><a href=\"http:\/\/nossacasa.net\/nossosriachos\/pos\/sala-de-aula\/topic\/exercicio-1-conservacao-biologica-2\/#postid-445\">Exerc\u00edcio 1- Conserva\u00e7\u00e3o  &#8230;<\/a><br><small><a href=\"http:\/\/nossacasa.net\/nossosriachos\/pos\/sala-de-aula\/topic\/exercicio-1-conservacao-biologica-2\/#postid-445\">5 meses atr\u00e1s<\/a><span>&nbsp;&middot;&nbsp;<\/span><a class=\"profile-link highlight-default\" href=\"http:\/\/nossacasa.net\/nossosriachos\/pos\/sala-de-aula\/profile\/luisa-soares\/\">Luisa Soares<\/a><\/small><\/div><\/div><\/div><div class=\"content-element forum\" id=\"forum-37\"><div class=\"forum-status unread\"><i class=\"fas fa-comments\"><\/i><\/div><div class=\"forum-name\"><a class=\"forum-title\" href=\"http:\/\/nossacasa.net\/nossosriachos\/pos\/sala-de-aula\/forum\/modulo-2-5\/\">M\u00f3dulo 2<\/a><small class=\"forum-description\">Biogeografia da Conserva\u00e7\u00e3o<\/small><small class=\"forum-stats\">2 T\u00f3picos&nbsp;&middot;&nbsp;5 Posts<\/small><small class=\"forum-lastpost-small\">\u00daltimo post:&nbsp;<a href=\"http:\/\/nossacasa.net\/nossosriachos\/pos\/sala-de-aula\/topic\/exercicio-2-avaliacao-da-categoria-de-ameaca-2\/#postid-452\">Exerc\u00edcio 2- Avalia\u00e7\u00e3o da categori &#8230;<\/a>&nbsp;&middot;&nbsp;<a href=\"http:\/\/nossacasa.net\/nossosriachos\/pos\/sala-de-aula\/topic\/exercicio-2-avaliacao-da-categoria-de-ameaca-2\/#postid-452\">5 meses atr\u00e1s<\/a>&nbsp;&middot;&nbsp;<a class=\"profile-link highlight-default\" href=\"http:\/\/nossacasa.net\/nossosriachos\/pos\/sala-de-aula\/profile\/vinicio\/\">vinicio<\/a><\/small><\/div><div class=\"forum-poster\"><div class=\"forum-poster-avatar\"><img alt='' src='https:\/\/secure.gravatar.com\/avatar\/119354b6867a250cb383990c9aff30fc45da6465eaf7744d2b5b93a3af8bbf6f?s=40&#038;d=wavatar&#038;r=g' srcset='https:\/\/secure.gravatar.com\/avatar\/119354b6867a250cb383990c9aff30fc45da6465eaf7744d2b5b93a3af8bbf6f?s=80&#038;d=wavatar&#038;r=g 2x' class='avatar avatar-40 photo' height='40' width='40' \/><\/div><div class=\"forum-poster-summary\"><a href=\"http:\/\/nossacasa.net\/nossosriachos\/pos\/sala-de-aula\/topic\/exercicio-2-avaliacao-da-categoria-de-ameaca-2\/#postid-452\">Exerc\u00edcio 2- Avalia\u00e7\u00e3o da &#8230;<\/a><br><small><a href=\"http:\/\/nossacasa.net\/nossosriachos\/pos\/sala-de-aula\/topic\/exercicio-2-avaliacao-da-categoria-de-ameaca-2\/#postid-452\">5 meses atr\u00e1s<\/a><span>&nbsp;&middot;&nbsp;<\/span><a class=\"profile-link highlight-default\" href=\"http:\/\/nossacasa.net\/nossosriachos\/pos\/sala-de-aula\/profile\/vinicio\/\">vinicio<\/a><\/small><\/div><\/div><\/div><div class=\"content-element forum\" id=\"forum-38\"><div class=\"forum-status unread\"><i class=\"fas fa-comments\"><\/i><\/div><div class=\"forum-name\"><a class=\"forum-title\" href=\"http:\/\/nossacasa.net\/nossosriachos\/pos\/sala-de-aula\/forum\/modulo-3-4\/\">M\u00f3dulo 3<\/a><small class=\"forum-description\">Avalia\u00e7\u00e3o geogr\u00e1fica, ecol\u00f3gica e evolutiva da fauna aqu\u00e1tica usando R e outros softwares.<\/small><small class=\"forum-stats\">1 T\u00f3pico&nbsp;&middot;&nbsp;4 Posts<\/small><small class=\"forum-lastpost-small\">\u00daltimo post:&nbsp;<a href=\"http:\/\/nossacasa.net\/nossosriachos\/pos\/sala-de-aula\/topic\/analises-biogeograficas\/#postid-453\">An\u00e1lises biogeogr\u00e1ficas<\/a>&nbsp;&middot;&nbsp;<a href=\"http:\/\/nossacasa.net\/nossosriachos\/pos\/sala-de-aula\/topic\/analises-biogeograficas\/#postid-453\">5 meses atr\u00e1s<\/a>&nbsp;&middot;&nbsp;<a class=\"profile-link highlight-default\" href=\"http:\/\/nossacasa.net\/nossosriachos\/pos\/sala-de-aula\/profile\/michele\/\">michele<\/a><\/small><\/div><div class=\"forum-poster\"><div class=\"forum-poster-avatar\"><img alt='' src='https:\/\/secure.gravatar.com\/avatar\/832657f645fc5a9379e5873b8568baa744c73fae097ab1258b2027d674325277?s=40&#038;d=wavatar&#038;r=g' srcset='https:\/\/secure.gravatar.com\/avatar\/832657f645fc5a9379e5873b8568baa744c73fae097ab1258b2027d674325277?s=80&#038;d=wavatar&#038;r=g 2x' class='avatar avatar-40 photo' height='40' width='40' \/><\/div><div class=\"forum-poster-summary\"><a href=\"http:\/\/nossacasa.net\/nossosriachos\/pos\/sala-de-aula\/topic\/analises-biogeograficas\/#postid-453\">An\u00e1lises biogeogr\u00e1ficas<\/a><br><small><a href=\"http:\/\/nossacasa.net\/nossosriachos\/pos\/sala-de-aula\/topic\/analises-biogeograficas\/#postid-453\">5 meses atr\u00e1s<\/a><span>&nbsp;&middot;&nbsp;<\/span><a class=\"profile-link highlight-default\" href=\"http:\/\/nossacasa.net\/nossosriachos\/pos\/sala-de-aula\/profile\/michele\/\">michele<\/a><\/small><\/div><\/div><\/div><\/div><div class=\"title-element\" id=\"forum-category-15\">PPGBAN_2021<span class=\"last-post-headline\">\u00daltima postagem:<\/span><\/div><div class=\"content-container\"><div class=\"content-element forum\" id=\"forum-18\"><div class=\"forum-status unread\"><i class=\"fas fa-comments\"><\/i><\/div><div class=\"forum-name\"><a class=\"forum-title\" href=\"http:\/\/nossacasa.net\/nossosriachos\/pos\/sala-de-aula\/forum\/modulo-1-3\/\">M\u00f3dulo 1<\/a><small class=\"forum-description\">Regi\u00e3o neotropical e sistemas h\u00eddricos<\/small><small class=\"forum-stats\">3 T\u00f3picos&nbsp;&middot;&nbsp;24 Posts<\/small><small class=\"forum-lastpost-small\">\u00daltimo post:&nbsp;<a href=\"http:\/\/nossacasa.net\/nossosriachos\/pos\/sala-de-aula\/topic\/leitura-complementar-modulo-1-2\/#postid-329\">Leitura complementar- M\u00f3dulo 1<\/a>&nbsp;&middot;&nbsp;<a href=\"http:\/\/nossacasa.net\/nossosriachos\/pos\/sala-de-aula\/topic\/leitura-complementar-modulo-1-2\/#postid-329\">4 anos atr\u00e1s<\/a>&nbsp;&middot;&nbsp;<a class=\"profile-link highlight-default\" href=\"http:\/\/nossacasa.net\/nossosriachos\/pos\/sala-de-aula\/profile\/ariane\/\">ariane<\/a><\/small><\/div><div class=\"forum-poster\"><div class=\"forum-poster-avatar\"><img alt='' src='https:\/\/secure.gravatar.com\/avatar\/c59425249df07759f724a52f1092507b5540c5de7f7e996be68feb464d05af31?s=40&#038;d=wavatar&#038;r=g' srcset='https:\/\/secure.gravatar.com\/avatar\/c59425249df07759f724a52f1092507b5540c5de7f7e996be68feb464d05af31?s=80&#038;d=wavatar&#038;r=g 2x' class='avatar avatar-40 photo' height='40' width='40' \/><\/div><div class=\"forum-poster-summary\"><a href=\"http:\/\/nossacasa.net\/nossosriachos\/pos\/sala-de-aula\/topic\/leitura-complementar-modulo-1-2\/#postid-329\">Leitura complementar- M\u00f3d &#8230;<\/a><br><small><a href=\"http:\/\/nossacasa.net\/nossosriachos\/pos\/sala-de-aula\/topic\/leitura-complementar-modulo-1-2\/#postid-329\">4 anos atr\u00e1s<\/a><span>&nbsp;&middot;&nbsp;<\/span><a class=\"profile-link highlight-default\" href=\"http:\/\/nossacasa.net\/nossosriachos\/pos\/sala-de-aula\/profile\/ariane\/\">ariane<\/a><\/small><\/div><\/div><\/div><div class=\"content-element forum\" id=\"forum-19\"><div class=\"forum-status unread\"><i class=\"fas fa-comments\"><\/i><\/div><div class=\"forum-name\"><a class=\"forum-title\" href=\"http:\/\/nossacasa.net\/nossosriachos\/pos\/sala-de-aula\/forum\/modulo-2-3\/\">M\u00f3dulo 2<\/a><small class=\"forum-description\">Biogeografia da Conserva\u00e7\u00e3o<\/small><small class=\"forum-stats\">2 T\u00f3picos&nbsp;&middot;&nbsp;12 Posts<\/small><small class=\"forum-lastpost-small\">\u00daltimo post:&nbsp;<a href=\"http:\/\/nossacasa.net\/nossosriachos\/pos\/sala-de-aula\/topic\/novos-paradigmas-para-conservacao-da-natureza\/#postid-275\">Novos paradigmas para conserva\u00e7\u00e3o  &#8230;<\/a>&nbsp;&middot;&nbsp;<a href=\"http:\/\/nossacasa.net\/nossosriachos\/pos\/sala-de-aula\/topic\/novos-paradigmas-para-conservacao-da-natureza\/#postid-275\">5 anos atr\u00e1s<\/a>&nbsp;&middot;&nbsp;<a class=\"profile-link highlight-default\" href=\"http:\/\/nossacasa.net\/nossosriachos\/pos\/sala-de-aula\/profile\/juliana\/\">juliana<\/a><\/small><\/div><div class=\"forum-poster\"><div class=\"forum-poster-avatar\"><img alt='' src='https:\/\/secure.gravatar.com\/avatar\/a15537135e19238adf375ff4e1e07c4a54aa6b624e52a550225fc4b1c9e7ab6e?s=40&#038;d=wavatar&#038;r=g' srcset='https:\/\/secure.gravatar.com\/avatar\/a15537135e19238adf375ff4e1e07c4a54aa6b624e52a550225fc4b1c9e7ab6e?s=80&#038;d=wavatar&#038;r=g 2x' class='avatar avatar-40 photo' height='40' width='40' \/><\/div><div class=\"forum-poster-summary\"><a href=\"http:\/\/nossacasa.net\/nossosriachos\/pos\/sala-de-aula\/topic\/novos-paradigmas-para-conservacao-da-natureza\/#postid-275\">Novos paradigmas para con &#8230;<\/a><br><small><a href=\"http:\/\/nossacasa.net\/nossosriachos\/pos\/sala-de-aula\/topic\/novos-paradigmas-para-conservacao-da-natureza\/#postid-275\">5 anos atr\u00e1s<\/a><span>&nbsp;&middot;&nbsp;<\/span><a class=\"profile-link highlight-default\" href=\"http:\/\/nossacasa.net\/nossosriachos\/pos\/sala-de-aula\/profile\/juliana\/\">juliana<\/a><\/small><\/div><\/div><\/div><div class=\"content-element forum\" id=\"forum-21\"><div class=\"forum-status unread\"><i class=\"fas fa-comments\"><\/i><\/div><div class=\"forum-name\"><a class=\"forum-title\" href=\"http:\/\/nossacasa.net\/nossosriachos\/pos\/sala-de-aula\/forum\/modulo-4-3\/\">M\u00f3dulo 3<\/a><small class=\"forum-description\">Plano Nacional de A\u00e7\u00e3o como ferramenta da conserva\u00e7\u00e3o<\/small><small class=\"forum-stats\">4 T\u00f3picos&nbsp;&middot;&nbsp;10 Posts<\/small><small class=\"forum-lastpost-small\">\u00daltimo post:&nbsp;<a href=\"http:\/\/nossacasa.net\/nossosriachos\/pos\/sala-de-aula\/topic\/o-pan-de-peixes-e-eglas-da-mata-atlantica\/#postid-281\">O PAN de Peixes e Eglas da Mata At &#8230;<\/a>&nbsp;&middot;&nbsp;<a href=\"http:\/\/nossacasa.net\/nossosriachos\/pos\/sala-de-aula\/topic\/o-pan-de-peixes-e-eglas-da-mata-atlantica\/#postid-281\">5 anos atr\u00e1s<\/a>&nbsp;&middot;&nbsp;<a class=\"profile-link highlight-default\" href=\"http:\/\/nossacasa.net\/nossosriachos\/pos\/sala-de-aula\/profile\/debora\/\">debora<\/a><\/small><\/div><div class=\"forum-poster\"><div class=\"forum-poster-avatar\"><img alt='' src='https:\/\/secure.gravatar.com\/avatar\/010c7c5251812a79826e5f9ac13d91d2661874557c5617f8bbcd8ba1231dd8da?s=40&#038;d=wavatar&#038;r=g' srcset='https:\/\/secure.gravatar.com\/avatar\/010c7c5251812a79826e5f9ac13d91d2661874557c5617f8bbcd8ba1231dd8da?s=80&#038;d=wavatar&#038;r=g 2x' class='avatar avatar-40 photo' height='40' width='40' \/><\/div><div class=\"forum-poster-summary\"><a href=\"http:\/\/nossacasa.net\/nossosriachos\/pos\/sala-de-aula\/topic\/o-pan-de-peixes-e-eglas-da-mata-atlantica\/#postid-281\">O PAN de Peixes e Eglas d &#8230;<\/a><br><small><a href=\"http:\/\/nossacasa.net\/nossosriachos\/pos\/sala-de-aula\/topic\/o-pan-de-peixes-e-eglas-da-mata-atlantica\/#postid-281\">5 anos atr\u00e1s<\/a><span>&nbsp;&middot;&nbsp;<\/span><a class=\"profile-link highlight-default\" href=\"http:\/\/nossacasa.net\/nossosriachos\/pos\/sala-de-aula\/profile\/debora\/\">debora<\/a><\/small><\/div><\/div><\/div><div class=\"content-element forum\" id=\"forum-24\"><div class=\"forum-status unread\"><i class=\"fas fa-comments\"><\/i><\/div><div class=\"forum-name\"><a class=\"forum-title\" href=\"http:\/\/nossacasa.net\/nossosriachos\/pos\/sala-de-aula\/forum\/modulo-4-4\/\">M\u00f3dulo 4<\/a><small class=\"forum-description\">M\u00e9todos Biogeogr\u00e1ficos e estrat\u00e9gia  da Conerva\u00e7\u00e3o<\/small><small class=\"forum-stats\">3 T\u00f3picos&nbsp;&middot;&nbsp;18 Posts<\/small><small class=\"forum-lastpost-small\">\u00daltimo post:&nbsp;<a href=\"http:\/\/nossacasa.net\/nossosriachos\/pos\/sala-de-aula\/topic\/exercicio-pae-peixes-do-espirito-santo\/#postid-278\">Exerc\u00edcio PAE Peixes do Esp\u00edrito S &#8230;<\/a>&nbsp;&middot;&nbsp;<a href=\"http:\/\/nossacasa.net\/nossosriachos\/pos\/sala-de-aula\/topic\/exercicio-pae-peixes-do-espirito-santo\/#postid-278\">5 anos atr\u00e1s<\/a>&nbsp;&middot;&nbsp;<a class=\"profile-link highlight-default\" href=\"http:\/\/nossacasa.net\/nossosriachos\/pos\/sala-de-aula\/profile\/luisa-soares\/\">Luisa Soares<\/a><\/small><\/div><div class=\"forum-poster\"><div class=\"forum-poster-avatar\"><img alt='' src='https:\/\/secure.gravatar.com\/avatar\/b52e11a08ff8f21345ca6ee6def1c21f666402427ffde43a1243679dc5f643e5?s=40&#038;d=wavatar&#038;r=g' srcset='https:\/\/secure.gravatar.com\/avatar\/b52e11a08ff8f21345ca6ee6def1c21f666402427ffde43a1243679dc5f643e5?s=80&#038;d=wavatar&#038;r=g 2x' class='avatar avatar-40 photo' height='40' width='40' \/><\/div><div class=\"forum-poster-summary\"><a href=\"http:\/\/nossacasa.net\/nossosriachos\/pos\/sala-de-aula\/topic\/exercicio-pae-peixes-do-espirito-santo\/#postid-278\">Exerc\u00edcio PAE Peixes do E &#8230;<\/a><br><small><a href=\"http:\/\/nossacasa.net\/nossosriachos\/pos\/sala-de-aula\/topic\/exercicio-pae-peixes-do-espirito-santo\/#postid-278\">5 anos atr\u00e1s<\/a><span>&nbsp;&middot;&nbsp;<\/span><a class=\"profile-link highlight-default\" href=\"http:\/\/nossacasa.net\/nossosriachos\/pos\/sala-de-aula\/profile\/luisa-soares\/\">Luisa Soares<\/a><\/small><\/div><\/div><\/div><div class=\"content-element forum\" id=\"forum-22\"><div class=\"forum-status unread\"><i class=\"fas fa-comments\"><\/i><\/div><div class=\"forum-name\"><a class=\"forum-title\" href=\"http:\/\/nossacasa.net\/nossosriachos\/pos\/sala-de-aula\/forum\/seminarios-3\/\">Semin\u00e1rios<\/a><small class=\"forum-description\">Apresenta\u00e7\u00e3o dos semin\u00e1rios<\/small><small class=\"forum-stats\">4 T\u00f3picos&nbsp;&middot;&nbsp;14 Posts<\/small><small class=\"forum-lastpost-small\">\u00daltimo post:&nbsp;<a href=\"http:\/\/nossacasa.net\/nossosriachos\/pos\/sala-de-aula\/topic\/conteudo-por-tema\/#postid-276\">Conte\u00fado por tema<\/a>&nbsp;&middot;&nbsp;<a href=\"http:\/\/nossacasa.net\/nossosriachos\/pos\/sala-de-aula\/topic\/conteudo-por-tema\/#postid-276\">5 anos atr\u00e1s<\/a>&nbsp;&middot;&nbsp;<a class=\"profile-link highlight-default\" href=\"http:\/\/nossacasa.net\/nossosriachos\/pos\/sala-de-aula\/profile\/luisa-soares\/\">Luisa Soares<\/a><\/small><\/div><div class=\"forum-poster\"><div class=\"forum-poster-avatar\"><img alt='' src='https:\/\/secure.gravatar.com\/avatar\/b52e11a08ff8f21345ca6ee6def1c21f666402427ffde43a1243679dc5f643e5?s=40&#038;d=wavatar&#038;r=g' srcset='https:\/\/secure.gravatar.com\/avatar\/b52e11a08ff8f21345ca6ee6def1c21f666402427ffde43a1243679dc5f643e5?s=80&#038;d=wavatar&#038;r=g 2x' class='avatar avatar-40 photo' height='40' width='40' \/><\/div><div class=\"forum-poster-summary\"><a href=\"http:\/\/nossacasa.net\/nossosriachos\/pos\/sala-de-aula\/topic\/conteudo-por-tema\/#postid-276\">Conte\u00fado por tema<\/a><br><small><a href=\"http:\/\/nossacasa.net\/nossosriachos\/pos\/sala-de-aula\/topic\/conteudo-por-tema\/#postid-276\">5 anos atr\u00e1s<\/a><span>&nbsp;&middot;&nbsp;<\/span><a class=\"profile-link highlight-default\" href=\"http:\/\/nossacasa.net\/nossosriachos\/pos\/sala-de-aula\/profile\/luisa-soares\/\">Luisa Soares<\/a><\/small><\/div><\/div><\/div><div class=\"content-element forum\" id=\"forum-23\"><div class=\"forum-status unread\"><i class=\"fas fa-comments\"><\/i><\/div><div class=\"forum-name\"><a class=\"forum-title\" href=\"http:\/\/nossacasa.net\/nossosriachos\/pos\/sala-de-aula\/forum\/palestra-2\/\">Palestra<\/a><small class=\"forum-description\">Palestra sobre Biogeografia de especialista convidado<\/small><small class=\"forum-stats\">1 T\u00f3pico&nbsp;&middot;&nbsp;2 Posts<\/small><small class=\"forum-lastpost-small\">\u00daltimo post:&nbsp;<a href=\"http:\/\/nossacasa.net\/nossosriachos\/pos\/sala-de-aula\/topic\/aulas-gravadas\/#postid-270\">Aulas gravadas<\/a>&nbsp;&middot;&nbsp;<a href=\"http:\/\/nossacasa.net\/nossosriachos\/pos\/sala-de-aula\/topic\/aulas-gravadas\/#postid-270\">5 anos atr\u00e1s<\/a>&nbsp;&middot;&nbsp;<a class=\"profile-link highlight-default\" href=\"http:\/\/nossacasa.net\/nossosriachos\/pos\/sala-de-aula\/profile\/luisa-soares\/\">Luisa Soares<\/a><\/small><\/div><div class=\"forum-poster\"><div class=\"forum-poster-avatar\"><img alt='' src='https:\/\/secure.gravatar.com\/avatar\/b52e11a08ff8f21345ca6ee6def1c21f666402427ffde43a1243679dc5f643e5?s=40&#038;d=wavatar&#038;r=g' srcset='https:\/\/secure.gravatar.com\/avatar\/b52e11a08ff8f21345ca6ee6def1c21f666402427ffde43a1243679dc5f643e5?s=80&#038;d=wavatar&#038;r=g 2x' class='avatar avatar-40 photo' height='40' width='40' \/><\/div><div class=\"forum-poster-summary\"><a href=\"http:\/\/nossacasa.net\/nossosriachos\/pos\/sala-de-aula\/topic\/aulas-gravadas\/#postid-270\">Aulas gravadas<\/a><br><small><a href=\"http:\/\/nossacasa.net\/nossosriachos\/pos\/sala-de-aula\/topic\/aulas-gravadas\/#postid-270\">5 anos atr\u00e1s<\/a><span>&nbsp;&middot;&nbsp;<\/span><a class=\"profile-link highlight-default\" href=\"http:\/\/nossacasa.net\/nossosriachos\/pos\/sala-de-aula\/profile\/luisa-soares\/\">Luisa Soares<\/a><\/small><\/div><\/div><\/div><\/div><div id=\"read-unread\"><span class=\"indicator unread\"><\/span><span class=\"indicator-label\">Novos posts<\/span><span class=\"indicator read\"><\/span><span class=\"indicator-label\">Nada novo<\/span><span class=\"indicator-label\"><span class=\"fas fa-check\"><\/span><a href=\"http:\/\/nossacasa.net\/nossosriachos\/pos\/sala-de-aula\/markallread\/?_wpnonce=f774a08d8c\">Marcar todos como lidos<\/a><\/span><span class=\"indicator-label\"><span class=\"fas fa-history\"><\/span><a href=\"http:\/\/nossacasa.net\/nossosriachos\/pos\/sala-de-aula\/unread\/\">Mostrar t\u00f3picos n\u00e3o lidos<\/a><\/span><div class=\"clear\"><\/div><\/div><div id=\"statistics\"><div class=\"title-element title-element-dark\"><span class=\"title-element-icon fas fa-chart-pie\"><\/span>Estat\u00edsticas<\/div><div id=\"statistics-body\"><div id=\"statistics-elements\"><div class=\"statistics-element\"><div class=\"element-number\"><span class=\"statistics-element-icon far fa-comments\"><\/span>74<\/div><div class=\"element-name\">T\u00f3picos<\/div><\/div><div class=\"statistics-element\"><div class=\"element-number\"><span class=\"statistics-element-icon far fa-comment\"><\/span>452<\/div><div class=\"element-name\">Posts<\/div><\/div><div class=\"statistics-element\"><div class=\"element-number\"><span class=\"statistics-element-icon far fa-eye\"><\/span>5.695<\/div><div class=\"element-name\">Visualiza\u00e7\u00f5es<\/div><\/div><div class=\"statistics-element\"><div class=\"element-number\"><span class=\"statistics-element-icon far fa-user\"><\/span>53<\/div><div class=\"element-name\">Usu\u00e1rios<\/div><\/div><div class=\"statistics-element\"><div class=\"element-number\"><span class=\"statistics-element-icon far fa-lightbulb\"><\/span>0<\/div><div class=\"element-name\">Online<\/div><\/div><\/div><div id=\"statistics-online-users\"><span class=\"online-users-icon fas fa-user\"><\/span>Membro mais recente:&nbsp;<i><a class=\"profile-link highlight-default\" href=\"http:\/\/nossacasa.net\/nossosriachos\/pos\/sala-de-aula\/profile\/michele\/\">michele<\/a><\/i>&nbsp;&middot;&nbsp;<span class=\"online-users-icon fas fa-users\"><\/span><i>No momento ningu\u00e9m est\u00e1 online.<\/i><\/div><\/div><div class=\"clear\"><\/div><\/div><div id=\"bottom-navigation\"><\/div><div class=\"clear\"><\/div><\/div>\n","protected":false},"excerpt":{"rendered":"","protected":false},"author":1,"featured_media":107,"parent":0,"menu_order":0,"comment_status":"closed","ping_status":"closed","template":"template-page-builder.php","meta":{"footnotes":""},"class_list":["post-1298","page","type-page","status-publish","has-post-thumbnail","hentry"],"_links":{"self":[{"href":"http:\/\/nossacasa.net\/nossosriachos\/pos\/wp-json\/wp\/v2\/pages\/1298","targetHints":{"allow":["GET"]}}],"collection":[{"href":"http:\/\/nossacasa.net\/nossosriachos\/pos\/wp-json\/wp\/v2\/pages"}],"about":[{"href":"http:\/\/nossacasa.net\/nossosriachos\/pos\/wp-json\/wp\/v2\/types\/page"}],"author":[{"embeddable":true,"href":"http:\/\/nossacasa.net\/nossosriachos\/pos\/wp-json\/wp\/v2\/users\/1"}],"replies":[{"embeddable":true,"href":"http:\/\/nossacasa.net\/nossosriachos\/pos\/wp-json\/wp\/v2\/comments?post=1298"}],"version-history":[{"count":5,"href":"http:\/\/nossacasa.net\/nossosriachos\/pos\/wp-json\/wp\/v2\/pages\/1298\/revisions"}],"predecessor-version":[{"id":1306,"href":"http:\/\/nossacasa.net\/nossosriachos\/pos\/wp-json\/wp\/v2\/pages\/1298\/revisions\/1306"}],"wp:featuredmedia":[{"embeddable":true,"href":"http:\/\/nossacasa.net\/nossosriachos\/pos\/wp-json\/wp\/v2\/media\/107"}],"wp:attachment":[{"href":"http:\/\/nossacasa.net\/nossosriachos\/pos\/wp-json\/wp\/v2\/media?parent=1298"}],"curies":[{"name":"wp","href":"https:\/\/api.w.org\/{rel}","templated":true}]}}