{"id":1355,"date":"2020-10-02T20:30:07","date_gmt":"2020-10-02T23:30:07","guid":{"rendered":"http:\/\/nossacasa.net\/nossosriachos\/pos\/?page_id=1355"},"modified":"2020-10-04T15:03:46","modified_gmt":"2020-10-04T18:03:46","slug":"aula-2020-2","status":"publish","type":"page","link":"http:\/\/nossacasa.net\/nossosriachos\/pos\/aula-2020-2\/","title":{"rendered":"Aula 2020-2"},"content":{"rendered":"<div style=\"text-align: justify;\">\n<div style=\"text-align: center;\">\n<img loading=\"lazy\" decoding=\"async\" src=\"http:\/\/nossacasa.net\/nossosriachos\/pos\/wp-content\/uploads\/sites\/5\/2017\/09\/aula-300x219.jpg\" alt=\"\" width=\"300\" height=\"219\" class=\"alignleft size-medium wp-image-56\" srcset=\"http:\/\/nossacasa.net\/nossosriachos\/pos\/wp-content\/uploads\/sites\/5\/2017\/09\/aula-300x219.jpg 300w, http:\/\/nossacasa.net\/nossosriachos\/pos\/wp-content\/uploads\/sites\/5\/2017\/09\/aula-768x560.jpg 768w, http:\/\/nossacasa.net\/nossosriachos\/pos\/wp-content\/uploads\/sites\/5\/2017\/09\/aula-1024x747.jpg 1024w, http:\/\/nossacasa.net\/nossosriachos\/pos\/wp-content\/uploads\/sites\/5\/2017\/09\/aula-411x300.jpg 411w, http:\/\/nossacasa.net\/nossosriachos\/pos\/wp-content\/uploads\/sites\/5\/2017\/09\/aula.jpg 1600w\" sizes=\"auto, (max-width: 300px) 100vw, 300px\" \/><\/p>\n<hr>\n<hr>\n<hr>\n<p><strong>Biogeografia e Conserva\u00e7\u00e3o de Fauna Aqu\u00e1tica 2020-2<br \/>\nPROGRAMA\u00c7\u00c3O DAS AULAS<\/strong><\/p>\n<hr>\n<hr>\n<hr>\n<hr>\n<p>PROGRAMA DE P\u00d3S-GRADUA\u00c7\u00c3O EM CI\u00caNCIAS BIOL\u00d3GICAS- CENTRO DE CI\u00caNCIAS HUMANAS E NATURAIS<br \/>\nUNIVERSIDADE FEDERAL DO ESP\u00cdRITO SANTO<br \/>\nDISCIPLINA: Biogeografia e conserva\u00e7\u00e3o da fauna aqu\u00e1tica.<br \/>\nPBAN 9526 T\u00f3picos Especiais em Biologia Animal I<br \/>\nRESPONS\u00c1VEL: Luisa Maria Sarmento Soares\n<\/p><\/div>\n<hr>\n<hr>\n<h1>PROGRAMA\u00c7\u00c3O<\/h1>\n<h1><a href=\"#1\">Segunda-Feira 5\/10\/2020<\/a><\/h1>\n<h1><a href=\"#2\">Ter\u00e7a-Feira 6\/10\/2020 <\/a><\/h1>\n<h1><a href=\"#3\">Quarta-Feira 7\/10\/2020<\/a><\/h1>\n<h1><a href=\"#4\">Segunda-Feira 12\/10\/2020<\/a><\/h1>\n<h1><a href=\"#5\">Ter\u00e7a-Feira 13\/10\/2020<\/a><\/h1>\n<h1><a href=\"#6\">Quarta-Feira 14\/10\/2020 <\/a><\/h1>\n<h1><a href=\"#7\">Segunda-Feira 19\/10\/2020<\/a><\/h1>\n<h1><a href=\"#8\">Ter\u00e7a-Feira 20\/10\/2020 <\/a><\/h1>\n<h1><a href=\"#8\">Quarta-Feira 21\/10\/2020<\/a><\/h1>\n<h1><a href=\"#10\">Segunda-Feira 26\/10\/2020<\/a><\/h1>\n<h1><a href=\"#11\">Ter\u00e7a-Feira 27\/10\/2020<\/a><\/h1>\n<h1><a href=\"#12\">Quarta-Feira 28\/10\/2020 <\/a><\/h1>\n<hr>\n<hr>\n<p><strong>Carga hor\u00e1ria: 60 hs<br \/>\nCr\u00e9ditos: 4<\/p>\n<hr>\n<hr>\n<p>AVALIA\u00c7\u00c3O:<\/strong><\/p>\n<ul>\nA avalia\u00e7\u00e3o do desempenho dos alunos ser\u00e1 feita atrav\u00e9s dos seguintes instrumentos:<\/p>\n<li>Participa\u00e7\u00e3o na resolu\u00e7\u00e3o dos exerc\u00edcios.<\/li>\n<li>Interatividade nas aulas pr\u00e1ticas e leitura complementar.<\/li>\n<li>Reda\u00e7\u00e3o e interatividade em debate a partir de textos selecionados tem\u00e1ticos em biogeografia da conserva\u00e7\u00e3o.<\/li>\n<li>Presen\u00e7a e participa\u00e7\u00e3o di\u00e1ria nos per\u00edodos da tarde e da manh\u00e3 (atrav\u00e9s das reuni\u00f5es ao vivo e respostas aos t\u00f3pico da &#8220;Sala de Aula&#8221;. Presen\u00e7a e participa\u00e7\u00e3o em cada um dos semin\u00e1rios e debates.<\/li>\n<\/ul>\n<hr>\n<hr>\n<p><strong>CRONOGRAMA DE EXECU\u00c7\u00c3O DA DISCIPLINA<\/strong><\/p>\n<hr>\n<h1 id=\"1\">Segunda-Feira<\/h1>\n<hr>\n<h1>1\u00ba. Dia &#8211; 5\/10\/2020<\/h1>\n<p><strong>Manh\u00e3<\/strong><br \/>\n<strong>Aula 1<\/strong>: A Biogeografia da conserva\u00e7\u00e3o e os desafios diante da expans\u00e3o agr\u00edcola \u2013 A necessidade de incluir a agricultura na biogeografia.<\/p>\n<p><strong>Temas para Semin\u00e1rio e debates<\/strong>:s\u00e3o oito temas selecionados, e os alunos est\u00e3o distribu\u00eddos por tema em ordem alfab\u00e9tica. Debates acontecem na quinta e sexta \u00e0 tarde.<\/p>\n<p><strong>Formato de apresenta\u00e7\u00e3o:<\/strong> Cada grupo deve oferecer aos colegas uma s\u00edntese do tema trabalhado (avaliativo).<br \/>\n<strong>Material suplementar (visual)<\/strong>: trechos dos artigos lidos; sele\u00e7\u00e3o de trechos de v\u00eddeos\/imagens sobre o assunto. Meia hora para expor o tema e dirigir quest\u00f5es aos colegas para debate (meia hora de debates).<\/p>\n<p><strong>Tarde<\/strong><br \/>\n<strong>Leitura complementar 1<\/strong>: <a href=\"http:\/\/www.nossacasa.net\/nossosriachos\/doc\/2019_Por que biodiversidade \u00e9 importante_ _ Quest\u00e3o de Ci\u00eancia.pdf\" target=\"_blank\" rel=\"noopener noreferrer\">Porque a biodiversidade \u00e9 importante<\/a>.<\/p>\n<p><strong>Exerc\u00edcio 1<\/strong>: Interpreta\u00e7\u00f5es globais de padr\u00f5es de distribui\u00e7\u00e3o e endemismo (exerc\u00edcio com mapas).<\/p>\n<p><strong>Texto de refer\u00eancia para o exerc\u00edcio 1<\/strong>: <a href=\"http:\/\/www.nossacasa.net\/nossosriachos\/posgraduacao\/doc\/2011_dasilva-endemismo.pdf\" target=\"_blank\" rel=\"noopener noreferrer\">\u00c1reas de endemismo: as esp\u00e9cies vivem em qualquer lugar, onde podem ou onde historicamente evolu\u00edram?<\/a><\/p>\n<p><strong>Material para o Exerc\u00edcio 1<\/strong>:<a href=\"http:\/\/nossacasa.net\/nossosriachos\/pos\/wp-content\/uploads\/sites\/5\/2019\/08\/Exerc\u00edcio-1_endemismo-e-interpretacao-de-padroes.pdf\" target=\"_blank\" rel=\"noopener noreferrer\">Interpreta\u00e7\u00f5es globais de padr\u00f5es de distribui\u00e7\u00e3o e endemismo<\/a><\/p>\n<hr>\n<h1 id=\"2\">Ter\u00e7a-Feira<\/h1>\n<hr>\n<h1>2\u00ba. Dia- 6\/10\/2020<\/h1>\n<p><strong>Manh\u00e3<\/strong><br \/>\n<strong>Aulas 2:<\/strong> Regi\u00f5es zoogeogr\u00e1ficas &#8211; exemplos da fauna aqu\u00e1tica &#8211; Regi\u00e3o Neotropical e forma\u00e7\u00e3o das bacias continentais na Am\u00e9rica Sul.<br \/>\n<strong>Aulas 3:<\/strong> Bacias austrais, Atl\u00e2ntico Sul, Uruguai, Atl\u00e2ntico Sudeste.<\/p>\n<p><strong>Tarde<\/strong><br \/>\n<strong>Leitura complementar 2<\/strong>: <a href=\"http:\/\/www.nossacasa.net\/nossosriachos\/posgraduacao\/doc\/2011_zanella-diagonal-seca.pdf\" target=\"_blank\" rel=\"noopener noreferrer\">Evolu\u00e7\u00e3o da Biota da Diagonal de Forma\u00e7\u00f5es Abertas Secas da Am\u00e9rica do Sul<\/a>. <\/p>\n<p><strong>Exerc\u00edcio 2<\/strong>: Panbiogeografia e conserva\u00e7\u00e3o (exerc\u00edcio com mapas e texto). <\/p>\n<p><strong>Texto de refer\u00eancia para o exerc\u00edcio 2<\/strong>: <a href=\"http:\/\/www.nossacasa.net\/nossosriachos\/posgraduacao\/doc\/2010_goldani-panbiogeografia-cap-3.pdf\" target=\"_blank\" rel=\"noopener noreferrer\">Pan Biogeografia<\/a>.<\/p>\n<p><strong>Material para o Exerc\u00edcio 2<\/strong>:<a href=\"http:\/\/nossacasa.net\/nossosriachos\/pos\/wp-content\/uploads\/sites\/5\/2019\/08\/Exerc\u00edcio-2_Panbiogeografia-e-conserva\u00e7\u00e3o.pdf\" target=\"_blank\" rel=\"noopener noreferrer\">Panbiogeografia e conserva\u00e7\u00e3o<\/a><\/p>\n<hr>\n<h1 id=\"3\">Quarta-Feira<\/h1>\n<hr>\n<h1>3\u00ba. Dia- 7\/10\/2020<\/h1>\n<p><strong>Manh\u00e3<\/strong><br \/>\n<strong>Aula 4:<\/strong> Orogenia do Atl\u00e2ntico e Bacia do S\u00e3o Francisco.<br \/>\n<strong>Aula 5:<\/strong> Bacias do Atl\u00e2ntico Leste e Atl\u00e2ntico Nordeste.<\/p>\n<p><strong>Tarde<\/strong><br \/>\nDivis\u00e3o da turma em dois grupos: Grupo 1 faz pr\u00e1tica com chaves de identifica\u00e7\u00e3o dispon\u00edveis on line e outro grupo faz a leitura complementar.  Em seguida grupo 2 faz pr\u00e1tica com chaves de identifica\u00e7\u00e3o dispon\u00edveis on line e grupo 1 faz a leitura complementar. Ao final, fechamento da leitura e questionamentos.<\/p>\n<p><strong>Pr\u00e1tica 1<\/strong>: Identifica\u00e7\u00e3o de peixes continentais por ecorregi\u00e3o.<br \/>\n<strong>Pr\u00e1tica 2<\/strong>: Identifica\u00e7\u00e3o das linhagens derivadas marinhas (LDM) com incurs\u00e3o em \u00e1gua doce.<\/p>\n<p><strong>Leitura complementar 3<\/strong>: <a href=\"http:\/\/www.nossacasa.net\/nossosriachos\/posgraduacao\/doc\/2011_lima_caires-peixes-da-estacao-ecologica-serra-geral-do-tocantins.pdf\" target=\"_blank\" rel=\"noopener noreferrer\">Peixes da Esta\u00e7\u00e3o Ecol\u00f3gica Serra Geral do Tocantins<\/a><\/p>\n<hr>\n<h1 id=\"4\">Segunda-Feira<\/h1>\n<hr>\n<h1>4\u00ba. Dia &#8211; 12\/10\/2020<\/h1>\n<p><strong>Aula 6:<\/strong> Orogenia andina e Amazona<br \/>\n<strong>Aula 7:<\/strong> Bacia do Amazonas<br \/>\n<strong>Aula 8:<\/strong> Bacia do Tocantins\/Araguaia<\/p>\n<hr>\n<p><strong>Tarde<\/strong><br \/>\n<strong>Semin\u00e1rios e Debates<\/strong><\/p>\n<ol>\n<li>Os conflitos da conserva\u00e7\u00e3o.<\/li>\n<li>Planejamento sistem\u00e1tico.<\/li>\n<li>Agricultura como amea\u00e7a a biodiversidade.<\/li>\n<li>Produ\u00e7\u00e3o de alimento e conserva\u00e7\u00e3o.<\/li>\n<\/ol>\n<hr>\n<h1 id=\"5\">Ter\u00e7a-Feira<\/h1>\n<hr>\n<h1>5\u00ba. Dia- 13\/10\/2020<\/h1>\n<p><strong>Manh\u00e3<\/strong><br \/>\n<strong>Aula 9:<\/strong> Escudo das Guianas e bacias trans-andinas<\/p>\n<p><strong>V\u00eddeo<\/strong>: Life in Syntropy <\/p>\n<hr>\n<p><strong>Tarde<\/strong><br \/>\n<strong>Semin\u00e1rios e Debates<\/strong><\/p>\n<ol>\n<li>Conserva\u00e7\u00e3o e desenvolvimento humano.<\/li>\n<li>Agrobiodiversidade.<\/li>\n<li>A agroecologia como estrat\u00e9gia de gest\u00e3o de Unidades de Conserva\u00e7\u00e3o.<\/li>\n<li>A Agroecologia e seus diferentes modo de produ\u00e7\u00e3o.<\/li>\n<\/ol>\n<hr>\n<h1 id=\"6\">Quarta-Feira<\/h1>\n<hr>\n<h1>6\u00ba. Dia- 14\/10\/2020<\/h1>\n<hr>\n<h1 id=\"7\">Segunda-Feira<\/h1>\n<hr>\n<h1>7\u00ba. Dia- 19\/10\/2020<\/h1>\n<hr>\n<h1 id=\"8\">Ter\u00e7a-Feira<\/h1>\n<hr>\n<h1>8\u00ba. Dia- 20\/10\/2020<\/h1>\n<hr>\n<h1 id=\"9\">Quarta-Feira<\/h1>\n<hr>\n<h1>9\u00ba. Dia- 20\/10\/2020<\/h1>\n<hr>\n<h1 id=\"10\">Segunda-Feira<\/h1>\n<hr>\n<h1>10\u00ba. Dia- 26\/10\/2020<\/h1>\n<hr>\n<h1 id=\"11\">Ter\u00e7a-Feira<\/h1>\n<hr>\n<h1>11\u00ba. Dia- 27\/10\/2020<\/h1>\n<hr>\n<h1 id=\"12\">Quarta-Feira<\/h1>\n<hr>\n<h1>12\u00ba. Dia- 28\/10\/2020<\/h1>\n<hr>\n<\/div>\n<h1><a href=\"#7\">Segunda-Feira 19\/10\/2020<\/a><\/h1>\n<h1><a href=\"#8\">Ter\u00e7a-Feira 20\/10\/2020 <\/a><\/h1>\n<h1><a href=\"#8\">Quarta-Feira 21\/10\/2020<\/a><\/h1>\n<h1><a href=\"#10\">Segunda-Feira 26\/10\/2020<\/a><\/h1>\n<h1><a href=\"#11\">Ter\u00e7a-Feira 27\/10\/2020<\/a><\/h1>\n<h1><a href=\"#12\">Quarta-Feira 28\/10\/2020 <\/a><\/h1>\n","protected":false},"excerpt":{"rendered":"<p>Biogeografia e Conserva\u00e7\u00e3o de Fauna Aqu\u00e1tica 2020-2 PROGRAMA\u00c7\u00c3O DAS AULAS PROGRAMA DE P\u00d3S-GRADUA\u00c7\u00c3O EM CI\u00caNCIAS BIOL\u00d3GICAS- CENTRO DE CI\u00caNCIAS HUMANAS E NATURAIS UNIVERSIDADE FEDERAL DO ESP\u00cdRITO SANTO DISCIPLINA: Biogeografia e conserva\u00e7\u00e3o da fauna aqu\u00e1tica. PBAN 9526 T\u00f3picos Especiais em Biologia &hellip; <a href=\"http:\/\/nossacasa.net\/nossosriachos\/pos\/aula-2020-2\/\">Continue lendo <span class=\"meta-nav\">&rarr;<\/span><\/a><\/p>\n","protected":false},"author":1,"featured_media":56,"parent":0,"menu_order":0,"comment_status":"closed","ping_status":"closed","template":"","meta":{"footnotes":""},"class_list":["post-1355","page","type-page","status-publish","has-post-thumbnail","hentry"],"_links":{"self":[{"href":"http:\/\/nossacasa.net\/nossosriachos\/pos\/wp-json\/wp\/v2\/pages\/1355","targetHints":{"allow":["GET"]}}],"collection":[{"href":"http:\/\/nossacasa.net\/nossosriachos\/pos\/wp-json\/wp\/v2\/pages"}],"about":[{"href":"http:\/\/nossacasa.net\/nossosriachos\/pos\/wp-json\/wp\/v2\/types\/page"}],"author":[{"embeddable":true,"href":"http:\/\/nossacasa.net\/nossosriachos\/pos\/wp-json\/wp\/v2\/users\/1"}],"replies":[{"embeddable":true,"href":"http:\/\/nossacasa.net\/nossosriachos\/pos\/wp-json\/wp\/v2\/comments?post=1355"}],"version-history":[{"count":5,"href":"http:\/\/nossacasa.net\/nossosriachos\/pos\/wp-json\/wp\/v2\/pages\/1355\/revisions"}],"predecessor-version":[{"id":1372,"href":"http:\/\/nossacasa.net\/nossosriachos\/pos\/wp-json\/wp\/v2\/pages\/1355\/revisions\/1372"}],"wp:featuredmedia":[{"embeddable":true,"href":"http:\/\/nossacasa.net\/nossosriachos\/pos\/wp-json\/wp\/v2\/media\/56"}],"wp:attachment":[{"href":"http:\/\/nossacasa.net\/nossosriachos\/pos\/wp-json\/wp\/v2\/media?parent=1355"}],"curies":[{"name":"wp","href":"https:\/\/api.w.org\/{rel}","templated":true}]}}