{"id":1358,"date":"2020-10-02T20:38:25","date_gmt":"2020-10-02T23:38:25","guid":{"rendered":"http:\/\/nossacasa.net\/nossosriachos\/pos\/?page_id=1358"},"modified":"2023-09-04T14:53:24","modified_gmt":"2023-09-04T17:53:24","slug":"alunos-2021-2","status":"publish","type":"page","link":"http:\/\/nossacasa.net\/nossosriachos\/pos\/alunos-2021-2\/","title":{"rendered":"Alunos 2021-2"},"content":{"rendered":"<div style=\"text-align: justify;\">\n<div style=\"text-align: center;\">\n<p><img loading=\"lazy\" decoding=\"async\" class=\"alignleft size-full wp-image-105\" src=\"http:\/\/nossacasa.net\/nossosriachos\/pos\/wp-content\/uploads\/sites\/5\/2017\/09\/alunos.jpg\" alt=\"\" width=\"200\" height=\"200\" srcset=\"http:\/\/nossacasa.net\/nossosriachos\/pos\/wp-content\/uploads\/sites\/5\/2017\/09\/alunos.jpg 200w, http:\/\/nossacasa.net\/nossosriachos\/pos\/wp-content\/uploads\/sites\/5\/2017\/09\/alunos-150x150.jpg 150w\" sizes=\"auto, (max-width: 200px) 100vw, 200px\" \/><\/p>\n<hr \/>\n<hr \/>\n<hr \/>\n<p><strong>Biogeografia e Conserva\u00e7\u00e3o de Fauna Aqu\u00e1tica 2021-2<br \/>\nALUNOS DA TURMA<\/strong><\/p>\n<hr \/>\n<hr \/>\n<hr \/>\n<p>PROGRAMA DE P\u00d3S-GRADUA\u00c7\u00c3O EM CI\u00caNCIAS BIOL\u00d3GICAS- CENTRO DE CI\u00caNCIAS HUMANAS E NATURAIS<br \/>\nUNIVERSIDADE FEDERAL DO ESP\u00cdRITO SANTO<br \/>\nDISCIPLINA: Biogeografia e conserva\u00e7\u00e3o da fauna aqu\u00e1tica.<br \/>\nPBAN 9526 T\u00f3picos Especiais em Biologia Animal I<br \/>\nRESPONS\u00c1VEL: Luisa Maria Sarmento Soares<\/p>\n<\/div>\n<hr \/>\n<h4><b>ALUNOS REGULARES<\/b><\/h4>\n<ol type=\"1\">\n<li><a href=\"mailto:1414juliana@gmail.com\"><b>Juliana Paula da Silva<\/b><\/a><\/li>\n<li><a href=\"mailto:danicumuru@gmail.com \"><b>Danieli Marino Nobre<\/b><\/a><\/li>\n<li><a href=\"mailto:deboranei@hotmail.com\"><b>Debora Cantarin Neiva<\/b><\/a><\/li>\n<\/ol>\n<\/div>\n","protected":false},"excerpt":{"rendered":"<p>Biogeografia e Conserva\u00e7\u00e3o de Fauna Aqu\u00e1tica 2021-2 ALUNOS DA TURMA PROGRAMA DE P\u00d3S-GRADUA\u00c7\u00c3O EM CI\u00caNCIAS BIOL\u00d3GICAS- CENTRO DE CI\u00caNCIAS HUMANAS E NATURAIS UNIVERSIDADE FEDERAL DO ESP\u00cdRITO SANTO DISCIPLINA: Biogeografia e conserva\u00e7\u00e3o da fauna aqu\u00e1tica. PBAN 9526 T\u00f3picos Especiais em Biologia &hellip; <a href=\"http:\/\/nossacasa.net\/nossosriachos\/pos\/alunos-2021-2\/\">Continue lendo <span class=\"meta-nav\">&rarr;<\/span><\/a><\/p>\n","protected":false},"author":1,"featured_media":105,"parent":0,"menu_order":0,"comment_status":"closed","ping_status":"closed","template":"","meta":{"footnotes":""},"class_list":["post-1358","page","type-page","status-publish","has-post-thumbnail","hentry"],"_links":{"self":[{"href":"http:\/\/nossacasa.net\/nossosriachos\/pos\/wp-json\/wp\/v2\/pages\/1358","targetHints":{"allow":["GET"]}}],"collection":[{"href":"http:\/\/nossacasa.net\/nossosriachos\/pos\/wp-json\/wp\/v2\/pages"}],"about":[{"href":"http:\/\/nossacasa.net\/nossosriachos\/pos\/wp-json\/wp\/v2\/types\/page"}],"author":[{"embeddable":true,"href":"http:\/\/nossacasa.net\/nossosriachos\/pos\/wp-json\/wp\/v2\/users\/1"}],"replies":[{"embeddable":true,"href":"http:\/\/nossacasa.net\/nossosriachos\/pos\/wp-json\/wp\/v2\/comments?post=1358"}],"version-history":[{"count":6,"href":"http:\/\/nossacasa.net\/nossosriachos\/pos\/wp-json\/wp\/v2\/pages\/1358\/revisions"}],"predecessor-version":[{"id":1547,"href":"http:\/\/nossacasa.net\/nossosriachos\/pos\/wp-json\/wp\/v2\/pages\/1358\/revisions\/1547"}],"wp:featuredmedia":[{"embeddable":true,"href":"http:\/\/nossacasa.net\/nossosriachos\/pos\/wp-json\/wp\/v2\/media\/105"}],"wp:attachment":[{"href":"http:\/\/nossacasa.net\/nossosriachos\/pos\/wp-json\/wp\/v2\/media?parent=1358"}],"curies":[{"name":"wp","href":"https:\/\/api.w.org\/{rel}","templated":true}]}}