{"id":1365,"date":"2020-10-02T20:44:26","date_gmt":"2020-10-02T23:44:26","guid":{"rendered":"http:\/\/nossacasa.net\/nossosriachos\/pos\/?page_id=1365"},"modified":"2020-11-02T09:04:31","modified_gmt":"2020-11-02T12:04:31","slug":"fotos-2020-2","status":"publish","type":"page","link":"http:\/\/nossacasa.net\/nossosriachos\/pos\/fotos-2020-2\/","title":{"rendered":"Fotos 2020-2"},"content":{"rendered":"<p><img loading=\"lazy\" decoding=\"async\" src=\"http:\/\/nossacasa.net\/nossosriachos\/pos\/wp-content\/uploads\/sites\/5\/2017\/09\/foto-150x150.jpg\" alt=\"\" width=\"150\" height=\"150\" class=\"alignleft size-thumbnail wp-image-204\" srcset=\"http:\/\/nossacasa.net\/nossosriachos\/pos\/wp-content\/uploads\/sites\/5\/2017\/09\/foto-150x150.jpg 150w, http:\/\/nossacasa.net\/nossosriachos\/pos\/wp-content\/uploads\/sites\/5\/2017\/09\/foto.jpg 200w\" sizes=\"auto, (max-width: 150px) 100vw, 150px\" \/><\/p>\n<hr>\n<hr>\n<hr>\n<hr>\n<hr>\n<hr>\n<hr>\n<hr>\n<p><strong>BIOGEOGRAFIA:<br \/>\nBiogeografia e Conserva\u00e7\u00e3o de Fauna Aqu\u00e1tica (PPGBAN 2020-2<\/strong>)<\/p>\n<div style=\"text-align: justify;\">\n<hr \/>\n<p><strong>DIA 13 DE OUTUBRO DE 2020<\/strong><\/p>\n<hr \/>\n<p><img loading=\"lazy\" decoding=\"async\" src=\"http:\/\/nossacasa.net\/nossosriachos\/pos\/wp-content\/uploads\/sites\/5\/2020\/10\/Dia_13-2020-10-13-16.08.14.png\" alt=\"\" width=\"1366\" height=\"768\" class=\"aligncenter size-full wp-image-1396\" srcset=\"http:\/\/nossacasa.net\/nossosriachos\/pos\/wp-content\/uploads\/sites\/5\/2020\/10\/Dia_13-2020-10-13-16.08.14.png 1366w, http:\/\/nossacasa.net\/nossosriachos\/pos\/wp-content\/uploads\/sites\/5\/2020\/10\/Dia_13-2020-10-13-16.08.14-300x169.png 300w, http:\/\/nossacasa.net\/nossosriachos\/pos\/wp-content\/uploads\/sites\/5\/2020\/10\/Dia_13-2020-10-13-16.08.14-1024x576.png 1024w, http:\/\/nossacasa.net\/nossosriachos\/pos\/wp-content\/uploads\/sites\/5\/2020\/10\/Dia_13-2020-10-13-16.08.14-768x432.png 768w, http:\/\/nossacasa.net\/nossosriachos\/pos\/wp-content\/uploads\/sites\/5\/2020\/10\/Dia_13-2020-10-13-16.08.14-500x281.png 500w\" sizes=\"auto, (max-width: 1366px) 100vw, 1366px\" \/><\/p>\n<p><img loading=\"lazy\" decoding=\"async\" src=\"http:\/\/nossacasa.net\/nossosriachos\/pos\/wp-content\/uploads\/sites\/5\/2020\/10\/Dia_13-2020-10-13-16.20.49.png\" alt=\"\" width=\"1366\" height=\"768\" class=\"aligncenter size-full wp-image-1398\" srcset=\"http:\/\/nossacasa.net\/nossosriachos\/pos\/wp-content\/uploads\/sites\/5\/2020\/10\/Dia_13-2020-10-13-16.20.49.png 1366w, http:\/\/nossacasa.net\/nossosriachos\/pos\/wp-content\/uploads\/sites\/5\/2020\/10\/Dia_13-2020-10-13-16.20.49-300x169.png 300w, http:\/\/nossacasa.net\/nossosriachos\/pos\/wp-content\/uploads\/sites\/5\/2020\/10\/Dia_13-2020-10-13-16.20.49-1024x576.png 1024w, http:\/\/nossacasa.net\/nossosriachos\/pos\/wp-content\/uploads\/sites\/5\/2020\/10\/Dia_13-2020-10-13-16.20.49-768x432.png 768w, http:\/\/nossacasa.net\/nossosriachos\/pos\/wp-content\/uploads\/sites\/5\/2020\/10\/Dia_13-2020-10-13-16.20.49-500x281.png 500w\" sizes=\"auto, (max-width: 1366px) 100vw, 1366px\" \/><\/p>\n<p><img loading=\"lazy\" decoding=\"async\" src=\"http:\/\/nossacasa.net\/nossosriachos\/pos\/wp-content\/uploads\/sites\/5\/2020\/10\/Dia_13-2020-10-13-17.56.41.png\" alt=\"\" width=\"1366\" height=\"768\" class=\"aligncenter size-full wp-image-1399\" srcset=\"http:\/\/nossacasa.net\/nossosriachos\/pos\/wp-content\/uploads\/sites\/5\/2020\/10\/Dia_13-2020-10-13-17.56.41.png 1366w, http:\/\/nossacasa.net\/nossosriachos\/pos\/wp-content\/uploads\/sites\/5\/2020\/10\/Dia_13-2020-10-13-17.56.41-300x169.png 300w, http:\/\/nossacasa.net\/nossosriachos\/pos\/wp-content\/uploads\/sites\/5\/2020\/10\/Dia_13-2020-10-13-17.56.41-1024x576.png 1024w, http:\/\/nossacasa.net\/nossosriachos\/pos\/wp-content\/uploads\/sites\/5\/2020\/10\/Dia_13-2020-10-13-17.56.41-768x432.png 768w, http:\/\/nossacasa.net\/nossosriachos\/pos\/wp-content\/uploads\/sites\/5\/2020\/10\/Dia_13-2020-10-13-17.56.41-500x281.png 500w\" sizes=\"auto, (max-width: 1366px) 100vw, 1366px\" \/><\/p>\n<hr \/>\n<p><strong>DIA 14 DE OUTUBRO DE 2020<\/strong><\/p>\n<hr \/>\n<p><img loading=\"lazy\" decoding=\"async\" src=\"http:\/\/nossacasa.net\/nossosriachos\/pos\/wp-content\/uploads\/sites\/5\/2020\/10\/Dia_14-2020-10-14-18.01.17.png\" alt=\"\" width=\"1366\" height=\"768\" class=\"aligncenter size-full wp-image-1401\" srcset=\"http:\/\/nossacasa.net\/nossosriachos\/pos\/wp-content\/uploads\/sites\/5\/2020\/10\/Dia_14-2020-10-14-18.01.17.png 1366w, http:\/\/nossacasa.net\/nossosriachos\/pos\/wp-content\/uploads\/sites\/5\/2020\/10\/Dia_14-2020-10-14-18.01.17-300x169.png 300w, http:\/\/nossacasa.net\/nossosriachos\/pos\/wp-content\/uploads\/sites\/5\/2020\/10\/Dia_14-2020-10-14-18.01.17-1024x576.png 1024w, http:\/\/nossacasa.net\/nossosriachos\/pos\/wp-content\/uploads\/sites\/5\/2020\/10\/Dia_14-2020-10-14-18.01.17-768x432.png 768w, http:\/\/nossacasa.net\/nossosriachos\/pos\/wp-content\/uploads\/sites\/5\/2020\/10\/Dia_14-2020-10-14-18.01.17-500x281.png 500w\" sizes=\"auto, (max-width: 1366px) 100vw, 1366px\" \/><\/p>\n<hr \/>\n<p><strong>DIA 19 DE OUTUBRO DE 2020<\/strong><\/p>\n<hr \/>\n<p><img loading=\"lazy\" decoding=\"async\" src=\"http:\/\/nossacasa.net\/nossosriachos\/pos\/wp-content\/uploads\/sites\/5\/2020\/11\/Captura-de-tela-2020-10-19-11.38.39.png\" alt=\"\" width=\"1366\" height=\"768\" class=\"aligncenter size-full wp-image-1405\" srcset=\"http:\/\/nossacasa.net\/nossosriachos\/pos\/wp-content\/uploads\/sites\/5\/2020\/11\/Captura-de-tela-2020-10-19-11.38.39.png 1366w, http:\/\/nossacasa.net\/nossosriachos\/pos\/wp-content\/uploads\/sites\/5\/2020\/11\/Captura-de-tela-2020-10-19-11.38.39-300x169.png 300w, http:\/\/nossacasa.net\/nossosriachos\/pos\/wp-content\/uploads\/sites\/5\/2020\/11\/Captura-de-tela-2020-10-19-11.38.39-1024x576.png 1024w, http:\/\/nossacasa.net\/nossosriachos\/pos\/wp-content\/uploads\/sites\/5\/2020\/11\/Captura-de-tela-2020-10-19-11.38.39-768x432.png 768w, http:\/\/nossacasa.net\/nossosriachos\/pos\/wp-content\/uploads\/sites\/5\/2020\/11\/Captura-de-tela-2020-10-19-11.38.39-500x281.png 500w\" sizes=\"auto, (max-width: 1366px) 100vw, 1366px\" \/><\/p>\n<hr \/>\n<p><strong>DIA 21 DE OUTUBRO DE 2020<\/strong><\/p>\n<hr \/>\n<p><img loading=\"lazy\" decoding=\"async\" src=\"http:\/\/nossacasa.net\/nossosriachos\/pos\/wp-content\/uploads\/sites\/5\/2020\/11\/Captura-de-tela-2020-10-21-10.42.01.png\" alt=\"\" width=\"1366\" height=\"768\" class=\"aligncenter size-full wp-image-1406\" srcset=\"http:\/\/nossacasa.net\/nossosriachos\/pos\/wp-content\/uploads\/sites\/5\/2020\/11\/Captura-de-tela-2020-10-21-10.42.01.png 1366w, http:\/\/nossacasa.net\/nossosriachos\/pos\/wp-content\/uploads\/sites\/5\/2020\/11\/Captura-de-tela-2020-10-21-10.42.01-300x169.png 300w, http:\/\/nossacasa.net\/nossosriachos\/pos\/wp-content\/uploads\/sites\/5\/2020\/11\/Captura-de-tela-2020-10-21-10.42.01-1024x576.png 1024w, http:\/\/nossacasa.net\/nossosriachos\/pos\/wp-content\/uploads\/sites\/5\/2020\/11\/Captura-de-tela-2020-10-21-10.42.01-768x432.png 768w, http:\/\/nossacasa.net\/nossosriachos\/pos\/wp-content\/uploads\/sites\/5\/2020\/11\/Captura-de-tela-2020-10-21-10.42.01-500x281.png 500w\" sizes=\"auto, (max-width: 1366px) 100vw, 1366px\" \/><\/p>\n<hr \/>\n<p><img loading=\"lazy\" decoding=\"async\" src=\"http:\/\/nossacasa.net\/nossosriachos\/pos\/wp-content\/uploads\/sites\/5\/2020\/11\/Captura-de-tela-2020-10-21-10.50.48.png\" alt=\"\" width=\"1366\" height=\"768\" class=\"aligncenter size-full wp-image-1407\" srcset=\"http:\/\/nossacasa.net\/nossosriachos\/pos\/wp-content\/uploads\/sites\/5\/2020\/11\/Captura-de-tela-2020-10-21-10.50.48.png 1366w, http:\/\/nossacasa.net\/nossosriachos\/pos\/wp-content\/uploads\/sites\/5\/2020\/11\/Captura-de-tela-2020-10-21-10.50.48-300x169.png 300w, http:\/\/nossacasa.net\/nossosriachos\/pos\/wp-content\/uploads\/sites\/5\/2020\/11\/Captura-de-tela-2020-10-21-10.50.48-1024x576.png 1024w, http:\/\/nossacasa.net\/nossosriachos\/pos\/wp-content\/uploads\/sites\/5\/2020\/11\/Captura-de-tela-2020-10-21-10.50.48-768x432.png 768w, http:\/\/nossacasa.net\/nossosriachos\/pos\/wp-content\/uploads\/sites\/5\/2020\/11\/Captura-de-tela-2020-10-21-10.50.48-500x281.png 500w\" sizes=\"auto, (max-width: 1366px) 100vw, 1366px\" \/><\/p>\n<hr \/>\n<p><img loading=\"lazy\" decoding=\"async\" src=\"http:\/\/nossacasa.net\/nossosriachos\/pos\/wp-content\/uploads\/sites\/5\/2020\/11\/Captura-de-tela-2020-10-21-11.27.12.png\" alt=\"\" width=\"1366\" height=\"768\" class=\"aligncenter size-full wp-image-1408\" srcset=\"http:\/\/nossacasa.net\/nossosriachos\/pos\/wp-content\/uploads\/sites\/5\/2020\/11\/Captura-de-tela-2020-10-21-11.27.12.png 1366w, http:\/\/nossacasa.net\/nossosriachos\/pos\/wp-content\/uploads\/sites\/5\/2020\/11\/Captura-de-tela-2020-10-21-11.27.12-300x169.png 300w, http:\/\/nossacasa.net\/nossosriachos\/pos\/wp-content\/uploads\/sites\/5\/2020\/11\/Captura-de-tela-2020-10-21-11.27.12-1024x576.png 1024w, http:\/\/nossacasa.net\/nossosriachos\/pos\/wp-content\/uploads\/sites\/5\/2020\/11\/Captura-de-tela-2020-10-21-11.27.12-768x432.png 768w, http:\/\/nossacasa.net\/nossosriachos\/pos\/wp-content\/uploads\/sites\/5\/2020\/11\/Captura-de-tela-2020-10-21-11.27.12-500x281.png 500w\" sizes=\"auto, (max-width: 1366px) 100vw, 1366px\" \/><\/p>\n<hr \/>\n<p><strong>DIA 28 DE OUTUBRO DE 2020<\/strong><\/p>\n<hr \/>\n<p><img loading=\"lazy\" decoding=\"async\" src=\"http:\/\/nossacasa.net\/nossosriachos\/pos\/wp-content\/uploads\/sites\/5\/2020\/11\/Captura-de-tela-2020-10-28-11.50.58.png\" alt=\"\" width=\"1366\" height=\"768\" class=\"aligncenter size-full wp-image-1409\" srcset=\"http:\/\/nossacasa.net\/nossosriachos\/pos\/wp-content\/uploads\/sites\/5\/2020\/11\/Captura-de-tela-2020-10-28-11.50.58.png 1366w, http:\/\/nossacasa.net\/nossosriachos\/pos\/wp-content\/uploads\/sites\/5\/2020\/11\/Captura-de-tela-2020-10-28-11.50.58-300x169.png 300w, http:\/\/nossacasa.net\/nossosriachos\/pos\/wp-content\/uploads\/sites\/5\/2020\/11\/Captura-de-tela-2020-10-28-11.50.58-1024x576.png 1024w, http:\/\/nossacasa.net\/nossosriachos\/pos\/wp-content\/uploads\/sites\/5\/2020\/11\/Captura-de-tela-2020-10-28-11.50.58-768x432.png 768w, http:\/\/nossacasa.net\/nossosriachos\/pos\/wp-content\/uploads\/sites\/5\/2020\/11\/Captura-de-tela-2020-10-28-11.50.58-500x281.png 500w\" sizes=\"auto, (max-width: 1366px) 100vw, 1366px\" \/><\/p>\n<hr \/>\n<p><strong>DIA 29 DE OUTUBRO DE 2020<\/strong><\/p>\n<hr \/>\n<p><img loading=\"lazy\" decoding=\"async\" src=\"http:\/\/nossacasa.net\/nossosriachos\/pos\/wp-content\/uploads\/sites\/5\/2020\/11\/Captura-de-tela-2020-10-29-11.30.38.png\" alt=\"\" width=\"1366\" height=\"768\" class=\"aligncenter size-full wp-image-1410\" srcset=\"http:\/\/nossacasa.net\/nossosriachos\/pos\/wp-content\/uploads\/sites\/5\/2020\/11\/Captura-de-tela-2020-10-29-11.30.38.png 1366w, http:\/\/nossacasa.net\/nossosriachos\/pos\/wp-content\/uploads\/sites\/5\/2020\/11\/Captura-de-tela-2020-10-29-11.30.38-300x169.png 300w, http:\/\/nossacasa.net\/nossosriachos\/pos\/wp-content\/uploads\/sites\/5\/2020\/11\/Captura-de-tela-2020-10-29-11.30.38-1024x576.png 1024w, http:\/\/nossacasa.net\/nossosriachos\/pos\/wp-content\/uploads\/sites\/5\/2020\/11\/Captura-de-tela-2020-10-29-11.30.38-768x432.png 768w, http:\/\/nossacasa.net\/nossosriachos\/pos\/wp-content\/uploads\/sites\/5\/2020\/11\/Captura-de-tela-2020-10-29-11.30.38-500x281.png 500w\" sizes=\"auto, (max-width: 1366px) 100vw, 1366px\" \/><\/p>\n<hr \/>\n<p><strong>DIA 30 DE OUTUBRO DE 2020<\/strong><\/p>\n<hr \/>\n<p><img loading=\"lazy\" decoding=\"async\" src=\"http:\/\/nossacasa.net\/nossosriachos\/pos\/wp-content\/uploads\/sites\/5\/2020\/11\/Captura-de-tela-2020-10-30-11.10.48.png\" alt=\"\" width=\"1366\" height=\"768\" class=\"aligncenter size-full wp-image-1411\" srcset=\"http:\/\/nossacasa.net\/nossosriachos\/pos\/wp-content\/uploads\/sites\/5\/2020\/11\/Captura-de-tela-2020-10-30-11.10.48.png 1366w, http:\/\/nossacasa.net\/nossosriachos\/pos\/wp-content\/uploads\/sites\/5\/2020\/11\/Captura-de-tela-2020-10-30-11.10.48-300x169.png 300w, http:\/\/nossacasa.net\/nossosriachos\/pos\/wp-content\/uploads\/sites\/5\/2020\/11\/Captura-de-tela-2020-10-30-11.10.48-1024x576.png 1024w, http:\/\/nossacasa.net\/nossosriachos\/pos\/wp-content\/uploads\/sites\/5\/2020\/11\/Captura-de-tela-2020-10-30-11.10.48-768x432.png 768w, http:\/\/nossacasa.net\/nossosriachos\/pos\/wp-content\/uploads\/sites\/5\/2020\/11\/Captura-de-tela-2020-10-30-11.10.48-500x281.png 500w\" sizes=\"auto, (max-width: 1366px) 100vw, 1366px\" \/><\/p>\n<hr \/>\n<p><img loading=\"lazy\" decoding=\"async\" src=\"http:\/\/nossacasa.net\/nossosriachos\/pos\/wp-content\/uploads\/sites\/5\/2020\/11\/Captura-de-tela-2020-10-30-11.14.02.png\" alt=\"\" width=\"1366\" height=\"768\" class=\"aligncenter size-full wp-image-1412\" srcset=\"http:\/\/nossacasa.net\/nossosriachos\/pos\/wp-content\/uploads\/sites\/5\/2020\/11\/Captura-de-tela-2020-10-30-11.14.02.png 1366w, http:\/\/nossacasa.net\/nossosriachos\/pos\/wp-content\/uploads\/sites\/5\/2020\/11\/Captura-de-tela-2020-10-30-11.14.02-300x169.png 300w, http:\/\/nossacasa.net\/nossosriachos\/pos\/wp-content\/uploads\/sites\/5\/2020\/11\/Captura-de-tela-2020-10-30-11.14.02-1024x576.png 1024w, http:\/\/nossacasa.net\/nossosriachos\/pos\/wp-content\/uploads\/sites\/5\/2020\/11\/Captura-de-tela-2020-10-30-11.14.02-768x432.png 768w, http:\/\/nossacasa.net\/nossosriachos\/pos\/wp-content\/uploads\/sites\/5\/2020\/11\/Captura-de-tela-2020-10-30-11.14.02-500x281.png 500w\" sizes=\"auto, (max-width: 1366px) 100vw, 1366px\" \/><\/p>\n<hr \/>\n<p><img loading=\"lazy\" decoding=\"async\" src=\"http:\/\/nossacasa.net\/nossosriachos\/pos\/wp-content\/uploads\/sites\/5\/2020\/11\/Captura-de-tela-2020-10-30-11.19.04.png\" alt=\"\" width=\"1366\" height=\"768\" class=\"aligncenter size-full wp-image-1413\" srcset=\"http:\/\/nossacasa.net\/nossosriachos\/pos\/wp-content\/uploads\/sites\/5\/2020\/11\/Captura-de-tela-2020-10-30-11.19.04.png 1366w, http:\/\/nossacasa.net\/nossosriachos\/pos\/wp-content\/uploads\/sites\/5\/2020\/11\/Captura-de-tela-2020-10-30-11.19.04-300x169.png 300w, http:\/\/nossacasa.net\/nossosriachos\/pos\/wp-content\/uploads\/sites\/5\/2020\/11\/Captura-de-tela-2020-10-30-11.19.04-1024x576.png 1024w, http:\/\/nossacasa.net\/nossosriachos\/pos\/wp-content\/uploads\/sites\/5\/2020\/11\/Captura-de-tela-2020-10-30-11.19.04-768x432.png 768w, http:\/\/nossacasa.net\/nossosriachos\/pos\/wp-content\/uploads\/sites\/5\/2020\/11\/Captura-de-tela-2020-10-30-11.19.04-500x281.png 500w\" sizes=\"auto, (max-width: 1366px) 100vw, 1366px\" \/><\/p>\n<hr \/>\n<p><img loading=\"lazy\" decoding=\"async\" src=\"http:\/\/nossacasa.net\/nossosriachos\/pos\/wp-content\/uploads\/sites\/5\/2020\/11\/Captura-de-tela-2020-10-30-11.23.20.png\" alt=\"\" width=\"1366\" height=\"768\" class=\"aligncenter size-full wp-image-1414\" srcset=\"http:\/\/nossacasa.net\/nossosriachos\/pos\/wp-content\/uploads\/sites\/5\/2020\/11\/Captura-de-tela-2020-10-30-11.23.20.png 1366w, http:\/\/nossacasa.net\/nossosriachos\/pos\/wp-content\/uploads\/sites\/5\/2020\/11\/Captura-de-tela-2020-10-30-11.23.20-300x169.png 300w, http:\/\/nossacasa.net\/nossosriachos\/pos\/wp-content\/uploads\/sites\/5\/2020\/11\/Captura-de-tela-2020-10-30-11.23.20-1024x576.png 1024w, http:\/\/nossacasa.net\/nossosriachos\/pos\/wp-content\/uploads\/sites\/5\/2020\/11\/Captura-de-tela-2020-10-30-11.23.20-768x432.png 768w, http:\/\/nossacasa.net\/nossosriachos\/pos\/wp-content\/uploads\/sites\/5\/2020\/11\/Captura-de-tela-2020-10-30-11.23.20-500x281.png 500w\" sizes=\"auto, (max-width: 1366px) 100vw, 1366px\" \/><\/p>\n<hr \/>\n<p><img loading=\"lazy\" decoding=\"async\" src=\"http:\/\/nossacasa.net\/nossosriachos\/pos\/wp-content\/uploads\/sites\/5\/2020\/11\/Captura-de-tela-2020-10-30-11.23.28.png\" alt=\"\" width=\"1366\" height=\"768\" class=\"aligncenter size-full wp-image-1415\" srcset=\"http:\/\/nossacasa.net\/nossosriachos\/pos\/wp-content\/uploads\/sites\/5\/2020\/11\/Captura-de-tela-2020-10-30-11.23.28.png 1366w, http:\/\/nossacasa.net\/nossosriachos\/pos\/wp-content\/uploads\/sites\/5\/2020\/11\/Captura-de-tela-2020-10-30-11.23.28-300x169.png 300w, http:\/\/nossacasa.net\/nossosriachos\/pos\/wp-content\/uploads\/sites\/5\/2020\/11\/Captura-de-tela-2020-10-30-11.23.28-1024x576.png 1024w, http:\/\/nossacasa.net\/nossosriachos\/pos\/wp-content\/uploads\/sites\/5\/2020\/11\/Captura-de-tela-2020-10-30-11.23.28-768x432.png 768w, http:\/\/nossacasa.net\/nossosriachos\/pos\/wp-content\/uploads\/sites\/5\/2020\/11\/Captura-de-tela-2020-10-30-11.23.28-500x281.png 500w\" sizes=\"auto, (max-width: 1366px) 100vw, 1366px\" \/><\/p>\n<hr \/>\n<p><img loading=\"lazy\" decoding=\"async\" src=\"http:\/\/nossacasa.net\/nossosriachos\/pos\/wp-content\/uploads\/sites\/5\/2020\/11\/Captura-de-tela-2020-10-30-11.25.36.png\" alt=\"\" width=\"1366\" height=\"768\" class=\"aligncenter size-full wp-image-1416\" srcset=\"http:\/\/nossacasa.net\/nossosriachos\/pos\/wp-content\/uploads\/sites\/5\/2020\/11\/Captura-de-tela-2020-10-30-11.25.36.png 1366w, http:\/\/nossacasa.net\/nossosriachos\/pos\/wp-content\/uploads\/sites\/5\/2020\/11\/Captura-de-tela-2020-10-30-11.25.36-300x169.png 300w, http:\/\/nossacasa.net\/nossosriachos\/pos\/wp-content\/uploads\/sites\/5\/2020\/11\/Captura-de-tela-2020-10-30-11.25.36-1024x576.png 1024w, http:\/\/nossacasa.net\/nossosriachos\/pos\/wp-content\/uploads\/sites\/5\/2020\/11\/Captura-de-tela-2020-10-30-11.25.36-768x432.png 768w, http:\/\/nossacasa.net\/nossosriachos\/pos\/wp-content\/uploads\/sites\/5\/2020\/11\/Captura-de-tela-2020-10-30-11.25.36-500x281.png 500w\" sizes=\"auto, (max-width: 1366px) 100vw, 1366px\" \/><\/p>\n<hr \/>\n<p><img loading=\"lazy\" decoding=\"async\" src=\"http:\/\/nossacasa.net\/nossosriachos\/pos\/wp-content\/uploads\/sites\/5\/2020\/11\/Captura-de-tela-2020-10-30-16.19.00.png\" alt=\"\" width=\"1366\" height=\"768\" class=\"aligncenter size-full wp-image-1417\" srcset=\"http:\/\/nossacasa.net\/nossosriachos\/pos\/wp-content\/uploads\/sites\/5\/2020\/11\/Captura-de-tela-2020-10-30-16.19.00.png 1366w, http:\/\/nossacasa.net\/nossosriachos\/pos\/wp-content\/uploads\/sites\/5\/2020\/11\/Captura-de-tela-2020-10-30-16.19.00-300x169.png 300w, http:\/\/nossacasa.net\/nossosriachos\/pos\/wp-content\/uploads\/sites\/5\/2020\/11\/Captura-de-tela-2020-10-30-16.19.00-1024x576.png 1024w, http:\/\/nossacasa.net\/nossosriachos\/pos\/wp-content\/uploads\/sites\/5\/2020\/11\/Captura-de-tela-2020-10-30-16.19.00-768x432.png 768w, http:\/\/nossacasa.net\/nossosriachos\/pos\/wp-content\/uploads\/sites\/5\/2020\/11\/Captura-de-tela-2020-10-30-16.19.00-500x281.png 500w\" sizes=\"auto, (max-width: 1366px) 100vw, 1366px\" \/><\/p>\n<hr \/>\n<p><img loading=\"lazy\" decoding=\"async\" src=\"http:\/\/nossacasa.net\/nossosriachos\/pos\/wp-content\/uploads\/sites\/5\/2020\/11\/Captura-de-tela-2020-10-30-17.44.52.png\" alt=\"\" width=\"1366\" height=\"768\" class=\"aligncenter size-full wp-image-1418\" srcset=\"http:\/\/nossacasa.net\/nossosriachos\/pos\/wp-content\/uploads\/sites\/5\/2020\/11\/Captura-de-tela-2020-10-30-17.44.52.png 1366w, http:\/\/nossacasa.net\/nossosriachos\/pos\/wp-content\/uploads\/sites\/5\/2020\/11\/Captura-de-tela-2020-10-30-17.44.52-300x169.png 300w, http:\/\/nossacasa.net\/nossosriachos\/pos\/wp-content\/uploads\/sites\/5\/2020\/11\/Captura-de-tela-2020-10-30-17.44.52-1024x576.png 1024w, http:\/\/nossacasa.net\/nossosriachos\/pos\/wp-content\/uploads\/sites\/5\/2020\/11\/Captura-de-tela-2020-10-30-17.44.52-768x432.png 768w, http:\/\/nossacasa.net\/nossosriachos\/pos\/wp-content\/uploads\/sites\/5\/2020\/11\/Captura-de-tela-2020-10-30-17.44.52-500x281.png 500w\" sizes=\"auto, (max-width: 1366px) 100vw, 1366px\" \/><\/p>\n<hr \/>\n<p><img loading=\"lazy\" decoding=\"async\" src=\"http:\/\/nossacasa.net\/nossosriachos\/pos\/wp-content\/uploads\/sites\/5\/2020\/11\/Captura-de-tela-2020-10-30-18.26.27.png\" alt=\"\" width=\"1366\" height=\"768\" class=\"aligncenter size-full wp-image-1419\" srcset=\"http:\/\/nossacasa.net\/nossosriachos\/pos\/wp-content\/uploads\/sites\/5\/2020\/11\/Captura-de-tela-2020-10-30-18.26.27.png 1366w, http:\/\/nossacasa.net\/nossosriachos\/pos\/wp-content\/uploads\/sites\/5\/2020\/11\/Captura-de-tela-2020-10-30-18.26.27-300x169.png 300w, http:\/\/nossacasa.net\/nossosriachos\/pos\/wp-content\/uploads\/sites\/5\/2020\/11\/Captura-de-tela-2020-10-30-18.26.27-1024x576.png 1024w, http:\/\/nossacasa.net\/nossosriachos\/pos\/wp-content\/uploads\/sites\/5\/2020\/11\/Captura-de-tela-2020-10-30-18.26.27-768x432.png 768w, http:\/\/nossacasa.net\/nossosriachos\/pos\/wp-content\/uploads\/sites\/5\/2020\/11\/Captura-de-tela-2020-10-30-18.26.27-500x281.png 500w\" sizes=\"auto, (max-width: 1366px) 100vw, 1366px\" \/><\/p>\n<hr \/>\n<p><img loading=\"lazy\" decoding=\"async\" src=\"http:\/\/nossacasa.net\/nossosriachos\/pos\/wp-content\/uploads\/sites\/5\/2020\/11\/Captura-de-tela-2020-10-30-18.26.45.png\" alt=\"\" width=\"1366\" height=\"768\" class=\"aligncenter size-full wp-image-1420\" srcset=\"http:\/\/nossacasa.net\/nossosriachos\/pos\/wp-content\/uploads\/sites\/5\/2020\/11\/Captura-de-tela-2020-10-30-18.26.45.png 1366w, http:\/\/nossacasa.net\/nossosriachos\/pos\/wp-content\/uploads\/sites\/5\/2020\/11\/Captura-de-tela-2020-10-30-18.26.45-300x169.png 300w, http:\/\/nossacasa.net\/nossosriachos\/pos\/wp-content\/uploads\/sites\/5\/2020\/11\/Captura-de-tela-2020-10-30-18.26.45-1024x576.png 1024w, http:\/\/nossacasa.net\/nossosriachos\/pos\/wp-content\/uploads\/sites\/5\/2020\/11\/Captura-de-tela-2020-10-30-18.26.45-768x432.png 768w, http:\/\/nossacasa.net\/nossosriachos\/pos\/wp-content\/uploads\/sites\/5\/2020\/11\/Captura-de-tela-2020-10-30-18.26.45-500x281.png 500w\" sizes=\"auto, (max-width: 1366px) 100vw, 1366px\" \/><\/p>\n<hr \/>\n<\/div>\n","protected":false},"excerpt":{"rendered":"<p>BIOGEOGRAFIA: Biogeografia e Conserva\u00e7\u00e3o de Fauna Aqu\u00e1tica (PPGBAN 2020-2) DIA 13 DE OUTUBRO DE 2020 DIA 14 DE OUTUBRO DE 2020 DIA 19 DE OUTUBRO DE 2020 DIA 21 DE OUTUBRO DE 2020 DIA 28 DE OUTUBRO DE 2020 DIA &hellip; <a href=\"http:\/\/nossacasa.net\/nossosriachos\/pos\/fotos-2020-2\/\">Continue lendo <span class=\"meta-nav\">&rarr;<\/span><\/a><\/p>\n","protected":false},"author":1,"featured_media":204,"parent":0,"menu_order":0,"comment_status":"closed","ping_status":"closed","template":"","meta":{"footnotes":""},"class_list":["post-1365","page","type-page","status-publish","has-post-thumbnail","hentry"],"_links":{"self":[{"href":"http:\/\/nossacasa.net\/nossosriachos\/pos\/wp-json\/wp\/v2\/pages\/1365","targetHints":{"allow":["GET"]}}],"collection":[{"href":"http:\/\/nossacasa.net\/nossosriachos\/pos\/wp-json\/wp\/v2\/pages"}],"about":[{"href":"http:\/\/nossacasa.net\/nossosriachos\/pos\/wp-json\/wp\/v2\/types\/page"}],"author":[{"embeddable":true,"href":"http:\/\/nossacasa.net\/nossosriachos\/pos\/wp-json\/wp\/v2\/users\/1"}],"replies":[{"embeddable":true,"href":"http:\/\/nossacasa.net\/nossosriachos\/pos\/wp-json\/wp\/v2\/comments?post=1365"}],"version-history":[{"count":4,"href":"http:\/\/nossacasa.net\/nossosriachos\/pos\/wp-json\/wp\/v2\/pages\/1365\/revisions"}],"predecessor-version":[{"id":1421,"href":"http:\/\/nossacasa.net\/nossosriachos\/pos\/wp-json\/wp\/v2\/pages\/1365\/revisions\/1421"}],"wp:featuredmedia":[{"embeddable":true,"href":"http:\/\/nossacasa.net\/nossosriachos\/pos\/wp-json\/wp\/v2\/media\/204"}],"wp:attachment":[{"href":"http:\/\/nossacasa.net\/nossosriachos\/pos\/wp-json\/wp\/v2\/media?parent=1365"}],"curies":[{"name":"wp","href":"https:\/\/api.w.org\/{rel}","templated":true}]}}