{"id":1377,"date":"2020-10-04T18:25:40","date_gmt":"2020-10-04T21:25:40","guid":{"rendered":"http:\/\/nossacasa.net\/nossosriachos\/pos\/?page_id=1377"},"modified":"2020-11-02T08:07:22","modified_gmt":"2020-11-02T11:07:22","slug":"seminario-2020_2","status":"publish","type":"page","link":"http:\/\/nossacasa.net\/nossosriachos\/pos\/seminario-2020_2\/","title":{"rendered":"Semin\u00e1rio 2020_2"},"content":{"rendered":"<div style=\"text-align: justify;\">\n<div style=\"text-align: center;\">\n<img loading=\"lazy\" decoding=\"async\" src=\"http:\/\/nossacasa.net\/nossosriachos\/pos\/wp-content\/uploads\/sites\/5\/2017\/09\/seminario-.jpg\" alt=\"\" width=\"200\" height=\"200\" class=\"alignleft size-full wp-image-213\" srcset=\"http:\/\/nossacasa.net\/nossosriachos\/pos\/wp-content\/uploads\/sites\/5\/2017\/09\/seminario-.jpg 200w, http:\/\/nossacasa.net\/nossosriachos\/pos\/wp-content\/uploads\/sites\/5\/2017\/09\/seminario--150x150.jpg 150w\" sizes=\"auto, (max-width: 200px) 100vw, 200px\" \/><\/p>\n<hr>\n<hr>\n<hr>\n<hr>\n<p><strong>Biogeografia e Conserva\u00e7\u00e3o de Fauna Aqu\u00e1tica 2020-2<\/strong><\/p>\n<hr>\n<hr>\n<hr>\n<p>PROGRAMA DE P\u00d3S-GRADUA\u00c7\u00c3O EM CI\u00caNCIAS BIOL\u00d3GICAS- CENTRO DE CI\u00caNCIAS HUMANAS E NATURAIS<br \/>\nUNIVERSIDADE FEDERAL DO ESP\u00cdRITO SANTO<br \/>\nDISCIPLINA: Biogeografia e conserva\u00e7\u00e3o da fauna aqu\u00e1tica.<br \/>\nPBAN 9526 T\u00f3picos Especiais em Biologia Animal I<br \/>\nRESPONS\u00c1VEL: Luisa Maria Sarmento Soares.\n<\/p><\/div>\n<hr>\n<h1>SEMIN\u00c1RIO E DEBATES<\/h1>\n<p>Vamos nos dividir em tr\u00eas grupos e repensar novos rumos para conservar a biodiversidade na p\u00f3s pandemia.<\/p>\n<p> <strong>Grupo 1 &#8211; Ambientalistas<\/strong>: Amea\u00e7a por extin\u00e7\u00e3o em massa por perda da biodiversidade<\/p>\n<p>Objetivos:  Como aliar conserva\u00e7\u00e3o e desenvolvimento humano? Necessidade de consenso entre diversidade, clima, conserva\u00e7\u00e3o e servi\u00e7os ecossist\u00eamicos.<\/p>\n<p>Texto 1 &#8211; <a href=\"http:\/\/www.nossacasa.net\/nossosriachos\/posgraduacao\/doc\/2019_Dinerstein et al-A Global deal for nature-Tema1.pdf\" rel=\"noopener noreferrer\" target=\"_blank\">A Global deal for nature<\/a><\/p>\n<p>Texto 2 &#8211; <a href=\"http:\/\/www.nossacasa.net\/nossosriachos\/posgraduacao\/doc\/2018_WWF_Biodiversidade e mudan\u00e7as clim\u00e1ticas no Brasil-Tema2.pdf\" rel=\"noopener noreferrer\" target=\"_blank\">Biodiversidade e mudan\u00e7as clim\u00e1ticas no Brasil: levantamento e sistematiza\u00e7\u00e3o de refer\u00eancias<\/a>. Cap. 4- mudan\u00e7as na distribui\u00e7\u00e3o geogr\u00e1fica e 5. probabilidade de extin\u00e7\u00e3o<\/p>\n<p>Nas \u00faltimas d\u00e9cadas ONGs internacionais t\u00eam estabelecido prioridades de conserva\u00e7\u00e3o. Nove planos diferentes de prioriza\u00e7\u00e3o global: 1) Hotspots de Biodiversidade, 2) Ecorregi\u00f5es em Crise, 3) \u00c1reas End\u00eamicas de Aves, 4) Centros de Diversidade Vegetal, 5) Pa\u00edses com Megadiversidade, 6) as 200 Ecorregi\u00f5es Globais (estimadas pelo WWF), 7) \u00c1reas Selvagens de Alta Biodiversidade, 8) Florestas de Fronteira e 9) \u201cLast of the Wild\u201d (\u00faltimas \u00e1reas selvagens).<\/p>\n<p><strong>Alunos<\/strong>:  Dinal\u00e9ia, Laisla e Rafael Lima<\/p>\n<p><a href=\"http:\/\/nossacasa.net\/apresentacao\/seminario_2020_1.pptx\">APRESENTA\u00c7\u00c3O<\/a><\/p>\n<hr \/>\n<p><strong>Grupo 2- Agricultores<\/strong>: A agricultura como amea\u00e7a a biodiversidade<\/p>\n<p>Assunto norteador para o debate: As pr\u00e1ticas agr\u00edcolas atuais e o sistema de prote\u00e7\u00e3o da biodiversidade neste s\u00e9culo &#8211;<\/p>\n<p>Objetivos:  Como repensar a agricultura?<\/p>\n<p>O Brasil certamente tem todos os elementos para alimentar o mundo com um setor agr\u00edcola respons\u00e1vel que combate as mudan\u00e7as clim\u00e1ticas e protege algumas das regi\u00f5es mais biodiversas do planeta.<\/p>\n<p>Texto 3 &#8211; <a href=\"http:\/\/www.nossacasa.net\/nossosriachos\/posgraduacao\/doc\/2015_Nodari_Guerra-A-agroecologia-estrat\u00e9gias-de-pesquisa-e-valores-Tema3.pdf\" rel=\"noopener noreferrer\" target=\"_blank\">Solu\u00e7\u00f5es para um planeta cultivado<\/a> (Solutions for a Cultivated Planet)<\/p>\n<p>Texto 4 &#8211; <a href=\"http:\/\/www.nossacasa.net\/nossosriachos\/posgraduacao\/doc\/2020_As ma\u00e7\u00e3s podres do agroneg\u00f3cio-Tema4.pdf\" rel=\"noopener noreferrer\" target=\"_blank\">As ma\u00e7\u00e3s podres do agroneg\u00f3cio brasileiro<\/a>  (The rotten apples of Brazil\u2019s agribusiness)<\/p>\n<p><strong>Alunos<\/strong>: Raysa e Thais Silva<\/p>\n<p><a href=\"http:\/\/nossacasa.net\/apresentacao\/seminario_2020_2.pptx\">APRESENTA\u00c7\u00c3O<\/a><\/p>\n<hr \/>\n<p><strong>Grupo 3 &#8211; Pesquisa e desenvolvimento cient\u00edfico <\/strong>: <\/p>\n<p>Texto 5 &#8211; <a href=\"http:\/\/www.nossacasa.net\/nossosriachos\/posgraduacao\/doc\/2020_Albert Tagliacolo Dagosta - Evolution Neotropical Freshwater Fishes-Tema5.pdf\" rel=\"noopener noreferrer\" target=\"_blank\">Diversification of neotropical freshwater fish<\/a><br \/>\nAs amea\u00e7as a biodiversidade aqu\u00e1tica no antropoceno a luz da biogeografia<\/p>\n<p>Texto 6 &#8211; <a href=\"http:\/\/www.nossacasa.net\/nossosriachos\/posgraduacao\/doc\/2020_Dagosta Amaz\u00f4nia-Tema6.pdf\" rel=\"noopener noreferrer\" target=\"_blank\">Existing protected areas provide a poor safety-net for threatened Amazonian fish species<\/a><br \/>\nA maioria das \u00e1reas protegidas na Amaz\u00f4nia em um \u00fanico tipo de ambiente- as terras baixas. Tais \u00e1reas s\u00e3o insuficientes para proteger as esp\u00e9cies end\u00eamicas e amea\u00e7adas que em sua maioria ocorrem nas terras altas. Indicadas \u00e1reas priorit\u00e1rias a conserva\u00e7\u00e3o dos peixes amaz\u00f4nicos por ambiente.<\/p>\n<p><strong>Alunos<\/strong>: Felipe e Thais Araujo<\/p>\n<p><a href=\"http:\/\/nossacasa.net\/apresentacao\/seminario_2020_3.pptx\">APRESENTA\u00c7\u00c3O<\/a><\/p>\n<hr \/>\n<\/div>\n","protected":false},"excerpt":{"rendered":"<p>Biogeografia e Conserva\u00e7\u00e3o de Fauna Aqu\u00e1tica 2020-2 PROGRAMA DE P\u00d3S-GRADUA\u00c7\u00c3O EM CI\u00caNCIAS BIOL\u00d3GICAS- CENTRO DE CI\u00caNCIAS HUMANAS E NATURAIS UNIVERSIDADE FEDERAL DO ESP\u00cdRITO SANTO DISCIPLINA: Biogeografia e conserva\u00e7\u00e3o da fauna aqu\u00e1tica. PBAN 9526 T\u00f3picos Especiais em Biologia Animal I RESPONS\u00c1VEL: &hellip; <a href=\"http:\/\/nossacasa.net\/nossosriachos\/pos\/seminario-2020_2\/\">Continue lendo <span class=\"meta-nav\">&rarr;<\/span><\/a><\/p>\n","protected":false},"author":1,"featured_media":0,"parent":0,"menu_order":0,"comment_status":"closed","ping_status":"closed","template":"","meta":{"footnotes":""},"class_list":["post-1377","page","type-page","status-publish","hentry"],"_links":{"self":[{"href":"http:\/\/nossacasa.net\/nossosriachos\/pos\/wp-json\/wp\/v2\/pages\/1377","targetHints":{"allow":["GET"]}}],"collection":[{"href":"http:\/\/nossacasa.net\/nossosriachos\/pos\/wp-json\/wp\/v2\/pages"}],"about":[{"href":"http:\/\/nossacasa.net\/nossosriachos\/pos\/wp-json\/wp\/v2\/types\/page"}],"author":[{"embeddable":true,"href":"http:\/\/nossacasa.net\/nossosriachos\/pos\/wp-json\/wp\/v2\/users\/1"}],"replies":[{"embeddable":true,"href":"http:\/\/nossacasa.net\/nossosriachos\/pos\/wp-json\/wp\/v2\/comments?post=1377"}],"version-history":[{"count":13,"href":"http:\/\/nossacasa.net\/nossosriachos\/pos\/wp-json\/wp\/v2\/pages\/1377\/revisions"}],"predecessor-version":[{"id":1404,"href":"http:\/\/nossacasa.net\/nossosriachos\/pos\/wp-json\/wp\/v2\/pages\/1377\/revisions\/1404"}],"wp:attachment":[{"href":"http:\/\/nossacasa.net\/nossosriachos\/pos\/wp-json\/wp\/v2\/media?parent=1377"}],"curies":[{"name":"wp","href":"https:\/\/api.w.org\/{rel}","templated":true}]}}