{"id":1453,"date":"2021-09-08T09:49:34","date_gmt":"2021-09-08T12:49:34","guid":{"rendered":"http:\/\/nossacasa.net\/nossosriachos\/pos\/?page_id=1453"},"modified":"2021-09-13T16:26:30","modified_gmt":"2021-09-13T19:26:30","slug":"seminario-2021_2","status":"publish","type":"page","link":"http:\/\/nossacasa.net\/nossosriachos\/pos\/seminario-2021_2\/","title":{"rendered":"Semin\u00e1rio 2021_2"},"content":{"rendered":"<div style=\"text-align: justify;\">\n<div style=\"text-align: center;\">\n<img loading=\"lazy\" decoding=\"async\" src=\"http:\/\/nossacasa.net\/nossosriachos\/pos\/wp-content\/uploads\/sites\/5\/2017\/09\/seminario-.jpg\" alt=\"\" width=\"200\" height=\"200\" class=\"alignleft size-full wp-image-213\" srcset=\"http:\/\/nossacasa.net\/nossosriachos\/pos\/wp-content\/uploads\/sites\/5\/2017\/09\/seminario-.jpg 200w, http:\/\/nossacasa.net\/nossosriachos\/pos\/wp-content\/uploads\/sites\/5\/2017\/09\/seminario--150x150.jpg 150w\" sizes=\"auto, (max-width: 200px) 100vw, 200px\" \/><\/p>\n<hr>\n<hr>\n<hr>\n<hr>\n<p><strong>Biogeografia e Conserva\u00e7\u00e3o de Fauna Aqu\u00e1tica 2021-2<\/strong><\/p>\n<hr>\n<hr>\n<hr>\n<p>PROGRAMA DE P\u00d3S-GRADUA\u00c7\u00c3O EM CI\u00caNCIAS BIOL\u00d3GICAS- CENTRO DE CI\u00caNCIAS HUMANAS E NATURAIS<br \/>\nUNIVERSIDADE FEDERAL DO ESP\u00cdRITO SANTO<br \/>\nDISCIPLINA: Biogeografia e conserva\u00e7\u00e3o da fauna aqu\u00e1tica.<br \/>\nPBAN 9526 T\u00f3picos Especiais em Biologia Animal I<br \/>\nRESPONS\u00c1VEL: Luisa Maria Sarmento Soares.\n<\/p><\/div>\n<hr>\n<h1>SEMIN\u00c1RIO E DEBATES<\/h1>\n<p>Vamos nos dividir em tr\u00eas temas e repensar novos rumos para conservar a biodiversidade na p\u00f3s pandemia.<\/p>\n<p> <strong>Tema 1 &#8211; Ambientalistas<\/strong>: Amea\u00e7a por extin\u00e7\u00e3o em massa por perda da biodiversidade<\/p>\n<p>Objetivos:  Como aliar conserva\u00e7\u00e3o e desenvolvimento humano? Necessidade de consenso entre diversidade, clima, conserva\u00e7\u00e3o e servi\u00e7os ecossist\u00eamicos.<\/p>\n<p>Texto 1 &#8211; <a href=\"http:\/\/www.nossacasa.net\/nossosriachos\/posgraduacao\/doc\/2019_Dinerstein et al-A Global deal for nature-Tema1.pdf\" rel=\"noopener noreferrer\" target=\"_blank\">A Global deal for nature<\/a><\/p>\n<p>Texto 2 &#8211; <a href=\"http:\/\/www.nossacasa.net\/nossosriachos\/posgraduacao\/doc\/2018_WWF_Biodiversidade e mudan\u00e7as clim\u00e1ticas no Brasil-Tema2.pdf\" rel=\"noopener noreferrer\" target=\"_blank\">Biodiversidade e mudan\u00e7as clim\u00e1ticas no Brasil: levantamento e sistematiza\u00e7\u00e3o de refer\u00eancias<\/a>. Cap. 4- mudan\u00e7as na distribui\u00e7\u00e3o geogr\u00e1fica e 5. probabilidade de extin\u00e7\u00e3o<\/p>\n<p>Nas \u00faltimas d\u00e9cadas ONGs internacionais t\u00eam estabelecido prioridades de conserva\u00e7\u00e3o. Nove planos diferentes de prioriza\u00e7\u00e3o global: 1) Hotspots de Biodiversidade, 2) Ecorregi\u00f5es em Crise, 3) \u00c1reas End\u00eamicas de Aves, 4) Centros de Diversidade Vegetal, 5) Pa\u00edses com Megadiversidade, 6) as 200 Ecorregi\u00f5es Globais (estimadas pelo WWF), 7) \u00c1reas Selvagens de Alta Biodiversidade, 8) Florestas de Fronteira e 9) \u201cLast of the Wild\u201d (\u00faltimas \u00e1reas selvagens).<\/p>\n<p><strong>Aluna<\/strong>:  Juliana Paulo da Silva<\/p>\n<hr \/>\n<p><strong>Tema 2- Agricultores<\/strong>: A agricultura como amea\u00e7a a biodiversidade<\/p>\n<p>Assunto norteador para o debate: As pr\u00e1ticas agr\u00edcolas atuais e o sistema de prote\u00e7\u00e3o da biodiversidade neste s\u00e9culo &#8211;<\/p>\n<p>Objetivos:  Repensando a agricultura?<\/p>\n<p>O Brasil certamente tem todos os elementos para alimentar o mundo com um setor agr\u00edcola respons\u00e1vel que combate as mudan\u00e7as clim\u00e1ticas e protege algumas das regi\u00f5es mais biodiversas do planeta.<\/p>\n<p>Texto 3 &#8211; <a href=\"http:\/\/www.nossacasa.net\/nossosriachos\/posgraduacao\/doc\/2015_Nodari_Guerra-A-agroecologia-estrat\u00e9gias-de-pesquisa-e-valores-Tema3.pdf\" rel=\"noopener noreferrer\" target=\"_blank\">Solu\u00e7\u00f5es para um planeta cultivado<\/a> (Solutions for a Cultivated Planet)<\/p>\n<p>Texto 4 &#8211; <a href=\"https:\/\/eos.com\/pt\/blog\/monocultura-agricola\/\" rel=\"noopener\" target=\"_blank\">Monocultura Agr\u00edcola: Vantagens e Desvantagens<\/a><\/p>\n<p><strong>Aluna<\/strong>: Daniele Marinho Nobre<\/p>\n<hr \/>\n<p><strong>Tema 3 &#8211; Pesquisa e desenvolvimento cient\u00edfico <\/strong>: <\/p>\n<p>A biogeografia como ci\u00eancia multidisciplinar- gerando suporte para o estudo de quest\u00f5es ambientais, associadas tamb\u00e9m a Conserva\u00e7\u00e3o e sociedade.<\/p>\n<p>O segundo artigo, recentemente publicado, traz uma abordagem mais epistemol\u00f3gica. Trata dos novos rumos da Biogeografia para que reencontre a abordagem geogr\u00e1fica, derivando da sua tradi\u00e7\u00e3o naturalista e tornando-se um instrumento poderoso de interpreta\u00e7\u00e3o da complexidade do presente.<\/p>\n<p>Hora de repensar o Antropoceno- Efeitos estoc\u00e1sticos- A\u00e7\u00f5es naturais que ocorrem &#8211; enchentes &#8211; secas severas- rela\u00e7\u00f5es associadas ao uso que fizemos dos nossos biomas.<\/p>\n<p>&#8220;Quando Charles Darwin sugeriu que o Homo sapiens era apenas mais uma esp\u00e9cie animal, as pessoas ficaram furiosas. Ainda hoje, muitos se recusam a acreditar nisso. Se os neandertais tivessem sobrevivido, ainda conceber\u00edamos a n\u00f3s mesmos como uma criatura distinta? Talvez tenha sido exatamente por isso que nossos ancestrais eliminaram os neandertais. Eles eram similares demais para se ignorar, mas diferentes demais para se tolerar.&#8221; <em>Yuval Noam Harari<\/em> no livro Sapiens<\/p>\n<p>Texto 5 &#8211; 2016. <a href=\"https:\/\/ojs.ufgd.edu.br\/index.php\/anpege\/article\/download\/6395\/3347\" rel=\"noopener\" target=\"_blank\">Biogeografia: reflex\u00f5es sobre temas e conceitos<\/a>. Sueli \u00c2ngelo Furlan, Rosemeri Melo e Souza, Eduardo Rodrigues Viana de Lima &#038; Bartolomeu Israel de Souza. doi 10.5418\/ra2016.1218.0006. Revista da Anpege.<\/p>\n<p>Texto 6 &#8211; 2020. <a href=\"https:\/\/www.e-publicacoes.uerj.br\/index.php\/humboldt\/article\/download\/57367\/36812\" rel=\"noopener\" target=\"_blank\">BIOGEOGRAPHY, HISTORICITY AND EPISTEMIS: NOTES FOR UNDERSTANDING A HYBRID NATURE IN THE ANTHROPOCENE<\/a>. Adriano Severo Figueir\u00f3. Revista Humboldt.<\/p>\n<p><strong>Aluna<\/strong>: Debora Cantarin Neiva<\/p>\n<hr \/>\n<\/div>\n","protected":false},"excerpt":{"rendered":"<p>Biogeografia e Conserva\u00e7\u00e3o de Fauna Aqu\u00e1tica 2021-2 PROGRAMA DE P\u00d3S-GRADUA\u00c7\u00c3O EM CI\u00caNCIAS BIOL\u00d3GICAS- CENTRO DE CI\u00caNCIAS HUMANAS E NATURAIS UNIVERSIDADE FEDERAL DO ESP\u00cdRITO SANTO DISCIPLINA: Biogeografia e conserva\u00e7\u00e3o da fauna aqu\u00e1tica. PBAN 9526 T\u00f3picos Especiais em Biologia Animal I RESPONS\u00c1VEL: &hellip; <a href=\"http:\/\/nossacasa.net\/nossosriachos\/pos\/seminario-2021_2\/\">Continue lendo <span class=\"meta-nav\">&rarr;<\/span><\/a><\/p>\n","protected":false},"author":1,"featured_media":0,"parent":0,"menu_order":0,"comment_status":"closed","ping_status":"closed","template":"","meta":{"footnotes":""},"class_list":["post-1453","page","type-page","status-publish","hentry"],"_links":{"self":[{"href":"http:\/\/nossacasa.net\/nossosriachos\/pos\/wp-json\/wp\/v2\/pages\/1453","targetHints":{"allow":["GET"]}}],"collection":[{"href":"http:\/\/nossacasa.net\/nossosriachos\/pos\/wp-json\/wp\/v2\/pages"}],"about":[{"href":"http:\/\/nossacasa.net\/nossosriachos\/pos\/wp-json\/wp\/v2\/types\/page"}],"author":[{"embeddable":true,"href":"http:\/\/nossacasa.net\/nossosriachos\/pos\/wp-json\/wp\/v2\/users\/1"}],"replies":[{"embeddable":true,"href":"http:\/\/nossacasa.net\/nossosriachos\/pos\/wp-json\/wp\/v2\/comments?post=1453"}],"version-history":[{"count":11,"href":"http:\/\/nossacasa.net\/nossosriachos\/pos\/wp-json\/wp\/v2\/pages\/1453\/revisions"}],"predecessor-version":[{"id":1513,"href":"http:\/\/nossacasa.net\/nossosriachos\/pos\/wp-json\/wp\/v2\/pages\/1453\/revisions\/1513"}],"wp:attachment":[{"href":"http:\/\/nossacasa.net\/nossosriachos\/pos\/wp-json\/wp\/v2\/media?parent=1453"}],"curies":[{"name":"wp","href":"https:\/\/api.w.org\/{rel}","templated":true}]}}