{"id":151,"date":"2017-09-02T21:20:21","date_gmt":"2017-09-03T00:20:21","guid":{"rendered":"http:\/\/nossacasa.net\/nossosriachos\/pos\/?page_id=151"},"modified":"2019-08-14T14:03:46","modified_gmt":"2019-08-14T17:03:46","slug":"leitura-2011","status":"publish","type":"page","link":"http:\/\/nossacasa.net\/nossosriachos\/pos\/leitura-2011\/","title":{"rendered":"Leitura 2011"},"content":{"rendered":"<div style=\"text-align: justify;\">\n<div style=\"text-align: center;\">\n<img loading=\"lazy\" decoding=\"async\" src=\"http:\/\/nossacasa.net\/nossosriachos\/pos\/wp-content\/uploads\/sites\/5\/2017\/09\/leitura2011.jpg\" alt=\"\" width=\"200\" height=\"200\" class=\"alignleft size-full wp-image-144\" srcset=\"http:\/\/nossacasa.net\/nossosriachos\/pos\/wp-content\/uploads\/sites\/5\/2017\/09\/leitura2011.jpg 200w, http:\/\/nossacasa.net\/nossosriachos\/pos\/wp-content\/uploads\/sites\/5\/2017\/09\/leitura2011-150x150.jpg 150w\" sizes=\"auto, (max-width: 200px) 100vw, 200px\" \/><\/p>\n<hr>\n<hr>\n<hr>\n<p><strong>Biogeografia e Conserva\u00e7\u00e3o de Fauna Aqu\u00e1tica 2011-2<br \/>\n<\/strong><\/p>\n<hr>\n<hr>\n<hr>\n<p>PROGRAMA DE P\u00d3S-GRADUA\u00c7\u00c3O EM CI\u00caNCIAS BIOL\u00d3GICAS- CENTRO DE CI\u00caNCIAS HUMANAS E NATURAIS<br \/>\nUNIVERSIDADE FEDERAL DO ESP\u00cdRITO SANTO<br \/>\nDISCIPLINA: Biogeografia e conserva\u00e7\u00e3o da fauna aqu\u00e1tica.<br \/>\nPBAN 9526 T\u00f3picos Especiais em Biologia Animal I<br \/>\nRESPONS\u00c1VEL: Luisa Maria Sarmento Soares\n<\/p><\/div>\n<hr>\n<h1>LEITURAS COMPLEMENTARES<\/h1>\n<h1><b>1\u00baDia<\/b><br \/>\nAquatic Biodiversity in the Amazon: Habitat Specialization and Geographic Isolation Promote Species Richness. (<a href=\"http:\/\/www.nossacasa.net\/nossosriachos\/posgraduacao\/doc\/1a.pdf\" target=\"_blank\" rel=\"noopener noreferrer\"><span style=\"font-size: xx-small;\">pdf<\/span><\/a>)<br \/>\nBiodiversidad, Iniciativa Global y Elaboraci\u00f3n de Inventarios Sistem\u00e1ticos.(<a href=\"http:\/\/www.nossacasa.net\/nossosriachos\/posgraduacao\/doc\/1b.pdf\" target=\"_blank\" rel=\"noopener noreferrer\"><span style=\"font-size: xx-small;\">pdf<\/span><\/a>)<\/h1>\n<h1><b>2\u00baDia<\/b><br \/>\nPeixes da Esta\u00e7\u00e3o Ecol\u00f3gica Serra Geral do Tocantins, bacias dos rios Tocantins e S\u00e3o Francisco, com observa\u00e7\u00f5es sobre as implica\u00e7\u00f5es biogeogr\u00e1ficas das \u201c\u00e1guas emendadas\u201d dos rios Sap\u00e3o e Galheiros(<a href=\"http:\/\/www.nossacasa.net\/nossosriachos\/posgraduacao\/doc\/2.pdf\" target=\"_blank\" rel=\"noopener noreferrer\"><span style=\"font-size: xx-small;\">pdf<\/span><\/a>).<\/h1>\n<h1><b>3\u00baDia<\/b><br \/>\nDiversidade, padr\u00f5es de distribui\u00e7\u00e3o e conserva\u00e7\u00e3o dos peixes da caatinga (<a href=\"http:\/\/www.nossacasa.net\/nossosriachos\/posgraduacao\/doc\/3a.pdf\" target=\"_blank\" rel=\"noopener noreferrer\"><span style=\"font-size: xx-small;\">pdf<\/span><\/a>).<br \/>\nIctiofauna dos Ecossistemas de Brejos de Altitude de Pernambuco e Para\u00edba(<a href=\"http:\/\/www.nossacasa.net\/nossosriachos\/posgraduacao\/doc\/3b.pdf\" target=\"_blank\" rel=\"noopener noreferrer\"><span style=\"font-size: xx-small;\">pdf<\/span><\/a>).<\/h1>\n<h1><b>4\u00baDia<\/b><br \/>\nA Ictiofauna da Bacia do Rio Para\u00edba do Sul. Biodiversidade e Padr\u00f5es Biogeogr\u00e1ficos(<a href=\"http:\/\/www.nossacasa.net\/nossosriachos\/posgraduacao\/doc\/4a.pdf\" target=\"_blank\" rel=\"noopener noreferrer\"><span style=\"font-size: xx-small;\">pdf<\/span><\/a>)<br \/>\nAspectos biogeogr\u00e1ficos de componentes da ictiofauna da Am\u00e9rica Central. Conscientiae Sa\u00fade(<a href=\"http:\/\/www.nossacasa.net\/nossosriachos\/posgraduacao\/doc\/4b.pdf\" target=\"_blank\" rel=\"noopener noreferrer\"><span style=\"font-size: xx-small;\">pdf<\/span><\/a>).<\/h1>\n<table border=\"0\" width=\"75%\" cellspacing=\"0\" cellpadding=\"0\" align=\"center\">\n<tbody>\n<tr>\n<td>\n<div>\n<h1>BIBLIOGRAFIA:<\/h1>\n<ol type=\"1\">\n<li><b>Bizerril, C.R.S.F.<\/b>, 1994. An\u00e1lise taxon\u00f4mica e biogeogr\u00e1fica da ictiofauna de \u00e1gua doce do leste brasileiro. Acta Biol. Leopoldensia 16 (1): 51-80.<\/li>\n<li><b>Buckup, P.A.<\/b>\u00a01999. Sistem\u00e1tica e biogeografia de peixes de riacho, pp. 91-135, in: Caramaschi, E.P., R.Mazzoni &amp; P.R.Peres-Neto (eds.), Ecologia de Peixes de Riacho: Estado Atual e Perspectivas.Oecologia Brasiliensis, VI, Rio de Janeiro (<a href=\"http:\/\/www.oecologiaaustralis.org\/ojs\/index.php\/oa\/article\/view\/287\/345\" target=\"_blank\" rel=\"noopener noreferrer\"><span style=\"font-size: xx-small;\">pdf<\/span><\/a>).<\/li>\n<li><b>Buckup, P.A. 1998<\/b>. Biodiversidade dos Peixes da Mata Atl\u00e2ntica. In: Base de Dados Tropical (ed.). Biodiversity Patterns of South and Southeast Atlantic Rain Forest. (<a href=\"http:\/\/www.nossacasa.net\/nossosriachos\/doc\/1998_Buckup.pdf\" target=\"_blank\" rel=\"noopener noreferrer\"><span style=\"font-size: xx-small;\">pdf<\/span><\/a>).<\/li>\n<li><b>Britski, H.A.; Sato, Y. &amp; Rosa, A.B.S.<\/b>\u00a01986. Manual de identifica\u00e7\u00e3o de peixes da regi\u00e3o de Tr\u00eas Marias: com chaves de identifica\u00e7\u00e3o para os peixes da bacia do S\u00e3o Francisco. 2\u00aa. edi\u00e7\u00e3o. CODEVASF. Companhia de Desenvolvimento do Vale do S\u00e3o Francisco, Bras\u00edlia.<\/li>\n<li><b>Britski, H.A., K.Z.S. Silimon &amp; B.S. Lopes.<\/b>\u00a01999. Peixes do pantanal. Manual de identifica\u00e7\u00e3o. Embrapa, Bras\u00edlia. 184pp.<\/li>\n<li><b>Campanili, M &amp; M. Prochnowpp<\/b>\u00a0(orgs.). 2006. Mata Atl\u00e2ntica. Uma rede pela floresta. Rede de ONGs da Mata Atl\u00e2ntica. RMA, Bras\u00edlia, p.198&#8211;234 (<a href=\"http:\/\/www.apremavi.org.br\/download.php?codigoArquivo=93\" target=\"_blank\" rel=\"noopener noreferrer\"><span style=\"font-size: xx-small;\">pdf<\/span><\/a>).<\/li>\n<li><b>Carvalho, C.J.B.<\/b>\u00a02004. Ferramentas atuais da Biogeografia Hist\u00f3rica para utiliza\u00e7\u00e3o em conserva\u00e7\u00e3o. In: Milano. M. S., Takahashi, L. Y. &amp; Nunes, M. L. Unidades de Conserva\u00e7\u00e3o: atualidades e tend\u00eancias Pp. 92-103. Funda\u00e7\u00e3o O Botic\u00e1rio de Prote\u00e7\u00e3o \u00e0 Natureza. Curitiba (<a href=\"http:\/www.nossacasa.net\/nossosriachos\/posgraduacao\/doc\/2004_Carvalho.pdf\" target=\"_blank\" rel=\"noopener noreferrer\"><span style=\"font-size: xx-small;\">pdf<\/span><\/a>).<\/li>\n<li><b>Castro, R.M.C.<\/b>\u00a01999. Evolu\u00e7\u00e3o da ictiofauna de riachos sul-americanos: padr\u00f5es gerais e poss\u00edveis processos causais. In: Ecologia de peixes de riachos: Estado Atual e Perspectivas. (E.P. Caramaschi, R. Mazzoni, C.R.S.F. Bizerril &amp; P.R. Peres-Neto, eds.). Oecologia Brasiliensis, vol. VII, Rio de Janeiro, p. 139-155 (<a href=\"http:\/\/www.oecologiaaustralis.org\/ojs\/index.php\/oa\/article\/view\/288\/318\" target=\"_blank\" rel=\"noopener noreferrer\"><span style=\"font-size: xx-small;\">pdf<\/span><\/a>).<\/li>\n<li><b>Cetra, M., L.M. Sarmento-Soares &amp; R. F. Martins-Pinheiro.<\/b>\u00a02010. Peixes de riachos e novas Unidades de Conserva\u00e7\u00e3o no sul da Bahia. Pan-American Journal of Aquatic Sciences, 5(1): 11-21 (<a href=\"http:\/\/www.nossacasa.net\/nossosriachos\/posgraduacao\/doc\/PeixesRiachosSulBahia.pdf\" target=\"_blank\" rel=\"noopener noreferrer\"><span style=\"font-size: xx-small;\">pdf<\/span><\/a>).<\/li>\n<li><b>Costa, W.J.E.M.<\/b>\u00a01995. Pearl Killifishes: The Cynolebiatinae: Systematics and Biogeography of a Neotropical Annual Fish Subfamily (Cyprinodontiformes: Rivulidae. T.F.H. Publ., Neptune City, 128 pp.<\/li>\n<li><b>Costa, W.J.E.M. 2009.<\/b>\u00a0Peixes aploqueil\u00f3deos da Mata Atl\u00e2ntica brasileira: hist\u00f3ria, diversidade e conserva\u00e7\u00e3o. Museu Nacional, S\u00e9rie Livros, Rio de Janeiro. 172pp.<\/li>\n<li><b>Hern\u00e1ndez, H.M., A.N. Garc\u00eda Aldrete, F. Alvarez &amp; M. Ulloa.<\/b>\u00a02001. Enfoques contempor\u00e2neos para el est\u00fadio de la biodiversidad. M\u00e9xico: Ediciones Cient\u00edficas Universit\u00e1rias.<\/li>\n<li><b>Lundberg, J.G.; Marshall, L.G.; Guerrero, J.; Horton, B.; Malabarba, M.C.S.L. &amp; Wesselingh, F.<\/b>\u00a01998. The stage for Neotropical fish diversification: A history of tropical South American rivers. In: L.R. Malabarba, R.E. Reis, R.P. Vari, Z.M.S. Lucena &amp; C.A.S. Lucena (Eds.). Phylogeny and classification of Neotropical fishes. Edipucrs, Porto Alegre p. 13&#8211;48.<\/li>\n<li><b>Magurran, A. E.\u00a0<\/b>2004. Measuring biological diversity. Oxford: Blackwell Publishing.<\/li>\n<li><b>MMA 2004<\/b>\u00a0Minist\u00e9rio do Meio Ambiente. 2004. Lista Nacional das Esp\u00e9cies de Invertebrados Aqu\u00e1ticos e Peixes Amea\u00e7adas de Extin\u00e7\u00e3o. Instru\u00e7\u00e3o Normativa n\u00ba 5, 21 de Maio de 2004. In: Di\u00e1rio Oficial da Uni\u00e3o, se\u00e7\u00e3o 1, n\u00ba 102, sexta-feira, 28 de maio de 2004. Imprensa Nacional. pp. 136-141.<\/li>\n<li><b>Morrone, J.J., D.E. Organista &amp; J.L. Bousquets.\u00a0<\/b>1996. Manual de biogeografia hist\u00f3rica. M\u00e9xico: Universidad Nacional Aut\u00f4noma de M\u00e9xico.<\/li>\n<li><b>Oyakawa,l O.T., A. Akama, K.C. Mautari &amp; J.C. Nolasco.\u00a0<\/b>2006. Peixes de riachos da Mata Atl\u00e2ntica. Nas unidades de conserva\u00e7\u00e3o do Vale do rio Ribeira de Iguape no Estado de S\u00e3o Paulo. Ed. Neotropica. 201pp.<\/li>\n<li><b>Reis, R.E.; S.O. Kullander &amp; C.J. Ferraris, Jr.\u00a0<\/b>(eds.) Checklist of the Freshwater Fishes of South and Central America. Porto Alegre: EDIPUCRS, Brasil.<\/li>\n<li><b>Ribeiro, A.C. 2006.<\/b>\u00a0Tectonic history and the biogeography of the freshwater fishes from the coastal drainages of eastern Brazil: an example of faunal evolution associated with a divergent continental margin. Neotropical Ichthyology 4 (2): 225-246 (<a href=\"http:\/\/www.scielo.br\/pdf\/ni\/v4n2\/v4n2a09.pdf\" target=\"_blank\" rel=\"noopener noreferrer\"><span style=\"font-size: xx-small;\">pdf<\/span><\/a>).<\/li>\n<li><b>Sarmento-Soares, L.M. Mazzoni, R. &amp; Martins-Pinheiro, R.F. 2009.<\/b>\u00a0A fauna de peixes nas bacias litor\u00e2neas da Costa do Descobrimento, extremo sul da Bahia, Brasil. Sitientibus S\u00e9rie Ci\u00eancias Biologicas 9(2\/3):139-157 (<a href=\"http:\/\/www.nossacasa.net\/nossosriachos\/posgraduacao\/doc\/RiosDoDescobrimento.pdf\" target=\"_blank\" rel=\"noopener noreferrer\"><span style=\"font-size: xx-small;\">pdf<\/span><\/a>).<\/li>\n<\/ol>\n<\/div>\n<\/td>\n<\/tr>\n<\/tbody>\n<\/table>\n<\/div>\n","protected":false},"excerpt":{"rendered":"<p>Biogeografia e Conserva\u00e7\u00e3o de Fauna Aqu\u00e1tica 2011-2 PROGRAMA DE P\u00d3S-GRADUA\u00c7\u00c3O EM CI\u00caNCIAS BIOL\u00d3GICAS- CENTRO DE CI\u00caNCIAS HUMANAS E NATURAIS UNIVERSIDADE FEDERAL DO ESP\u00cdRITO SANTO DISCIPLINA: Biogeografia e conserva\u00e7\u00e3o da fauna aqu\u00e1tica. PBAN 9526 T\u00f3picos Especiais em Biologia Animal I RESPONS\u00c1VEL: &hellip; <a href=\"http:\/\/nossacasa.net\/nossosriachos\/pos\/leitura-2011\/\">Continue lendo <span class=\"meta-nav\">&rarr;<\/span><\/a><\/p>\n","protected":false},"author":1,"featured_media":144,"parent":0,"menu_order":0,"comment_status":"closed","ping_status":"closed","template":"","meta":{"footnotes":""},"class_list":["post-151","page","type-page","status-publish","has-post-thumbnail","hentry"],"_links":{"self":[{"href":"http:\/\/nossacasa.net\/nossosriachos\/pos\/wp-json\/wp\/v2\/pages\/151","targetHints":{"allow":["GET"]}}],"collection":[{"href":"http:\/\/nossacasa.net\/nossosriachos\/pos\/wp-json\/wp\/v2\/pages"}],"about":[{"href":"http:\/\/nossacasa.net\/nossosriachos\/pos\/wp-json\/wp\/v2\/types\/page"}],"author":[{"embeddable":true,"href":"http:\/\/nossacasa.net\/nossosriachos\/pos\/wp-json\/wp\/v2\/users\/1"}],"replies":[{"embeddable":true,"href":"http:\/\/nossacasa.net\/nossosriachos\/pos\/wp-json\/wp\/v2\/comments?post=151"}],"version-history":[{"count":7,"href":"http:\/\/nossacasa.net\/nossosriachos\/pos\/wp-json\/wp\/v2\/pages\/151\/revisions"}],"predecessor-version":[{"id":996,"href":"http:\/\/nossacasa.net\/nossosriachos\/pos\/wp-json\/wp\/v2\/pages\/151\/revisions\/996"}],"wp:featuredmedia":[{"embeddable":true,"href":"http:\/\/nossacasa.net\/nossosriachos\/pos\/wp-json\/wp\/v2\/media\/144"}],"wp:attachment":[{"href":"http:\/\/nossacasa.net\/nossosriachos\/pos\/wp-json\/wp\/v2\/media?parent=151"}],"curies":[{"name":"wp","href":"https:\/\/api.w.org\/{rel}","templated":true}]}}