{"id":1519,"date":"2022-07-04T09:20:21","date_gmt":"2022-07-04T12:20:21","guid":{"rendered":"http:\/\/nossacasa.net\/nossosriachos\/pos\/?page_id=1519"},"modified":"2022-07-04T09:20:21","modified_gmt":"2022-07-04T12:20:21","slug":"ementa-2022-1","status":"publish","type":"page","link":"http:\/\/nossacasa.net\/nossosriachos\/pos\/ementa-2022-1\/","title":{"rendered":"Ementa 2022-1"},"content":{"rendered":"<div style=\"text-align: justify;\"><img loading=\"lazy\" decoding=\"async\" class=\"alignleft size-thumbnail wp-image-64\" src=\"http:\/\/nossacasa.net\/nossosriachos\/pos\/wp-content\/uploads\/sites\/5\/2017\/09\/ementa-150x150.jpg\" alt=\"\" width=\"150\" height=\"150\" \/><br \/>\n<strong>Conserva\u00e7\u00e3o de Fauna Aqu\u00e1tica 2022-1<br \/>\nPBAN-9526 &#8211; BIOGEOGRAFIA<\/strong>Carga hor\u00e1ria: 30 hs<br \/>\nCr\u00e9ditos: 4<\/p>\n<p>UNIVERSIDADE ESTADUAL DE FEIRA DE SANTANA<br \/>\nDISCIPLINA PROPOSTA: Conserva\u00e7\u00e3o de Fauna Aqu\u00e1tica<br \/>\nDocente: Luisa Maria Sarmento Soares Filho<br \/>\nDocente colaborador: Alexandre Clistenes de Alc\u00e2ntara Santos<\/p>\n<p><strong>EMENTA:<\/strong><\/p>\n<p>Ementa:<br \/>\nPadr\u00f5es de Distribui\u00e7\u00e3o na regi\u00e3o Neotropical (disjun\u00e7\u00f5es, grupos relictuais, endemismo, padr\u00f5es de biodiversidade &#8211; hotspots); as amea\u00e7as a fauna aqu\u00e1tica (bioinvas\u00e3o; barragens e peixes; polui\u00e7\u00e3o; res\u00edduos); os desafios a conserva\u00e7\u00e3o (crise h\u00eddrica; agricultura sintr\u00f3pica; preserva\u00e7\u00e3o de nascentes); m\u00e9todos de Sele\u00e7\u00e3o de \u00c1reas Priorit\u00e1rias a conservar; Planejamento Sistem\u00e1tico de Conserva\u00e7\u00e3o.<\/p>\n<\/div>\n","protected":false},"excerpt":{"rendered":"<p>Conserva\u00e7\u00e3o de Fauna Aqu\u00e1tica 2022-1 PBAN-9526 &#8211; BIOGEOGRAFIACarga hor\u00e1ria: 30 hs Cr\u00e9ditos: 4 UNIVERSIDADE ESTADUAL DE FEIRA DE SANTANA DISCIPLINA PROPOSTA: Conserva\u00e7\u00e3o de Fauna Aqu\u00e1tica Docente: Luisa Maria Sarmento Soares Filho Docente colaborador: Alexandre Clistenes de Alc\u00e2ntara Santos EMENTA: Ementa: &hellip; <a href=\"http:\/\/nossacasa.net\/nossosriachos\/pos\/ementa-2022-1\/\">Continue lendo <span class=\"meta-nav\">&rarr;<\/span><\/a><\/p>\n","protected":false},"author":1,"featured_media":0,"parent":0,"menu_order":0,"comment_status":"closed","ping_status":"closed","template":"","meta":{"footnotes":""},"class_list":["post-1519","page","type-page","status-publish","hentry"],"_links":{"self":[{"href":"http:\/\/nossacasa.net\/nossosriachos\/pos\/wp-json\/wp\/v2\/pages\/1519","targetHints":{"allow":["GET"]}}],"collection":[{"href":"http:\/\/nossacasa.net\/nossosriachos\/pos\/wp-json\/wp\/v2\/pages"}],"about":[{"href":"http:\/\/nossacasa.net\/nossosriachos\/pos\/wp-json\/wp\/v2\/types\/page"}],"author":[{"embeddable":true,"href":"http:\/\/nossacasa.net\/nossosriachos\/pos\/wp-json\/wp\/v2\/users\/1"}],"replies":[{"embeddable":true,"href":"http:\/\/nossacasa.net\/nossosriachos\/pos\/wp-json\/wp\/v2\/comments?post=1519"}],"version-history":[{"count":1,"href":"http:\/\/nossacasa.net\/nossosriachos\/pos\/wp-json\/wp\/v2\/pages\/1519\/revisions"}],"predecessor-version":[{"id":1520,"href":"http:\/\/nossacasa.net\/nossosriachos\/pos\/wp-json\/wp\/v2\/pages\/1519\/revisions\/1520"}],"wp:attachment":[{"href":"http:\/\/nossacasa.net\/nossosriachos\/pos\/wp-json\/wp\/v2\/media?parent=1519"}],"curies":[{"name":"wp","href":"https:\/\/api.w.org\/{rel}","templated":true}]}}