{"id":1533,"date":"2022-07-04T09:54:07","date_gmt":"2022-07-04T12:54:07","guid":{"rendered":"http:\/\/nossacasa.net\/nossosriachos\/pos\/?page_id=1533"},"modified":"2022-07-04T09:54:07","modified_gmt":"2022-07-04T12:54:07","slug":"fotos-2022-1","status":"publish","type":"page","link":"http:\/\/nossacasa.net\/nossosriachos\/pos\/fotos-2022-1\/","title":{"rendered":"Fotos 2022-1"},"content":{"rendered":"<div style=\"text-align: justify;\"><img loading=\"lazy\" decoding=\"async\" class=\"alignleft size-thumbnail wp-image-204\" src=\"http:\/\/nossacasa.net\/nossosriachos\/pos\/wp-content\/uploads\/sites\/5\/2017\/09\/foto-150x150.jpg\" alt=\"\" width=\"150\" height=\"150\" srcset=\"http:\/\/nossacasa.net\/nossosriachos\/pos\/wp-content\/uploads\/sites\/5\/2017\/09\/foto-150x150.jpg 150w, http:\/\/nossacasa.net\/nossosriachos\/pos\/wp-content\/uploads\/sites\/5\/2017\/09\/foto.jpg 200w\" sizes=\"auto, (max-width: 150px) 100vw, 150px\" \/><\/p>\n<hr \/>\n<hr \/>\n<hr \/>\n<div style=\"text-align: center;\"><strong>Programa de P\u00f3s-Gradua\u00e7\u00e3o em Ecologia e Evolu\u00e7\u00e3o da Universidade Estadual de Feira de Santana<br \/>\nPPGEcolEvol\/UEFS.<\/strong><\/p>\n<hr \/>\n<\/div>\n<p>Padr\u00f5es de Distribui\u00e7\u00e3o na regi\u00e3o Neotropical (disjun\u00e7\u00f5es, grupos relictuais, endemismo, padr\u00f5es de biodiversidade \u2013 hotspots); as amea\u00e7as a fauna aqu\u00e1tica (bioinvas\u00e3o; barragens e peixes; polui\u00e7\u00e3o; res\u00edduos); os desafios a conserva\u00e7\u00e3o (crise h\u00eddrica; agricultura sintr\u00f3pica; preserva\u00e7\u00e3o de nascentes); m\u00e9todos de Sele\u00e7\u00e3o de \u00c1reas Priorit\u00e1rias a conservar; Planejamento Sistem\u00e1tico de Conserva\u00e7\u00e3o.<\/p>\n<hr \/>\n<hr \/>\n<hr \/>\n<hr \/>\n<hr \/>\n<\/div>\n","protected":false},"excerpt":{"rendered":"<p>Programa de P\u00f3s-Gradua\u00e7\u00e3o em Ecologia e Evolu\u00e7\u00e3o da Universidade Estadual de Feira de Santana PPGEcolEvol\/UEFS. Padr\u00f5es de Distribui\u00e7\u00e3o na regi\u00e3o Neotropical (disjun\u00e7\u00f5es, grupos relictuais, endemismo, padr\u00f5es de biodiversidade \u2013 hotspots); as amea\u00e7as a fauna aqu\u00e1tica (bioinvas\u00e3o; barragens e peixes; polui\u00e7\u00e3o; &hellip; <a href=\"http:\/\/nossacasa.net\/nossosriachos\/pos\/fotos-2022-1\/\">Continue lendo <span class=\"meta-nav\">&rarr;<\/span><\/a><\/p>\n","protected":false},"author":1,"featured_media":204,"parent":0,"menu_order":0,"comment_status":"closed","ping_status":"closed","template":"","meta":{"footnotes":""},"class_list":["post-1533","page","type-page","status-publish","has-post-thumbnail","hentry"],"_links":{"self":[{"href":"http:\/\/nossacasa.net\/nossosriachos\/pos\/wp-json\/wp\/v2\/pages\/1533","targetHints":{"allow":["GET"]}}],"collection":[{"href":"http:\/\/nossacasa.net\/nossosriachos\/pos\/wp-json\/wp\/v2\/pages"}],"about":[{"href":"http:\/\/nossacasa.net\/nossosriachos\/pos\/wp-json\/wp\/v2\/types\/page"}],"author":[{"embeddable":true,"href":"http:\/\/nossacasa.net\/nossosriachos\/pos\/wp-json\/wp\/v2\/users\/1"}],"replies":[{"embeddable":true,"href":"http:\/\/nossacasa.net\/nossosriachos\/pos\/wp-json\/wp\/v2\/comments?post=1533"}],"version-history":[{"count":1,"href":"http:\/\/nossacasa.net\/nossosriachos\/pos\/wp-json\/wp\/v2\/pages\/1533\/revisions"}],"predecessor-version":[{"id":1534,"href":"http:\/\/nossacasa.net\/nossosriachos\/pos\/wp-json\/wp\/v2\/pages\/1533\/revisions\/1534"}],"wp:featuredmedia":[{"embeddable":true,"href":"http:\/\/nossacasa.net\/nossosriachos\/pos\/wp-json\/wp\/v2\/media\/204"}],"wp:attachment":[{"href":"http:\/\/nossacasa.net\/nossosriachos\/pos\/wp-json\/wp\/v2\/media?parent=1533"}],"curies":[{"name":"wp","href":"https:\/\/api.w.org\/{rel}","templated":true}]}}