{"id":1542,"date":"2023-09-04T14:44:20","date_gmt":"2023-09-04T17:44:20","guid":{"rendered":"http:\/\/nossacasa.net\/nossosriachos\/pos\/?page_id=1542"},"modified":"2023-09-04T14:44:20","modified_gmt":"2023-09-04T17:44:20","slug":"aula-2023-2","status":"publish","type":"page","link":"http:\/\/nossacasa.net\/nossosriachos\/pos\/aula-2023-2\/","title":{"rendered":"Aula 2023-2"},"content":{"rendered":"<div style=\"text-align: justify;\">\n<div style=\"text-align: center;\"><img loading=\"lazy\" decoding=\"async\" class=\"alignleft size-medium wp-image-56\" src=\"http:\/\/nossacasa.net\/nossosriachos\/pos\/wp-content\/uploads\/sites\/5\/2017\/09\/aula-300x219.jpg\" alt=\"\" width=\"300\" height=\"219\" srcset=\"http:\/\/nossacasa.net\/nossosriachos\/pos\/wp-content\/uploads\/sites\/5\/2017\/09\/aula-300x219.jpg 300w, http:\/\/nossacasa.net\/nossosriachos\/pos\/wp-content\/uploads\/sites\/5\/2017\/09\/aula-768x560.jpg 768w, http:\/\/nossacasa.net\/nossosriachos\/pos\/wp-content\/uploads\/sites\/5\/2017\/09\/aula-1024x747.jpg 1024w, http:\/\/nossacasa.net\/nossosriachos\/pos\/wp-content\/uploads\/sites\/5\/2017\/09\/aula-411x300.jpg 411w, http:\/\/nossacasa.net\/nossosriachos\/pos\/wp-content\/uploads\/sites\/5\/2017\/09\/aula.jpg 1600w\" sizes=\"auto, (max-width: 300px) 100vw, 300px\" \/><\/p>\n<hr \/>\n<hr \/>\n<hr \/>\n<p><strong>Biogeografia e Conserva\u00e7\u00e3o de Fauna Aqu\u00e1tica 2023-2<br \/>\nPROGRAMA\u00c7\u00c3O DAS AULAS<\/strong><\/p>\n<hr \/>\n<hr \/>\n<hr \/>\n<hr \/>\n<p>PROGRAMA DE P\u00d3S-GRADUA\u00c7\u00c3O EM CI\u00caNCIAS BIOL\u00d3GICAS- CENTRO DE CI\u00caNCIAS HUMANAS E NATURAIS<br \/>\nUNIVERSIDADE FEDERAL DO ESP\u00cdRITO SANTO<br \/>\nDISCIPLINA: Biogeografia e conserva\u00e7\u00e3o da fauna aqu\u00e1tica.<br \/>\nPBAN 9526 T\u00f3picos Especiais em Biologia Animal I<br \/>\nRESPONS\u00c1VEL: Luisa Maria Sarmento Soares<\/p>\n<\/div>\n<hr \/>\n<h1>PROGRAMA\u00c7\u00c3O<\/h1>\n<hr \/>\n<h1><strong>Dia 1 <\/strong><a href=\"#1\">Quarta-feira 8\/09\/2021<\/a><\/h1>\n<h1><strong>Dia 2 <\/strong><a href=\"#2\">Quinta-Feira 9\/09\/2021<\/a><\/h1>\n<h1><strong>Dia 3 <\/strong><a href=\"#3\">Sexta-Feira 10\/09\/2021<\/a><\/h1>\n<h1><strong>Dia 4 <\/strong><a href=\"#4\">Segunda-Feira 13\/09\/2021<\/a><\/h1>\n<h1><strong>Dia 5 <\/strong><a href=\"#5\">Ter\u00e7a-Feira 14\/09\/2021<\/a><\/h1>\n<h1><strong>Dia 6 <\/strong><a href=\"#6\">Quarta-Feira 15\/09\/2021 <\/a><\/h1>\n<h1><strong>Dia 7 <\/strong><a href=\"#7\">Quinta-Feira 16\/09\/2021<\/a><\/h1>\n<h1><strong>Dia 8 <\/strong><a href=\"#8\">Sexta-Feira 17\/09\/2021 <\/a><\/h1>\n<hr \/>\n<hr \/>\n<p><strong>Carga hor\u00e1ria: 60 hs<br \/>\nCr\u00e9ditos: 4<\/strong><\/p>\n<hr \/>\n<hr \/>\n<p>AVALIA\u00c7\u00c3O:<\/p>\n<ul>A avalia\u00e7\u00e3o do desempenho dos alunos ser\u00e1 feita atrav\u00e9s dos seguintes instrumentos:<\/p>\n<li>Participa\u00e7\u00e3o na resolu\u00e7\u00e3o dos exerc\u00edcios.<\/li>\n<li>Interatividade nas aulas pr\u00e1ticas e leitura complementar.<\/li>\n<li>Reda\u00e7\u00e3o e interatividade em debate a partir de textos selecionados tem\u00e1ticos em biogeografia da conserva\u00e7\u00e3o.<\/li>\n<li>Presen\u00e7a e participa\u00e7\u00e3o di\u00e1ria nos per\u00edodos da tarde e da manh\u00e3 (atrav\u00e9s das reuni\u00f5es ao vivo e respostas aos t\u00f3pico da &#8220;Sala de Aula&#8221;. Presen\u00e7a e participa\u00e7\u00e3o em cada um dos semin\u00e1rios e debates.<\/li>\n<\/ul>\n<hr \/>\n<hr \/>\n<p><strong>CRONOGRAMA DE EXECU\u00c7\u00c3O DA DISCIPLINA<\/strong><\/p>\n<hr \/>\n<h1 id=\"1\">Quarta-feira<\/h1>\n<hr \/>\n<h1>1\u00ba. Dia &#8211; 8\/09\/2021<\/h1>\n<p><strong>Manh\u00e3<\/strong><br \/>\n<a href=\"http:\/\/nossacasa.net\/nossosriachos\/pos\/sala-de-aula\/topic\/boas-vindas-3\/\" target=\"_blank\" rel=\"noopener\">Boas Vindas!<\/a><br \/>\n<strong>Tarde<\/strong><br \/>\n<strong>Temas para Semin\u00e1rio e debates<\/strong>:s\u00e3o tr\u00eas temas selecionados, e os alunos est\u00e3o distribu\u00eddos por tema em ordem alfab\u00e9tica. Debates acontecem na quinta e sexta \u00e0 tarde.<br \/>\n<strong>Formato de apresenta\u00e7\u00e3o:<\/strong> Cada grupo deve oferecer aos colegas uma s\u00edntese do tema trabalhado (avaliativo).<br \/>\n<strong>Material suplementar (visual)<\/strong>: trechos dos artigos lidos; sele\u00e7\u00e3o de trechos de v\u00eddeos\/imagens sobre o assunto. Meia hora para expor o tema e dirigir quest\u00f5es aos colegas para debate (meia hora de debates).<br \/>\n<strong>Noite<\/strong><br \/>\n<strong>Aula 1: <em>Regi\u00f5es zoogeogr\u00e1ficas &#8211; exemplos da fauna aqu\u00e1tica &#8211; Regi\u00e3o Neotropical e forma\u00e7\u00e3o das bacias continentais na Am\u00e9rica Sul<\/em>.<\/strong><\/p>\n<hr \/>\n<h1 id=\"2\">Quinta-Feira<\/h1>\n<hr \/>\n<h1>2\u00ba. Dia- 9\/09\/2021<\/h1>\n<p><strong>Leitura complementar 1<\/strong>: <a href=\"http:\/\/www.nossacasa.net\/nossosriachos\/doc\/2019_Por que biodiversidade \u00e9 importante_ _ Quest\u00e3o de Ci\u00eancia.pdf\" target=\"_blank\" rel=\"noopener noreferrer\">Porque a biodiversidade \u00e9 importante<\/a>.<br \/>\nPalestra sobre antropoceno do Prof. Luiz Marques<br \/>\n<figure class=\"wp-block-embed wp-block-embed-youtube is-type-video is-provider-youtube epyt-figure\"><div class=\"wp-block-embed__wrapper\"><iframe loading=\"lazy\"  id=\"_ytid_34991\"  width=\"584\" height=\"329\"  data-origwidth=\"584\" data-origheight=\"329\" src=\"https:\/\/www.youtube.com\/embed\/BABGVeTEaBo?enablejsapi=1&autoplay=0&cc_load_policy=0&cc_lang_pref=&iv_load_policy=1&loop=0&rel=1&fs=1&playsinline=0&autohide=2&theme=dark&color=red&controls=1&disablekb=0&\" class=\"__youtube_prefs__  no-lazyload\" title=\"YouTube player\"  allow=\"fullscreen; accelerometer; autoplay; clipboard-write; encrypted-media; gyroscope; picture-in-picture; web-share\" referrerpolicy=\"strict-origin-when-cross-origin\" allowfullscreen data-no-lazy=\"1\" data-skipgform_ajax_framebjll=\"\"><\/iframe><\/div><\/figure><br \/>\n<strong>Exerc\u00edcio 1<\/strong>: <a href=\"http:\/\/nossacasa.net\/nossosriachos\/pos\/sala-de-aula\/topic\/exercicio-1-conservacao-biologica\/\" target=\"_blank\" rel=\"noopener\">Conserva\u00e7\u00e3o biol\u00f3gica<\/a><br \/>\n<strong>Etapa A<\/strong>. Inspirado no seu tema de estudo, considere o que \u00e9 conserva\u00e7\u00e3o biol\u00f3gica.<br \/>\n<strong>Etapa B<\/strong>. O campo de atua\u00e7\u00e3o profissional da Conserva\u00e7\u00e3o Biol\u00f3gica- tomando como exemplo as ONGs<\/p>\n<hr \/>\n<h1 id=\"3\">Sexta-Feira<\/h1>\n<hr \/>\n<h1>3\u00ba. Dia- 10\/10\/2021<\/h1>\n<p><strong>Manh\u00e3<\/strong> Sistemas agroflorestais<br \/>\n<figure class=\"wp-block-embed wp-block-embed-youtube is-type-video is-provider-youtube epyt-figure\"><div class=\"wp-block-embed__wrapper\"><iframe loading=\"lazy\"  id=\"_ytid_27547\"  width=\"584\" height=\"329\"  data-origwidth=\"584\" data-origheight=\"329\" src=\"https:\/\/www.youtube.com\/embed\/3JN8JlKKXBw?enablejsapi=1&autoplay=0&cc_load_policy=0&cc_lang_pref=&iv_load_policy=1&loop=0&rel=1&fs=1&playsinline=0&autohide=2&theme=dark&color=red&controls=1&disablekb=0&\" class=\"__youtube_prefs__  no-lazyload\" title=\"YouTube player\"  allow=\"fullscreen; accelerometer; autoplay; clipboard-write; encrypted-media; gyroscope; picture-in-picture; web-share\" referrerpolicy=\"strict-origin-when-cross-origin\" allowfullscreen data-no-lazy=\"1\" data-skipgform_ajax_framebjll=\"\"><\/iframe><\/div><\/figure><br \/>\n<strong>Tarde<\/strong><br \/>\n<strong>Aula 2: <em><a href=\"https:\/\/ide-fgv-br.zoom.us\/j\/2604628964\" target=\"_blank\" rel=\"noopener\">Bacias austrais, Atl\u00e2ntico Sul, Uruguai, Atl\u00e2ntico Sudeste. Sistema Paran\u00e1-Paraguai e Pantanal<\/a><\/em> <\/strong><br \/>\n<strong><a href=\"http:\/\/nossacasa.net\/nossosriachos\/pos\/sala-de-aula\/topic\/leitura-complementar-modulo-2-2\/\" target=\"_blank\" rel=\"noopener\">Leitura complementar- M\u00f3dulo 2<\/a><\/strong><\/p>\n<hr \/>\n<h1 id=\"4\">Segunda-Feira<\/h1>\n<hr \/>\n<h1>4\u00ba. Dia &#8211; 13\/09\/2021<\/h1>\n<p><strong>Aula 4: <em>Orogenia do Atl\u00e2ntico e Bacia do S\u00e3o Francisco. Bacias do Atl\u00e2ntico Leste e Atl\u00e2ntico Nordeste<\/em>.<\/strong><\/p>\n<hr \/>\n<h1 id=\"5\">Ter\u00e7a-Feira<\/h1>\n<hr \/>\n<h1>5\u00ba. Dia- 14\/09\/2021<\/h1>\n<p><strong>Aula 5: <em>Orogenia Andina e Amazona. Bacia do Amazonas. Bacia do Tocantins\/Araguaia. Escudo das Guianas e bacias trans-andinas<\/em>.<\/strong><\/p>\n<hr \/>\n<h1 id=\"6\">Quarta-Feira<\/h1>\n<hr \/>\n<h1>6\u00ba. Dia- 15\/09\/2021<\/h1>\n<p><strong>O Plano de A\u00e7\u00e3o Nacional como Ferramenta da conserva\u00e7\u00e3o.<\/strong><\/p>\n<p>Assistir aos v\u00eddeos e responder as quest\u00f5es propostas no <a href=\"http:\/\/nossacasa.net\/nossosriachos\/pos\/sala-de-aula\/forum\/modulo-4-3\/\" target=\"_blank\" rel=\"noopener\">M\u00f3dulo 3 em Sala de Aula<\/a><br \/>\n<strong>Manh\u00e3<\/strong><\/p>\n<ol>\n<li><strong>O que \u00e9 o PAN<\/strong><br \/>\n<figure class=\"wp-block-embed wp-block-embed-youtube is-type-video is-provider-youtube epyt-figure\"><div class=\"wp-block-embed__wrapper\"><iframe loading=\"lazy\"  id=\"_ytid_73225\"  width=\"584\" height=\"329\"  data-origwidth=\"584\" data-origheight=\"329\" src=\"https:\/\/www.youtube.com\/embed\/6XDK23TMxzo?enablejsapi=1&autoplay=0&cc_load_policy=0&cc_lang_pref=&iv_load_policy=1&loop=0&rel=1&fs=1&playsinline=0&autohide=2&theme=dark&color=red&controls=1&disablekb=0&\" class=\"__youtube_prefs__  no-lazyload\" title=\"YouTube player\"  allow=\"fullscreen; accelerometer; autoplay; clipboard-write; encrypted-media; gyroscope; picture-in-picture; web-share\" referrerpolicy=\"strict-origin-when-cross-origin\" allowfullscreen data-no-lazy=\"1\" data-skipgform_ajax_framebjll=\"\"><\/iframe><\/div><\/figure><\/li>\n<li><strong>O PAN de Peixes e Eglas da Mata Atl\u00e2ntica<\/strong><br \/>\n<figure class=\"wp-block-embed wp-block-embed-youtube is-type-video is-provider-youtube epyt-figure\"><div class=\"wp-block-embed__wrapper\"><iframe loading=\"lazy\"  id=\"_ytid_20380\"  width=\"584\" height=\"329\"  data-origwidth=\"584\" data-origheight=\"329\" src=\"https:\/\/www.youtube.com\/embed\/uhYXU-L5t4o?enablejsapi=1&autoplay=0&cc_load_policy=0&cc_lang_pref=&iv_load_policy=1&loop=0&rel=1&fs=1&playsinline=0&autohide=2&theme=dark&color=red&controls=1&disablekb=0&\" class=\"__youtube_prefs__  no-lazyload\" title=\"YouTube player\"  allow=\"fullscreen; accelerometer; autoplay; clipboard-write; encrypted-media; gyroscope; picture-in-picture; web-share\" referrerpolicy=\"strict-origin-when-cross-origin\" allowfullscreen data-no-lazy=\"1\" data-skipgform_ajax_framebjll=\"\"><\/iframe><\/div><\/figure><\/li>\n<\/ol>\n<p><strong>Tarde<\/strong><\/p>\n<ol>\n<li><strong>A defini\u00e7\u00e3o das \u00e1reas estrat\u00e9gicas<\/strong><br \/>\n<figure class=\"wp-block-embed wp-block-embed-youtube is-type-video is-provider-youtube epyt-figure\"><div class=\"wp-block-embed__wrapper\"><iframe loading=\"lazy\"  id=\"_ytid_60498\"  width=\"584\" height=\"329\"  data-origwidth=\"584\" data-origheight=\"329\" src=\"https:\/\/www.youtube.com\/embed\/iVLuvFvy_Ms?enablejsapi=1&autoplay=0&cc_load_policy=0&cc_lang_pref=&iv_load_policy=1&loop=0&rel=1&fs=1&playsinline=0&autohide=2&theme=dark&color=red&controls=1&disablekb=0&\" class=\"__youtube_prefs__  no-lazyload\" title=\"YouTube player\"  allow=\"fullscreen; accelerometer; autoplay; clipboard-write; encrypted-media; gyroscope; picture-in-picture; web-share\" referrerpolicy=\"strict-origin-when-cross-origin\" allowfullscreen data-no-lazy=\"1\" data-skipgform_ajax_framebjll=\"\"><\/iframe><\/div><\/figure><\/li>\n<li><strong>Agroecologia e Conserva\u00e7\u00e3o<\/strong><br \/>\n<figure class=\"wp-block-embed wp-block-embed-youtube is-type-video is-provider-youtube epyt-figure\"><div class=\"wp-block-embed__wrapper\"><iframe loading=\"lazy\"  id=\"_ytid_48147\"  width=\"584\" height=\"329\"  data-origwidth=\"584\" data-origheight=\"329\" src=\"https:\/\/www.youtube.com\/embed\/82zhg6_eLvM?enablejsapi=1&autoplay=0&cc_load_policy=0&cc_lang_pref=&iv_load_policy=1&loop=0&rel=1&fs=1&playsinline=0&autohide=2&theme=dark&color=red&controls=1&disablekb=0&\" class=\"__youtube_prefs__  no-lazyload\" title=\"YouTube player\"  allow=\"fullscreen; accelerometer; autoplay; clipboard-write; encrypted-media; gyroscope; picture-in-picture; web-share\" referrerpolicy=\"strict-origin-when-cross-origin\" allowfullscreen data-no-lazy=\"1\" data-skipgform_ajax_framebjll=\"\"><\/iframe><\/div><\/figure><\/li>\n<\/ol>\n<hr \/>\n<h1 id=\"7\">Quinta-Feira<\/h1>\n<p><strong>Tarde: 14:30 \u00e0s 16:30<\/strong><br \/>\n<strong>Aula 6: <em>Sistemas agroflorestais e conserva\u00e7\u00e3o<\/em><\/strong><br \/>\n<strong>V\u00eddeo<\/strong>: Life in Syntropy<br \/>\n<figure class=\"wp-block-embed wp-block-embed-youtube is-type-video is-provider-youtube epyt-figure\"><div class=\"wp-block-embed__wrapper\"><iframe loading=\"lazy\"  id=\"_ytid_50972\"  width=\"584\" height=\"329\"  data-origwidth=\"584\" data-origheight=\"329\" src=\"https:\/\/www.youtube.com\/embed\/gSPNRu4ZPvE?enablejsapi=1&autoplay=0&cc_load_policy=0&cc_lang_pref=&iv_load_policy=1&loop=0&rel=1&fs=1&playsinline=0&autohide=2&theme=dark&color=red&controls=1&disablekb=0&\" class=\"__youtube_prefs__  no-lazyload\" title=\"YouTube player\"  allow=\"fullscreen; accelerometer; autoplay; clipboard-write; encrypted-media; gyroscope; picture-in-picture; web-share\" referrerpolicy=\"strict-origin-when-cross-origin\" allowfullscreen data-no-lazy=\"1\" data-skipgform_ajax_framebjll=\"\"><\/iframe><\/div><\/figure>as<\/p>\n<hr \/>\n<h1>7\u00ba. Dia- 16\/09\/2021<\/h1>\n<p><strong>Manh\u00e3<\/strong><br \/>\nNa beira do Rio tem uma floresta de comida: A experi\u00eancia do Coletivo C\u00f3rrego da Tiririca em Niter\u00f3i-RJ<br \/>\n<figure class=\"wp-block-embed wp-block-embed-youtube is-type-video is-provider-youtube epyt-figure\"><div class=\"wp-block-embed__wrapper\"><iframe loading=\"lazy\"  id=\"_ytid_51913\"  width=\"584\" height=\"329\"  data-origwidth=\"584\" data-origheight=\"329\" src=\"https:\/\/www.youtube.com\/embed\/3Wj6EynF1wk?enablejsapi=1&autoplay=0&cc_load_policy=0&cc_lang_pref=&iv_load_policy=1&loop=0&rel=1&fs=1&playsinline=0&autohide=2&theme=dark&color=red&controls=1&disablekb=0&\" class=\"__youtube_prefs__  no-lazyload\" title=\"YouTube player\"  allow=\"fullscreen; accelerometer; autoplay; clipboard-write; encrypted-media; gyroscope; picture-in-picture; web-share\" referrerpolicy=\"strict-origin-when-cross-origin\" allowfullscreen data-no-lazy=\"1\" data-skipgform_ajax_framebjll=\"\"><\/iframe><\/div><\/figure><br \/>\n<strong>Tarde<\/strong><br \/>\n<strong>Semin\u00e1rios e Debates<\/strong><\/p>\n<ol>\n<li><strong>Meio Ambiente<\/strong> &#8211; Decl\u00ednio da Biodiversidade.<\/li>\n<li><strong>Pr\u00e1ticas agr\u00edcolas<\/strong> &#8211; Agricultura como amea\u00e7a \u00e0 biodiversidade.<\/li>\n<li><strong>Pesquisa Cient\u00edfica <\/strong>&#8211; M\u00e9todos biogeogr\u00e1ficos aplicados \u00e0 conserva\u00e7\u00e3o.<\/li>\n<\/ol>\n<hr \/>\n<h1 id=\"8\">Sexta-Feira<\/h1>\n<hr \/>\n<h1>8\u00ba. Dia- 17\/09\/2021<\/h1>\n<hr \/>\n<p><strong>PALESTRA<\/strong>: Palestra sobre a conserva\u00e7\u00e3o de ambientes de \u00e1gua doce com Dr. Marcelo Brito, professor da UFRJ<\/p>\n<\/div>\n","protected":false},"excerpt":{"rendered":"<p>Biogeografia e Conserva\u00e7\u00e3o de Fauna Aqu\u00e1tica 2023-2 PROGRAMA\u00c7\u00c3O DAS AULAS PROGRAMA DE P\u00d3S-GRADUA\u00c7\u00c3O EM CI\u00caNCIAS BIOL\u00d3GICAS- CENTRO DE CI\u00caNCIAS HUMANAS E NATURAIS UNIVERSIDADE FEDERAL DO ESP\u00cdRITO SANTO DISCIPLINA: Biogeografia e conserva\u00e7\u00e3o da fauna aqu\u00e1tica. PBAN 9526 T\u00f3picos Especiais em Biologia &hellip; <a href=\"http:\/\/nossacasa.net\/nossosriachos\/pos\/aula-2023-2\/\">Continue lendo <span class=\"meta-nav\">&rarr;<\/span><\/a><\/p>\n","protected":false},"author":1,"featured_media":56,"parent":0,"menu_order":0,"comment_status":"closed","ping_status":"closed","template":"","meta":{"footnotes":""},"class_list":["post-1542","page","type-page","status-publish","has-post-thumbnail","hentry"],"_links":{"self":[{"href":"http:\/\/nossacasa.net\/nossosriachos\/pos\/wp-json\/wp\/v2\/pages\/1542","targetHints":{"allow":["GET"]}}],"collection":[{"href":"http:\/\/nossacasa.net\/nossosriachos\/pos\/wp-json\/wp\/v2\/pages"}],"about":[{"href":"http:\/\/nossacasa.net\/nossosriachos\/pos\/wp-json\/wp\/v2\/types\/page"}],"author":[{"embeddable":true,"href":"http:\/\/nossacasa.net\/nossosriachos\/pos\/wp-json\/wp\/v2\/users\/1"}],"replies":[{"embeddable":true,"href":"http:\/\/nossacasa.net\/nossosriachos\/pos\/wp-json\/wp\/v2\/comments?post=1542"}],"version-history":[{"count":1,"href":"http:\/\/nossacasa.net\/nossosriachos\/pos\/wp-json\/wp\/v2\/pages\/1542\/revisions"}],"predecessor-version":[{"id":1543,"href":"http:\/\/nossacasa.net\/nossosriachos\/pos\/wp-json\/wp\/v2\/pages\/1542\/revisions\/1543"}],"wp:featuredmedia":[{"embeddable":true,"href":"http:\/\/nossacasa.net\/nossosriachos\/pos\/wp-json\/wp\/v2\/media\/56"}],"wp:attachment":[{"href":"http:\/\/nossacasa.net\/nossosriachos\/pos\/wp-json\/wp\/v2\/media?parent=1542"}],"curies":[{"name":"wp","href":"https:\/\/api.w.org\/{rel}","templated":true}]}}