{"id":1549,"date":"2023-09-04T15:00:22","date_gmt":"2023-09-04T18:00:22","guid":{"rendered":"http:\/\/nossacasa.net\/nossosriachos\/pos\/?page_id=1549"},"modified":"2023-09-04T19:31:50","modified_gmt":"2023-09-04T22:31:50","slug":"alunos-2023-2","status":"publish","type":"page","link":"http:\/\/nossacasa.net\/nossosriachos\/pos\/alunos-2023-2\/","title":{"rendered":"Alunos 2023-2"},"content":{"rendered":"<div style=\"text-align: justify;\">\n<div style=\"text-align: center;\">\n<p><img loading=\"lazy\" decoding=\"async\" class=\"alignleft size-full wp-image-105\" src=\"http:\/\/nossacasa.net\/nossosriachos\/pos\/wp-content\/uploads\/sites\/5\/2017\/09\/alunos.jpg\" alt=\"\" width=\"200\" height=\"200\" srcset=\"http:\/\/nossacasa.net\/nossosriachos\/pos\/wp-content\/uploads\/sites\/5\/2017\/09\/alunos.jpg 200w, http:\/\/nossacasa.net\/nossosriachos\/pos\/wp-content\/uploads\/sites\/5\/2017\/09\/alunos-150x150.jpg 150w\" sizes=\"auto, (max-width: 200px) 100vw, 200px\" \/><\/p>\n<hr \/>\n<hr \/>\n<hr \/>\n<p><strong>Biogeografia e Conserva\u00e7\u00e3o de Fauna Aqu\u00e1tica 2023-2<br \/>\nALUNOS DA TURMA<\/strong><\/p>\n<hr \/>\n<hr \/>\n<hr \/>\n<p>PROGRAMA DE P\u00d3S-GRADUA\u00c7\u00c3O EM CI\u00caNCIAS BIOL\u00d3GICAS- CENTRO DE CI\u00caNCIAS HUMANAS E NATURAIS<br \/>\nUNIVERSIDADE FEDERAL DO ESP\u00cdRITO SANTO<br \/>\nDISCIPLINA: Biogeografia e conserva\u00e7\u00e3o da fauna aqu\u00e1tica.<br \/>\nPBAN 9526 T\u00f3picos Especiais em Biologia Animal I<br \/>\nRESPONS\u00c1VEL: Luisa Maria Sarmento Soares<\/p>\n<\/div>\n<hr \/>\n<h4><b>ALUNOS REGULARES<\/b><\/h4>\n<ol>\n<li><a href=\"brunopinheiromf@hotmail.com\">Bruno Pinheiro<\/a><\/li>\n<li><a href=\"leydianenr@gmail.com\">Leydiane Rodrigues\u00a0<\/a><\/li>\n<li><a href=\"andreluiz.malheiro@hotmail.com\">Andre oliveira M de Oliveira <\/a><\/li>\n<li><a href=\"marcos.vinicius.freitas.silva@gmail.com\">Marcos Vinicius Freitas Silva<\/a><\/li>\n<li><a href=\"mary-tavaressouza@hotmail.com\">Mary Tavares<\/a><\/li>\n<li><a href=\"damasioler@gmail.com\">Lucas Dam\u00e1sio<\/a><\/li>\n<li><a href=\"araiene.peres@gmail.com\">Araiene Peres<\/a><\/li>\n<li><a href=\"brumdella@gmail.com\">Bruna Malvazi<\/a><\/li>\n<li><a href=\"Bfoerste@hotmail.com\">Brenda Foerste<\/a><\/li>\n<li><a href=\"gubrandaoga@gmail.com\">Gustavo Brand\u00e3o<\/a><\/li>\n<li><a href=\"cdpcastillo77@gmail.com\">Carlos Perez<\/a><\/li>\n<li><a href=\"andregadelhabio@gmail.com\">Andre Luiz Gadelha<\/a><\/li>\n<li><a href=\"thassiane.vet@gmail.com\">Thassiane Targino<\/a><\/li>\n<li><a href=\"pauloquadros.vet@gmail.com\">Paulo Quadros<\/a><\/li>\n<li><a href=\"ericafrancocg@hotmail.com\">Erica Franco<\/a><\/li>\n<li><a href=\"welton.wqp@gmail.com\">Welton<\/a><\/li>\n<li><a href=\"carlafrechiani@yahoo.com.br\">Carla Frechiani<\/a><\/li>\n<li><a href=\"ricieiremelotti@gmail.com\">Riciere Melotti<\/a><\/li>\n<li><a href=\"isabelajabour8@gmail.com\">Isabela Jabour\u00a0<\/a><\/li>\n<li><a href=\"gabrielaortolane@gmail.com\">Gabriela Ortolane<\/a><\/li>\n<li><a href=\"pasinatosilva@gmail.com\">Jo\u00e3o Vitor<\/a><\/li>\n<\/ol>\n<h4><b>MONITORIA<\/b><\/h4>\n<ol type=\"1\">\n<li><\/li>\n<\/ol>\n<\/div>\n","protected":false},"excerpt":{"rendered":"<p>Biogeografia e Conserva\u00e7\u00e3o de Fauna Aqu\u00e1tica 2023-2 ALUNOS DA TURMA PROGRAMA DE P\u00d3S-GRADUA\u00c7\u00c3O EM CI\u00caNCIAS BIOL\u00d3GICAS- CENTRO DE CI\u00caNCIAS HUMANAS E NATURAIS UNIVERSIDADE FEDERAL DO ESP\u00cdRITO SANTO DISCIPLINA: Biogeografia e conserva\u00e7\u00e3o da fauna aqu\u00e1tica. PBAN 9526 T\u00f3picos Especiais em Biologia &hellip; <a href=\"http:\/\/nossacasa.net\/nossosriachos\/pos\/alunos-2023-2\/\">Continue lendo <span class=\"meta-nav\">&rarr;<\/span><\/a><\/p>\n","protected":false},"author":1,"featured_media":105,"parent":0,"menu_order":0,"comment_status":"closed","ping_status":"closed","template":"","meta":{"footnotes":""},"class_list":["post-1549","page","type-page","status-publish","has-post-thumbnail","hentry"],"_links":{"self":[{"href":"http:\/\/nossacasa.net\/nossosriachos\/pos\/wp-json\/wp\/v2\/pages\/1549","targetHints":{"allow":["GET"]}}],"collection":[{"href":"http:\/\/nossacasa.net\/nossosriachos\/pos\/wp-json\/wp\/v2\/pages"}],"about":[{"href":"http:\/\/nossacasa.net\/nossosriachos\/pos\/wp-json\/wp\/v2\/types\/page"}],"author":[{"embeddable":true,"href":"http:\/\/nossacasa.net\/nossosriachos\/pos\/wp-json\/wp\/v2\/users\/1"}],"replies":[{"embeddable":true,"href":"http:\/\/nossacasa.net\/nossosriachos\/pos\/wp-json\/wp\/v2\/comments?post=1549"}],"version-history":[{"count":5,"href":"http:\/\/nossacasa.net\/nossosriachos\/pos\/wp-json\/wp\/v2\/pages\/1549\/revisions"}],"predecessor-version":[{"id":1559,"href":"http:\/\/nossacasa.net\/nossosriachos\/pos\/wp-json\/wp\/v2\/pages\/1549\/revisions\/1559"}],"wp:featuredmedia":[{"embeddable":true,"href":"http:\/\/nossacasa.net\/nossosriachos\/pos\/wp-json\/wp\/v2\/media\/105"}],"wp:attachment":[{"href":"http:\/\/nossacasa.net\/nossosriachos\/pos\/wp-json\/wp\/v2\/media?parent=1549"}],"curies":[{"name":"wp","href":"https:\/\/api.w.org\/{rel}","templated":true}]}}