{"id":1578,"date":"2025-11-10T13:52:12","date_gmt":"2025-11-10T16:52:12","guid":{"rendered":"https:\/\/nossacasa.net\/nossosriachos\/pos\/?page_id=1578"},"modified":"2025-11-14T15:53:50","modified_gmt":"2025-11-14T18:53:50","slug":"fotos-2025-2","status":"publish","type":"page","link":"http:\/\/nossacasa.net\/nossosriachos\/pos\/fotos-2025-2\/","title":{"rendered":"Fotos 2025-2"},"content":{"rendered":"<p><img loading=\"lazy\" decoding=\"async\" src=\"http:\/\/nossacasa.net\/nossosriachos\/pos\/wp-content\/uploads\/sites\/5\/2017\/09\/foto-150x150.jpg\" alt=\"\" width=\"150\" height=\"150\" class=\"alignleft size-thumbnail wp-image-204\" srcset=\"http:\/\/nossacasa.net\/nossosriachos\/pos\/wp-content\/uploads\/sites\/5\/2017\/09\/foto-150x150.jpg 150w, http:\/\/nossacasa.net\/nossosriachos\/pos\/wp-content\/uploads\/sites\/5\/2017\/09\/foto.jpg 200w\" sizes=\"auto, (max-width: 150px) 100vw, 150px\" \/><\/p>\n<hr>\n<hr>\n<hr>\n<hr>\n<hr>\n<hr>\n<hr>\n<hr>\n<hr \/>\n<p>UNIVERSIDADE ESTADUAL DE FEIRA DE SANTANA<br \/>\nDISCIPLINA PROPOSTA: Conserva\u00e7\u00e3o de Fauna Aqu\u00e1tica<br \/>\nDocente: Luisa Maria Sarmento Soares Filho<br \/>\nDocente colaborador:  Felipe Viera Guimar\u00e3es<\/p>\n<hr \/>\n<p><strong>Aula  DIA 11\/1102025<\/strong><br \/>\n<img loading=\"lazy\" decoding=\"async\" src=\"http:\/\/nossacasa.net\/nossosriachos\/pos\/wp-content\/uploads\/sites\/5\/2025\/11\/WhatsApp-Image-2025-11-10-at-16.01.06.jpeg\" alt=\"\" width=\"1600\" height=\"900\" class=\"aligncenter size-full wp-image-1582\" srcset=\"http:\/\/nossacasa.net\/nossosriachos\/pos\/wp-content\/uploads\/sites\/5\/2025\/11\/WhatsApp-Image-2025-11-10-at-16.01.06.jpeg 1600w, http:\/\/nossacasa.net\/nossosriachos\/pos\/wp-content\/uploads\/sites\/5\/2025\/11\/WhatsApp-Image-2025-11-10-at-16.01.06-300x169.jpeg 300w, http:\/\/nossacasa.net\/nossosriachos\/pos\/wp-content\/uploads\/sites\/5\/2025\/11\/WhatsApp-Image-2025-11-10-at-16.01.06-1024x576.jpeg 1024w, http:\/\/nossacasa.net\/nossosriachos\/pos\/wp-content\/uploads\/sites\/5\/2025\/11\/WhatsApp-Image-2025-11-10-at-16.01.06-768x432.jpeg 768w, http:\/\/nossacasa.net\/nossosriachos\/pos\/wp-content\/uploads\/sites\/5\/2025\/11\/WhatsApp-Image-2025-11-10-at-16.01.06-1536x864.jpeg 1536w, http:\/\/nossacasa.net\/nossosriachos\/pos\/wp-content\/uploads\/sites\/5\/2025\/11\/WhatsApp-Image-2025-11-10-at-16.01.06-500x281.jpeg 500w\" sizes=\"auto, (max-width: 1600px) 100vw, 1600px\" \/><\/p>\n<hr \/>\n<p><strong>Aula  DIA 12\/11\/2025<\/strong><br \/>\n<img loading=\"lazy\" decoding=\"async\" src=\"http:\/\/nossacasa.net\/nossosriachos\/pos\/wp-content\/uploads\/sites\/5\/2025\/11\/WhatsApp-Image-2025-11-13-at-22.05.20-300x169.jpeg\" alt=\"\" width=\"300\" height=\"169\" class=\"alignnone size-medium wp-image-1585\" srcset=\"http:\/\/nossacasa.net\/nossosriachos\/pos\/wp-content\/uploads\/sites\/5\/2025\/11\/WhatsApp-Image-2025-11-13-at-22.05.20-300x169.jpeg 300w, http:\/\/nossacasa.net\/nossosriachos\/pos\/wp-content\/uploads\/sites\/5\/2025\/11\/WhatsApp-Image-2025-11-13-at-22.05.20-1024x576.jpeg 1024w, http:\/\/nossacasa.net\/nossosriachos\/pos\/wp-content\/uploads\/sites\/5\/2025\/11\/WhatsApp-Image-2025-11-13-at-22.05.20-768x432.jpeg 768w, http:\/\/nossacasa.net\/nossosriachos\/pos\/wp-content\/uploads\/sites\/5\/2025\/11\/WhatsApp-Image-2025-11-13-at-22.05.20-1536x864.jpeg 1536w, http:\/\/nossacasa.net\/nossosriachos\/pos\/wp-content\/uploads\/sites\/5\/2025\/11\/WhatsApp-Image-2025-11-13-at-22.05.20-500x281.jpeg 500w, http:\/\/nossacasa.net\/nossosriachos\/pos\/wp-content\/uploads\/sites\/5\/2025\/11\/WhatsApp-Image-2025-11-13-at-22.05.20.jpeg 1600w\" sizes=\"auto, (max-width: 300px) 100vw, 300px\" \/><\/p>\n<hr \/>\n<p><strong>Aula  DIA 13\/11\/2025<\/strong><br \/>\n<img loading=\"lazy\" decoding=\"async\" src=\"http:\/\/nossacasa.net\/nossosriachos\/pos\/wp-content\/uploads\/sites\/5\/2025\/11\/WhatsApp-Image-2025-11-13-at-22.04.14-300x169.jpeg\" alt=\"\" width=\"300\" height=\"169\" class=\"alignnone size-medium wp-image-1586\" srcset=\"http:\/\/nossacasa.net\/nossosriachos\/pos\/wp-content\/uploads\/sites\/5\/2025\/11\/WhatsApp-Image-2025-11-13-at-22.04.14-300x169.jpeg 300w, http:\/\/nossacasa.net\/nossosriachos\/pos\/wp-content\/uploads\/sites\/5\/2025\/11\/WhatsApp-Image-2025-11-13-at-22.04.14-1024x576.jpeg 1024w, http:\/\/nossacasa.net\/nossosriachos\/pos\/wp-content\/uploads\/sites\/5\/2025\/11\/WhatsApp-Image-2025-11-13-at-22.04.14-768x432.jpeg 768w, http:\/\/nossacasa.net\/nossosriachos\/pos\/wp-content\/uploads\/sites\/5\/2025\/11\/WhatsApp-Image-2025-11-13-at-22.04.14-1536x864.jpeg 1536w, http:\/\/nossacasa.net\/nossosriachos\/pos\/wp-content\/uploads\/sites\/5\/2025\/11\/WhatsApp-Image-2025-11-13-at-22.04.14-500x281.jpeg 500w, http:\/\/nossacasa.net\/nossosriachos\/pos\/wp-content\/uploads\/sites\/5\/2025\/11\/WhatsApp-Image-2025-11-13-at-22.04.14.jpeg 1600w\" sizes=\"auto, (max-width: 300px) 100vw, 300px\" \/><\/p>\n<hr \/>\n<p><strong>Aula  DIA 14\/11\/2025<\/strong><br \/>\n<img loading=\"lazy\" decoding=\"async\" src=\"http:\/\/nossacasa.net\/nossosriachos\/pos\/wp-content\/uploads\/sites\/5\/2025\/11\/WhatsApp-Image-2025-11-14-at-15.51.20-300x169.jpeg\" alt=\"\" width=\"300\" height=\"169\" class=\"alignnone size-medium wp-image-1589\" srcset=\"http:\/\/nossacasa.net\/nossosriachos\/pos\/wp-content\/uploads\/sites\/5\/2025\/11\/WhatsApp-Image-2025-11-14-at-15.51.20-300x169.jpeg 300w, http:\/\/nossacasa.net\/nossosriachos\/pos\/wp-content\/uploads\/sites\/5\/2025\/11\/WhatsApp-Image-2025-11-14-at-15.51.20-1024x576.jpeg 1024w, http:\/\/nossacasa.net\/nossosriachos\/pos\/wp-content\/uploads\/sites\/5\/2025\/11\/WhatsApp-Image-2025-11-14-at-15.51.20-768x432.jpeg 768w, http:\/\/nossacasa.net\/nossosriachos\/pos\/wp-content\/uploads\/sites\/5\/2025\/11\/WhatsApp-Image-2025-11-14-at-15.51.20-1536x864.jpeg 1536w, http:\/\/nossacasa.net\/nossosriachos\/pos\/wp-content\/uploads\/sites\/5\/2025\/11\/WhatsApp-Image-2025-11-14-at-15.51.20-500x281.jpeg 500w, http:\/\/nossacasa.net\/nossosriachos\/pos\/wp-content\/uploads\/sites\/5\/2025\/11\/WhatsApp-Image-2025-11-14-at-15.51.20.jpeg 1600w\" sizes=\"auto, (max-width: 300px) 100vw, 300px\" \/><\/p>\n<hr \/>\n<\/div>\n","protected":false},"excerpt":{"rendered":"<p>UNIVERSIDADE ESTADUAL DE FEIRA DE SANTANA DISCIPLINA PROPOSTA: Conserva\u00e7\u00e3o de Fauna Aqu\u00e1tica Docente: Luisa Maria Sarmento Soares Filho Docente colaborador: Felipe Viera Guimar\u00e3es Aula DIA 11\/1102025 Aula DIA 12\/11\/2025 Aula DIA 13\/11\/2025 Aula DIA 14\/11\/2025<\/p>\n","protected":false},"author":1,"featured_media":204,"parent":0,"menu_order":0,"comment_status":"closed","ping_status":"closed","template":"","meta":{"footnotes":""},"class_list":["post-1578","page","type-page","status-publish","has-post-thumbnail","hentry"],"_links":{"self":[{"href":"http:\/\/nossacasa.net\/nossosriachos\/pos\/wp-json\/wp\/v2\/pages\/1578","targetHints":{"allow":["GET"]}}],"collection":[{"href":"http:\/\/nossacasa.net\/nossosriachos\/pos\/wp-json\/wp\/v2\/pages"}],"about":[{"href":"http:\/\/nossacasa.net\/nossosriachos\/pos\/wp-json\/wp\/v2\/types\/page"}],"author":[{"embeddable":true,"href":"http:\/\/nossacasa.net\/nossosriachos\/pos\/wp-json\/wp\/v2\/users\/1"}],"replies":[{"embeddable":true,"href":"http:\/\/nossacasa.net\/nossosriachos\/pos\/wp-json\/wp\/v2\/comments?post=1578"}],"version-history":[{"count":7,"href":"http:\/\/nossacasa.net\/nossosriachos\/pos\/wp-json\/wp\/v2\/pages\/1578\/revisions"}],"predecessor-version":[{"id":1590,"href":"http:\/\/nossacasa.net\/nossosriachos\/pos\/wp-json\/wp\/v2\/pages\/1578\/revisions\/1590"}],"wp:featuredmedia":[{"embeddable":true,"href":"http:\/\/nossacasa.net\/nossosriachos\/pos\/wp-json\/wp\/v2\/media\/204"}],"wp:attachment":[{"href":"http:\/\/nossacasa.net\/nossosriachos\/pos\/wp-json\/wp\/v2\/media?parent=1578"}],"curies":[{"name":"wp","href":"https:\/\/api.w.org\/{rel}","templated":true}]}}