{"id":2,"date":"2017-09-02T16:47:52","date_gmt":"2017-09-02T19:47:52","guid":{"rendered":"http:\/\/nossacasa.net\/nossosriachos\/pos\/?page_id=2"},"modified":"2025-11-10T13:10:33","modified_gmt":"2025-11-10T16:10:33","slug":"pagina-exemplo","status":"publish","type":"page","link":"http:\/\/nossacasa.net\/nossosriachos\/pos\/","title":{"rendered":"Abertura"},"content":{"rendered":"<hr \/>\n<hr \/>\n<p><img loading=\"lazy\" decoding=\"async\" class=\"alignleft size-thumbnail wp-image-14\" src=\"http:\/\/nossacasa.net\/nossosriachos\/pos\/wp-content\/uploads\/sites\/5\/2017\/09\/luisa-150x150.jpg\" alt=\"\" width=\"150\" height=\"150\" \/>Programa de P\u00f3s-Gradua\u00e7\u00e3o em Ecologia e Evolu\u00e7\u00e3o da Universidade Estadual de Feira de Santana &#8211; PPGEcolEvol\/UEFS<br \/>\nPrograma de P\u00f3s-Gradua\u00e7\u00e3o em Ci\u00eancias Biol\u00f3gicas do Departamento de Ci\u00eancias Biol\u00f3gicas do Centro de Ci\u00eancias Humanas e Naturais da <strong>Universidade Federal do Esp\u00edrito Santo<\/strong> &#8211; PPGBAN\/UFES<\/p>\n<p>&nbsp;<\/p>\n<p style=\"text-align: justify;\"><strong>Docente:<\/strong><br \/>\nDra. Luisa Maria Sarmento-Soares<br \/>\n&#8211; Docente Colaboradora do Programa de P\u00f3s-Gradua\u00e7\u00e3o em Ecologia e Evolu\u00e7\u00e3o da <strong>Universidade Estadual de Feira de Santana<\/strong> &#8211; PPGEcolEvol\/UEFS.<br \/>\n&#8211; Docente Permanente do Programa de P\u00f3s-Gradua\u00e7\u00e3o em Ci\u00eancias Biol\u00f3gicas do Departamento de Ci\u00eancias Biol\u00f3gicas do Centro de Ci\u00eancias Humanas e Naturais da <strong>Universidade Federal do Esp\u00edrito Santo<\/strong> &#8211; PPGBAN\/UFES.<br \/>\n&#8211; Coordenadora Cient\u00edfica do <strong>Instituto nossosriachos<\/strong>.<\/p>\n<p><strong>Disciplinas:<\/strong><br \/>\n<strong>BIOGEOGRAFIA e CONSERVA\u00c7\u00c3O<\/strong><\/p>\n<ol reversed=\"\">\n<li>Conserva\u00e7\u00e3o da Fauna Aqu\u00e1tica (PPGEcolEvol 2025-2)<\/li>\n<li>Biogeografia e Conserva\u00e7\u00e3o de Fauna Aqu\u00e1tica (PPGBAN 2023-2)<\/li>\n<li>Conserva\u00e7\u00e3o da Fauna Aqu\u00e1tica (PPGEcolEvol 2022-1)<\/li>\n<li>Biogeografia e Conserva\u00e7\u00e3o de Fauna Aqu\u00e1tica (PPGBAN 2020-2)<\/li>\n<li>Conserva\u00e7\u00e3o da Fauna Aqu\u00e1tica (PPGEcolEvol 2020-1)<\/li>\n<li>Biogeografia e Conserva\u00e7\u00e3o de Fauna Aqu\u00e1tica (PPGBAN 2019-2)<\/li>\n<li>Conserva\u00e7\u00e3o da Fauna Aqu\u00e1tica (PPGEcolEvol 2019-1)<\/li>\n<li>Biogeografia e Conserva\u00e7\u00e3o de Fauna Aqu\u00e1tica (PPGBAN 2018-2)<\/li>\n<li>Biogeografia e Conserva\u00e7\u00e3o de Fauna Aqu\u00e1tica (PPGBAN 2017-2)<\/li>\n<li>Biogeografia e Conserva\u00e7\u00e3o de Fauna Aqu\u00e1tica (PPGBAN 2016-2)<\/li>\n<li>Biogeografia e Conserva\u00e7\u00e3o de Fauna Aqu\u00e1tica (PPGBAN 2015-2)<\/li>\n<li>Biogeografia e Conserva\u00e7\u00e3o de Fauna Aqu\u00e1tica (PPGBAN 2014-2)<\/li>\n<li>Biogeografia e Conserva\u00e7\u00e3o de Fauna Aqu\u00e1tica (PPGBAN 2013-2)<\/li>\n<li>Biogeografia e Conserva\u00e7\u00e3o de Fauna Aqu\u00e1tica (PPGBAN 2012-2)<\/li>\n<li>Biogeografia e Conserva\u00e7\u00e3o de Fauna Aqu\u00e1tica (PPGBAN 2011-2)<\/li>\n<\/ol>\n","protected":false},"excerpt":{"rendered":"<p>Programa de P\u00f3s-Gradua\u00e7\u00e3o em Ecologia e Evolu\u00e7\u00e3o da Universidade Estadual de Feira de Santana &#8211; PPGEcolEvol\/UEFS Programa de P\u00f3s-Gradua\u00e7\u00e3o em Ci\u00eancias Biol\u00f3gicas do Departamento de Ci\u00eancias Biol\u00f3gicas do Centro de Ci\u00eancias Humanas e Naturais da Universidade Federal do Esp\u00edrito Santo &hellip; <a href=\"http:\/\/nossacasa.net\/nossosriachos\/pos\/\">Continue lendo <span class=\"meta-nav\">&rarr;<\/span><\/a><\/p>\n","protected":false},"author":1,"featured_media":14,"parent":0,"menu_order":0,"comment_status":"closed","ping_status":"open","template":"","meta":{"footnotes":""},"class_list":["post-2","page","type-page","status-publish","has-post-thumbnail","hentry"],"_links":{"self":[{"href":"http:\/\/nossacasa.net\/nossosriachos\/pos\/wp-json\/wp\/v2\/pages\/2","targetHints":{"allow":["GET"]}}],"collection":[{"href":"http:\/\/nossacasa.net\/nossosriachos\/pos\/wp-json\/wp\/v2\/pages"}],"about":[{"href":"http:\/\/nossacasa.net\/nossosriachos\/pos\/wp-json\/wp\/v2\/types\/page"}],"author":[{"embeddable":true,"href":"http:\/\/nossacasa.net\/nossosriachos\/pos\/wp-json\/wp\/v2\/users\/1"}],"replies":[{"embeddable":true,"href":"http:\/\/nossacasa.net\/nossosriachos\/pos\/wp-json\/wp\/v2\/comments?post=2"}],"version-history":[{"count":22,"href":"http:\/\/nossacasa.net\/nossosriachos\/pos\/wp-json\/wp\/v2\/pages\/2\/revisions"}],"predecessor-version":[{"id":1561,"href":"http:\/\/nossacasa.net\/nossosriachos\/pos\/wp-json\/wp\/v2\/pages\/2\/revisions\/1561"}],"wp:featuredmedia":[{"embeddable":true,"href":"http:\/\/nossacasa.net\/nossosriachos\/pos\/wp-json\/wp\/v2\/media\/14"}],"wp:attachment":[{"href":"http:\/\/nossacasa.net\/nossosriachos\/pos\/wp-json\/wp\/v2\/media?parent=2"}],"curies":[{"name":"wp","href":"https:\/\/api.w.org\/{rel}","templated":true}]}}